{"id":6175,"date":"2024-04-02T18:08:21","date_gmt":"2024-04-02T18:08:21","guid":{"rendered":"https:\/\/www.hospicecareottawa.ca\/services\/soins-communautaires\/day-hospice-program\/"},"modified":"2025-11-12T14:18:35","modified_gmt":"2025-11-12T14:18:35","slug":"soins-palliatifs-de-jour","status":"publish","type":"page","link":"https:\/\/www.hospicecareottawa.ca\/fr\/services\/soins-communautaires\/soins-palliatifs-de-jour\/","title":{"rendered":"Programme de soins palliatifs de jour"},"content":{"rendered":"<div class=\"wpb-content-wrapper\"><p>[vc_row content_width=\u00a0\u00bbgrid\u00a0\u00bb css=\u00a0\u00bb.vc_custom_1712085603330{padding-top: 75px !important;padding-bottom: 75px !important;}\u00a0\u00bb][vc_column]<div class=\"mkdf-section-title-holder\">\n\t<h2 class=\"mkdf-section-title\" style=\"color: #5a1e30\">\n\tProgramme de soins palliatifs de jour<\/h2>\n<\/div>[vc_column_text css=\u00a0\u00bb\u00a0\u00bb]<img decoding=\"async\" class=\"wp-image-3945 size-full alignright\" src=\"https:\/\/www.hospicecareottawa.ca\/wp-content\/uploads\/2024\/03\/care_icon-3.png\" alt=\"\" width=\"138\" height=\"114\" \/><\/p>\n<p>Nos programmes de soins palliatifs de jour sont con\u00e7us pour les clients qui vivent avec une maladie limitant l&rsquo;esp\u00e9rance de vie. Nous leur offrons de passer une journ\u00e9e dans un milieu chaleureux et amical. Nos infirmi\u00e8res et infirmiers et nos b\u00e9n\u00e9voles sont d\u00fbment qualifi\u00e9s. Ils leur fournissent des soins et du soutien dans un milieu familial, ce qui leur permet de passer une journ\u00e9e \u00e0 l&rsquo;ext\u00e9rieur et de donner un peu de r\u00e9pit \u00e0 leur aidant naturel.<\/p>\n<p>Lorsque c\u2019est possible, un chauffeur b\u00e9n\u00e9vole va chercher les clients le matin et les ram\u00e8ne \u00e0 la maison l&rsquo;apr\u00e8s-midi. On r\u00e9unit tous les clients participants dans un salon confortable o\u00f9 ils prennent leur caf\u00e9 du matin avec des friandises en conversant joyeusement. \u00c0 midi, on leur sert un d\u00e9jeuner nutritif qu\u2019ils appr\u00e9cient beaucoup. Pendant la journ\u00e9e, ils participent \u00e0 diverses activit\u00e9s, comme notre programme artistique, la rencontre d\u2019invit\u00e9s sp\u00e9ciaux, des jeux de cartes, de la musique et des th\u00e9rapies.<\/p>\n<p>Ce programme est offert les mardis, mercredis ou jeudis de 10 \u00e0 14\u00a0heures.<\/p>\n<p><strong>Les participants b\u00e9n\u00e9ficient des avantages suivants\u00a0:<\/strong><\/p>\n<div class=\"paragraph\">\n<ul>\n<li>Interaction sociale hebdomadaire avec de nouveaux amis;<\/li>\n<li>Diverses th\u00e9rapies de soutien comme de la musique, de l&rsquo;art, des massages;<\/li>\n<li>Soutien \u00e9motionnel;<\/li>\n<li>R\u00e9pit pour les aidants naturels; ce programme se donne dans nos r\u00e9sidences situ\u00e9es \u00e0 diff\u00e9rents endroits de la ville :<\/li>\n<\/ul>\n<\/div>\n<div class=\"paragraph\">\n<ol>\n<li>Maison May Court Hospice, 114, av. Cameron, Vieil Ottawa-Sud (mardi, jeudi)<\/li>\n<li>Maison Ruddy-Shenkman Hospice, 110, McCurdy Drive, Kanata (mardi, mercredi)<\/li>\n<li>La Maison de l&rsquo;Est, c\/o R\u00e9sidence Cit\u00e9 Parkway, 380, av. LeBoutillier, Ottawa (mercredi)<\/li>\n<\/ol>\n<\/div>\n<p>[\/vc_column_text][vc_empty_space height=\u00a0\u00bb16px\u00a0\u00bb][vc_column_text css=\u00a0\u00bb\u00a0\u00bb]<\/p>\n<p style=\"font-weight: 400;\">Toute personne atteinte d\u2019une maladie limitant l\u2019esp\u00e9rance de vie, vivant \u00e0 domicile et n\u00e9cessitant du soutien, peut s\u2019auto-orienter ou \u00eatre orient\u00e9e vers nos programmes communautaires.<\/p>\n<ul>\n<li style=\"font-weight: 400;\"><strong>Auto-orientation<\/strong> \u2013 visitez <a href=\"https:\/\/www.accesscss.ca\/fr-ca\">https:\/\/www.accesscss.ca\/<\/a><\/li>\n<li style=\"font-weight: 400;\"><strong>Professionnels de la sant\u00e9<\/strong> \u2013 visitez <a href=\"http:\/\/caredove.com\/champlaincss\">http:\/\/caredove.com\/champlaincss<\/a><\/li>\n<li style=\"font-weight: 400;\"><strong>Ou pour plus d\u2019informations<\/strong> appelez le 613-796-6555<\/li>\n<\/ul>\n<p style=\"font-weight: 400;\">Pour plus d\u2019informations sur Hospice Care Ottawa, veuillez <a href=\"https:\/\/www.hospicecareottawa.ca\/who-we-are\/frequently-asked-questions\/\">cliquer ici<\/a> pour consulter notre foire aux questions.<\/p>\n<p>[\/vc_column_text][\/vc_column][\/vc_row][vc_row content_width=\u00a0\u00bbgrid\u00a0\u00bb css=\u00a0\u00bb.vc_custom_1712082954940{padding-top: 75px !important;padding-bottom: 75px !important;background-color: #f2f2f2 !important;}\u00a0\u00bb][vc_column][vc_row_inner][vc_column_inner width=\u00a0\u00bb1\/3&Prime;][vc_single_image image=\u00a0\u00bb5801&Prime; img_size=\u00a0\u00bbmedium\u00a0\u00bb][\/vc_column_inner][vc_column_inner width=\u00a0\u00bb1\/3&Prime;][vc_single_image image=\u00a0\u00bb5802&Prime; img_size=\u00a0\u00bbmedium\u00a0\u00bb][\/vc_column_inner][vc_column_inner width=\u00a0\u00bb1\/3&Prime;][vc_single_image image=\u00a0\u00bb5803&Prime; img_size=\u00a0\u00bbmedium\u00a0\u00bb][\/vc_column_inner][\/vc_row_inner][vc_empty_space][vc_row_inner][vc_column_inner width=\u00a0\u00bb1\/3&Prime;][vc_single_image image=\u00a0\u00bb5804&Prime; img_size=\u00a0\u00bbmedium\u00a0\u00bb][\/vc_column_inner][vc_column_inner width=\u00a0\u00bb1\/3&Prime;][vc_single_image image=\u00a0\u00bb5805&Prime; img_size=\u00a0\u00bbmedium\u00a0\u00bb][\/vc_column_inner][vc_column_inner width=\u00a0\u00bb1\/3&Prime;][vc_single_image image=\u00a0\u00bb5806&Prime; img_size=\u00a0\u00bbmedium\u00a0\u00bb][\/vc_column_inner][\/vc_row_inner][\/vc_column][\/vc_row]<\/p>\n<\/div>","protected":false},"excerpt":{"rendered":"<p>[vc_row content_width=\u00a0\u00bbgrid\u00a0\u00bb css=\u00a0\u00bb.vc_custom_1712085603330{padding-top: 75px !important;padding-bottom: 75px !important;}\u00a0\u00bb][vc_column][vc_column_text css=\u00a0\u00bb\u00a0\u00bb] Nos programmes de soins palliatifs de jour sont con\u00e7us pour les clients qui vivent avec une maladie limitant l&rsquo;esp\u00e9rance de vie. Nous leur offrons&#8230;<\/p>\n","protected":false},"author":1,"featured_media":0,"parent":5975,"menu_order":0,"comment_status":"closed","ping_status":"closed","template":"full-width.php","meta":{"_bbp_topic_count":0,"_bbp_reply_count":0,"_bbp_total_topic_count":0,"_bbp_total_reply_count":0,"_bbp_voice_count":0,"_bbp_anonymous_reply_count":0,"_bbp_topic_count_hidden":0,"_bbp_reply_count_hidden":0,"_bbp_forum_subforum_count":0,"footnotes":""},"class_list":["post-6175","page","type-page","status-publish","hentry"],"yoast_head":"<!-- This site is optimized with the Yoast SEO plugin v27.4 - https:\/\/yoast.com\/product\/yoast-seo-wordpress\/ -->\n<title>Programme de soins palliatifs de jour - Hospice Care Ottawa<\/title>\n<meta name=\"robots\" content=\"index, follow, max-snippet:-1, max-image-preview:large, max-video-preview:-1\" \/>\n<link rel=\"canonical\" href=\"https:\/\/www.hospicecareottawa.ca\/fr\/services\/soins-communautaires\/soins-palliatifs-de-jour\/\" \/>\n<meta property=\"og:locale\" content=\"fr_FR\" \/>\n<meta property=\"og:type\" content=\"article\" \/>\n<meta property=\"og:title\" content=\"Programme de soins palliatifs de jour - Hospice Care Ottawa\" \/>\n<meta property=\"og:description\" content=\"[vc_row content_width=\u00a0\u00bbgrid\u00a0\u00bb css=\u00a0\u00bb.vc_custom_1712085603330{padding-top: 75px !important;padding-bottom: 75px !important;}\u00a0\u00bb][vc_column][vc_column_text css=\u00a0\u00bb\u00a0\u00bb] Nos programmes de soins palliatifs de jour sont con\u00e7us pour les clients qui vivent avec une maladie limitant l&rsquo;esp\u00e9rance de vie. Nous leur offrons...\" \/>\n<meta property=\"og:url\" content=\"https:\/\/www.hospicecareottawa.ca\/fr\/services\/soins-communautaires\/soins-palliatifs-de-jour\/\" \/>\n<meta property=\"og:site_name\" content=\"Hospice Care Ottawa\" \/>\n<meta property=\"article:modified_time\" content=\"2025-11-12T14:18:35+00:00\" \/>\n<meta property=\"og:image\" content=\"https:\/\/www.hospicecareottawa.ca\/wp-content\/uploads\/2024\/03\/care_icon-3.png\" \/>\n\t<meta property=\"og:image:width\" content=\"138\" \/>\n\t<meta property=\"og:image:height\" content=\"114\" \/>\n\t<meta property=\"og:image:type\" content=\"image\/png\" \/>\n<meta name=\"twitter:card\" content=\"summary_large_image\" \/>\n<meta name=\"twitter:site\" content=\"@HospiceCareOtt\" \/>\n<meta name=\"twitter:label1\" content=\"Dur\u00e9e de lecture estim\u00e9e\" \/>\n\t<meta name=\"twitter:data1\" content=\"2 minutes\" \/>\n<script type=\"application\/ld+json\" class=\"yoast-schema-graph\">{\"@context\":\"https:\\\/\\\/schema.org\",\"@graph\":[{\"@type\":\"WebPage\",\"@id\":\"https:\\\/\\\/www.hospicecareottawa.ca\\\/fr\\\/services\\\/soins-communautaires\\\/soins-palliatifs-de-jour\\\/\",\"url\":\"https:\\\/\\\/www.hospicecareottawa.ca\\\/fr\\\/services\\\/soins-communautaires\\\/soins-palliatifs-de-jour\\\/\",\"name\":\"Programme de soins palliatifs de jour - Hospice Care Ottawa\",\"isPartOf\":{\"@id\":\"https:\\\/\\\/www.hospicecareottawa.ca\\\/fr\\\/#website\"},\"primaryImageOfPage\":{\"@id\":\"https:\\\/\\\/www.hospicecareottawa.ca\\\/fr\\\/services\\\/soins-communautaires\\\/soins-palliatifs-de-jour\\\/#primaryimage\"},\"image\":{\"@id\":\"https:\\\/\\\/www.hospicecareottawa.ca\\\/fr\\\/services\\\/soins-communautaires\\\/soins-palliatifs-de-jour\\\/#primaryimage\"},\"thumbnailUrl\":\"https:\\\/\\\/www.hospicecareottawa.ca\\\/wp-content\\\/uploads\\\/2024\\\/03\\\/care_icon-3.png\",\"datePublished\":\"2024-04-02T18:08:21+00:00\",\"dateModified\":\"2025-11-12T14:18:35+00:00\",\"breadcrumb\":{\"@id\":\"https:\\\/\\\/www.hospicecareottawa.ca\\\/fr\\\/services\\\/soins-communautaires\\\/soins-palliatifs-de-jour\\\/#breadcrumb\"},\"inLanguage\":\"fr-FR\",\"potentialAction\":[{\"@type\":\"ReadAction\",\"target\":[\"https:\\\/\\\/www.hospicecareottawa.ca\\\/fr\\\/services\\\/soins-communautaires\\\/soins-palliatifs-de-jour\\\/\"]}]},{\"@type\":\"ImageObject\",\"inLanguage\":\"fr-FR\",\"@id\":\"https:\\\/\\\/www.hospicecareottawa.ca\\\/fr\\\/services\\\/soins-communautaires\\\/soins-palliatifs-de-jour\\\/#primaryimage\",\"url\":\"https:\\\/\\\/www.hospicecareottawa.ca\\\/wp-content\\\/uploads\\\/2024\\\/03\\\/care_icon-3.png\",\"contentUrl\":\"https:\\\/\\\/www.hospicecareottawa.ca\\\/wp-content\\\/uploads\\\/2024\\\/03\\\/care_icon-3.png\"},{\"@type\":\"BreadcrumbList\",\"@id\":\"https:\\\/\\\/www.hospicecareottawa.ca\\\/fr\\\/services\\\/soins-communautaires\\\/soins-palliatifs-de-jour\\\/#breadcrumb\",\"itemListElement\":[{\"@type\":\"ListItem\",\"position\":1,\"name\":\"Home\",\"item\":\"https:\\\/\\\/www.hospicecareottawa.ca\\\/fr\\\/\"},{\"@type\":\"ListItem\",\"position\":2,\"name\":\"Services\",\"item\":\"https:\\\/\\\/www.hospicecareottawa.ca\\\/fr\\\/services\\\/\"},{\"@type\":\"ListItem\",\"position\":3,\"name\":\"Soins Communautaires\",\"item\":\"https:\\\/\\\/www.hospicecareottawa.ca\\\/fr\\\/services\\\/soins-communautaires\\\/\"},{\"@type\":\"ListItem\",\"position\":4,\"name\":\"Programme de soins palliatifs de jour\"}]},{\"@type\":\"WebSite\",\"@id\":\"https:\\\/\\\/www.hospicecareottawa.ca\\\/fr\\\/#website\",\"url\":\"https:\\\/\\\/www.hospicecareottawa.ca\\\/fr\\\/\",\"name\":\"Hospice Care Ottawa\",\"description\":\"Promouvoir une qualit\u00e9 de vie, la compassion dans la mort et le soutien dans le deuil pour les personnes dans le besoin au sein de notre communaut\u00e9.\",\"publisher\":{\"@id\":\"https:\\\/\\\/www.hospicecareottawa.ca\\\/fr\\\/#organization\"},\"potentialAction\":[{\"@type\":\"SearchAction\",\"target\":{\"@type\":\"EntryPoint\",\"urlTemplate\":\"https:\\\/\\\/www.hospicecareottawa.ca\\\/fr\\\/?s={search_term_string}\"},\"query-input\":{\"@type\":\"PropertyValueSpecification\",\"valueRequired\":true,\"valueName\":\"search_term_string\"}}],\"inLanguage\":\"fr-FR\"},{\"@type\":\"Organization\",\"@id\":\"https:\\\/\\\/www.hospicecareottawa.ca\\\/fr\\\/#organization\",\"name\":\"Hospice Care Ottawa\",\"url\":\"https:\\\/\\\/www.hospicecareottawa.ca\\\/fr\\\/\",\"logo\":{\"@type\":\"ImageObject\",\"inLanguage\":\"fr-FR\",\"@id\":\"https:\\\/\\\/www.hospicecareottawa.ca\\\/fr\\\/#\\\/schema\\\/logo\\\/image\\\/\",\"url\":\"https:\\\/\\\/www.hospicecareottawa.ca\\\/wp-content\\\/uploads\\\/2024\\\/03\\\/footer_logo-en.png\",\"contentUrl\":\"https:\\\/\\\/www.hospicecareottawa.ca\\\/wp-content\\\/uploads\\\/2024\\\/03\\\/footer_logo-en.png\",\"width\":180,\"height\":149,\"caption\":\"Hospice Care Ottawa\"},\"image\":{\"@id\":\"https:\\\/\\\/www.hospicecareottawa.ca\\\/fr\\\/#\\\/schema\\\/logo\\\/image\\\/\"},\"sameAs\":[\"https:\\\/\\\/x.com\\\/HospiceCareOtt\"]}]}<\/script>\n<!-- \/ Yoast SEO plugin. -->","yoast_head_json":{"title":"Programme de soins palliatifs de jour - Hospice Care Ottawa","robots":{"index":"index","follow":"follow","max-snippet":"max-snippet:-1","max-image-preview":"max-image-preview:large","max-video-preview":"max-video-preview:-1"},"canonical":"https:\/\/www.hospicecareottawa.ca\/fr\/services\/soins-communautaires\/soins-palliatifs-de-jour\/","og_locale":"fr_FR","og_type":"article","og_title":"Programme de soins palliatifs de jour - Hospice Care Ottawa","og_description":"[vc_row content_width=\u00a0\u00bbgrid\u00a0\u00bb css=\u00a0\u00bb.vc_custom_1712085603330{padding-top: 75px !important;padding-bottom: 75px !important;}\u00a0\u00bb][vc_column][vc_column_text css=\u00a0\u00bb\u00a0\u00bb] Nos programmes de soins palliatifs de jour sont con\u00e7us pour les clients qui vivent avec une maladie limitant l&rsquo;esp\u00e9rance de vie. Nous leur offrons...","og_url":"https:\/\/www.hospicecareottawa.ca\/fr\/services\/soins-communautaires\/soins-palliatifs-de-jour\/","og_site_name":"Hospice Care Ottawa","article_modified_time":"2025-11-12T14:18:35+00:00","og_image":[{"width":138,"height":114,"url":"https:\/\/www.hospicecareottawa.ca\/wp-content\/uploads\/2024\/03\/care_icon-3.png","type":"image\/png"}],"twitter_card":"summary_large_image","twitter_site":"@HospiceCareOtt","twitter_misc":{"Dur\u00e9e de lecture estim\u00e9e":"2 minutes"},"schema":{"@context":"https:\/\/schema.org","@graph":[{"@type":"WebPage","@id":"https:\/\/www.hospicecareottawa.ca\/fr\/services\/soins-communautaires\/soins-palliatifs-de-jour\/","url":"https:\/\/www.hospicecareottawa.ca\/fr\/services\/soins-communautaires\/soins-palliatifs-de-jour\/","name":"Programme de soins palliatifs de jour - Hospice Care Ottawa","isPartOf":{"@id":"https:\/\/www.hospicecareottawa.ca\/fr\/#website"},"primaryImageOfPage":{"@id":"https:\/\/www.hospicecareottawa.ca\/fr\/services\/soins-communautaires\/soins-palliatifs-de-jour\/#primaryimage"},"image":{"@id":"https:\/\/www.hospicecareottawa.ca\/fr\/services\/soins-communautaires\/soins-palliatifs-de-jour\/#primaryimage"},"thumbnailUrl":"https:\/\/www.hospicecareottawa.ca\/wp-content\/uploads\/2024\/03\/care_icon-3.png","datePublished":"2024-04-02T18:08:21+00:00","dateModified":"2025-11-12T14:18:35+00:00","breadcrumb":{"@id":"https:\/\/www.hospicecareottawa.ca\/fr\/services\/soins-communautaires\/soins-palliatifs-de-jour\/#breadcrumb"},"inLanguage":"fr-FR","potentialAction":[{"@type":"ReadAction","target":["https:\/\/www.hospicecareottawa.ca\/fr\/services\/soins-communautaires\/soins-palliatifs-de-jour\/"]}]},{"@type":"ImageObject","inLanguage":"fr-FR","@id":"https:\/\/www.hospicecareottawa.ca\/fr\/services\/soins-communautaires\/soins-palliatifs-de-jour\/#primaryimage","url":"https:\/\/www.hospicecareottawa.ca\/wp-content\/uploads\/2024\/03\/care_icon-3.png","contentUrl":"https:\/\/www.hospicecareottawa.ca\/wp-content\/uploads\/2024\/03\/care_icon-3.png"},{"@type":"BreadcrumbList","@id":"https:\/\/www.hospicecareottawa.ca\/fr\/services\/soins-communautaires\/soins-palliatifs-de-jour\/#breadcrumb","itemListElement":[{"@type":"ListItem","position":1,"name":"Home","item":"https:\/\/www.hospicecareottawa.ca\/fr\/"},{"@type":"ListItem","position":2,"name":"Services","item":"https:\/\/www.hospicecareottawa.ca\/fr\/services\/"},{"@type":"ListItem","position":3,"name":"Soins Communautaires","item":"https:\/\/www.hospicecareottawa.ca\/fr\/services\/soins-communautaires\/"},{"@type":"ListItem","position":4,"name":"Programme de soins palliatifs de jour"}]},{"@type":"WebSite","@id":"https:\/\/www.hospicecareottawa.ca\/fr\/#website","url":"https:\/\/www.hospicecareottawa.ca\/fr\/","name":"Hospice Care Ottawa","description":"Promouvoir une qualit\u00e9 de vie, la compassion dans la mort et le soutien dans le deuil pour les personnes dans le besoin au sein de notre communaut\u00e9.","publisher":{"@id":"https:\/\/www.hospicecareottawa.ca\/fr\/#organization"},"potentialAction":[{"@type":"SearchAction","target":{"@type":"EntryPoint","urlTemplate":"https:\/\/www.hospicecareottawa.ca\/fr\/?s={search_term_string}"},"query-input":{"@type":"PropertyValueSpecification","valueRequired":true,"valueName":"search_term_string"}}],"inLanguage":"fr-FR"},{"@type":"Organization","@id":"https:\/\/www.hospicecareottawa.ca\/fr\/#organization","name":"Hospice Care Ottawa","url":"https:\/\/www.hospicecareottawa.ca\/fr\/","logo":{"@type":"ImageObject","inLanguage":"fr-FR","@id":"https:\/\/www.hospicecareottawa.ca\/fr\/#\/schema\/logo\/image\/","url":"https:\/\/www.hospicecareottawa.ca\/wp-content\/uploads\/2024\/03\/footer_logo-en.png","contentUrl":"https:\/\/www.hospicecareottawa.ca\/wp-content\/uploads\/2024\/03\/footer_logo-en.png","width":180,"height":149,"caption":"Hospice Care Ottawa"},"image":{"@id":"https:\/\/www.hospicecareottawa.ca\/fr\/#\/schema\/logo\/image\/"},"sameAs":["https:\/\/x.com\/HospiceCareOtt"]}]}},"_links":{"self":[{"href":"https:\/\/www.hospicecareottawa.ca\/fr\/wp-json\/wp\/v2\/pages\/6175","targetHints":{"allow":["GET"]}}],"collection":[{"href":"https:\/\/www.hospicecareottawa.ca\/fr\/wp-json\/wp\/v2\/pages"}],"about":[{"href":"https:\/\/www.hospicecareottawa.ca\/fr\/wp-json\/wp\/v2\/types\/page"}],"author":[{"embeddable":true,"href":"https:\/\/www.hospicecareottawa.ca\/fr\/wp-json\/wp\/v2\/users\/1"}],"replies":[{"embeddable":true,"href":"https:\/\/www.hospicecareottawa.ca\/fr\/wp-json\/wp\/v2\/comments?post=6175"}],"version-history":[{"count":10,"href":"https:\/\/www.hospicecareottawa.ca\/fr\/wp-json\/wp\/v2\/pages\/6175\/revisions"}],"predecessor-version":[{"id":8299,"href":"https:\/\/www.hospicecareottawa.ca\/fr\/wp-json\/wp\/v2\/pages\/6175\/revisions\/8299"}],"up":[{"embeddable":true,"href":"https:\/\/www.hospicecareottawa.ca\/fr\/wp-json\/wp\/v2\/pages\/5975"}],"wp:attachment":[{"href":"https:\/\/www.hospicecareottawa.ca\/fr\/wp-json\/wp\/v2\/media?parent=6175"}],"curies":[{"name":"wp","href":"https:\/\/api.w.org\/{rel}","templated":true}]}}