{"id":6170,"date":"2024-04-03T13:54:38","date_gmt":"2024-04-03T13:54:38","guid":{"rendered":"https:\/\/www.hospicecareottawa.ca\/qui-nous-sommes\/news\/newsletters\/"},"modified":"2025-05-15T19:12:43","modified_gmt":"2025-05-15T19:12:43","slug":"bulletins-dinformation","status":"publish","type":"page","link":"https:\/\/www.hospicecareottawa.ca\/fr\/qui-nous-sommes\/actualites\/bulletins-dinformation\/","title":{"rendered":"Bulletins d&rsquo;information"},"content":{"rendered":"<div class=\"wpb-content-wrapper\"><p>[vc_row content_width=\u00a0\u00bbgrid\u00a0\u00bb css=\u00a0\u00bb.vc_custom_1712152091136{padding-top: 75px !important;padding-bottom: 75px !important;}\u00a0\u00bb][vc_column][vc_single_image image=\u00a0\u00bb6329&Prime; img_size=\u00a0\u00bbfull\u00a0\u00bb][vc_column_text]Le bulletin <em>La Maison de Soins<\/em>\u00a0de Hospice Care Ottawa est publi\u00e9 deux fois par an et contient des histoires, des nouvelles et des \u00e9v\u00e9nements \u00e0 venir.[\/vc_column_text]<div class=\"mkdf-accordion-holder clearfix mkdf-toggle mkdf-initial \">\n\t<h5 class=\"clearfix mkdf-title-holder\">\n<span class=\"mkdf-accordion-mark mkdf-left-mark\">\n\t\t<span class=\"mkdf-accordion-mark-icon\">\n\t\t\t<span class=\"icon_plus\"><\/span>\n\t\t\t<span class=\"icon_minus-06\"><\/span>\n\t\t<\/span>\n<\/span>\n<span class=\"mkdf-tab-title\">\n\t\t<span class=\"mkdf-tab-title-inner\">\n\t\t\t\t\t\tLa Maison de Soins - 2025\t\t<\/span>\n<\/span>\n<\/h5>\n<div class=\"mkdf-accordion-content\">\n\t<div class=\"mkdf-accordion-content-inner\">\n\t\t[vc_column_text css=\u00a0\u00bb\u00a0\u00bb]<strong style=\"color: #3c1422;\">Le Recueil &#8211; Printemps 2025<\/strong><\/p>\n<p>C\u2019est avec un grand plaisir que nous publions des r\u00e9cits illustrant la fa\u00e7on dont votre soutien transforme des vies et am\u00e9liore la qualit\u00e9 de vie des gens!<\/p>\n<p>Nous esp\u00e9rons que ce num\u00e9ro vous plaira et qu\u2019il vous encouragera \u00e0 continuer de soutenir La Maison soins palliatifs d\u2019Ottawa.<\/p>\n<p>Vous trouverez ci\u2011dessous trois fa\u00e7ons de nous appuyer. Il est \u00e9galement temps de renouveler votre adh\u00e9sion. Nous esp\u00e9rons que vous le ferez et que vous parlerez de notre travail autour de vous. Nous vous invitons \u00e0 envisager de nous faire des dons mensuels; vous profiterez ainsi de tous les avantages de votre adh\u00e9sion.<\/p>\n<p>M\u00eame si vous pr\u00e9f\u00e9rez soutenir cette campagne en nous faisant des dons uniques, vous nous aiderez beaucoup.[\/vc_column_text][vc_column_text css=\u00a0\u00bb\u00a0\u00bb]<a href=\"https:\/\/www.hospicecareottawa.ca\/wp-content\/uploads\/2025\/05\/Hopice-Matters-Spring-2025-French.pdf\" target=\"_blank\" rel=\"noopener\"><strong>CLIQUEZ ICI<\/strong><\/a><strong>\u00a0<\/strong>pour lire en francais[\/vc_column_text][vc_empty_space][vc_column_text]<strong style=\"color: #3c1422;\">Joignez-vous \u00e0 nous ou renouvelez votre adh\u00e9sion<\/strong><\/p>\n<p>Vous souhaitez devenir membre pour 2024\u20112025 ou renouveler votre adh\u00e9sion en versant une cotisation de 25\u00a0$?<\/p>\n<p>Vous pouvez ajouter \u00e0 votre cotisation un don du montant de votre choix en cliquant sur le bouton <em>Avec adh\u00e9sion<\/em>.[\/vc_column_text][vc_empty_space height=\u00a0\u00bb16px\u00a0\u00bb]<a href=\"https:\/\/give-can.keela.co\/french-membership-2025\" target=\"_blank\"  class=\"mkdf-btn mkdf-btn-medium mkdf-btn-solid mkdf-btn-hover-outline\"  >\n\t\n\t\t<span class=\"mkdf-btn-text\">Avec adh\u00e9sion<\/span>\n<\/a>[vc_empty_space][vc_column_text]<strong style=\"color: #3c1422;\">Devenez un partenaire du confort<\/strong><\/p>\n<p>Saviez-vous que nos donateurs mensuels b\u00e9n\u00e9ficient \u00e9galement de tous les avantages de l&rsquo;adh\u00e9sion? Devenez un partenaire de confort d\u00e8s aujourd&rsquo;hui, et vous n\u2019aurez plus jamais besoin de renouveler votre adh\u00e9sion.<\/p>\n<p>Cliquez sur le bouton <em>Donateur mensuel<\/em> ci\u2011dessous pour soutenir nos soins de compassion tout au long de l&rsquo;ann\u00e9e.[\/vc_column_text][vc_empty_space height=\u00a0\u00bb16px\u00a0\u00bb]<a href=\"https:\/\/www.hospicecareottawa.ca\/fr\/dons\/partenaire-du-reconfort\/\" target=\"_blank\"  class=\"mkdf-btn mkdf-btn-medium mkdf-btn-solid mkdf-btn-hover-outline\"  >\n\t\n\t\t<span class=\"mkdf-btn-text\">Donateur mensuel<\/span>\n<\/a>[vc_empty_space][vc_column_text]<strong style=\"color: #3c1422;\">Don unique<\/strong><\/p>\n<p>Je souhaite faire un <em>don unique<\/em> pour soutenir cette campagne (ce formulaire n&rsquo;inclut pas l&rsquo;option d&rsquo;adh\u00e9sion ou l&rsquo;option de don mensuel).<\/p>\n<p>Merci beaucoup pour votre soutien continu aux personnes et aux familles que nous servons![\/vc_column_text][vc_empty_space height=\u00a0\u00bb16px\u00a0\u00bb]<a href=\"https:\/\/give-can.keela.co\/spring-newsletter-2025\" target=\"_blank\"  class=\"mkdf-btn mkdf-btn-medium mkdf-btn-solid mkdf-btn-hover-outline\"  >\n\t\n\t\t<span class=\"mkdf-btn-text\">Dons unique<\/span>\n<\/a>\n\t\t\t<\/div>\n<\/div>\n<h5 class=\"clearfix mkdf-title-holder\">\n<span class=\"mkdf-accordion-mark mkdf-left-mark\">\n\t\t<span class=\"mkdf-accordion-mark-icon\">\n\t\t\t<span class=\"icon_plus\"><\/span>\n\t\t\t<span class=\"icon_minus-06\"><\/span>\n\t\t<\/span>\n<\/span>\n<span class=\"mkdf-tab-title\">\n\t\t<span class=\"mkdf-tab-title-inner\">\n\t\t\t\t\t\tLa Maison de Soins - 2024\t\t<\/span>\n<\/span>\n<\/h5>\n<div class=\"mkdf-accordion-content\">\n\t<div class=\"mkdf-accordion-content-inner\">\n\t\t[vc_column_text css=\u00a0\u00bb\u00a0\u00bb]<strong><a href=\"https:\/\/www.hospicecareottawa.ca\/wp-content\/uploads\/2024\/11\/Fall-Newsletter-2024-FR.pdf\" target=\"_blank\" rel=\"noopener\" aria-label=\"CLIQUEZ ICI - open in a new tab\" data-uw-rm-ext-link=\"\" data-uw-pdf-br=\"1\" data-uw-pdf-doc=\"\">La Maison de Soins &#8211; Automne 2024<\/a><\/strong>[\/vc_column_text][vc_column_text css=\u00a0\u00bb\u00a0\u00bb]<strong><a href=\"https:\/\/www.hospicecareottawa.ca\/wp-content\/uploads\/2024\/04\/Hopice-Matters-Spring-2024-French.pdf\" target=\"_blank\" rel=\"noopener\" aria-label=\"CLIQUEZ ICI - open in a new tab\" data-uw-rm-ext-link=\"\" data-uw-pdf-br=\"1\" data-uw-pdf-doc=\"\">La Maison de Soins &#8211; Printemps 2024<\/a><\/strong>[\/vc_column_text]\n\t\t\t<\/div>\n<\/div>\n<h5 class=\"clearfix mkdf-title-holder\">\n<span class=\"mkdf-accordion-mark mkdf-left-mark\">\n\t\t<span class=\"mkdf-accordion-mark-icon\">\n\t\t\t<span class=\"icon_plus\"><\/span>\n\t\t\t<span class=\"icon_minus-06\"><\/span>\n\t\t<\/span>\n<\/span>\n<span class=\"mkdf-tab-title\">\n\t\t<span class=\"mkdf-tab-title-inner\">\n\t\t\t\t\t\tLa Maison de Soins - 2023\t\t<\/span>\n<\/span>\n<\/h5>\n<div class=\"mkdf-accordion-content\">\n\t<div class=\"mkdf-accordion-content-inner\">\n\t\t[vc_column_text]<strong><a href=\"\/wp-content\/uploads\/2024\/04\/flnl_2023_fr_digital.pdf\" target=\"_blank\" rel=\"noopener\" aria-label=\"CLIQUEZ ICI - open in a new tab\" data-uw-rm-ext-link=\"\" data-uw-pdf-br=\"1\" data-uw-pdf-doc=\"\">La Maison de Soins &#8211; Automne 2023<\/a><\/strong>[\/vc_column_text][vc_column_text]<strong><a href=\"\/wp-content\/uploads\/2024\/04\/hospice_care_ottawa_spring_newsletter_2023_fr.pdf\" target=\"_blank\" rel=\"noopener\" aria-label=\"CLIQUEZ ICI - open in a new tab\" data-uw-rm-ext-link=\"\" data-uw-pdf-br=\"1\" data-uw-pdf-doc=\"\">La Maison de Soins &#8211; Printemps 2023<\/a><\/strong>[\/vc_column_text]\n\t\t\t<\/div>\n<\/div>\n<h5 class=\"clearfix mkdf-title-holder\">\n<span class=\"mkdf-accordion-mark mkdf-left-mark\">\n\t\t<span class=\"mkdf-accordion-mark-icon\">\n\t\t\t<span class=\"icon_plus\"><\/span>\n\t\t\t<span class=\"icon_minus-06\"><\/span>\n\t\t<\/span>\n<\/span>\n<span class=\"mkdf-tab-title\">\n\t\t<span class=\"mkdf-tab-title-inner\">\n\t\t\t\t\t\tLa Maison de Soins - 2022\t\t<\/span>\n<\/span>\n<\/h5>\n<div class=\"mkdf-accordion-content\">\n\t<div class=\"mkdf-accordion-content-inner\">\n\t\t[vc_column_text]<strong><a href=\"\/wp-content\/uploads\/2024\/04\/hospice_care_ottawa_newsletter_-_fall_2022_fr_final.pdf\" target=\"_blank\" rel=\"noopener\" aria-label=\"CLIQUEZ ICI - open in a new tab\" data-uw-rm-ext-link=\"\" data-uw-pdf-br=\"1\" data-uw-pdf-doc=\"\">La Maison de Soins &#8211; Automne 2022<\/a><\/strong>[\/vc_column_text][vc_column_text]<strong><a href=\"\/wp-content\/uploads\/2024\/04\/hospice_care_ottawa_newsletter_-_spring_2022_fr.pdf\" target=\"_blank\" rel=\"noopener\" aria-label=\"CLIQUEZ ICI - open in a new tab\" data-uw-rm-ext-link=\"\" data-uw-pdf-br=\"1\" data-uw-pdf-doc=\"\">La Maison de Soins &#8211; Printemps 2022<\/a><\/strong>[\/vc_column_text]\n\t\t\t<\/div>\n<\/div>\n<h5 class=\"clearfix mkdf-title-holder\">\n<span class=\"mkdf-accordion-mark mkdf-left-mark\">\n\t\t<span class=\"mkdf-accordion-mark-icon\">\n\t\t\t<span class=\"icon_plus\"><\/span>\n\t\t\t<span class=\"icon_minus-06\"><\/span>\n\t\t<\/span>\n<\/span>\n<span class=\"mkdf-tab-title\">\n\t\t<span class=\"mkdf-tab-title-inner\">\n\t\t\t\t\t\tLa Maison de Soins - 2021\t\t<\/span>\n<\/span>\n<\/h5>\n<div class=\"mkdf-accordion-content\">\n\t<div class=\"mkdf-accordion-content-inner\">\n\t\t[vc_column_text]<strong><a href=\"\/wp-content\/uploads\/2024\/04\/hospice_care_ottawa_newsletter_-_fall_2021_francais_.pdf\" target=\"_blank\" rel=\"noopener\" aria-label=\"CLIQUEZ ICI - open in a new tab\" data-uw-rm-ext-link=\"\" data-uw-pdf-br=\"1\" data-uw-pdf-doc=\"\">La Maison de Soins &#8211; Automne 2021<\/a><\/strong>[\/vc_column_text][vc_column_text]<strong><a href=\"\/wp-content\/uploads\/2024\/04\/hospice_care_ottawa_newsletter_-_spring_2021_francais.pdf\" target=\"_blank\" rel=\"noopener\" aria-label=\"CLIQUEZ ICI - open in a new tab\" data-uw-rm-ext-link=\"\" data-uw-pdf-br=\"1\" data-uw-pdf-doc=\"\">La Maison de Soins &#8211; Printemps 2021<\/a><\/strong>[\/vc_column_text]\n\t\t\t<\/div>\n<\/div>\n<h5 class=\"clearfix mkdf-title-holder\">\n<span class=\"mkdf-accordion-mark mkdf-left-mark\">\n\t\t<span class=\"mkdf-accordion-mark-icon\">\n\t\t\t<span class=\"icon_plus\"><\/span>\n\t\t\t<span class=\"icon_minus-06\"><\/span>\n\t\t<\/span>\n<\/span>\n<span class=\"mkdf-tab-title\">\n\t\t<span class=\"mkdf-tab-title-inner\">\n\t\t\t\t\t\tLa Maison de Soins - 2020\t\t<\/span>\n<\/span>\n<\/h5>\n<div class=\"mkdf-accordion-content\">\n\t<div class=\"mkdf-accordion-content-inner\">\n\t\t[vc_column_text]<strong><a href=\"\/wp-content\/uploads\/2024\/04\/hospice_care_ottawa_newsletter_-_fall_2020_francais.pdf\" target=\"_blank\" rel=\"noopener\" aria-label=\"CLIQUEZ ICI - open in a new tab\" data-uw-rm-ext-link=\"\" data-uw-pdf-br=\"1\" data-uw-pdf-doc=\"\">La Maison de Soins &#8211; Automne 2020<\/a><\/strong>[\/vc_column_text][vc_column_text]<strong><a href=\"\/wp-content\/uploads\/2024\/04\/hospice_care_ottawa_newsletter_-_spring_2020_en_francais.pdf\" target=\"_blank\" rel=\"noopener\" aria-label=\"CLIQUEZ ICI - open in a new tab\" data-uw-rm-ext-link=\"\" data-uw-pdf-br=\"1\" data-uw-pdf-doc=\"\">La Maison de Soins &#8211; Printemps 2020<\/a><\/strong><\/p>\n<p><strong><a href=\"\/wp-content\/uploads\/2024\/04\/2020-4-2_letter_from_lisa___steve_final.pdf\" target=\"_blank\" rel=\"noopener\" aria-label=\"CLICK HERE to read in English\" data-uw-rm-ext-link=\"\" data-uw-rm-vglnk=\"\" data-uw-pdf-br=\"1\" data-uw-pdf-doc=\"\">Lisez une note sp\u00e9ciale de notre directrice g\u00e9n\u00e9rale et pr\u00e9sidente du conseil d&rsquo;administration concernant le bulletin d&rsquo;information de La Maison de Soins du Printemps 2020.<\/a><\/strong>[\/vc_column_text]\n\t\t\t<\/div>\n<\/div>\n<\/div>[\/vc_column][\/vc_row]<\/p>\n<\/div>","protected":false},"excerpt":{"rendered":"<p>[vc_row content_width=\u00a0\u00bbgrid\u00a0\u00bb css=\u00a0\u00bb.vc_custom_1712152091136{padding-top: 75px !important;padding-bottom: 75px !important;}\u00a0\u00bb][vc_column][vc_single_image image=\u00a0\u00bb6329&Prime; img_size=\u00a0\u00bbfull\u00a0\u00bb][vc_column_text]Le bulletin La Maison de Soins\u00a0de Hospice Care Ottawa est publi\u00e9 deux fois par an et contient des histoires, des nouvelles et des \u00e9v\u00e9nements&#8230;<\/p>\n","protected":false},"author":1,"featured_media":0,"parent":5937,"menu_order":0,"comment_status":"closed","ping_status":"closed","template":"full-width.php","meta":{"_bbp_topic_count":0,"_bbp_reply_count":0,"_bbp_total_topic_count":0,"_bbp_total_reply_count":0,"_bbp_voice_count":0,"_bbp_anonymous_reply_count":0,"_bbp_topic_count_hidden":0,"_bbp_reply_count_hidden":0,"_bbp_forum_subforum_count":0,"footnotes":""},"class_list":["post-6170","page","type-page","status-publish","hentry"],"yoast_head":"<!-- This site is optimized with the Yoast SEO plugin v27.4 - https:\/\/yoast.com\/product\/yoast-seo-wordpress\/ -->\n<title>Bulletins d&#039;information - Hospice Care Ottawa<\/title>\n<meta name=\"robots\" content=\"index, follow, max-snippet:-1, max-image-preview:large, max-video-preview:-1\" \/>\n<link rel=\"canonical\" href=\"https:\/\/www.hospicecareottawa.ca\/fr\/qui-nous-sommes\/actualites\/bulletins-dinformation\/\" \/>\n<meta property=\"og:locale\" content=\"fr_FR\" \/>\n<meta property=\"og:type\" content=\"article\" \/>\n<meta property=\"og:title\" content=\"Bulletins d&#039;information - Hospice Care Ottawa\" \/>\n<meta property=\"og:description\" content=\"[vc_row content_width=\u00a0\u00bbgrid\u00a0\u00bb css=\u00a0\u00bb.vc_custom_1712152091136{padding-top: 75px !important;padding-bottom: 75px !important;}\u00a0\u00bb][vc_column][vc_single_image image=\u00a0\u00bb6329&Prime; img_size=\u00a0\u00bbfull\u00a0\u00bb][vc_column_text]Le bulletin La Maison de Soins\u00a0de Hospice Care Ottawa est publi\u00e9 deux fois par an et contient des histoires, des nouvelles et des \u00e9v\u00e9nements...\" \/>\n<meta property=\"og:url\" content=\"https:\/\/www.hospicecareottawa.ca\/fr\/qui-nous-sommes\/actualites\/bulletins-dinformation\/\" \/>\n<meta property=\"og:site_name\" content=\"Hospice Care Ottawa\" \/>\n<meta property=\"article:modified_time\" content=\"2025-05-15T19:12:43+00:00\" \/>\n<meta property=\"og:image\" content=\"https:\/\/www.hospicecareottawa.ca\/wp-content\/uploads\/2024\/03\/footer_logo-en.png\" \/>\n\t<meta property=\"og:image:width\" content=\"180\" \/>\n\t<meta property=\"og:image:height\" content=\"149\" \/>\n\t<meta property=\"og:image:type\" content=\"image\/png\" \/>\n<meta name=\"twitter:card\" content=\"summary_large_image\" \/>\n<meta name=\"twitter:site\" content=\"@HospiceCareOtt\" \/>\n<meta name=\"twitter:label1\" content=\"Dur\u00e9e de lecture estim\u00e9e\" \/>\n\t<meta name=\"twitter:data1\" content=\"3 minutes\" \/>\n<script type=\"application\/ld+json\" class=\"yoast-schema-graph\">{\"@context\":\"https:\\\/\\\/schema.org\",\"@graph\":[{\"@type\":\"WebPage\",\"@id\":\"https:\\\/\\\/www.hospicecareottawa.ca\\\/fr\\\/qui-nous-sommes\\\/actualites\\\/bulletins-dinformation\\\/\",\"url\":\"https:\\\/\\\/www.hospicecareottawa.ca\\\/fr\\\/qui-nous-sommes\\\/actualites\\\/bulletins-dinformation\\\/\",\"name\":\"Bulletins d'information - Hospice Care Ottawa\",\"isPartOf\":{\"@id\":\"https:\\\/\\\/www.hospicecareottawa.ca\\\/fr\\\/#website\"},\"datePublished\":\"2024-04-03T13:54:38+00:00\",\"dateModified\":\"2025-05-15T19:12:43+00:00\",\"breadcrumb\":{\"@id\":\"https:\\\/\\\/www.hospicecareottawa.ca\\\/fr\\\/qui-nous-sommes\\\/actualites\\\/bulletins-dinformation\\\/#breadcrumb\"},\"inLanguage\":\"fr-FR\",\"potentialAction\":[{\"@type\":\"ReadAction\",\"target\":[\"https:\\\/\\\/www.hospicecareottawa.ca\\\/fr\\\/qui-nous-sommes\\\/actualites\\\/bulletins-dinformation\\\/\"]}]},{\"@type\":\"BreadcrumbList\",\"@id\":\"https:\\\/\\\/www.hospicecareottawa.ca\\\/fr\\\/qui-nous-sommes\\\/actualites\\\/bulletins-dinformation\\\/#breadcrumb\",\"itemListElement\":[{\"@type\":\"ListItem\",\"position\":1,\"name\":\"Home\",\"item\":\"https:\\\/\\\/www.hospicecareottawa.ca\\\/fr\\\/\"},{\"@type\":\"ListItem\",\"position\":2,\"name\":\"Qui nous sommes\",\"item\":\"https:\\\/\\\/www.hospicecareottawa.ca\\\/fr\\\/qui-nous-sommes\\\/\"},{\"@type\":\"ListItem\",\"position\":3,\"name\":\"Actualit\u00e9s\",\"item\":\"https:\\\/\\\/www.hospicecareottawa.ca\\\/fr\\\/qui-nous-sommes\\\/actualites\\\/\"},{\"@type\":\"ListItem\",\"position\":4,\"name\":\"Bulletins d&#8217;information\"}]},{\"@type\":\"WebSite\",\"@id\":\"https:\\\/\\\/www.hospicecareottawa.ca\\\/fr\\\/#website\",\"url\":\"https:\\\/\\\/www.hospicecareottawa.ca\\\/fr\\\/\",\"name\":\"Hospice Care Ottawa\",\"description\":\"Promouvoir une qualit\u00e9 de vie, la compassion dans la mort et le soutien dans le deuil pour les personnes dans le besoin au sein de notre communaut\u00e9.\",\"publisher\":{\"@id\":\"https:\\\/\\\/www.hospicecareottawa.ca\\\/fr\\\/#organization\"},\"potentialAction\":[{\"@type\":\"SearchAction\",\"target\":{\"@type\":\"EntryPoint\",\"urlTemplate\":\"https:\\\/\\\/www.hospicecareottawa.ca\\\/fr\\\/?s={search_term_string}\"},\"query-input\":{\"@type\":\"PropertyValueSpecification\",\"valueRequired\":true,\"valueName\":\"search_term_string\"}}],\"inLanguage\":\"fr-FR\"},{\"@type\":\"Organization\",\"@id\":\"https:\\\/\\\/www.hospicecareottawa.ca\\\/fr\\\/#organization\",\"name\":\"Hospice Care Ottawa\",\"url\":\"https:\\\/\\\/www.hospicecareottawa.ca\\\/fr\\\/\",\"logo\":{\"@type\":\"ImageObject\",\"inLanguage\":\"fr-FR\",\"@id\":\"https:\\\/\\\/www.hospicecareottawa.ca\\\/fr\\\/#\\\/schema\\\/logo\\\/image\\\/\",\"url\":\"https:\\\/\\\/www.hospicecareottawa.ca\\\/wp-content\\\/uploads\\\/2024\\\/03\\\/footer_logo-en.png\",\"contentUrl\":\"https:\\\/\\\/www.hospicecareottawa.ca\\\/wp-content\\\/uploads\\\/2024\\\/03\\\/footer_logo-en.png\",\"width\":180,\"height\":149,\"caption\":\"Hospice Care Ottawa\"},\"image\":{\"@id\":\"https:\\\/\\\/www.hospicecareottawa.ca\\\/fr\\\/#\\\/schema\\\/logo\\\/image\\\/\"},\"sameAs\":[\"https:\\\/\\\/x.com\\\/HospiceCareOtt\"]}]}<\/script>\n<!-- \/ Yoast SEO plugin. -->","yoast_head_json":{"title":"Bulletins d'information - Hospice Care Ottawa","robots":{"index":"index","follow":"follow","max-snippet":"max-snippet:-1","max-image-preview":"max-image-preview:large","max-video-preview":"max-video-preview:-1"},"canonical":"https:\/\/www.hospicecareottawa.ca\/fr\/qui-nous-sommes\/actualites\/bulletins-dinformation\/","og_locale":"fr_FR","og_type":"article","og_title":"Bulletins d'information - Hospice Care Ottawa","og_description":"[vc_row content_width=\u00a0\u00bbgrid\u00a0\u00bb css=\u00a0\u00bb.vc_custom_1712152091136{padding-top: 75px !important;padding-bottom: 75px !important;}\u00a0\u00bb][vc_column][vc_single_image image=\u00a0\u00bb6329&Prime; img_size=\u00a0\u00bbfull\u00a0\u00bb][vc_column_text]Le bulletin La Maison de Soins\u00a0de Hospice Care Ottawa est publi\u00e9 deux fois par an et contient des histoires, des nouvelles et des \u00e9v\u00e9nements...","og_url":"https:\/\/www.hospicecareottawa.ca\/fr\/qui-nous-sommes\/actualites\/bulletins-dinformation\/","og_site_name":"Hospice Care Ottawa","article_modified_time":"2025-05-15T19:12:43+00:00","og_image":[{"width":180,"height":149,"url":"https:\/\/www.hospicecareottawa.ca\/wp-content\/uploads\/2024\/03\/footer_logo-en.png","type":"image\/png"}],"twitter_card":"summary_large_image","twitter_site":"@HospiceCareOtt","twitter_misc":{"Dur\u00e9e de lecture estim\u00e9e":"3 minutes"},"schema":{"@context":"https:\/\/schema.org","@graph":[{"@type":"WebPage","@id":"https:\/\/www.hospicecareottawa.ca\/fr\/qui-nous-sommes\/actualites\/bulletins-dinformation\/","url":"https:\/\/www.hospicecareottawa.ca\/fr\/qui-nous-sommes\/actualites\/bulletins-dinformation\/","name":"Bulletins d'information - Hospice Care Ottawa","isPartOf":{"@id":"https:\/\/www.hospicecareottawa.ca\/fr\/#website"},"datePublished":"2024-04-03T13:54:38+00:00","dateModified":"2025-05-15T19:12:43+00:00","breadcrumb":{"@id":"https:\/\/www.hospicecareottawa.ca\/fr\/qui-nous-sommes\/actualites\/bulletins-dinformation\/#breadcrumb"},"inLanguage":"fr-FR","potentialAction":[{"@type":"ReadAction","target":["https:\/\/www.hospicecareottawa.ca\/fr\/qui-nous-sommes\/actualites\/bulletins-dinformation\/"]}]},{"@type":"BreadcrumbList","@id":"https:\/\/www.hospicecareottawa.ca\/fr\/qui-nous-sommes\/actualites\/bulletins-dinformation\/#breadcrumb","itemListElement":[{"@type":"ListItem","position":1,"name":"Home","item":"https:\/\/www.hospicecareottawa.ca\/fr\/"},{"@type":"ListItem","position":2,"name":"Qui nous sommes","item":"https:\/\/www.hospicecareottawa.ca\/fr\/qui-nous-sommes\/"},{"@type":"ListItem","position":3,"name":"Actualit\u00e9s","item":"https:\/\/www.hospicecareottawa.ca\/fr\/qui-nous-sommes\/actualites\/"},{"@type":"ListItem","position":4,"name":"Bulletins d&#8217;information"}]},{"@type":"WebSite","@id":"https:\/\/www.hospicecareottawa.ca\/fr\/#website","url":"https:\/\/www.hospicecareottawa.ca\/fr\/","name":"Hospice Care Ottawa","description":"Promouvoir une qualit\u00e9 de vie, la compassion dans la mort et le soutien dans le deuil pour les personnes dans le besoin au sein de notre communaut\u00e9.","publisher":{"@id":"https:\/\/www.hospicecareottawa.ca\/fr\/#organization"},"potentialAction":[{"@type":"SearchAction","target":{"@type":"EntryPoint","urlTemplate":"https:\/\/www.hospicecareottawa.ca\/fr\/?s={search_term_string}"},"query-input":{"@type":"PropertyValueSpecification","valueRequired":true,"valueName":"search_term_string"}}],"inLanguage":"fr-FR"},{"@type":"Organization","@id":"https:\/\/www.hospicecareottawa.ca\/fr\/#organization","name":"Hospice Care Ottawa","url":"https:\/\/www.hospicecareottawa.ca\/fr\/","logo":{"@type":"ImageObject","inLanguage":"fr-FR","@id":"https:\/\/www.hospicecareottawa.ca\/fr\/#\/schema\/logo\/image\/","url":"https:\/\/www.hospicecareottawa.ca\/wp-content\/uploads\/2024\/03\/footer_logo-en.png","contentUrl":"https:\/\/www.hospicecareottawa.ca\/wp-content\/uploads\/2024\/03\/footer_logo-en.png","width":180,"height":149,"caption":"Hospice Care Ottawa"},"image":{"@id":"https:\/\/www.hospicecareottawa.ca\/fr\/#\/schema\/logo\/image\/"},"sameAs":["https:\/\/x.com\/HospiceCareOtt"]}]}},"_links":{"self":[{"href":"https:\/\/www.hospicecareottawa.ca\/fr\/wp-json\/wp\/v2\/pages\/6170","targetHints":{"allow":["GET"]}}],"collection":[{"href":"https:\/\/www.hospicecareottawa.ca\/fr\/wp-json\/wp\/v2\/pages"}],"about":[{"href":"https:\/\/www.hospicecareottawa.ca\/fr\/wp-json\/wp\/v2\/types\/page"}],"author":[{"embeddable":true,"href":"https:\/\/www.hospicecareottawa.ca\/fr\/wp-json\/wp\/v2\/users\/1"}],"replies":[{"embeddable":true,"href":"https:\/\/www.hospicecareottawa.ca\/fr\/wp-json\/wp\/v2\/comments?post=6170"}],"version-history":[{"count":27,"href":"https:\/\/www.hospicecareottawa.ca\/fr\/wp-json\/wp\/v2\/pages\/6170\/revisions"}],"predecessor-version":[{"id":7765,"href":"https:\/\/www.hospicecareottawa.ca\/fr\/wp-json\/wp\/v2\/pages\/6170\/revisions\/7765"}],"up":[{"embeddable":true,"href":"https:\/\/www.hospicecareottawa.ca\/fr\/wp-json\/wp\/v2\/pages\/5937"}],"wp:attachment":[{"href":"https:\/\/www.hospicecareottawa.ca\/fr\/wp-json\/wp\/v2\/media?parent=6170"}],"curies":[{"name":"wp","href":"https:\/\/api.w.org\/{rel}","templated":true}]}}