{"id":6045,"date":"2016-01-26T08:42:10","date_gmt":"2016-01-26T08:42:10","guid":{"rendered":"https:\/\/www.hospicecareottawa.ca\/multiple-offices\/"},"modified":"2026-03-31T16:43:39","modified_gmt":"2026-03-31T16:43:39","slug":"nous-contacter","status":"publish","type":"page","link":"https:\/\/www.hospicecareottawa.ca\/fr\/nous-contacter\/","title":{"rendered":"Nous Contacter"},"content":{"rendered":"<div class=\"wpb-content-wrapper\"><p>[vc_row content_width=\u00a0\u00bbgrid\u00a0\u00bb content_aligment=\u00a0\u00bbcenter\u00a0\u00bb css=\u00a0\u00bb.vc_custom_1741184366190{padding-top: 75px !important;padding-bottom: 75px !important;background-color: #79993d !important;}\u00a0\u00bb el_class=\u00a0\u00bbwhite-selection\u00a0\u00bb][vc_column]<div class=\"mkdf-section-title-holder\">\n\t<h2 class=\"mkdf-section-title mkdf-section-title-large\" style=\"color: #ffffff;text-align: left\">\n\tNos trois \u00e9tablissements<\/h2>\n<\/div>[vc_row_inner][vc_column_inner offset=\u00a0\u00bbvc_col-lg-4 vc_col-md-4&Prime; css=\u00a0\u00bb.vc_custom_1453459136394{padding-right: 7% !important;}\u00a0\u00bb]<div class=\"mkdf-animations-holder mkdf-element-from-fade\" data-animation=\"mkdf-element-from-fade\">\n\t<div style=\"transition-delay: 200ms;-webkit-animation-delay: 200ms;animation-delay: 200ms;animation-duration: 700ms;-webkit-animation-duration: 700ms;-moz-animation-duration: 700ms\">\n\t\t<div class=\"mkdf-section-subtitle-holder mkdf-section-subtitle-left\" >\n\t<p style=\"color: #ffffff;text-align: left\" class=\"mkdf-section-subtitle\">Maison May Court Hospice<\/p>\n<\/div>[vc_empty_space height=\u00a0\u00bb10&Prime;]<div  class=\"mkdf-icon-list-item mkdf-icon-list-item-default-font-family\">\n\t<div class=\"mkdf-icon-list-icon-holder\">\n        <div class=\"mkdf-icon-list-icon-holder-inner clearfix\">\n\t\t\t<i class=\"mkdf-icon-linear-icon lnr lnr-apartment \" style=\"color:#ffffff;font-size:18px\" ><\/i>\t\t<\/div>\n\t<\/div>\n\t<p class=\"mkdf-icon-list-text\" style=\"color:#ffffff;font-size:12px\" > 114, ave Cameron, Ottawa, ON K1S 0X1<\/p>\n<\/div><div  class=\"mkdf-icon-list-item mkdf-icon-list-item-default-font-family\">\n\t<div class=\"mkdf-icon-list-icon-holder\">\n        <div class=\"mkdf-icon-list-icon-holder-inner clearfix\">\n\t\t\t<i class=\"mkdf-icon-linear-icon lnr lnr-phone-handset \" style=\"color:#ffffff;font-size:18px\" ><\/i>\t\t<\/div>\n\t<\/div>\n\t<p class=\"mkdf-icon-list-text\" style=\"color:#ffffff;font-size:12px\" > T\u00e9l: 613-260-2906<\/p>\n<\/div><div  class=\"mkdf-icon-list-item mkdf-icon-list-item-default-font-family\">\n\t<div class=\"mkdf-icon-list-icon-holder\">\n        <div class=\"mkdf-icon-list-icon-holder-inner clearfix\">\n\t\t\t<i class=\"mkdf-icon-linear-icon lnr lnr-phone-handset \" style=\"color:#ffffff;font-size:18px\" ><\/i>\t\t<\/div>\n\t<\/div>\n\t<p class=\"mkdf-icon-list-text\" style=\"color:#ffffff;font-size:12px\" > T\u00e9l\u00e9copieur: 613-260-8145<\/p>\n<\/div>\t<\/div>\n\n<\/div>[\/vc_column_inner][vc_column_inner offset=\u00a0\u00bbvc_col-lg-4 vc_col-md-4&Prime; css=\u00a0\u00bb.vc_custom_1453459152818{padding-right: 7% !important;padding-left: 7% !important;}\u00a0\u00bb]<div class=\"mkdf-animations-holder mkdf-element-from-fade\" data-animation=\"mkdf-element-from-fade\">\n\t<div style=\"transition-delay: 400ms;-webkit-animation-delay: 400ms;animation-delay: 400ms;animation-duration: 700ms;-webkit-animation-duration: 700ms;-moz-animation-duration: 700ms\">\n\t\t<div class=\"mkdf-section-subtitle-holder mkdf-section-subtitle-left\" >\n\t<p style=\"color: #ffffff;text-align: left\" class=\"mkdf-section-subtitle\">Maison Ruddy-Shenkman Hospice - Maison Hein<\/p>\n<\/div>[vc_empty_space height=\u00a0\u00bb10&Prime;]<div  class=\"mkdf-icon-list-item mkdf-icon-list-item-default-font-family\">\n\t<div class=\"mkdf-icon-list-icon-holder\">\n        <div class=\"mkdf-icon-list-icon-holder-inner clearfix\">\n\t\t\t<i class=\"mkdf-icon-linear-icon lnr lnr-apartment \" style=\"color:#ffffff;font-size:18px\" ><\/i>\t\t<\/div>\n\t<\/div>\n\t<p class=\"mkdf-icon-list-text\" style=\"color:#ffffff;font-size:12px\" > 110, promenade McCurdy, Kanata, ON K2L 2Z6<\/p>\n<\/div><div  class=\"mkdf-icon-list-item mkdf-icon-list-item-default-font-family\">\n\t<div class=\"mkdf-icon-list-icon-holder\">\n        <div class=\"mkdf-icon-list-icon-holder-inner clearfix\">\n\t\t\t<i class=\"mkdf-icon-linear-icon lnr lnr-phone-handset \" style=\"color:#ffffff;font-size:18px\" ><\/i>\t\t<\/div>\n\t<\/div>\n\t<p class=\"mkdf-icon-list-text\" style=\"color:#ffffff;font-size:12px\" > T\u00e9l: 613-591-6002<\/p>\n<\/div><div  class=\"mkdf-icon-list-item mkdf-icon-list-item-default-font-family\">\n\t<div class=\"mkdf-icon-list-icon-holder\">\n        <div class=\"mkdf-icon-list-icon-holder-inner clearfix\">\n\t\t\t<i class=\"mkdf-icon-linear-icon lnr lnr-phone-handset \" style=\"color:#ffffff;font-size:18px\" ><\/i>\t\t<\/div>\n\t<\/div>\n\t<p class=\"mkdf-icon-list-text\" style=\"color:#ffffff;font-size:12px\" > T\u00e9l\u00e9copieur: 613-435-4782<\/p>\n<\/div>\t<\/div>\n\n<\/div>[\/vc_column_inner][vc_column_inner offset=\u00a0\u00bbvc_col-lg-4 vc_col-md-4&Prime; css=\u00a0\u00bb.vc_custom_1453459158369{padding-left: 7% !important;}\u00a0\u00bb]<div class=\"mkdf-animations-holder mkdf-element-from-fade\" data-animation=\"mkdf-element-from-fade\">\n\t<div style=\"transition-delay: 600ms;-webkit-animation-delay: 600ms;animation-delay: 600ms;animation-duration: 700ms;-webkit-animation-duration: 700ms;-moz-animation-duration: 700ms\">\n\t\t<div class=\"mkdf-section-subtitle-holder mkdf-section-subtitle-left\" >\n\t<p style=\"color: #ffffff;text-align: left\" class=\"mkdf-section-subtitle\">Maison de l'Est<\/p>\n<\/div>[vc_empty_space height=\u00a0\u00bb10&Prime;]<div  class=\"mkdf-icon-list-item mkdf-icon-list-item-default-font-family\">\n\t<div class=\"mkdf-icon-list-icon-holder\">\n        <div class=\"mkdf-icon-list-icon-holder-inner clearfix\">\n\t\t\t<i class=\"mkdf-icon-linear-icon lnr lnr-apartment \" style=\"color:#ffffff;font-size:18px\" ><\/i>\t\t<\/div>\n\t<\/div>\n\t<p class=\"mkdf-icon-list-text\" style=\"color:#ffffff;font-size:12px\" > c\/o R\u00e9sidence Cit\u00e9 Parkway, 380 ave LeBoutillier, Ottawa, ON K1K 3W3<\/p>\n<\/div><div  class=\"mkdf-icon-list-item mkdf-icon-list-item-default-font-family\">\n\t<div class=\"mkdf-icon-list-icon-holder\">\n        <div class=\"mkdf-icon-list-icon-holder-inner clearfix\">\n\t\t\t<i class=\"mkdf-icon-linear-icon lnr lnr-phone-handset \" style=\"color:#ffffff;font-size:18px\" ><\/i>\t\t<\/div>\n\t<\/div>\n\t<p class=\"mkdf-icon-list-text\" style=\"color:#ffffff;font-size:12px\" > T\u00e9l: 613-424-6560<\/p>\n<\/div><div  class=\"mkdf-icon-list-item mkdf-icon-list-item-default-font-family\">\n\t<div class=\"mkdf-icon-list-icon-holder\">\n        <div class=\"mkdf-icon-list-icon-holder-inner clearfix\">\n\t\t\t<i class=\"mkdf-icon-linear-icon lnr lnr-phone-handset \" style=\"color:#ffffff;font-size:18px\" ><\/i>\t\t<\/div>\n\t<\/div>\n\t<p class=\"mkdf-icon-list-text\" style=\"color:#ffffff;font-size:12px\" > T\u00e9l\u00e9copieur: 613-424-6570<\/p>\n<\/div>\t<\/div>\n\n<\/div>[\/vc_column_inner][\/vc_row_inner][\/vc_column][\/vc_row][vc_row content_width=\u00a0\u00bbgrid\u00a0\u00bb css=\u00a0\u00bb.vc_custom_1711391993256{padding-top: 75px !important;padding-bottom: 75px !important;}\u00a0\u00bb][vc_column][vc_row_inner css=\u00a0\u00bb.vc_custom_1711391966682{padding-top: 0px !important;padding-bottom: 0px !important;}\u00a0\u00bb][vc_column_inner width=\u00a0\u00bb1\/2&Prime;]<div class=\"mkdf-section-title-holder\">\n\t<h2 class=\"mkdf-section-title\" style=\"color: #5a1f30;text-align: left\">\n\tComment nous faire part de vos compliments, vos pr\u00e9occupations et\/ou vos plaintes ?<\/h2>\n<\/div>[vc_column_text]<span style=\"font-size: medium;\">Nous voulons vous entendre. Nous voulons entendre vos commentaires, vos t\u00e9moignages, vos histoires et vos questions. Nos programmes et services de soins palliatifs et de fin de vie vous ont-ils \u00e9t\u00e9 utiles, \u00e0 vous, \u00e0 votre famille et \u00e0 un \u00eatre cher ?<\/span><\/p>\n<p><span style=\"font-size: medium;\">Nous souhaitons entendre vos histoires.<\/span><\/p>\n<p><span style=\"font-size: medium;\">Pour lire les t\u00e9moignages de notre communaut\u00e9, veuillez\u00a0<strong><a href=\"https:\/\/www.hospicecareottawa.ca\/your-impact\/\" rel=\"noopener\" aria-label=\"To read the stories from our community please CLICK HERE If you have specific clinical feedback, please see below\" data-uw-rm-ext-link=\"\" data-uw-rm-vglnk=\"\">CLIQUER ICI.<\/a><\/strong><\/span><\/p>\n<p><span style=\"font-size: medium;\">Si vous avez des commentaires cliniques sp\u00e9cifiques, veuillez voir ci-dessous.<\/span>\u200b[\/vc_column_text][\/vc_column_inner][vc_column_inner width=\u00a0\u00bb1\/2&Prime;]<div class=\"mkdf-section-title-holder\">\n\t<h2 class=\"mkdf-section-title\" style=\"color: #5a1f30;text-align: left\">\n\tVos commentaires<\/h2>\n<\/div>[vc_column_text]<span style=\"font-size: medium;\">La Maison de soins palliatifs d\u2019Ottawa (MSPO) s&rsquo;efforce de fournir des soins de qualit\u00e9 exceptionnels \u00e0 tous ses clients, dans tous ses programmes et dans tous ses \u00e9tablissements. Nous appr\u00e9cions et accueillons favorablement les commentaires et les t\u00e9moignages des clients et des membres de leur famille. Les commentaires comprennent les compliments, les pr\u00e9occupations, les plaintes et toute demande de renseignements concernant les soins.<\/span><\/p>\n<p><span style=\"font-size: medium;\">\u200bCes commentaires permettront d&rsquo;am\u00e9liorer les services de soins palliatifs de la MSPO.<\/span><\/p>\n<p>\u200b[\/vc_column_text][\/vc_column_inner][\/vc_row_inner][vc_empty_space][vc_row_inner][vc_column_inner]<div class=\"mkdf-section-subtitle-holder mkdf-section-subtitle-left\" >\n\t<p style=\"color: #5a1f30;text-align: left\" class=\"mkdf-section-subtitle\">Voici quelques fa\u00e7ons de nous fournir vos commentaires (compliments, pr\u00e9occupations, plaintes) :<\/p>\n<\/div>[vc_column_text]<\/p>\n<div class=\"paragraph\">\n<ul>\n<li style=\"text-align: left;\"><span style=\"font-size: medium;\">Discutez directement avec les personnes qui vous prodiguent des soins (p. ex. les infirmi\u00e8res, les pr\u00e9pos\u00e9s au soutien personnel, les b\u00e9n\u00e9voles)<\/span><\/li>\n<li style=\"text-align: left;\"><span style=\"font-size: medium;\">Demander \u00e0 parler au superviseur ou \u00e0 la directrice de votre prestataire de soin<\/span><\/li>\n<li style=\"text-align: left;\"><span style=\"font-size: medium;\">Contactez la directrice ex\u00e9cutive ou le pr\u00e9sident du conseil d&rsquo;administration<\/span><\/li>\n<li style=\"text-align: left;\"><span style=\"font-size: medium;\">Contactez l\u2019ombudsman des <a href=\"https:\/\/patientombudsman.ca\/Complaints\/Make-a-Complaint\" target=\"_blank\" rel=\"noopener\">patients de l&rsquo;Ontario<\/a>\u00a0(en ligne ou par courrier).<\/span><\/li>\n<\/ul>\n<\/div>\n<p>[\/vc_column_text][\/vc_column_inner][\/vc_row_inner][\/vc_column][\/vc_row][vc_row content_width=\u00a0\u00bbgrid\u00a0\u00bb css=\u00a0\u00bb.vc_custom_1711483104243{padding-top: 75px !important;padding-bottom: 75px !important;background-color: #fcd752 !important;}\u00a0\u00bb][vc_column]<div class=\"mkdf-section-title-holder\">\n\t<h2 class=\"mkdf-section-title\" style=\"color: #ffffff;text-align: left\">\n\tNous Contacter<\/h2>\n<\/div>[vc_empty_space height=\u00a0\u00bb35&Prime;]\n<div class=\"wpcf7 no-js\" id=\"wpcf7-f7141-o1\" lang=\"fr-FR\" dir=\"ltr\" data-wpcf7-id=\"7141\">\n<div class=\"screen-reader-response\"><p role=\"status\" aria-live=\"polite\" aria-atomic=\"true\"><\/p> <ul><\/ul><\/div>\n<form action=\"\/fr\/wp-json\/wp\/v2\/pages\/6045#wpcf7-f7141-o1\" method=\"post\" class=\"wpcf7-form init cf7_custom_style_3\" aria-label=\"Formulaire de contact\" novalidate=\"novalidate\" data-status=\"init\">\n<fieldset class=\"hidden-fields-container\"><input type=\"hidden\" name=\"_wpcf7\" value=\"7141\" \/><input type=\"hidden\" name=\"_wpcf7_version\" value=\"6.1.5\" \/><input type=\"hidden\" name=\"_wpcf7_locale\" value=\"fr_FR\" \/><input type=\"hidden\" name=\"_wpcf7_unit_tag\" value=\"wpcf7-f7141-o1\" \/><input type=\"hidden\" name=\"_wpcf7_container_post\" value=\"0\" \/><input type=\"hidden\" name=\"_wpcf7_posted_data_hash\" value=\"\" \/><input type=\"hidden\" name=\"_wpcf7_recaptcha_response\" value=\"\" \/>\n<\/fieldset>\n<div class=\"mkdf-two-columns-50-50\">\n\t<div class=\"mkdf-two-columns-50-50-inner\">\n\t\t<div class=\"mkdf-column\">\n\t\t\t<div class=\"mkdf-column-inner\">\n\t\t\t\t<p><span class=\"wpcf7-form-control-wrap\" data-name=\"first-name\"><input size=\"40\" maxlength=\"400\" class=\"wpcf7-form-control wpcf7-text wpcf7-validates-as-required\" aria-required=\"true\" aria-invalid=\"false\" placeholder=\"Pr\u00e9nom*\" value=\"\" type=\"text\" name=\"first-name\" \/><\/span>\n\t\t\t\t<\/p>\n\t\t\t<\/div>\n\t\t<\/div>\n\t\t<div class=\"mkdf-column\">\n\t\t\t<div class=\"mkdf-column-inner\">\n\t\t\t\t<p><span class=\"wpcf7-form-control-wrap\" data-name=\"last-name\"><input size=\"40\" maxlength=\"400\" class=\"wpcf7-form-control wpcf7-text wpcf7-validates-as-required\" aria-required=\"true\" aria-invalid=\"false\" placeholder=\"Nom*\" value=\"\" type=\"text\" name=\"last-name\" \/><\/span>\n\t\t\t\t<\/p>\n\t\t\t<\/div>\n\t\t<\/div>\n\t<\/div>\n<\/div>\n<div class=\"mkdf-two-columns-50-50\">\n\t<div class=\"mkdf-two-columns-50-50-inner\">\n\t\t<div class=\"mkdf-column\">\n\t\t\t<div class=\"mkdf-column-inner\">\n\t\t\t\t<p><span class=\"wpcf7-form-control-wrap\" data-name=\"your-email\"><input size=\"40\" maxlength=\"400\" class=\"wpcf7-form-control wpcf7-email wpcf7-validates-as-required wpcf7-text wpcf7-validates-as-email\" aria-required=\"true\" aria-invalid=\"false\" placeholder=\"Courriel*\" value=\"\" type=\"email\" name=\"your-email\" \/><\/span>\n\t\t\t\t<\/p>\n\t\t\t<\/div>\n\t\t<\/div>\n\t\t<div class=\"mkdf-column\">\n\t\t\t<div class=\"mkdf-column-inner\">\n\t\t\t\t<p><span class=\"wpcf7-form-control-wrap\" data-name=\"your-phone\"><input size=\"40\" maxlength=\"400\" class=\"wpcf7-form-control wpcf7-text\" aria-invalid=\"false\" placeholder=\"Num\u00e9ro de t\u00e9l\u00e9phone\" value=\"\" type=\"text\" name=\"your-phone\" \/><\/span>\n\t\t\t\t<\/p>\n\t\t\t<\/div>\n\t\t<\/div>\n\t<\/div>\n<\/div>\n<div>\n\t<p><span class=\"wpcf7-form-control-wrap\" data-name=\"your-message\"><textarea cols=\"40\" rows=\"10\" maxlength=\"2000\" class=\"wpcf7-form-control wpcf7-textarea wpcf7-validates-as-required\" aria-required=\"true\" aria-invalid=\"false\" placeholder=\"\u00c9crire votre message...\" name=\"your-message\"><\/textarea><\/span>\n\t<\/p>\n<\/div>\n<div>\n\t<p><input class=\"wpcf7-form-control wpcf7-submit has-spinner\" type=\"submit\" value=\"Envoyer\" \/>\n\t<\/p>\n<\/div><div class=\"wpcf7-response-output\" aria-hidden=\"true\"><\/div>\n<\/form>\n<\/div>\n[\/vc_column][\/vc_row]<\/p>\n<\/div>","protected":false},"excerpt":{"rendered":"<p>[vc_row content_width=\u00a0\u00bbgrid\u00a0\u00bb content_aligment=\u00a0\u00bbcenter\u00a0\u00bb css=\u00a0\u00bb.vc_custom_1741184366190{padding-top: 75px !important;padding-bottom: 75px !important;background-color: #79993d !important;}\u00a0\u00bb el_class=\u00a0\u00bbwhite-selection\u00a0\u00bb][vc_column][vc_row_inner][vc_column_inner offset=\u00a0\u00bbvc_col-lg-4 vc_col-md-4&Prime; css=\u00a0\u00bb.vc_custom_1453459136394{padding-right: 7% !important;}\u00a0\u00bb][\/vc_column_inner][vc_column_inner offset=\u00a0\u00bbvc_col-lg-4 vc_col-md-4&Prime; css=\u00a0\u00bb.vc_custom_1453459152818{padding-right: 7% !important;padding-left: 7% !important;}\u00a0\u00bb][\/vc_column_inner][vc_column_inner offset=\u00a0\u00bbvc_col-lg-4 vc_col-md-4&Prime; css=\u00a0\u00bb.vc_custom_1453459158369{padding-left: 7% !important;}\u00a0\u00bb][\/vc_column_inner][\/vc_row_inner][\/vc_column][\/vc_row][vc_row content_width=\u00a0\u00bbgrid\u00a0\u00bb css=\u00a0\u00bb.vc_custom_1711391993256{padding-top: 75px !important;padding-bottom:&#8230;<\/p>\n","protected":false},"author":1,"featured_media":0,"parent":0,"menu_order":0,"comment_status":"closed","ping_status":"closed","template":"full-width.php","meta":{"_bbp_topic_count":0,"_bbp_reply_count":0,"_bbp_total_topic_count":0,"_bbp_total_reply_count":0,"_bbp_voice_count":0,"_bbp_anonymous_reply_count":0,"_bbp_topic_count_hidden":0,"_bbp_reply_count_hidden":0,"_bbp_forum_subforum_count":0,"footnotes":""},"class_list":["post-6045","page","type-page","status-publish","hentry"],"yoast_head":"<!-- This site is optimized with the Yoast SEO plugin v27.4 - https:\/\/yoast.com\/product\/yoast-seo-wordpress\/ -->\n<title>Nous Contacter - Hospice Care Ottawa<\/title>\n<meta name=\"robots\" content=\"index, follow, max-snippet:-1, max-image-preview:large, max-video-preview:-1\" \/>\n<link rel=\"canonical\" href=\"https:\/\/www.hospicecareottawa.ca\/fr\/nous-contacter\/\" \/>\n<meta property=\"og:locale\" content=\"fr_FR\" \/>\n<meta property=\"og:type\" content=\"article\" \/>\n<meta property=\"og:title\" content=\"Nous Contacter - Hospice Care Ottawa\" \/>\n<meta property=\"og:description\" content=\"[vc_row content_width=\u00a0\u00bbgrid\u00a0\u00bb content_aligment=\u00a0\u00bbcenter\u00a0\u00bb css=\u00a0\u00bb.vc_custom_1741184366190{padding-top: 75px !important;padding-bottom: 75px !important;background-color: #79993d !important;}\u00a0\u00bb el_class=\u00a0\u00bbwhite-selection\u00a0\u00bb][vc_column][vc_row_inner][vc_column_inner offset=\u00a0\u00bbvc_col-lg-4 vc_col-md-4&Prime; css=\u00a0\u00bb.vc_custom_1453459136394{padding-right: 7% !important;}\u00a0\u00bb][\/vc_column_inner][vc_column_inner offset=\u00a0\u00bbvc_col-lg-4 vc_col-md-4&Prime; css=\u00a0\u00bb.vc_custom_1453459152818{padding-right: 7% !important;padding-left: 7% !important;}\u00a0\u00bb][\/vc_column_inner][vc_column_inner offset=\u00a0\u00bbvc_col-lg-4 vc_col-md-4&Prime; css=\u00a0\u00bb.vc_custom_1453459158369{padding-left: 7% !important;}\u00a0\u00bb][\/vc_column_inner][\/vc_row_inner][\/vc_column][\/vc_row][vc_row content_width=\u00a0\u00bbgrid\u00a0\u00bb css=\u00a0\u00bb.vc_custom_1711391993256{padding-top: 75px !important;padding-bottom:...\" \/>\n<meta property=\"og:url\" content=\"https:\/\/www.hospicecareottawa.ca\/fr\/nous-contacter\/\" \/>\n<meta property=\"og:site_name\" content=\"Hospice Care Ottawa\" \/>\n<meta property=\"article:modified_time\" content=\"2026-03-31T16:43:39+00:00\" \/>\n<meta property=\"og:image\" content=\"https:\/\/www.hospicecareottawa.ca\/wp-content\/uploads\/2024\/03\/footer_logo-en.png\" \/>\n\t<meta property=\"og:image:width\" content=\"180\" \/>\n\t<meta property=\"og:image:height\" content=\"149\" \/>\n\t<meta property=\"og:image:type\" content=\"image\/png\" \/>\n<meta name=\"twitter:card\" content=\"summary_large_image\" \/>\n<meta name=\"twitter:site\" content=\"@HospiceCareOtt\" \/>\n<meta name=\"twitter:label1\" content=\"Dur\u00e9e de lecture estim\u00e9e\" \/>\n\t<meta name=\"twitter:data1\" content=\"2 minutes\" \/>\n<script type=\"application\/ld+json\" class=\"yoast-schema-graph\">{\"@context\":\"https:\\\/\\\/schema.org\",\"@graph\":[{\"@type\":\"WebPage\",\"@id\":\"https:\\\/\\\/www.hospicecareottawa.ca\\\/fr\\\/nous-contacter\\\/\",\"url\":\"https:\\\/\\\/www.hospicecareottawa.ca\\\/fr\\\/nous-contacter\\\/\",\"name\":\"Nous Contacter - Hospice Care Ottawa\",\"isPartOf\":{\"@id\":\"https:\\\/\\\/www.hospicecareottawa.ca\\\/fr\\\/#website\"},\"datePublished\":\"2016-01-26T08:42:10+00:00\",\"dateModified\":\"2026-03-31T16:43:39+00:00\",\"breadcrumb\":{\"@id\":\"https:\\\/\\\/www.hospicecareottawa.ca\\\/fr\\\/nous-contacter\\\/#breadcrumb\"},\"inLanguage\":\"fr-FR\",\"potentialAction\":[{\"@type\":\"ReadAction\",\"target\":[\"https:\\\/\\\/www.hospicecareottawa.ca\\\/fr\\\/nous-contacter\\\/\"]}]},{\"@type\":\"BreadcrumbList\",\"@id\":\"https:\\\/\\\/www.hospicecareottawa.ca\\\/fr\\\/nous-contacter\\\/#breadcrumb\",\"itemListElement\":[{\"@type\":\"ListItem\",\"position\":1,\"name\":\"Home\",\"item\":\"https:\\\/\\\/www.hospicecareottawa.ca\\\/fr\\\/\"},{\"@type\":\"ListItem\",\"position\":2,\"name\":\"Nous Contacter\"}]},{\"@type\":\"WebSite\",\"@id\":\"https:\\\/\\\/www.hospicecareottawa.ca\\\/fr\\\/#website\",\"url\":\"https:\\\/\\\/www.hospicecareottawa.ca\\\/fr\\\/\",\"name\":\"Hospice Care Ottawa\",\"description\":\"Promouvoir une qualit\u00e9 de vie, la compassion dans la mort et le soutien dans le deuil pour les personnes dans le besoin au sein de notre communaut\u00e9.\",\"publisher\":{\"@id\":\"https:\\\/\\\/www.hospicecareottawa.ca\\\/fr\\\/#organization\"},\"potentialAction\":[{\"@type\":\"SearchAction\",\"target\":{\"@type\":\"EntryPoint\",\"urlTemplate\":\"https:\\\/\\\/www.hospicecareottawa.ca\\\/fr\\\/?s={search_term_string}\"},\"query-input\":{\"@type\":\"PropertyValueSpecification\",\"valueRequired\":true,\"valueName\":\"search_term_string\"}}],\"inLanguage\":\"fr-FR\"},{\"@type\":\"Organization\",\"@id\":\"https:\\\/\\\/www.hospicecareottawa.ca\\\/fr\\\/#organization\",\"name\":\"Hospice Care Ottawa\",\"url\":\"https:\\\/\\\/www.hospicecareottawa.ca\\\/fr\\\/\",\"logo\":{\"@type\":\"ImageObject\",\"inLanguage\":\"fr-FR\",\"@id\":\"https:\\\/\\\/www.hospicecareottawa.ca\\\/fr\\\/#\\\/schema\\\/logo\\\/image\\\/\",\"url\":\"https:\\\/\\\/www.hospicecareottawa.ca\\\/wp-content\\\/uploads\\\/2024\\\/03\\\/footer_logo-en.png\",\"contentUrl\":\"https:\\\/\\\/www.hospicecareottawa.ca\\\/wp-content\\\/uploads\\\/2024\\\/03\\\/footer_logo-en.png\",\"width\":180,\"height\":149,\"caption\":\"Hospice Care Ottawa\"},\"image\":{\"@id\":\"https:\\\/\\\/www.hospicecareottawa.ca\\\/fr\\\/#\\\/schema\\\/logo\\\/image\\\/\"},\"sameAs\":[\"https:\\\/\\\/x.com\\\/HospiceCareOtt\"]}]}<\/script>\n<!-- \/ Yoast SEO plugin. -->","yoast_head_json":{"title":"Nous Contacter - Hospice Care Ottawa","robots":{"index":"index","follow":"follow","max-snippet":"max-snippet:-1","max-image-preview":"max-image-preview:large","max-video-preview":"max-video-preview:-1"},"canonical":"https:\/\/www.hospicecareottawa.ca\/fr\/nous-contacter\/","og_locale":"fr_FR","og_type":"article","og_title":"Nous Contacter - Hospice Care Ottawa","og_description":"[vc_row content_width=\u00a0\u00bbgrid\u00a0\u00bb content_aligment=\u00a0\u00bbcenter\u00a0\u00bb css=\u00a0\u00bb.vc_custom_1741184366190{padding-top: 75px !important;padding-bottom: 75px !important;background-color: #79993d !important;}\u00a0\u00bb el_class=\u00a0\u00bbwhite-selection\u00a0\u00bb][vc_column][vc_row_inner][vc_column_inner offset=\u00a0\u00bbvc_col-lg-4 vc_col-md-4&Prime; css=\u00a0\u00bb.vc_custom_1453459136394{padding-right: 7% !important;}\u00a0\u00bb][\/vc_column_inner][vc_column_inner offset=\u00a0\u00bbvc_col-lg-4 vc_col-md-4&Prime; css=\u00a0\u00bb.vc_custom_1453459152818{padding-right: 7% !important;padding-left: 7% !important;}\u00a0\u00bb][\/vc_column_inner][vc_column_inner offset=\u00a0\u00bbvc_col-lg-4 vc_col-md-4&Prime; css=\u00a0\u00bb.vc_custom_1453459158369{padding-left: 7% !important;}\u00a0\u00bb][\/vc_column_inner][\/vc_row_inner][\/vc_column][\/vc_row][vc_row content_width=\u00a0\u00bbgrid\u00a0\u00bb css=\u00a0\u00bb.vc_custom_1711391993256{padding-top: 75px !important;padding-bottom:...","og_url":"https:\/\/www.hospicecareottawa.ca\/fr\/nous-contacter\/","og_site_name":"Hospice Care Ottawa","article_modified_time":"2026-03-31T16:43:39+00:00","og_image":[{"width":180,"height":149,"url":"https:\/\/www.hospicecareottawa.ca\/wp-content\/uploads\/2024\/03\/footer_logo-en.png","type":"image\/png"}],"twitter_card":"summary_large_image","twitter_site":"@HospiceCareOtt","twitter_misc":{"Dur\u00e9e de lecture estim\u00e9e":"2 minutes"},"schema":{"@context":"https:\/\/schema.org","@graph":[{"@type":"WebPage","@id":"https:\/\/www.hospicecareottawa.ca\/fr\/nous-contacter\/","url":"https:\/\/www.hospicecareottawa.ca\/fr\/nous-contacter\/","name":"Nous Contacter - Hospice Care Ottawa","isPartOf":{"@id":"https:\/\/www.hospicecareottawa.ca\/fr\/#website"},"datePublished":"2016-01-26T08:42:10+00:00","dateModified":"2026-03-31T16:43:39+00:00","breadcrumb":{"@id":"https:\/\/www.hospicecareottawa.ca\/fr\/nous-contacter\/#breadcrumb"},"inLanguage":"fr-FR","potentialAction":[{"@type":"ReadAction","target":["https:\/\/www.hospicecareottawa.ca\/fr\/nous-contacter\/"]}]},{"@type":"BreadcrumbList","@id":"https:\/\/www.hospicecareottawa.ca\/fr\/nous-contacter\/#breadcrumb","itemListElement":[{"@type":"ListItem","position":1,"name":"Home","item":"https:\/\/www.hospicecareottawa.ca\/fr\/"},{"@type":"ListItem","position":2,"name":"Nous Contacter"}]},{"@type":"WebSite","@id":"https:\/\/www.hospicecareottawa.ca\/fr\/#website","url":"https:\/\/www.hospicecareottawa.ca\/fr\/","name":"Hospice Care Ottawa","description":"Promouvoir une qualit\u00e9 de vie, la compassion dans la mort et le soutien dans le deuil pour les personnes dans le besoin au sein de notre communaut\u00e9.","publisher":{"@id":"https:\/\/www.hospicecareottawa.ca\/fr\/#organization"},"potentialAction":[{"@type":"SearchAction","target":{"@type":"EntryPoint","urlTemplate":"https:\/\/www.hospicecareottawa.ca\/fr\/?s={search_term_string}"},"query-input":{"@type":"PropertyValueSpecification","valueRequired":true,"valueName":"search_term_string"}}],"inLanguage":"fr-FR"},{"@type":"Organization","@id":"https:\/\/www.hospicecareottawa.ca\/fr\/#organization","name":"Hospice Care Ottawa","url":"https:\/\/www.hospicecareottawa.ca\/fr\/","logo":{"@type":"ImageObject","inLanguage":"fr-FR","@id":"https:\/\/www.hospicecareottawa.ca\/fr\/#\/schema\/logo\/image\/","url":"https:\/\/www.hospicecareottawa.ca\/wp-content\/uploads\/2024\/03\/footer_logo-en.png","contentUrl":"https:\/\/www.hospicecareottawa.ca\/wp-content\/uploads\/2024\/03\/footer_logo-en.png","width":180,"height":149,"caption":"Hospice Care Ottawa"},"image":{"@id":"https:\/\/www.hospicecareottawa.ca\/fr\/#\/schema\/logo\/image\/"},"sameAs":["https:\/\/x.com\/HospiceCareOtt"]}]}},"_links":{"self":[{"href":"https:\/\/www.hospicecareottawa.ca\/fr\/wp-json\/wp\/v2\/pages\/6045","targetHints":{"allow":["GET"]}}],"collection":[{"href":"https:\/\/www.hospicecareottawa.ca\/fr\/wp-json\/wp\/v2\/pages"}],"about":[{"href":"https:\/\/www.hospicecareottawa.ca\/fr\/wp-json\/wp\/v2\/types\/page"}],"author":[{"embeddable":true,"href":"https:\/\/www.hospicecareottawa.ca\/fr\/wp-json\/wp\/v2\/users\/1"}],"replies":[{"embeddable":true,"href":"https:\/\/www.hospicecareottawa.ca\/fr\/wp-json\/wp\/v2\/comments?post=6045"}],"version-history":[{"count":18,"href":"https:\/\/www.hospicecareottawa.ca\/fr\/wp-json\/wp\/v2\/pages\/6045\/revisions"}],"predecessor-version":[{"id":8826,"href":"https:\/\/www.hospicecareottawa.ca\/fr\/wp-json\/wp\/v2\/pages\/6045\/revisions\/8826"}],"wp:attachment":[{"href":"https:\/\/www.hospicecareottawa.ca\/fr\/wp-json\/wp\/v2\/media?parent=6045"}],"curies":[{"name":"wp","href":"https:\/\/api.w.org\/{rel}","templated":true}]}}