{"id":6034,"date":"2024-03-27T18:19:48","date_gmt":"2024-03-27T18:19:48","guid":{"rendered":"https:\/\/www.hospicecareottawa.ca\/ways-to-donate\/monthly-donor-program\/"},"modified":"2024-04-25T13:56:47","modified_gmt":"2024-04-25T13:56:47","slug":"partenaire-du-reconfort","status":"publish","type":"page","link":"https:\/\/www.hospicecareottawa.ca\/fr\/dons\/partenaire-du-reconfort\/","title":{"rendered":"Partenaire du r\u00e9confort"},"content":{"rendered":"<div class=\"wpb-content-wrapper\"><p>[vc_row content_width=\u00a0\u00bbgrid\u00a0\u00bb css=\u00a0\u00bb.vc_custom_1711563882607{padding-top: 75px !important;padding-bottom: 75px !important;}\u00a0\u00bb][vc_column][vc_single_image image=\u00a0\u00bb5307&Prime; img_size=\u00a0\u00bbfull\u00a0\u00bb][vc_column_text]Offrez en cadeau des soins empreints de compassion tout au long de l&rsquo;ann\u00e9e en devenant un donateur mensuel, un <span style=\"color: #f38108;\"><strong>Partenaire<\/strong><\/span> <strong><span style=\"color: #508d24;\">du R\u00e9confort!<\/span><\/strong>\u00a0Vous offrirez ainsi continuellement des programmes gratuits aux personnes atteintes d&rsquo;une maladie limitant l&rsquo;esp\u00e9rance de vie et \u00e0 leurs familles.[\/vc_column_text][vc_empty_space]<a href=\"https:\/\/give-can.keela.co\/FR-don-mensuel\" target=\"_blank\"  class=\"mkdf-btn mkdf-btn-medium mkdf-btn-solid mkdf-btn-hover-outline\"  >\n\t\n\t\t<span class=\"mkdf-btn-text\">Faire un don mensuel<\/span>\n<\/a>[vc_empty_space height=\u00a0\u00bb20px\u00a0\u00bb][vc_column_text css=\u00a0\u00bb.vc_custom_1714053404710{border-top-width: 0px !important;border-bottom-width: 0px !important;padding-top: 0px !important;padding-bottom: 0px !important;}\u00a0\u00bb]Ce r\u00f4le de <strong><span style=\"color: #f38108;\">Partenaire<\/span> <span style=\"color: #508d24;\">du R\u00e9confort <\/span><\/strong>comprend plusieurs avantages\u00a0:<br role=\"presentation\" data-uw-rm-sr=\"\" \/><br role=\"presentation\" data-uw-rm-sr=\"\" \/><\/p>\n<p><strong>Vous donnez en priorit\u00e9 \u00e0 vos organismes pr\u00e9f\u00e9r\u00e9s<\/strong>. En choisissant de soutenir La Maison de soins palliatifs d\u2019Ottawa sur une base mensuelle, vous planifiez vos dons de bienfaisance pour l&rsquo;ann\u00e9e et vous vous concentrez sur les causes qui vous tiennent le plus \u00e0 c\u0153ur.<\/p>\n<p><strong>Vous offrez un financement solide.<\/strong> Les dons mensuels assurent un financement constant et fiable, ce qui nous aide \u00e0 planifier ce que nous investirons dans nos programmes actuels et \u00e0 long terme.<\/p>\n<p><strong>Vos dons sont plus rentables.<\/strong> Vous ne recevrez qu&rsquo;un re\u00e7u fiscal \u00e0 la fin de l&rsquo;ann\u00e9e, ce qui r\u00e9duit nos envois, notre consommation de papier et nos frais postaux. Nous prot\u00e9geons mieux l&rsquo;environnement, ce dont vous pourrez aussi vous f\u00e9liciter!<\/p>\n<p><strong>C\u2019est le cadeau le plus pr\u00e9cieux.<\/strong> Il nous permet de fournir des soins empreints de compassion et du soutien aux personnes atteintes d&rsquo;une maladie limitant l&rsquo;esp\u00e9rance de vie et \u00e0 leurs familles, au moment et \u00e0 l&rsquo;endroit o\u00f9 elles en ont besoin.<\/p>\n<p><strong>Votre adh\u00e9sion est d\u00e9sormais incluse.<\/strong> En devenant <strong><span style=\"color: #f38108;\">Partenaire<\/span> <span style=\"color: #508d24;\">du R\u00e9confort<\/span><\/strong>, vous devenez aussi membre annuel de La Maison de soins palliative d\u2019Ottawa. Si vous le souhaitez, vous pourrez participer \u00e0 la prise de d\u00e9cisions de notre organisme en votant \u00e0 ses assembl\u00e9es g\u00e9n\u00e9rales annuelles.<\/p>\n<p>Cliquez sur le bouton ci\u2011dessus pour devenir <strong><span style=\"color: #f38108;\">Partenaire<\/span> <span style=\"color: #508d24;\">du <\/span><\/strong><strong><span style=\"color: #508d24;\">R\u00e9confort<\/span><\/strong>.<\/p>\n<p>Sachez que vous pouvez en tout temps modifier le montant de votre don ou mettre fin au pr\u00e9l\u00e8vement automatique.[\/vc_column_text][\/vc_column][\/vc_row][vc_row content_width=\u00a0\u00bbgrid\u00a0\u00bb css=\u00a0\u00bb.vc_custom_1711566517642{padding-top: 75px !important;padding-bottom: 75px !important;background-image: url(https:\/\/www.hospicecareottawa.ca\/wp-content\/uploads\/2024\/03\/what-is-hospice-pannel-yellow.jpg?id=4343) !important;}\u00a0\u00bb][vc_column]<div class=\"mkdf-section-title-holder\">\n\t<h2 class=\"mkdf-section-title\" style=\"color: #ffffff;text-align: center\">\n\tT\u00e9moignages de nos Partenaires du r\u00e9confort<\/h2>\n<\/div>[vc_empty_space]<div class=\"mkdf-testimonials-holder clearfix light\"><div class=\"mkdf-testimonials testimonials-slider\"><div id=\"mkdf-testimonials6087\" class=\"mkdf-testimonial-content testimonials-slider\">\n\t<div class=\"mkdf-testimonial-content-inner\">\n\t\t\t\t\t<div class= \"mkdf-container-inner\">\n\t\t\t\t<div class=\"mkdf-testimonial-text-holder\">\n\t\t\t<div class=\"mkdf-testimonial-text-inner light\">\n\t\t\t\t\t\t\t\t\t<div class=\"mkdf-testimonial-slider-image-holder\">\n\t\t\t\t\t\t<img decoding=\"async\" width=\"184\" height=\"184\" src=\"https:\/\/www.hospicecareottawa.ca\/wp-content\/uploads\/2024\/03\/wendy-h.jpg\" class=\"attachment-6087 size-6087 wp-post-image\" alt=\"\" srcset=\"https:\/\/www.hospicecareottawa.ca\/wp-content\/uploads\/2024\/03\/wendy-h.jpg 184w, https:\/\/www.hospicecareottawa.ca\/wp-content\/uploads\/2024\/03\/wendy-h-150x150.jpg 150w, https:\/\/www.hospicecareottawa.ca\/wp-content\/uploads\/2024\/03\/wendy-h-100x100.jpg 100w\" sizes=\"(max-width: 184px) 100vw, 184px\" \/>\t\t\t\t\t<\/div>\n\t\t\t\t\t\t\t\t<p class=\"mkdf-testimonial-text\" style=\"padding-left: 200px;padding-right: 200px\">\u00ab Je suis une b\u00e9n\u00e9vole d\u00e9vou\u00e9e de la Maison May Court Hospice depuis 2004. Cette r\u00e9sidence a jou\u00e9 un r\u00f4le important dans ma vie. Je suis s\u00fbre que mon soutien financier mensuel est utile et je suis heureuse de soutenir les merveilleux soins de fin de vie que La Maison de soins palliatifs d\u2019Ottawa offre gratuitement \u00e0 ses r\u00e9sidents. \u00bb<\/p>\n\t\t\t\t\t\t\t\t\t<div class=\"mkdf-testimonial-author\">\n\t\t\t\t\t\t<h3 class=\"mkdf-testimonial-author-text light\">Wendy H.<\/h3>\n\t\t\t\t\t\t\t\t\t\t\t\t\t<span class=\"mkdf-testimonials-job light\">B\u00e9n\u00e9vole<\/span>\n\t\t\t\t\t\t\t\t\t\t\t<\/div>\n\t\t\t\t\t\t\t<\/div>\n\t\t<\/div>\n\n\t\t\t\t\t<\/div>\n\t\t\t<\/div>\n<\/div>\n<div id=\"mkdf-testimonials6086\" class=\"mkdf-testimonial-content testimonials-slider\">\n\t<div class=\"mkdf-testimonial-content-inner\">\n\t\t\t\t\t<div class= \"mkdf-container-inner\">\n\t\t\t\t<div class=\"mkdf-testimonial-text-holder\">\n\t\t\t<div class=\"mkdf-testimonial-text-inner light\">\n\t\t\t\t\t\t\t\t\t<div class=\"mkdf-testimonial-slider-image-holder\">\n\t\t\t\t\t\t<img decoding=\"async\" width=\"259\" height=\"250\" src=\"https:\/\/www.hospicecareottawa.ca\/wp-content\/uploads\/2024\/03\/Barbara-McNally-.png\" class=\"attachment-6086 size-6086 wp-post-image\" alt=\"\" \/>\t\t\t\t\t<\/div>\n\t\t\t\t\t\t\t\t<p class=\"mkdf-testimonial-text\" style=\"padding-left: 200px;padding-right: 200px\">\u00ab Depuis que mon mari et moi avons re\u00e7u le merveilleux soutien de la Maison Ruddy-Shenkman Hospice \/ Maison Hein en 2018, je soutiens La Maison de soins palliatifs d\u2019Ottawa. Ses services sont extr\u00eamement importants dans notre collectivit\u00e9. C'est un honneur pour moi de lui faire un don mensuel. \u00bb<\/p>\n\t\t\t\t\t\t\t\t\t<div class=\"mkdf-testimonial-author\">\n\t\t\t\t\t\t<h3 class=\"mkdf-testimonial-author-text light\">Barb McNally<\/h3>\n\t\t\t\t\t\t\t\t\t\t\t\t\t<span class=\"mkdf-testimonials-job light\">Membre du Conseil d&#039;administration de La Maison de soins palliative d\u2019Ottawa<\/span>\n\t\t\t\t\t\t\t\t\t\t\t<\/div>\n\t\t\t\t\t\t\t<\/div>\n\t\t<\/div>\n\n\t\t\t\t\t<\/div>\n\t\t\t<\/div>\n<\/div>\n<\/div><\/div>[\/vc_column][\/vc_row][vc_row content_width=\u00a0\u00bbgrid\u00a0\u00bb css=\u00a0\u00bb.vc_custom_1711566601957{padding-top: 75px !important;padding-bottom: 75px !important;background-color: #f2f2f2 !important;}\u00a0\u00bb][vc_column][vc_column_text]<\/p>\n<p style=\"text-align: center;\"><strong>Merci beaucoup d&rsquo;avoir envisag\u00e9 de devenir <span style=\"color: #f38108;\">Partenaire<\/span> <span style=\"color: #508d24;\">du R\u00e9confort<\/span>!<\/strong><\/p>\n<p style=\"text-align: center;\">Si vous avez des questions, veuillez communiquer avec M<sup>me<\/sup> Hilary Evans au 343\u2011961\u20117037.<\/p>\n<p>[\/vc_column_text][\/vc_column][\/vc_row]<\/p>\n<\/div>","protected":false},"excerpt":{"rendered":"<p>[vc_row content_width=\u00a0\u00bbgrid\u00a0\u00bb css=\u00a0\u00bb.vc_custom_1711563882607{padding-top: 75px !important;padding-bottom: 75px !important;}\u00a0\u00bb][vc_column][vc_single_image image=\u00a0\u00bb5307&Prime; img_size=\u00a0\u00bbfull\u00a0\u00bb][vc_column_text]Offrez en cadeau des soins empreints de compassion tout au long de l&rsquo;ann\u00e9e en devenant un donateur mensuel, un Partenaire du R\u00e9confort!\u00a0Vous offrirez ainsi&#8230;<\/p>\n","protected":false},"author":1,"featured_media":0,"parent":6026,"menu_order":0,"comment_status":"closed","ping_status":"closed","template":"full-width.php","meta":{"_bbp_topic_count":0,"_bbp_reply_count":0,"_bbp_total_topic_count":0,"_bbp_total_reply_count":0,"_bbp_voice_count":0,"_bbp_anonymous_reply_count":0,"_bbp_topic_count_hidden":0,"_bbp_reply_count_hidden":0,"_bbp_forum_subforum_count":0,"footnotes":""},"class_list":["post-6034","page","type-page","status-publish","hentry"],"yoast_head":"<!-- This site is optimized with the Yoast SEO plugin v27.4 - https:\/\/yoast.com\/product\/yoast-seo-wordpress\/ -->\n<title>Partenaire du r\u00e9confort - Hospice Care Ottawa<\/title>\n<meta name=\"robots\" content=\"index, follow, max-snippet:-1, max-image-preview:large, max-video-preview:-1\" \/>\n<link rel=\"canonical\" href=\"https:\/\/www.hospicecareottawa.ca\/fr\/dons\/partenaire-du-reconfort\/\" \/>\n<meta property=\"og:locale\" content=\"fr_FR\" \/>\n<meta property=\"og:type\" content=\"article\" \/>\n<meta property=\"og:title\" content=\"Partenaire du r\u00e9confort - Hospice Care Ottawa\" \/>\n<meta property=\"og:description\" content=\"[vc_row content_width=\u00a0\u00bbgrid\u00a0\u00bb css=\u00a0\u00bb.vc_custom_1711563882607{padding-top: 75px !important;padding-bottom: 75px !important;}\u00a0\u00bb][vc_column][vc_single_image image=\u00a0\u00bb5307&Prime; img_size=\u00a0\u00bbfull\u00a0\u00bb][vc_column_text]Offrez en cadeau des soins empreints de compassion tout au long de l&rsquo;ann\u00e9e en devenant un donateur mensuel, un Partenaire du R\u00e9confort!\u00a0Vous offrirez ainsi...\" \/>\n<meta property=\"og:url\" content=\"https:\/\/www.hospicecareottawa.ca\/fr\/dons\/partenaire-du-reconfort\/\" \/>\n<meta property=\"og:site_name\" content=\"Hospice Care Ottawa\" \/>\n<meta property=\"article:modified_time\" content=\"2024-04-25T13:56:47+00:00\" \/>\n<meta property=\"og:image\" content=\"https:\/\/www.hospicecareottawa.ca\/wp-content\/uploads\/2024\/03\/footer_logo-en.png\" \/>\n\t<meta property=\"og:image:width\" content=\"180\" \/>\n\t<meta property=\"og:image:height\" content=\"149\" \/>\n\t<meta property=\"og:image:type\" content=\"image\/png\" \/>\n<meta name=\"twitter:card\" content=\"summary_large_image\" \/>\n<meta name=\"twitter:site\" content=\"@HospiceCareOtt\" \/>\n<meta name=\"twitter:label1\" content=\"Dur\u00e9e de lecture estim\u00e9e\" \/>\n\t<meta name=\"twitter:data1\" content=\"3 minutes\" \/>\n<script type=\"application\/ld+json\" class=\"yoast-schema-graph\">{\"@context\":\"https:\\\/\\\/schema.org\",\"@graph\":[{\"@type\":\"WebPage\",\"@id\":\"https:\\\/\\\/www.hospicecareottawa.ca\\\/fr\\\/dons\\\/partenaire-du-reconfort\\\/\",\"url\":\"https:\\\/\\\/www.hospicecareottawa.ca\\\/fr\\\/dons\\\/partenaire-du-reconfort\\\/\",\"name\":\"Partenaire du r\u00e9confort - Hospice Care Ottawa\",\"isPartOf\":{\"@id\":\"https:\\\/\\\/www.hospicecareottawa.ca\\\/fr\\\/#website\"},\"datePublished\":\"2024-03-27T18:19:48+00:00\",\"dateModified\":\"2024-04-25T13:56:47+00:00\",\"breadcrumb\":{\"@id\":\"https:\\\/\\\/www.hospicecareottawa.ca\\\/fr\\\/dons\\\/partenaire-du-reconfort\\\/#breadcrumb\"},\"inLanguage\":\"fr-FR\",\"potentialAction\":[{\"@type\":\"ReadAction\",\"target\":[\"https:\\\/\\\/www.hospicecareottawa.ca\\\/fr\\\/dons\\\/partenaire-du-reconfort\\\/\"]}]},{\"@type\":\"BreadcrumbList\",\"@id\":\"https:\\\/\\\/www.hospicecareottawa.ca\\\/fr\\\/dons\\\/partenaire-du-reconfort\\\/#breadcrumb\",\"itemListElement\":[{\"@type\":\"ListItem\",\"position\":1,\"name\":\"Home\",\"item\":\"https:\\\/\\\/www.hospicecareottawa.ca\\\/fr\\\/\"},{\"@type\":\"ListItem\",\"position\":2,\"name\":\"Fa\u00e7ons de faire un don\",\"item\":\"https:\\\/\\\/www.hospicecareottawa.ca\\\/fr\\\/dons\\\/\"},{\"@type\":\"ListItem\",\"position\":3,\"name\":\"Partenaire du r\u00e9confort\"}]},{\"@type\":\"WebSite\",\"@id\":\"https:\\\/\\\/www.hospicecareottawa.ca\\\/fr\\\/#website\",\"url\":\"https:\\\/\\\/www.hospicecareottawa.ca\\\/fr\\\/\",\"name\":\"Hospice Care Ottawa\",\"description\":\"Promouvoir une qualit\u00e9 de vie, la compassion dans la mort et le soutien dans le deuil pour les personnes dans le besoin au sein de notre communaut\u00e9.\",\"publisher\":{\"@id\":\"https:\\\/\\\/www.hospicecareottawa.ca\\\/fr\\\/#organization\"},\"potentialAction\":[{\"@type\":\"SearchAction\",\"target\":{\"@type\":\"EntryPoint\",\"urlTemplate\":\"https:\\\/\\\/www.hospicecareottawa.ca\\\/fr\\\/?s={search_term_string}\"},\"query-input\":{\"@type\":\"PropertyValueSpecification\",\"valueRequired\":true,\"valueName\":\"search_term_string\"}}],\"inLanguage\":\"fr-FR\"},{\"@type\":\"Organization\",\"@id\":\"https:\\\/\\\/www.hospicecareottawa.ca\\\/fr\\\/#organization\",\"name\":\"Hospice Care Ottawa\",\"url\":\"https:\\\/\\\/www.hospicecareottawa.ca\\\/fr\\\/\",\"logo\":{\"@type\":\"ImageObject\",\"inLanguage\":\"fr-FR\",\"@id\":\"https:\\\/\\\/www.hospicecareottawa.ca\\\/fr\\\/#\\\/schema\\\/logo\\\/image\\\/\",\"url\":\"https:\\\/\\\/www.hospicecareottawa.ca\\\/wp-content\\\/uploads\\\/2024\\\/03\\\/footer_logo-en.png\",\"contentUrl\":\"https:\\\/\\\/www.hospicecareottawa.ca\\\/wp-content\\\/uploads\\\/2024\\\/03\\\/footer_logo-en.png\",\"width\":180,\"height\":149,\"caption\":\"Hospice Care Ottawa\"},\"image\":{\"@id\":\"https:\\\/\\\/www.hospicecareottawa.ca\\\/fr\\\/#\\\/schema\\\/logo\\\/image\\\/\"},\"sameAs\":[\"https:\\\/\\\/x.com\\\/HospiceCareOtt\"]}]}<\/script>\n<!-- \/ Yoast SEO plugin. -->","yoast_head_json":{"title":"Partenaire du r\u00e9confort - Hospice Care Ottawa","robots":{"index":"index","follow":"follow","max-snippet":"max-snippet:-1","max-image-preview":"max-image-preview:large","max-video-preview":"max-video-preview:-1"},"canonical":"https:\/\/www.hospicecareottawa.ca\/fr\/dons\/partenaire-du-reconfort\/","og_locale":"fr_FR","og_type":"article","og_title":"Partenaire du r\u00e9confort - Hospice Care Ottawa","og_description":"[vc_row content_width=\u00a0\u00bbgrid\u00a0\u00bb css=\u00a0\u00bb.vc_custom_1711563882607{padding-top: 75px !important;padding-bottom: 75px !important;}\u00a0\u00bb][vc_column][vc_single_image image=\u00a0\u00bb5307&Prime; img_size=\u00a0\u00bbfull\u00a0\u00bb][vc_column_text]Offrez en cadeau des soins empreints de compassion tout au long de l&rsquo;ann\u00e9e en devenant un donateur mensuel, un Partenaire du R\u00e9confort!\u00a0Vous offrirez ainsi...","og_url":"https:\/\/www.hospicecareottawa.ca\/fr\/dons\/partenaire-du-reconfort\/","og_site_name":"Hospice Care Ottawa","article_modified_time":"2024-04-25T13:56:47+00:00","og_image":[{"width":180,"height":149,"url":"https:\/\/www.hospicecareottawa.ca\/wp-content\/uploads\/2024\/03\/footer_logo-en.png","type":"image\/png"}],"twitter_card":"summary_large_image","twitter_site":"@HospiceCareOtt","twitter_misc":{"Dur\u00e9e de lecture estim\u00e9e":"3 minutes"},"schema":{"@context":"https:\/\/schema.org","@graph":[{"@type":"WebPage","@id":"https:\/\/www.hospicecareottawa.ca\/fr\/dons\/partenaire-du-reconfort\/","url":"https:\/\/www.hospicecareottawa.ca\/fr\/dons\/partenaire-du-reconfort\/","name":"Partenaire du r\u00e9confort - Hospice Care Ottawa","isPartOf":{"@id":"https:\/\/www.hospicecareottawa.ca\/fr\/#website"},"datePublished":"2024-03-27T18:19:48+00:00","dateModified":"2024-04-25T13:56:47+00:00","breadcrumb":{"@id":"https:\/\/www.hospicecareottawa.ca\/fr\/dons\/partenaire-du-reconfort\/#breadcrumb"},"inLanguage":"fr-FR","potentialAction":[{"@type":"ReadAction","target":["https:\/\/www.hospicecareottawa.ca\/fr\/dons\/partenaire-du-reconfort\/"]}]},{"@type":"BreadcrumbList","@id":"https:\/\/www.hospicecareottawa.ca\/fr\/dons\/partenaire-du-reconfort\/#breadcrumb","itemListElement":[{"@type":"ListItem","position":1,"name":"Home","item":"https:\/\/www.hospicecareottawa.ca\/fr\/"},{"@type":"ListItem","position":2,"name":"Fa\u00e7ons de faire un don","item":"https:\/\/www.hospicecareottawa.ca\/fr\/dons\/"},{"@type":"ListItem","position":3,"name":"Partenaire du r\u00e9confort"}]},{"@type":"WebSite","@id":"https:\/\/www.hospicecareottawa.ca\/fr\/#website","url":"https:\/\/www.hospicecareottawa.ca\/fr\/","name":"Hospice Care Ottawa","description":"Promouvoir une qualit\u00e9 de vie, la compassion dans la mort et le soutien dans le deuil pour les personnes dans le besoin au sein de notre communaut\u00e9.","publisher":{"@id":"https:\/\/www.hospicecareottawa.ca\/fr\/#organization"},"potentialAction":[{"@type":"SearchAction","target":{"@type":"EntryPoint","urlTemplate":"https:\/\/www.hospicecareottawa.ca\/fr\/?s={search_term_string}"},"query-input":{"@type":"PropertyValueSpecification","valueRequired":true,"valueName":"search_term_string"}}],"inLanguage":"fr-FR"},{"@type":"Organization","@id":"https:\/\/www.hospicecareottawa.ca\/fr\/#organization","name":"Hospice Care Ottawa","url":"https:\/\/www.hospicecareottawa.ca\/fr\/","logo":{"@type":"ImageObject","inLanguage":"fr-FR","@id":"https:\/\/www.hospicecareottawa.ca\/fr\/#\/schema\/logo\/image\/","url":"https:\/\/www.hospicecareottawa.ca\/wp-content\/uploads\/2024\/03\/footer_logo-en.png","contentUrl":"https:\/\/www.hospicecareottawa.ca\/wp-content\/uploads\/2024\/03\/footer_logo-en.png","width":180,"height":149,"caption":"Hospice Care Ottawa"},"image":{"@id":"https:\/\/www.hospicecareottawa.ca\/fr\/#\/schema\/logo\/image\/"},"sameAs":["https:\/\/x.com\/HospiceCareOtt"]}]}},"_links":{"self":[{"href":"https:\/\/www.hospicecareottawa.ca\/fr\/wp-json\/wp\/v2\/pages\/6034","targetHints":{"allow":["GET"]}}],"collection":[{"href":"https:\/\/www.hospicecareottawa.ca\/fr\/wp-json\/wp\/v2\/pages"}],"about":[{"href":"https:\/\/www.hospicecareottawa.ca\/fr\/wp-json\/wp\/v2\/types\/page"}],"author":[{"embeddable":true,"href":"https:\/\/www.hospicecareottawa.ca\/fr\/wp-json\/wp\/v2\/users\/1"}],"replies":[{"embeddable":true,"href":"https:\/\/www.hospicecareottawa.ca\/fr\/wp-json\/wp\/v2\/comments?post=6034"}],"version-history":[{"count":6,"href":"https:\/\/www.hospicecareottawa.ca\/fr\/wp-json\/wp\/v2\/pages\/6034\/revisions"}],"predecessor-version":[{"id":6451,"href":"https:\/\/www.hospicecareottawa.ca\/fr\/wp-json\/wp\/v2\/pages\/6034\/revisions\/6451"}],"up":[{"embeddable":true,"href":"https:\/\/www.hospicecareottawa.ca\/fr\/wp-json\/wp\/v2\/pages\/6026"}],"wp:attachment":[{"href":"https:\/\/www.hospicecareottawa.ca\/fr\/wp-json\/wp\/v2\/media?parent=6034"}],"curies":[{"name":"wp","href":"https:\/\/api.w.org\/{rel}","templated":true}]}}