{"id":6032,"date":"2024-03-28T15:34:33","date_gmt":"2024-03-28T15:34:33","guid":{"rendered":"https:\/\/www.hospicecareottawa.ca\/ways-to-donate\/community\/the-may-court-club-of-ottawa\/"},"modified":"2024-04-23T17:40:17","modified_gmt":"2024-04-23T17:40:17","slug":"the-may-court-club-of-ottawa","status":"publish","type":"page","link":"https:\/\/www.hospicecareottawa.ca\/fr\/dons\/communaute\/the-may-court-club-of-ottawa\/","title":{"rendered":"The May Court Club of Ottawa"},"content":{"rendered":"<div class=\"wpb-content-wrapper\"><p>[vc_row content_width=\u00a0\u00bbgrid\u00a0\u00bb css=\u00a0\u00bb.vc_custom_1711640031850{padding-top: 75px !important;padding-bottom: 75px !important;}\u00a0\u00bb][vc_column]<div class=\"mkdf-section-title-holder\">\n\t<h2 class=\"mkdf-section-title\" style=\"color: #5a1e30\">\n\tThe May Court Club of Ottawa<\/h2>\n<\/div>[vc_row_inner][vc_column_inner][vc_column_text]<strong><img decoding=\"async\" class=\" wp-image-4878 alignleft\" src=\"https:\/\/www.hospicecareottawa.ca\/wp-content\/uploads\/2024\/03\/may-court-crest_1_orig.jpg\" alt=\"\" width=\"130\" height=\"134\" \/>Bienfaiteur de soutien<\/strong><\/p>\n<p>La Maison de soins palliatifs d\u2019Ottawa est reconnaissant au \u201cThe May Court Club of Ottawa\u201d, son bienfaiteur de soutien, pour ses nombreuses ann\u00e9es de g\u00e9n\u00e9rosit\u00e9, de partenariat et de b\u00e9n\u00e9volat. \u201cThe May Court Club of Ottawa\u201d fournit gratuitement la propri\u00e9t\u00e9 et le b\u00e2timent de notre site Maison May Court Hospice.\u00a0 Il apporte \u00e9galement un soutien financier substantiel pour l&rsquo;entretien de l&rsquo;infrastructure du b\u00e2timent et du magnifique terrain de deux acres sur les rives de la rivi\u00e8re Rideau.<\/p>\n<p>Les membres du \u201cThe May Court Club of Ottawa\u201d fournissent des services b\u00e9n\u00e9voles inestimables \u00e0 La Maison de soins palliatifs d\u2019Ottawa et le pr\u00e9sident sortant du Club est membre d&rsquo;office du conseil d&rsquo;administration de La Maison de soins palliatifs d\u2019Ottawa.\u00a0 La relation durable entre La Maison de soins palliatifs d\u2019Ottawa et \u201cThe May Court Club of Ottawa\u201d s&rsquo;inscrit dans le cadre du soutien de longue date du Club aux soins palliatifs \u00e0 Ottawa.<\/p>\n<p>Fond\u00e9 en 1898 par Lady Aberdeen, l&rsquo;\u00e9pouse du gouverneur g\u00e9n\u00e9ral, \u201cThe May Court Club of Ottawa\u201d offre des services b\u00e9n\u00e9voles et une aide financi\u00e8re depuis plus de 100 ans pour aider les personnes dans le besoin de la communaut\u00e9 d&rsquo;Ottawa.<\/p>\n<p>Pour plus d&rsquo;informations, visitez le site Web du \u201cThe May Court Club of Ottawa\u201d en <a href=\"http:\/\/www.maycourt.org\/\">cliquant ici<\/a>.[\/vc_column_text][\/vc_column_inner][\/vc_row_inner][\/vc_column][\/vc_row]<\/p>\n<\/div>","protected":false},"excerpt":{"rendered":"<p>[vc_row content_width=\u00a0\u00bbgrid\u00a0\u00bb css=\u00a0\u00bb.vc_custom_1711640031850{padding-top: 75px !important;padding-bottom: 75px !important;}\u00a0\u00bb][vc_column][vc_row_inner][vc_column_inner][vc_column_text]Bienfaiteur de soutien La Maison de soins palliatifs d\u2019Ottawa est reconnaissant au \u201cThe May Court Club of Ottawa\u201d, son bienfaiteur de soutien, pour ses nombreuses ann\u00e9es&#8230;<\/p>\n","protected":false},"author":1,"featured_media":0,"parent":6031,"menu_order":0,"comment_status":"closed","ping_status":"closed","template":"full-width.php","meta":{"_bbp_topic_count":0,"_bbp_reply_count":0,"_bbp_total_topic_count":0,"_bbp_total_reply_count":0,"_bbp_voice_count":0,"_bbp_anonymous_reply_count":0,"_bbp_topic_count_hidden":0,"_bbp_reply_count_hidden":0,"_bbp_forum_subforum_count":0,"footnotes":""},"class_list":["post-6032","page","type-page","status-publish","hentry"],"yoast_head":"<!-- This site is optimized with the Yoast SEO plugin v27.4 - https:\/\/yoast.com\/product\/yoast-seo-wordpress\/ -->\n<title>The May Court Club of Ottawa - Hospice Care Ottawa<\/title>\n<meta name=\"robots\" content=\"index, follow, max-snippet:-1, max-image-preview:large, max-video-preview:-1\" \/>\n<link rel=\"canonical\" href=\"https:\/\/www.hospicecareottawa.ca\/fr\/dons\/communaute\/the-may-court-club-of-ottawa\/\" \/>\n<meta property=\"og:locale\" content=\"fr_FR\" \/>\n<meta property=\"og:type\" content=\"article\" \/>\n<meta property=\"og:title\" content=\"The May Court Club of Ottawa - Hospice Care Ottawa\" \/>\n<meta property=\"og:description\" content=\"[vc_row content_width=\u00a0\u00bbgrid\u00a0\u00bb css=\u00a0\u00bb.vc_custom_1711640031850{padding-top: 75px !important;padding-bottom: 75px !important;}\u00a0\u00bb][vc_column][vc_row_inner][vc_column_inner][vc_column_text]Bienfaiteur de soutien La Maison de soins palliatifs d\u2019Ottawa est reconnaissant au \u201cThe May Court Club of Ottawa\u201d, son bienfaiteur de soutien, pour ses nombreuses ann\u00e9es...\" \/>\n<meta property=\"og:url\" content=\"https:\/\/www.hospicecareottawa.ca\/fr\/dons\/communaute\/the-may-court-club-of-ottawa\/\" \/>\n<meta property=\"og:site_name\" content=\"Hospice Care Ottawa\" \/>\n<meta property=\"article:modified_time\" content=\"2024-04-23T17:40:17+00:00\" \/>\n<meta property=\"og:image\" content=\"https:\/\/www.hospicecareottawa.ca\/wp-content\/uploads\/2024\/03\/may-court-crest_1_orig.jpg\" \/>\n<meta name=\"twitter:card\" content=\"summary_large_image\" \/>\n<meta name=\"twitter:site\" content=\"@HospiceCareOtt\" \/>\n<meta name=\"twitter:label1\" content=\"Dur\u00e9e de lecture estim\u00e9e\" \/>\n\t<meta name=\"twitter:data1\" content=\"1 minute\" \/>\n<script type=\"application\/ld+json\" class=\"yoast-schema-graph\">{\"@context\":\"https:\\\/\\\/schema.org\",\"@graph\":[{\"@type\":\"WebPage\",\"@id\":\"https:\\\/\\\/www.hospicecareottawa.ca\\\/fr\\\/dons\\\/communaute\\\/the-may-court-club-of-ottawa\\\/\",\"url\":\"https:\\\/\\\/www.hospicecareottawa.ca\\\/fr\\\/dons\\\/communaute\\\/the-may-court-club-of-ottawa\\\/\",\"name\":\"The May Court Club of Ottawa - Hospice Care Ottawa\",\"isPartOf\":{\"@id\":\"https:\\\/\\\/www.hospicecareottawa.ca\\\/fr\\\/#website\"},\"primaryImageOfPage\":{\"@id\":\"https:\\\/\\\/www.hospicecareottawa.ca\\\/fr\\\/dons\\\/communaute\\\/the-may-court-club-of-ottawa\\\/#primaryimage\"},\"image\":{\"@id\":\"https:\\\/\\\/www.hospicecareottawa.ca\\\/fr\\\/dons\\\/communaute\\\/the-may-court-club-of-ottawa\\\/#primaryimage\"},\"thumbnailUrl\":\"https:\\\/\\\/www.hospicecareottawa.ca\\\/wp-content\\\/uploads\\\/2024\\\/03\\\/may-court-crest_1_orig.jpg\",\"datePublished\":\"2024-03-28T15:34:33+00:00\",\"dateModified\":\"2024-04-23T17:40:17+00:00\",\"breadcrumb\":{\"@id\":\"https:\\\/\\\/www.hospicecareottawa.ca\\\/fr\\\/dons\\\/communaute\\\/the-may-court-club-of-ottawa\\\/#breadcrumb\"},\"inLanguage\":\"fr-FR\",\"potentialAction\":[{\"@type\":\"ReadAction\",\"target\":[\"https:\\\/\\\/www.hospicecareottawa.ca\\\/fr\\\/dons\\\/communaute\\\/the-may-court-club-of-ottawa\\\/\"]}]},{\"@type\":\"ImageObject\",\"inLanguage\":\"fr-FR\",\"@id\":\"https:\\\/\\\/www.hospicecareottawa.ca\\\/fr\\\/dons\\\/communaute\\\/the-may-court-club-of-ottawa\\\/#primaryimage\",\"url\":\"https:\\\/\\\/www.hospicecareottawa.ca\\\/wp-content\\\/uploads\\\/2024\\\/03\\\/may-court-crest_1_orig.jpg\",\"contentUrl\":\"https:\\\/\\\/www.hospicecareottawa.ca\\\/wp-content\\\/uploads\\\/2024\\\/03\\\/may-court-crest_1_orig.jpg\"},{\"@type\":\"BreadcrumbList\",\"@id\":\"https:\\\/\\\/www.hospicecareottawa.ca\\\/fr\\\/dons\\\/communaute\\\/the-may-court-club-of-ottawa\\\/#breadcrumb\",\"itemListElement\":[{\"@type\":\"ListItem\",\"position\":1,\"name\":\"Home\",\"item\":\"https:\\\/\\\/www.hospicecareottawa.ca\\\/fr\\\/\"},{\"@type\":\"ListItem\",\"position\":2,\"name\":\"Fa\u00e7ons de faire un don\",\"item\":\"https:\\\/\\\/www.hospicecareottawa.ca\\\/fr\\\/dons\\\/\"},{\"@type\":\"ListItem\",\"position\":3,\"name\":\"Communaut\u00e9\",\"item\":\"https:\\\/\\\/www.hospicecareottawa.ca\\\/fr\\\/dons\\\/communaute\\\/\"},{\"@type\":\"ListItem\",\"position\":4,\"name\":\"The May Court Club of Ottawa\"}]},{\"@type\":\"WebSite\",\"@id\":\"https:\\\/\\\/www.hospicecareottawa.ca\\\/fr\\\/#website\",\"url\":\"https:\\\/\\\/www.hospicecareottawa.ca\\\/fr\\\/\",\"name\":\"Hospice Care Ottawa\",\"description\":\"Promouvoir une qualit\u00e9 de vie, la compassion dans la mort et le soutien dans le deuil pour les personnes dans le besoin au sein de notre communaut\u00e9.\",\"publisher\":{\"@id\":\"https:\\\/\\\/www.hospicecareottawa.ca\\\/fr\\\/#organization\"},\"potentialAction\":[{\"@type\":\"SearchAction\",\"target\":{\"@type\":\"EntryPoint\",\"urlTemplate\":\"https:\\\/\\\/www.hospicecareottawa.ca\\\/fr\\\/?s={search_term_string}\"},\"query-input\":{\"@type\":\"PropertyValueSpecification\",\"valueRequired\":true,\"valueName\":\"search_term_string\"}}],\"inLanguage\":\"fr-FR\"},{\"@type\":\"Organization\",\"@id\":\"https:\\\/\\\/www.hospicecareottawa.ca\\\/fr\\\/#organization\",\"name\":\"Hospice Care Ottawa\",\"url\":\"https:\\\/\\\/www.hospicecareottawa.ca\\\/fr\\\/\",\"logo\":{\"@type\":\"ImageObject\",\"inLanguage\":\"fr-FR\",\"@id\":\"https:\\\/\\\/www.hospicecareottawa.ca\\\/fr\\\/#\\\/schema\\\/logo\\\/image\\\/\",\"url\":\"https:\\\/\\\/www.hospicecareottawa.ca\\\/wp-content\\\/uploads\\\/2024\\\/03\\\/footer_logo-en.png\",\"contentUrl\":\"https:\\\/\\\/www.hospicecareottawa.ca\\\/wp-content\\\/uploads\\\/2024\\\/03\\\/footer_logo-en.png\",\"width\":180,\"height\":149,\"caption\":\"Hospice Care Ottawa\"},\"image\":{\"@id\":\"https:\\\/\\\/www.hospicecareottawa.ca\\\/fr\\\/#\\\/schema\\\/logo\\\/image\\\/\"},\"sameAs\":[\"https:\\\/\\\/x.com\\\/HospiceCareOtt\"]}]}<\/script>\n<!-- \/ Yoast SEO plugin. -->","yoast_head_json":{"title":"The May Court Club of Ottawa - Hospice Care Ottawa","robots":{"index":"index","follow":"follow","max-snippet":"max-snippet:-1","max-image-preview":"max-image-preview:large","max-video-preview":"max-video-preview:-1"},"canonical":"https:\/\/www.hospicecareottawa.ca\/fr\/dons\/communaute\/the-may-court-club-of-ottawa\/","og_locale":"fr_FR","og_type":"article","og_title":"The May Court Club of Ottawa - Hospice Care Ottawa","og_description":"[vc_row content_width=\u00a0\u00bbgrid\u00a0\u00bb css=\u00a0\u00bb.vc_custom_1711640031850{padding-top: 75px !important;padding-bottom: 75px !important;}\u00a0\u00bb][vc_column][vc_row_inner][vc_column_inner][vc_column_text]Bienfaiteur de soutien La Maison de soins palliatifs d\u2019Ottawa est reconnaissant au \u201cThe May Court Club of Ottawa\u201d, son bienfaiteur de soutien, pour ses nombreuses ann\u00e9es...","og_url":"https:\/\/www.hospicecareottawa.ca\/fr\/dons\/communaute\/the-may-court-club-of-ottawa\/","og_site_name":"Hospice Care Ottawa","article_modified_time":"2024-04-23T17:40:17+00:00","og_image":[{"url":"https:\/\/www.hospicecareottawa.ca\/wp-content\/uploads\/2024\/03\/may-court-crest_1_orig.jpg","type":"","width":"","height":""}],"twitter_card":"summary_large_image","twitter_site":"@HospiceCareOtt","twitter_misc":{"Dur\u00e9e de lecture estim\u00e9e":"1 minute"},"schema":{"@context":"https:\/\/schema.org","@graph":[{"@type":"WebPage","@id":"https:\/\/www.hospicecareottawa.ca\/fr\/dons\/communaute\/the-may-court-club-of-ottawa\/","url":"https:\/\/www.hospicecareottawa.ca\/fr\/dons\/communaute\/the-may-court-club-of-ottawa\/","name":"The May Court Club of Ottawa - Hospice Care Ottawa","isPartOf":{"@id":"https:\/\/www.hospicecareottawa.ca\/fr\/#website"},"primaryImageOfPage":{"@id":"https:\/\/www.hospicecareottawa.ca\/fr\/dons\/communaute\/the-may-court-club-of-ottawa\/#primaryimage"},"image":{"@id":"https:\/\/www.hospicecareottawa.ca\/fr\/dons\/communaute\/the-may-court-club-of-ottawa\/#primaryimage"},"thumbnailUrl":"https:\/\/www.hospicecareottawa.ca\/wp-content\/uploads\/2024\/03\/may-court-crest_1_orig.jpg","datePublished":"2024-03-28T15:34:33+00:00","dateModified":"2024-04-23T17:40:17+00:00","breadcrumb":{"@id":"https:\/\/www.hospicecareottawa.ca\/fr\/dons\/communaute\/the-may-court-club-of-ottawa\/#breadcrumb"},"inLanguage":"fr-FR","potentialAction":[{"@type":"ReadAction","target":["https:\/\/www.hospicecareottawa.ca\/fr\/dons\/communaute\/the-may-court-club-of-ottawa\/"]}]},{"@type":"ImageObject","inLanguage":"fr-FR","@id":"https:\/\/www.hospicecareottawa.ca\/fr\/dons\/communaute\/the-may-court-club-of-ottawa\/#primaryimage","url":"https:\/\/www.hospicecareottawa.ca\/wp-content\/uploads\/2024\/03\/may-court-crest_1_orig.jpg","contentUrl":"https:\/\/www.hospicecareottawa.ca\/wp-content\/uploads\/2024\/03\/may-court-crest_1_orig.jpg"},{"@type":"BreadcrumbList","@id":"https:\/\/www.hospicecareottawa.ca\/fr\/dons\/communaute\/the-may-court-club-of-ottawa\/#breadcrumb","itemListElement":[{"@type":"ListItem","position":1,"name":"Home","item":"https:\/\/www.hospicecareottawa.ca\/fr\/"},{"@type":"ListItem","position":2,"name":"Fa\u00e7ons de faire un don","item":"https:\/\/www.hospicecareottawa.ca\/fr\/dons\/"},{"@type":"ListItem","position":3,"name":"Communaut\u00e9","item":"https:\/\/www.hospicecareottawa.ca\/fr\/dons\/communaute\/"},{"@type":"ListItem","position":4,"name":"The May Court Club of Ottawa"}]},{"@type":"WebSite","@id":"https:\/\/www.hospicecareottawa.ca\/fr\/#website","url":"https:\/\/www.hospicecareottawa.ca\/fr\/","name":"Hospice Care Ottawa","description":"Promouvoir une qualit\u00e9 de vie, la compassion dans la mort et le soutien dans le deuil pour les personnes dans le besoin au sein de notre communaut\u00e9.","publisher":{"@id":"https:\/\/www.hospicecareottawa.ca\/fr\/#organization"},"potentialAction":[{"@type":"SearchAction","target":{"@type":"EntryPoint","urlTemplate":"https:\/\/www.hospicecareottawa.ca\/fr\/?s={search_term_string}"},"query-input":{"@type":"PropertyValueSpecification","valueRequired":true,"valueName":"search_term_string"}}],"inLanguage":"fr-FR"},{"@type":"Organization","@id":"https:\/\/www.hospicecareottawa.ca\/fr\/#organization","name":"Hospice Care Ottawa","url":"https:\/\/www.hospicecareottawa.ca\/fr\/","logo":{"@type":"ImageObject","inLanguage":"fr-FR","@id":"https:\/\/www.hospicecareottawa.ca\/fr\/#\/schema\/logo\/image\/","url":"https:\/\/www.hospicecareottawa.ca\/wp-content\/uploads\/2024\/03\/footer_logo-en.png","contentUrl":"https:\/\/www.hospicecareottawa.ca\/wp-content\/uploads\/2024\/03\/footer_logo-en.png","width":180,"height":149,"caption":"Hospice Care Ottawa"},"image":{"@id":"https:\/\/www.hospicecareottawa.ca\/fr\/#\/schema\/logo\/image\/"},"sameAs":["https:\/\/x.com\/HospiceCareOtt"]}]}},"_links":{"self":[{"href":"https:\/\/www.hospicecareottawa.ca\/fr\/wp-json\/wp\/v2\/pages\/6032","targetHints":{"allow":["GET"]}}],"collection":[{"href":"https:\/\/www.hospicecareottawa.ca\/fr\/wp-json\/wp\/v2\/pages"}],"about":[{"href":"https:\/\/www.hospicecareottawa.ca\/fr\/wp-json\/wp\/v2\/types\/page"}],"author":[{"embeddable":true,"href":"https:\/\/www.hospicecareottawa.ca\/fr\/wp-json\/wp\/v2\/users\/1"}],"replies":[{"embeddable":true,"href":"https:\/\/www.hospicecareottawa.ca\/fr\/wp-json\/wp\/v2\/comments?post=6032"}],"version-history":[{"count":1,"href":"https:\/\/www.hospicecareottawa.ca\/fr\/wp-json\/wp\/v2\/pages\/6032\/revisions"}],"predecessor-version":[{"id":6377,"href":"https:\/\/www.hospicecareottawa.ca\/fr\/wp-json\/wp\/v2\/pages\/6032\/revisions\/6377"}],"up":[{"embeddable":true,"href":"https:\/\/www.hospicecareottawa.ca\/fr\/wp-json\/wp\/v2\/pages\/6031"}],"wp:attachment":[{"href":"https:\/\/www.hospicecareottawa.ca\/fr\/wp-json\/wp\/v2\/media?parent=6032"}],"curies":[{"name":"wp","href":"https:\/\/api.w.org\/{rel}","templated":true}]}}