{"id":6029,"date":"2024-03-28T15:02:17","date_gmt":"2024-03-28T15:02:17","guid":{"rendered":"https:\/\/www.hospicecareottawa.ca\/ways-to-donate\/corporate-matching-gifts-volunteer-grants\/"},"modified":"2024-04-23T18:37:14","modified_gmt":"2024-04-23T18:37:14","slug":"dons-jumeles-dentreprises-subventions-aux-benevoles","status":"publish","type":"page","link":"https:\/\/www.hospicecareottawa.ca\/fr\/dons\/dons-jumeles-dentreprises-subventions-aux-benevoles\/","title":{"rendered":"Dons jumel\u00e9s d&rsquo;entreprises \/ subventions aux b\u00e9n\u00e9voles"},"content":{"rendered":"<div class=\"wpb-content-wrapper\"><p>[vc_row content_width=\u00a0\u00bbgrid\u00a0\u00bb css=\u00a0\u00bb.vc_custom_1711638404355{padding-top: 75px !important;padding-bottom: 75px !important;}\u00a0\u00bb][vc_column]<div class=\"mkdf-section-title-holder\">\n\t<h2 class=\"mkdf-section-title\" style=\"color: #5a1e30\">\n\tDons jumel\u00e9s d&#039;entreprises \/ subventions aux b\u00e9n\u00e9voles<\/h2>\n<\/div>[vc_column_text]\u00cates-vous un employ\u00e9 ou un retrait\u00e9 d&rsquo;une entreprise qui offre des subventions pour le b\u00e9n\u00e9volat et\/ou des subventions pour les dons jumel\u00e9s ?\u00a0 De nombreux employeurs ont mis en place des programmes visant \u00e0 promouvoir et \u00e0 reconna\u00eetre le b\u00e9n\u00e9volat. La plupart des demandes sont assez simples et exigent du salari\u00e9 qu&rsquo;il consacre un certain nombre d&rsquo;heures \u00e0 une organisation caritative pour pouvoir en b\u00e9n\u00e9ficier. Certains employeurs ont \u00e9galement mis en place des programmes de jumelage des dons faits par leurs employ\u00e9s\/retrait\u00e9s &#8211; c&rsquo;est un excellent moyen de \u00a0\u00bb doubler \u00a0\u00bb l&rsquo;impact de votre soutien !<\/p>\n<p>Si vous remplissez les conditions requises et que vous avez besoin de notre aide pour d\u00e9poser une demande de subvention pour un b\u00e9n\u00e9vole ou un don \u00e9quivalent, veuillez contacter Hilary Evans au 343-961-7037 ou \u00e0 l&rsquo;adresse <a href=\"mailto:hilary.evans@hospicecareottawa.ca\">hilary.evans@hospicecareottawa.ca<\/a>.<u><\/u>[\/vc_column_text][\/vc_column][\/vc_row]<\/p>\n<\/div>","protected":false},"excerpt":{"rendered":"<p>[vc_row content_width=\u00a0\u00bbgrid\u00a0\u00bb css=\u00a0\u00bb.vc_custom_1711638404355{padding-top: 75px !important;padding-bottom: 75px !important;}\u00a0\u00bb][vc_column][vc_column_text]\u00cates-vous un employ\u00e9 ou un retrait\u00e9 d&rsquo;une entreprise qui offre des subventions pour le b\u00e9n\u00e9volat et\/ou des subventions pour les dons jumel\u00e9s ?\u00a0 De nombreux employeurs&#8230;<\/p>\n","protected":false},"author":1,"featured_media":0,"parent":6026,"menu_order":0,"comment_status":"closed","ping_status":"closed","template":"full-width.php","meta":{"_bbp_topic_count":0,"_bbp_reply_count":0,"_bbp_total_topic_count":0,"_bbp_total_reply_count":0,"_bbp_voice_count":0,"_bbp_anonymous_reply_count":0,"_bbp_topic_count_hidden":0,"_bbp_reply_count_hidden":0,"_bbp_forum_subforum_count":0,"footnotes":""},"class_list":["post-6029","page","type-page","status-publish","hentry"],"yoast_head":"<!-- This site is optimized with the Yoast SEO plugin v27.4 - https:\/\/yoast.com\/product\/yoast-seo-wordpress\/ -->\n<title>Dons jumel\u00e9s d&#039;entreprises \/ subventions aux b\u00e9n\u00e9voles - Hospice Care Ottawa<\/title>\n<meta name=\"robots\" content=\"index, follow, max-snippet:-1, max-image-preview:large, max-video-preview:-1\" \/>\n<link rel=\"canonical\" href=\"https:\/\/www.hospicecareottawa.ca\/fr\/dons\/dons-jumeles-dentreprises-subventions-aux-benevoles\/\" \/>\n<meta property=\"og:locale\" content=\"fr_FR\" \/>\n<meta property=\"og:type\" content=\"article\" \/>\n<meta property=\"og:title\" content=\"Dons jumel\u00e9s d&#039;entreprises \/ subventions aux b\u00e9n\u00e9voles - Hospice Care Ottawa\" \/>\n<meta property=\"og:description\" content=\"[vc_row content_width=\u00a0\u00bbgrid\u00a0\u00bb css=\u00a0\u00bb.vc_custom_1711638404355{padding-top: 75px !important;padding-bottom: 75px !important;}\u00a0\u00bb][vc_column][vc_column_text]\u00cates-vous un employ\u00e9 ou un retrait\u00e9 d&rsquo;une entreprise qui offre des subventions pour le b\u00e9n\u00e9volat et\/ou des subventions pour les dons jumel\u00e9s ?\u00a0 De nombreux employeurs...\" \/>\n<meta property=\"og:url\" content=\"https:\/\/www.hospicecareottawa.ca\/fr\/dons\/dons-jumeles-dentreprises-subventions-aux-benevoles\/\" \/>\n<meta property=\"og:site_name\" content=\"Hospice Care Ottawa\" \/>\n<meta property=\"article:modified_time\" content=\"2024-04-23T18:37:14+00:00\" \/>\n<meta property=\"og:image\" content=\"https:\/\/www.hospicecareottawa.ca\/wp-content\/uploads\/2024\/03\/footer_logo-en.png\" \/>\n\t<meta property=\"og:image:width\" content=\"180\" \/>\n\t<meta property=\"og:image:height\" content=\"149\" \/>\n\t<meta property=\"og:image:type\" content=\"image\/png\" \/>\n<meta name=\"twitter:card\" content=\"summary_large_image\" \/>\n<meta name=\"twitter:site\" content=\"@HospiceCareOtt\" \/>\n<meta name=\"twitter:label1\" content=\"Dur\u00e9e de lecture estim\u00e9e\" \/>\n\t<meta name=\"twitter:data1\" content=\"1 minute\" \/>\n<script type=\"application\/ld+json\" class=\"yoast-schema-graph\">{\"@context\":\"https:\\\/\\\/schema.org\",\"@graph\":[{\"@type\":\"WebPage\",\"@id\":\"https:\\\/\\\/www.hospicecareottawa.ca\\\/fr\\\/dons\\\/dons-jumeles-dentreprises-subventions-aux-benevoles\\\/\",\"url\":\"https:\\\/\\\/www.hospicecareottawa.ca\\\/fr\\\/dons\\\/dons-jumeles-dentreprises-subventions-aux-benevoles\\\/\",\"name\":\"Dons jumel\u00e9s d'entreprises \\\/ subventions aux b\u00e9n\u00e9voles - Hospice Care Ottawa\",\"isPartOf\":{\"@id\":\"https:\\\/\\\/www.hospicecareottawa.ca\\\/fr\\\/#website\"},\"datePublished\":\"2024-03-28T15:02:17+00:00\",\"dateModified\":\"2024-04-23T18:37:14+00:00\",\"breadcrumb\":{\"@id\":\"https:\\\/\\\/www.hospicecareottawa.ca\\\/fr\\\/dons\\\/dons-jumeles-dentreprises-subventions-aux-benevoles\\\/#breadcrumb\"},\"inLanguage\":\"fr-FR\",\"potentialAction\":[{\"@type\":\"ReadAction\",\"target\":[\"https:\\\/\\\/www.hospicecareottawa.ca\\\/fr\\\/dons\\\/dons-jumeles-dentreprises-subventions-aux-benevoles\\\/\"]}]},{\"@type\":\"BreadcrumbList\",\"@id\":\"https:\\\/\\\/www.hospicecareottawa.ca\\\/fr\\\/dons\\\/dons-jumeles-dentreprises-subventions-aux-benevoles\\\/#breadcrumb\",\"itemListElement\":[{\"@type\":\"ListItem\",\"position\":1,\"name\":\"Home\",\"item\":\"https:\\\/\\\/www.hospicecareottawa.ca\\\/fr\\\/\"},{\"@type\":\"ListItem\",\"position\":2,\"name\":\"Fa\u00e7ons de faire un don\",\"item\":\"https:\\\/\\\/www.hospicecareottawa.ca\\\/fr\\\/dons\\\/\"},{\"@type\":\"ListItem\",\"position\":3,\"name\":\"Dons jumel\u00e9s d&rsquo;entreprises \\\/ subventions aux b\u00e9n\u00e9voles\"}]},{\"@type\":\"WebSite\",\"@id\":\"https:\\\/\\\/www.hospicecareottawa.ca\\\/fr\\\/#website\",\"url\":\"https:\\\/\\\/www.hospicecareottawa.ca\\\/fr\\\/\",\"name\":\"Hospice Care Ottawa\",\"description\":\"Promouvoir une qualit\u00e9 de vie, la compassion dans la mort et le soutien dans le deuil pour les personnes dans le besoin au sein de notre communaut\u00e9.\",\"publisher\":{\"@id\":\"https:\\\/\\\/www.hospicecareottawa.ca\\\/fr\\\/#organization\"},\"potentialAction\":[{\"@type\":\"SearchAction\",\"target\":{\"@type\":\"EntryPoint\",\"urlTemplate\":\"https:\\\/\\\/www.hospicecareottawa.ca\\\/fr\\\/?s={search_term_string}\"},\"query-input\":{\"@type\":\"PropertyValueSpecification\",\"valueRequired\":true,\"valueName\":\"search_term_string\"}}],\"inLanguage\":\"fr-FR\"},{\"@type\":\"Organization\",\"@id\":\"https:\\\/\\\/www.hospicecareottawa.ca\\\/fr\\\/#organization\",\"name\":\"Hospice Care Ottawa\",\"url\":\"https:\\\/\\\/www.hospicecareottawa.ca\\\/fr\\\/\",\"logo\":{\"@type\":\"ImageObject\",\"inLanguage\":\"fr-FR\",\"@id\":\"https:\\\/\\\/www.hospicecareottawa.ca\\\/fr\\\/#\\\/schema\\\/logo\\\/image\\\/\",\"url\":\"https:\\\/\\\/www.hospicecareottawa.ca\\\/wp-content\\\/uploads\\\/2024\\\/03\\\/footer_logo-en.png\",\"contentUrl\":\"https:\\\/\\\/www.hospicecareottawa.ca\\\/wp-content\\\/uploads\\\/2024\\\/03\\\/footer_logo-en.png\",\"width\":180,\"height\":149,\"caption\":\"Hospice Care Ottawa\"},\"image\":{\"@id\":\"https:\\\/\\\/www.hospicecareottawa.ca\\\/fr\\\/#\\\/schema\\\/logo\\\/image\\\/\"},\"sameAs\":[\"https:\\\/\\\/x.com\\\/HospiceCareOtt\"]}]}<\/script>\n<!-- \/ Yoast SEO plugin. -->","yoast_head_json":{"title":"Dons jumel\u00e9s d'entreprises \/ subventions aux b\u00e9n\u00e9voles - Hospice Care Ottawa","robots":{"index":"index","follow":"follow","max-snippet":"max-snippet:-1","max-image-preview":"max-image-preview:large","max-video-preview":"max-video-preview:-1"},"canonical":"https:\/\/www.hospicecareottawa.ca\/fr\/dons\/dons-jumeles-dentreprises-subventions-aux-benevoles\/","og_locale":"fr_FR","og_type":"article","og_title":"Dons jumel\u00e9s d'entreprises \/ subventions aux b\u00e9n\u00e9voles - Hospice Care Ottawa","og_description":"[vc_row content_width=\u00a0\u00bbgrid\u00a0\u00bb css=\u00a0\u00bb.vc_custom_1711638404355{padding-top: 75px !important;padding-bottom: 75px !important;}\u00a0\u00bb][vc_column][vc_column_text]\u00cates-vous un employ\u00e9 ou un retrait\u00e9 d&rsquo;une entreprise qui offre des subventions pour le b\u00e9n\u00e9volat et\/ou des subventions pour les dons jumel\u00e9s ?\u00a0 De nombreux employeurs...","og_url":"https:\/\/www.hospicecareottawa.ca\/fr\/dons\/dons-jumeles-dentreprises-subventions-aux-benevoles\/","og_site_name":"Hospice Care Ottawa","article_modified_time":"2024-04-23T18:37:14+00:00","og_image":[{"width":180,"height":149,"url":"https:\/\/www.hospicecareottawa.ca\/wp-content\/uploads\/2024\/03\/footer_logo-en.png","type":"image\/png"}],"twitter_card":"summary_large_image","twitter_site":"@HospiceCareOtt","twitter_misc":{"Dur\u00e9e de lecture estim\u00e9e":"1 minute"},"schema":{"@context":"https:\/\/schema.org","@graph":[{"@type":"WebPage","@id":"https:\/\/www.hospicecareottawa.ca\/fr\/dons\/dons-jumeles-dentreprises-subventions-aux-benevoles\/","url":"https:\/\/www.hospicecareottawa.ca\/fr\/dons\/dons-jumeles-dentreprises-subventions-aux-benevoles\/","name":"Dons jumel\u00e9s d'entreprises \/ subventions aux b\u00e9n\u00e9voles - Hospice Care Ottawa","isPartOf":{"@id":"https:\/\/www.hospicecareottawa.ca\/fr\/#website"},"datePublished":"2024-03-28T15:02:17+00:00","dateModified":"2024-04-23T18:37:14+00:00","breadcrumb":{"@id":"https:\/\/www.hospicecareottawa.ca\/fr\/dons\/dons-jumeles-dentreprises-subventions-aux-benevoles\/#breadcrumb"},"inLanguage":"fr-FR","potentialAction":[{"@type":"ReadAction","target":["https:\/\/www.hospicecareottawa.ca\/fr\/dons\/dons-jumeles-dentreprises-subventions-aux-benevoles\/"]}]},{"@type":"BreadcrumbList","@id":"https:\/\/www.hospicecareottawa.ca\/fr\/dons\/dons-jumeles-dentreprises-subventions-aux-benevoles\/#breadcrumb","itemListElement":[{"@type":"ListItem","position":1,"name":"Home","item":"https:\/\/www.hospicecareottawa.ca\/fr\/"},{"@type":"ListItem","position":2,"name":"Fa\u00e7ons de faire un don","item":"https:\/\/www.hospicecareottawa.ca\/fr\/dons\/"},{"@type":"ListItem","position":3,"name":"Dons jumel\u00e9s d&rsquo;entreprises \/ subventions aux b\u00e9n\u00e9voles"}]},{"@type":"WebSite","@id":"https:\/\/www.hospicecareottawa.ca\/fr\/#website","url":"https:\/\/www.hospicecareottawa.ca\/fr\/","name":"Hospice Care Ottawa","description":"Promouvoir une qualit\u00e9 de vie, la compassion dans la mort et le soutien dans le deuil pour les personnes dans le besoin au sein de notre communaut\u00e9.","publisher":{"@id":"https:\/\/www.hospicecareottawa.ca\/fr\/#organization"},"potentialAction":[{"@type":"SearchAction","target":{"@type":"EntryPoint","urlTemplate":"https:\/\/www.hospicecareottawa.ca\/fr\/?s={search_term_string}"},"query-input":{"@type":"PropertyValueSpecification","valueRequired":true,"valueName":"search_term_string"}}],"inLanguage":"fr-FR"},{"@type":"Organization","@id":"https:\/\/www.hospicecareottawa.ca\/fr\/#organization","name":"Hospice Care Ottawa","url":"https:\/\/www.hospicecareottawa.ca\/fr\/","logo":{"@type":"ImageObject","inLanguage":"fr-FR","@id":"https:\/\/www.hospicecareottawa.ca\/fr\/#\/schema\/logo\/image\/","url":"https:\/\/www.hospicecareottawa.ca\/wp-content\/uploads\/2024\/03\/footer_logo-en.png","contentUrl":"https:\/\/www.hospicecareottawa.ca\/wp-content\/uploads\/2024\/03\/footer_logo-en.png","width":180,"height":149,"caption":"Hospice Care Ottawa"},"image":{"@id":"https:\/\/www.hospicecareottawa.ca\/fr\/#\/schema\/logo\/image\/"},"sameAs":["https:\/\/x.com\/HospiceCareOtt"]}]}},"_links":{"self":[{"href":"https:\/\/www.hospicecareottawa.ca\/fr\/wp-json\/wp\/v2\/pages\/6029","targetHints":{"allow":["GET"]}}],"collection":[{"href":"https:\/\/www.hospicecareottawa.ca\/fr\/wp-json\/wp\/v2\/pages"}],"about":[{"href":"https:\/\/www.hospicecareottawa.ca\/fr\/wp-json\/wp\/v2\/types\/page"}],"author":[{"embeddable":true,"href":"https:\/\/www.hospicecareottawa.ca\/fr\/wp-json\/wp\/v2\/users\/1"}],"replies":[{"embeddable":true,"href":"https:\/\/www.hospicecareottawa.ca\/fr\/wp-json\/wp\/v2\/comments?post=6029"}],"version-history":[{"count":1,"href":"https:\/\/www.hospicecareottawa.ca\/fr\/wp-json\/wp\/v2\/pages\/6029\/revisions"}],"predecessor-version":[{"id":6389,"href":"https:\/\/www.hospicecareottawa.ca\/fr\/wp-json\/wp\/v2\/pages\/6029\/revisions\/6389"}],"up":[{"embeddable":true,"href":"https:\/\/www.hospicecareottawa.ca\/fr\/wp-json\/wp\/v2\/pages\/6026"}],"wp:attachment":[{"href":"https:\/\/www.hospicecareottawa.ca\/fr\/wp-json\/wp\/v2\/media?parent=6029"}],"curies":[{"name":"wp","href":"https:\/\/api.w.org\/{rel}","templated":true}]}}