{"id":6027,"date":"2024-03-27T19:12:30","date_gmt":"2024-03-27T19:12:30","guid":{"rendered":"https:\/\/www.hospicecareottawa.ca\/ways-to-donate\/securities\/"},"modified":"2024-04-25T17:27:17","modified_gmt":"2024-04-25T17:27:17","slug":"don-de-valeurs-mobilieres","status":"publish","type":"page","link":"https:\/\/www.hospicecareottawa.ca\/fr\/dons\/don-de-valeurs-mobilieres\/","title":{"rendered":"Don de Valeurs Mobili\u00e8res"},"content":{"rendered":"<div class=\"wpb-content-wrapper\"><p>[vc_row][vc_column][vc_row_inner][vc_column_inner][vc_column_text]Nous vous remercions d&rsquo;envisager de faire un don sous forme de titres cot\u00e9s en bourse \u00e0 La Maison de soins palliatifs d\u2019Ottawa. Gr\u00e2ce \u00e0 notre courtier, nous pouvons accepter diff\u00e9rents types de valeurs mobili\u00e8res, comme des actions cot\u00e9es en bourse, des obligations ou des parts de fonds communs de placement.<\/p>\n<p>Le Canada offre d\u2019excellents avantages fiscaux pour les dons de bienfaisance. Vous avez donc l\u00e0 une occasion merveilleuse de soutenir notre cause tout en profitant de ces encouragements fiscaux. Le 2\u00a0mai\u00a02006, le gouvernement f\u00e9d\u00e9ral a supprim\u00e9 l&rsquo;imposition des gains en capital sur les titres cot\u00e9s en bourse donn\u00e9s \u00e0 des organismes de bienfaisance enregistr\u00e9s.[\/vc_column_text][\/vc_column_inner][\/vc_row_inner][vc_column_text]Par cons\u00e9quent, vous ne paierez pas d&rsquo;imp\u00f4t sur le gain en capital qui r\u00e9sultera des valeurs mobili\u00e8res que vous donnerez \u00e0 La Maison de soins palliatifs d\u2019Ottawa. En revanche, si vous vendez ces titres pour remettre ce don en argent, 50\u00a0% de leur plus-value demeurera imposable.<\/p>\n<p>Il est tr\u00e8s simple de faire un don sous forme de valeurs mobili\u00e8res. Il vous suffit de remplir le formulaire ci\u2011dessous avec votre courtier.[\/vc_column_text][vc_empty_space height=\u00a0\u00bb20px\u00a0\u00bb]<a href=\"\/wp-content\/uploads\/2024\/03\/fillable_hospice_care_ottawa_securities_transfer_form.pdf\" target=\"_blank\" style=\"margin: 0px 0px 0px 0px\" class=\"mkdf-btn mkdf-btn-medium mkdf-btn-solid mkdf-btn-hover-outline\"  >\n\t\n\t\t<span class=\"mkdf-btn-text\">Formulaire de transfert de valeurs mobili\u00e8res<\/span>\n<\/a>[vc_empty_space height=\u00a0\u00bb20px\u00a0\u00bb]<a href=\"\/wp-content\/uploads\/2024\/03\/sample_letter_of_authorization_2022.pdf\" target=\"_blank\" style=\"margin: 0px 0px 0px 0px\" class=\"mkdf-btn mkdf-btn-medium mkdf-btn-solid mkdf-btn-hover-outline\"  >\n\t\n\t\t<span class=\"mkdf-btn-text\">Mod\u00e8le de lettre d&#039;autorisation<\/span>\n<\/a>[vc_empty_space height=\u00a0\u00bb20px\u00a0\u00bb][vc_column_text]Nous vous recommandons vivement de consulter un ou plusieurs conseillers financiers avant d&rsquo;\u00e9tablir un don planifi\u00e9. Vous obtiendrez ainsi des conseils professionnels adapt\u00e9s \u00e0 votre propre situation financi\u00e8re et fiscale.<\/p>\n<p>Si vous avez des questions sur le don de titres cot\u00e9s en bourse, veuillez appeler M<sup>me<\/sup> Hilary Evans au 343\u2011961\u20117037 ou lui \u00e9crire \u00e0 <u><a title=\"\" href=\"mailto:hilary.evans@hospicecareottawa.ca\" aria-label=\"send an email to hilary.evans@hospicecareottawa.ca\" data-uw-rm-vglnk=\"\">hilary.evans@hospicecareottawa.ca<\/a><\/u>[\/vc_column_text][\/vc_column][\/vc_row]<\/p>\n<\/div>","protected":false},"excerpt":{"rendered":"<p>[vc_row][vc_column][vc_row_inner][vc_column_inner][vc_column_text]Nous vous remercions d&rsquo;envisager de faire un don sous forme de titres cot\u00e9s en bourse \u00e0 La Maison de soins palliatifs d\u2019Ottawa. Gr\u00e2ce \u00e0 notre courtier, nous pouvons accepter diff\u00e9rents types de&#8230;<\/p>\n","protected":false},"author":1,"featured_media":0,"parent":6026,"menu_order":0,"comment_status":"closed","ping_status":"closed","template":"","meta":{"_bbp_topic_count":0,"_bbp_reply_count":0,"_bbp_total_topic_count":0,"_bbp_total_reply_count":0,"_bbp_voice_count":0,"_bbp_anonymous_reply_count":0,"_bbp_topic_count_hidden":0,"_bbp_reply_count_hidden":0,"_bbp_forum_subforum_count":0,"footnotes":""},"class_list":["post-6027","page","type-page","status-publish","hentry"],"yoast_head":"<!-- This site is optimized with the Yoast SEO plugin v27.4 - https:\/\/yoast.com\/product\/yoast-seo-wordpress\/ -->\n<title>Don de Valeurs Mobili\u00e8res - Hospice Care Ottawa<\/title>\n<meta name=\"robots\" content=\"index, follow, max-snippet:-1, max-image-preview:large, max-video-preview:-1\" \/>\n<link rel=\"canonical\" href=\"https:\/\/www.hospicecareottawa.ca\/fr\/dons\/don-de-valeurs-mobilieres\/\" \/>\n<meta property=\"og:locale\" content=\"fr_FR\" \/>\n<meta property=\"og:type\" content=\"article\" \/>\n<meta property=\"og:title\" content=\"Don de Valeurs Mobili\u00e8res - Hospice Care Ottawa\" \/>\n<meta property=\"og:description\" content=\"[vc_row][vc_column][vc_row_inner][vc_column_inner][vc_column_text]Nous vous remercions d&rsquo;envisager de faire un don sous forme de titres cot\u00e9s en bourse \u00e0 La Maison de soins palliatifs d\u2019Ottawa. Gr\u00e2ce \u00e0 notre courtier, nous pouvons accepter diff\u00e9rents types de...\" \/>\n<meta property=\"og:url\" content=\"https:\/\/www.hospicecareottawa.ca\/fr\/dons\/don-de-valeurs-mobilieres\/\" \/>\n<meta property=\"og:site_name\" content=\"Hospice Care Ottawa\" \/>\n<meta property=\"article:modified_time\" content=\"2024-04-25T17:27:17+00:00\" \/>\n<meta property=\"og:image\" content=\"https:\/\/www.hospicecareottawa.ca\/wp-content\/uploads\/2024\/03\/footer_logo-en.png\" \/>\n\t<meta property=\"og:image:width\" content=\"180\" \/>\n\t<meta property=\"og:image:height\" content=\"149\" \/>\n\t<meta property=\"og:image:type\" content=\"image\/png\" \/>\n<meta name=\"twitter:card\" content=\"summary_large_image\" \/>\n<meta name=\"twitter:site\" content=\"@HospiceCareOtt\" \/>\n<meta name=\"twitter:label1\" content=\"Dur\u00e9e de lecture estim\u00e9e\" \/>\n\t<meta name=\"twitter:data1\" content=\"2 minutes\" \/>\n<script type=\"application\/ld+json\" class=\"yoast-schema-graph\">{\"@context\":\"https:\\\/\\\/schema.org\",\"@graph\":[{\"@type\":\"WebPage\",\"@id\":\"https:\\\/\\\/www.hospicecareottawa.ca\\\/fr\\\/dons\\\/don-de-valeurs-mobilieres\\\/\",\"url\":\"https:\\\/\\\/www.hospicecareottawa.ca\\\/fr\\\/dons\\\/don-de-valeurs-mobilieres\\\/\",\"name\":\"Don de Valeurs Mobili\u00e8res - Hospice Care Ottawa\",\"isPartOf\":{\"@id\":\"https:\\\/\\\/www.hospicecareottawa.ca\\\/fr\\\/#website\"},\"datePublished\":\"2024-03-27T19:12:30+00:00\",\"dateModified\":\"2024-04-25T17:27:17+00:00\",\"breadcrumb\":{\"@id\":\"https:\\\/\\\/www.hospicecareottawa.ca\\\/fr\\\/dons\\\/don-de-valeurs-mobilieres\\\/#breadcrumb\"},\"inLanguage\":\"fr-FR\",\"potentialAction\":[{\"@type\":\"ReadAction\",\"target\":[\"https:\\\/\\\/www.hospicecareottawa.ca\\\/fr\\\/dons\\\/don-de-valeurs-mobilieres\\\/\"]}]},{\"@type\":\"BreadcrumbList\",\"@id\":\"https:\\\/\\\/www.hospicecareottawa.ca\\\/fr\\\/dons\\\/don-de-valeurs-mobilieres\\\/#breadcrumb\",\"itemListElement\":[{\"@type\":\"ListItem\",\"position\":1,\"name\":\"Home\",\"item\":\"https:\\\/\\\/www.hospicecareottawa.ca\\\/fr\\\/\"},{\"@type\":\"ListItem\",\"position\":2,\"name\":\"Fa\u00e7ons de faire un don\",\"item\":\"https:\\\/\\\/www.hospicecareottawa.ca\\\/fr\\\/dons\\\/\"},{\"@type\":\"ListItem\",\"position\":3,\"name\":\"Don de Valeurs Mobili\u00e8res\"}]},{\"@type\":\"WebSite\",\"@id\":\"https:\\\/\\\/www.hospicecareottawa.ca\\\/fr\\\/#website\",\"url\":\"https:\\\/\\\/www.hospicecareottawa.ca\\\/fr\\\/\",\"name\":\"Hospice Care Ottawa\",\"description\":\"Promouvoir une qualit\u00e9 de vie, la compassion dans la mort et le soutien dans le deuil pour les personnes dans le besoin au sein de notre communaut\u00e9.\",\"publisher\":{\"@id\":\"https:\\\/\\\/www.hospicecareottawa.ca\\\/fr\\\/#organization\"},\"potentialAction\":[{\"@type\":\"SearchAction\",\"target\":{\"@type\":\"EntryPoint\",\"urlTemplate\":\"https:\\\/\\\/www.hospicecareottawa.ca\\\/fr\\\/?s={search_term_string}\"},\"query-input\":{\"@type\":\"PropertyValueSpecification\",\"valueRequired\":true,\"valueName\":\"search_term_string\"}}],\"inLanguage\":\"fr-FR\"},{\"@type\":\"Organization\",\"@id\":\"https:\\\/\\\/www.hospicecareottawa.ca\\\/fr\\\/#organization\",\"name\":\"Hospice Care Ottawa\",\"url\":\"https:\\\/\\\/www.hospicecareottawa.ca\\\/fr\\\/\",\"logo\":{\"@type\":\"ImageObject\",\"inLanguage\":\"fr-FR\",\"@id\":\"https:\\\/\\\/www.hospicecareottawa.ca\\\/fr\\\/#\\\/schema\\\/logo\\\/image\\\/\",\"url\":\"https:\\\/\\\/www.hospicecareottawa.ca\\\/wp-content\\\/uploads\\\/2024\\\/03\\\/footer_logo-en.png\",\"contentUrl\":\"https:\\\/\\\/www.hospicecareottawa.ca\\\/wp-content\\\/uploads\\\/2024\\\/03\\\/footer_logo-en.png\",\"width\":180,\"height\":149,\"caption\":\"Hospice Care Ottawa\"},\"image\":{\"@id\":\"https:\\\/\\\/www.hospicecareottawa.ca\\\/fr\\\/#\\\/schema\\\/logo\\\/image\\\/\"},\"sameAs\":[\"https:\\\/\\\/x.com\\\/HospiceCareOtt\"]}]}<\/script>\n<!-- \/ Yoast SEO plugin. -->","yoast_head_json":{"title":"Don de Valeurs Mobili\u00e8res - Hospice Care Ottawa","robots":{"index":"index","follow":"follow","max-snippet":"max-snippet:-1","max-image-preview":"max-image-preview:large","max-video-preview":"max-video-preview:-1"},"canonical":"https:\/\/www.hospicecareottawa.ca\/fr\/dons\/don-de-valeurs-mobilieres\/","og_locale":"fr_FR","og_type":"article","og_title":"Don de Valeurs Mobili\u00e8res - Hospice Care Ottawa","og_description":"[vc_row][vc_column][vc_row_inner][vc_column_inner][vc_column_text]Nous vous remercions d&rsquo;envisager de faire un don sous forme de titres cot\u00e9s en bourse \u00e0 La Maison de soins palliatifs d\u2019Ottawa. Gr\u00e2ce \u00e0 notre courtier, nous pouvons accepter diff\u00e9rents types de...","og_url":"https:\/\/www.hospicecareottawa.ca\/fr\/dons\/don-de-valeurs-mobilieres\/","og_site_name":"Hospice Care Ottawa","article_modified_time":"2024-04-25T17:27:17+00:00","og_image":[{"width":180,"height":149,"url":"https:\/\/www.hospicecareottawa.ca\/wp-content\/uploads\/2024\/03\/footer_logo-en.png","type":"image\/png"}],"twitter_card":"summary_large_image","twitter_site":"@HospiceCareOtt","twitter_misc":{"Dur\u00e9e de lecture estim\u00e9e":"2 minutes"},"schema":{"@context":"https:\/\/schema.org","@graph":[{"@type":"WebPage","@id":"https:\/\/www.hospicecareottawa.ca\/fr\/dons\/don-de-valeurs-mobilieres\/","url":"https:\/\/www.hospicecareottawa.ca\/fr\/dons\/don-de-valeurs-mobilieres\/","name":"Don de Valeurs Mobili\u00e8res - Hospice Care Ottawa","isPartOf":{"@id":"https:\/\/www.hospicecareottawa.ca\/fr\/#website"},"datePublished":"2024-03-27T19:12:30+00:00","dateModified":"2024-04-25T17:27:17+00:00","breadcrumb":{"@id":"https:\/\/www.hospicecareottawa.ca\/fr\/dons\/don-de-valeurs-mobilieres\/#breadcrumb"},"inLanguage":"fr-FR","potentialAction":[{"@type":"ReadAction","target":["https:\/\/www.hospicecareottawa.ca\/fr\/dons\/don-de-valeurs-mobilieres\/"]}]},{"@type":"BreadcrumbList","@id":"https:\/\/www.hospicecareottawa.ca\/fr\/dons\/don-de-valeurs-mobilieres\/#breadcrumb","itemListElement":[{"@type":"ListItem","position":1,"name":"Home","item":"https:\/\/www.hospicecareottawa.ca\/fr\/"},{"@type":"ListItem","position":2,"name":"Fa\u00e7ons de faire un don","item":"https:\/\/www.hospicecareottawa.ca\/fr\/dons\/"},{"@type":"ListItem","position":3,"name":"Don de Valeurs Mobili\u00e8res"}]},{"@type":"WebSite","@id":"https:\/\/www.hospicecareottawa.ca\/fr\/#website","url":"https:\/\/www.hospicecareottawa.ca\/fr\/","name":"Hospice Care Ottawa","description":"Promouvoir une qualit\u00e9 de vie, la compassion dans la mort et le soutien dans le deuil pour les personnes dans le besoin au sein de notre communaut\u00e9.","publisher":{"@id":"https:\/\/www.hospicecareottawa.ca\/fr\/#organization"},"potentialAction":[{"@type":"SearchAction","target":{"@type":"EntryPoint","urlTemplate":"https:\/\/www.hospicecareottawa.ca\/fr\/?s={search_term_string}"},"query-input":{"@type":"PropertyValueSpecification","valueRequired":true,"valueName":"search_term_string"}}],"inLanguage":"fr-FR"},{"@type":"Organization","@id":"https:\/\/www.hospicecareottawa.ca\/fr\/#organization","name":"Hospice Care Ottawa","url":"https:\/\/www.hospicecareottawa.ca\/fr\/","logo":{"@type":"ImageObject","inLanguage":"fr-FR","@id":"https:\/\/www.hospicecareottawa.ca\/fr\/#\/schema\/logo\/image\/","url":"https:\/\/www.hospicecareottawa.ca\/wp-content\/uploads\/2024\/03\/footer_logo-en.png","contentUrl":"https:\/\/www.hospicecareottawa.ca\/wp-content\/uploads\/2024\/03\/footer_logo-en.png","width":180,"height":149,"caption":"Hospice Care Ottawa"},"image":{"@id":"https:\/\/www.hospicecareottawa.ca\/fr\/#\/schema\/logo\/image\/"},"sameAs":["https:\/\/x.com\/HospiceCareOtt"]}]}},"_links":{"self":[{"href":"https:\/\/www.hospicecareottawa.ca\/fr\/wp-json\/wp\/v2\/pages\/6027","targetHints":{"allow":["GET"]}}],"collection":[{"href":"https:\/\/www.hospicecareottawa.ca\/fr\/wp-json\/wp\/v2\/pages"}],"about":[{"href":"https:\/\/www.hospicecareottawa.ca\/fr\/wp-json\/wp\/v2\/types\/page"}],"author":[{"embeddable":true,"href":"https:\/\/www.hospicecareottawa.ca\/fr\/wp-json\/wp\/v2\/users\/1"}],"replies":[{"embeddable":true,"href":"https:\/\/www.hospicecareottawa.ca\/fr\/wp-json\/wp\/v2\/comments?post=6027"}],"version-history":[{"count":8,"href":"https:\/\/www.hospicecareottawa.ca\/fr\/wp-json\/wp\/v2\/pages\/6027\/revisions"}],"predecessor-version":[{"id":6503,"href":"https:\/\/www.hospicecareottawa.ca\/fr\/wp-json\/wp\/v2\/pages\/6027\/revisions\/6503"}],"up":[{"embeddable":true,"href":"https:\/\/www.hospicecareottawa.ca\/fr\/wp-json\/wp\/v2\/pages\/6026"}],"wp:attachment":[{"href":"https:\/\/www.hospicecareottawa.ca\/fr\/wp-json\/wp\/v2\/media?parent=6027"}],"curies":[{"name":"wp","href":"https:\/\/api.w.org\/{rel}","templated":true}]}}