{"id":6016,"date":"2024-03-27T15:20:38","date_gmt":"2024-03-27T15:20:38","guid":{"rendered":"https:\/\/www.hospicecareottawa.ca\/employment-opportunities\/volunteer\/"},"modified":"2026-02-11T18:45:13","modified_gmt":"2026-02-11T18:45:13","slug":"benevolat","status":"publish","type":"page","link":"https:\/\/www.hospicecareottawa.ca\/fr\/opportunites-demploi\/benevolat\/","title":{"rendered":"B\u00e9n\u00e9volat"},"content":{"rendered":"<div class=\"wpb-content-wrapper\"><p>[vc_row content_width=\u00a0\u00bbgrid\u00a0\u00bb css=\u00a0\u00bb.vc_custom_1711550329276{padding-top: 75px !important;padding-bottom: 75px !important;background-color: #799a3d !important;}\u00a0\u00bb][vc_column]<div class=\"mkdf-section-title-holder\">\n\t<h2 class=\"mkdf-section-title mkdf-section-title-medium\" style=\"color: #ffffff;text-align: left\">\n\tB\u00e9n\u00e9volat<\/h2>\n<\/div>[vc_column_text css=\u00a0\u00bb\u00a0\u00bb]<span style=\"color: #f2f2f2;\">La Maison de soins palliatifs d\u2019Ottawa ne pourrait pas fournir son soutien et ses services \u00e0 la collectivit\u00e9 sans la g\u00e9n\u00e9rosit\u00e9 et la d\u00e9votion de plus de 750 b\u00e9n\u00e9voles.<\/span>[\/vc_column_text][\/vc_column][\/vc_row][vc_row content_width=\u00a0\u00bbgrid\u00a0\u00bb css=\u00a0\u00bb.vc_custom_1753464927080{padding-top: 75px !important;padding-bottom: 75px !important;background-color: #FFFFFF !important;}\u00a0\u00bb][vc_column]<div class=\"mkdf-section-title-holder\">\n\t<h2 class=\"mkdf-section-title mkdf-section-title-medium\" style=\"color: #4B4B4B;text-align: left\">\n\tOpportunit\u00e9s actuelles de b\u00e9n\u00e9volat<\/h2>\n<\/div>[vc_column_text css=\u00a0\u00bb\u00a0\u00bb]<strong>Tricoteurs<\/strong> : La Maison de soins palliatifs d&rsquo;Ottawa recherche des b\u00e9n\u00e9voles pour tricoter des chandails destin\u00e9s \u00e0 la vente de nos ours en peluche, ainsi que des c\u0153urs pour notre programme \u00ab C\u0153ur \u00bb. Tous les mod\u00e8les seront fournis.<\/p>\n<p><strong>Chauffeurs<\/strong> : Nous recherchons des chauffeurs b\u00e9n\u00e9voles pour transporter les clients de notre centre de soins palliatifs de jour vers nos programmes les mardis, mercredis et jeudis. Les b\u00e9n\u00e9voles doivent \u00eatre disponibles pour amener les clients \u00e0 l&rsquo;hospice \u00e0 10 h et les ramener chez eux \u00e0 14 h.<\/p>\n<p><strong>B\u00e9n\u00e9voles bilingues<\/strong> : Notre site de la Maison de l&rsquo;Est recherche des b\u00e9n\u00e9voles bilingues pour aider \u00e0 l&rsquo;accueil. Les responsabilit\u00e9s comprennent l&rsquo;accueil et l&rsquo;orientation des visiteurs, ainsi que l&rsquo;aide \u00e0 diverses t\u00e2ches selon les besoins.[\/vc_column_text][vc_empty_space]<a href=\"https:\/\/form.simplesurvey.com\/f\/s\/HCO_application?lang=FR\" target=\"_self\"  class=\"mkdf-btn mkdf-btn-medium mkdf-btn-solid mkdf-btn-hover-outline\"  >\n\t\n\t\t<span class=\"mkdf-btn-text\">Cliquez ici pour postuler<\/span>\n<\/a>[\/vc_column][\/vc_row][vc_row row_type=\u00a0\u00bbparallax\u00a0\u00bb content_width=\u00a0\u00bbgrid\u00a0\u00bb full_screen_section_height=\u00a0\u00bbno\u00a0\u00bb css=\u00a0\u00bb.vc_custom_1711551844967{padding-top: 85px !important;padding-bottom: 85px !important;background-image: url(https:\/\/www.hospicecareottawa.ca\/wp-content\/uploads\/2024\/03\/what-is-hospice-pannel-yellow.jpg?id=4343) !important;}\u00a0\u00bb][vc_column][vc_column_text]<\/p>\n<h3 style=\"text-align: center; color: #f2f2f2;\"><strong>LISEZ CE QUE DISENT NOS B\u00c9N\u00c9VOLES:<\/strong><\/h3>\n<p>[\/vc_column_text]<div class=\"mkdf-testimonials-holder clearfix light\"><div class=\"mkdf-testimonials testimonials-slider\"><div id=\"mkdf-testimonials6282\" class=\"mkdf-testimonial-content testimonials-slider\">\n\t<div class=\"mkdf-testimonial-content-inner\">\n\t\t\t\t\t<div class= \"mkdf-container-inner\">\n\t\t\t\t<div class=\"mkdf-testimonial-text-holder\">\n\t\t\t<div class=\"mkdf-testimonial-text-inner light\">\n\t\t\t\t\t\t\t\t<p class=\"mkdf-testimonial-text\" style=\"padding-left: 200px;padding-right: 200px\">\u00ab Je suis vraiment contente d'avoir d\u00e9cid\u00e9 de faire du b\u00e9n\u00e9volat \u00e0 La Maison de soins palliatifs d\u2019Ottawa. Je me sens toujours heureuse en sortant du travail, c'est tellement inspirant et gratifiant! \u00bb<\/p>\n\t\t\t\t\t\t\t<\/div>\n\t\t<\/div>\n\n\t\t\t\t\t<\/div>\n\t\t\t<\/div>\n<\/div>\n<div id=\"mkdf-testimonials6284\" class=\"mkdf-testimonial-content testimonials-slider\">\n\t<div class=\"mkdf-testimonial-content-inner\">\n\t\t\t\t\t<div class= \"mkdf-container-inner\">\n\t\t\t\t<div class=\"mkdf-testimonial-text-holder\">\n\t\t\t<div class=\"mkdf-testimonial-text-inner light\">\n\t\t\t\t\t\t\t\t<p class=\"mkdf-testimonial-text\" style=\"padding-left: 200px;padding-right: 200px\">\u00ab Je suis vraiment heureuse de pouvoir faire du b\u00e9n\u00e9volat pour La Maison de soins palliatifs d\u2019Ottawa. C'est une exp\u00e9rience incroyablement enrichissante. \u00bb<\/p>\n\t\t\t\t\t\t\t<\/div>\n\t\t<\/div>\n\n\t\t\t\t\t<\/div>\n\t\t\t<\/div>\n<\/div>\n<div id=\"mkdf-testimonials6286\" class=\"mkdf-testimonial-content testimonials-slider\">\n\t<div class=\"mkdf-testimonial-content-inner\">\n\t\t\t\t\t<div class= \"mkdf-container-inner\">\n\t\t\t\t<div class=\"mkdf-testimonial-text-holder\">\n\t\t\t<div class=\"mkdf-testimonial-text-inner light\">\n\t\t\t\t\t\t\t\t<p class=\"mkdf-testimonial-text\" style=\"padding-left: 200px;padding-right: 200px\">\u00ab Il est tr\u00e8s gratifiant de travailler avec une \u00e9quipe de professionnels d\u00e9vou\u00e9s qui fournissent des soins si importants aux r\u00e9sidents et \u00e0 leur famille en cette p\u00e9riode tr\u00e8s difficile. \u00bb<\/p>\n\t\t\t\t\t\t\t<\/div>\n\t\t<\/div>\n\n\t\t\t\t\t<\/div>\n\t\t\t<\/div>\n<\/div>\n<div id=\"mkdf-testimonials6288\" class=\"mkdf-testimonial-content testimonials-slider\">\n\t<div class=\"mkdf-testimonial-content-inner\">\n\t\t\t\t\t<div class= \"mkdf-container-inner\">\n\t\t\t\t<div class=\"mkdf-testimonial-text-holder\">\n\t\t\t<div class=\"mkdf-testimonial-text-inner light\">\n\t\t\t\t\t\t\t\t<p class=\"mkdf-testimonial-text\" style=\"padding-left: 200px;padding-right: 200px\">\u00ab C'est un honneur de pouvoir faire ce travail. \u00bb<\/p>\n\t\t\t\t\t\t\t<\/div>\n\t\t<\/div>\n\n\t\t\t\t\t<\/div>\n\t\t\t<\/div>\n<\/div>\n<\/div><\/div>[\/vc_column][\/vc_row]<\/p>\n<\/div>","protected":false},"excerpt":{"rendered":"<p>[vc_row content_width=\u00a0\u00bbgrid\u00a0\u00bb css=\u00a0\u00bb.vc_custom_1711550329276{padding-top: 75px !important;padding-bottom: 75px !important;background-color: #799a3d !important;}\u00a0\u00bb][vc_column][vc_column_text css=\u00a0\u00bb\u00a0\u00bb]La Maison de soins palliatifs d\u2019Ottawa ne pourrait pas fournir son soutien et ses services \u00e0 la collectivit\u00e9 sans la g\u00e9n\u00e9rosit\u00e9 et la&#8230;<\/p>\n","protected":false},"author":1,"featured_media":0,"parent":6015,"menu_order":0,"comment_status":"closed","ping_status":"closed","template":"full-width.php","meta":{"_bbp_topic_count":0,"_bbp_reply_count":0,"_bbp_total_topic_count":0,"_bbp_total_reply_count":0,"_bbp_voice_count":0,"_bbp_anonymous_reply_count":0,"_bbp_topic_count_hidden":0,"_bbp_reply_count_hidden":0,"_bbp_forum_subforum_count":0,"footnotes":""},"class_list":["post-6016","page","type-page","status-publish","hentry"],"yoast_head":"<!-- This site is optimized with the Yoast SEO plugin v27.4 - https:\/\/yoast.com\/product\/yoast-seo-wordpress\/ -->\n<title>B\u00e9n\u00e9volat - Hospice Care Ottawa<\/title>\n<meta name=\"robots\" content=\"index, follow, max-snippet:-1, max-image-preview:large, max-video-preview:-1\" \/>\n<link rel=\"canonical\" href=\"https:\/\/www.hospicecareottawa.ca\/fr\/opportunites-demploi\/benevolat\/\" \/>\n<meta property=\"og:locale\" content=\"fr_FR\" \/>\n<meta property=\"og:type\" content=\"article\" \/>\n<meta property=\"og:title\" content=\"B\u00e9n\u00e9volat - Hospice Care Ottawa\" \/>\n<meta property=\"og:description\" content=\"[vc_row content_width=\u00a0\u00bbgrid\u00a0\u00bb css=\u00a0\u00bb.vc_custom_1711550329276{padding-top: 75px !important;padding-bottom: 75px !important;background-color: #799a3d !important;}\u00a0\u00bb][vc_column][vc_column_text css=\u00a0\u00bb\u00a0\u00bb]La Maison de soins palliatifs d\u2019Ottawa ne pourrait pas fournir son soutien et ses services \u00e0 la collectivit\u00e9 sans la g\u00e9n\u00e9rosit\u00e9 et la...\" \/>\n<meta property=\"og:url\" content=\"https:\/\/www.hospicecareottawa.ca\/fr\/opportunites-demploi\/benevolat\/\" \/>\n<meta property=\"og:site_name\" content=\"Hospice Care Ottawa\" \/>\n<meta property=\"article:modified_time\" content=\"2026-02-11T18:45:13+00:00\" \/>\n<meta property=\"og:image\" content=\"https:\/\/www.hospicecareottawa.ca\/wp-content\/uploads\/2024\/03\/footer_logo-en.png\" \/>\n\t<meta property=\"og:image:width\" content=\"180\" \/>\n\t<meta property=\"og:image:height\" content=\"149\" \/>\n\t<meta property=\"og:image:type\" content=\"image\/png\" \/>\n<meta name=\"twitter:card\" content=\"summary_large_image\" \/>\n<meta name=\"twitter:site\" content=\"@HospiceCareOtt\" \/>\n<meta name=\"twitter:label1\" content=\"Dur\u00e9e de lecture estim\u00e9e\" \/>\n\t<meta name=\"twitter:data1\" content=\"1 minute\" \/>\n<script type=\"application\/ld+json\" class=\"yoast-schema-graph\">{\"@context\":\"https:\\\/\\\/schema.org\",\"@graph\":[{\"@type\":\"WebPage\",\"@id\":\"https:\\\/\\\/www.hospicecareottawa.ca\\\/fr\\\/opportunites-demploi\\\/benevolat\\\/\",\"url\":\"https:\\\/\\\/www.hospicecareottawa.ca\\\/fr\\\/opportunites-demploi\\\/benevolat\\\/\",\"name\":\"B\u00e9n\u00e9volat - Hospice Care Ottawa\",\"isPartOf\":{\"@id\":\"https:\\\/\\\/www.hospicecareottawa.ca\\\/fr\\\/#website\"},\"datePublished\":\"2024-03-27T15:20:38+00:00\",\"dateModified\":\"2026-02-11T18:45:13+00:00\",\"breadcrumb\":{\"@id\":\"https:\\\/\\\/www.hospicecareottawa.ca\\\/fr\\\/opportunites-demploi\\\/benevolat\\\/#breadcrumb\"},\"inLanguage\":\"fr-FR\",\"potentialAction\":[{\"@type\":\"ReadAction\",\"target\":[\"https:\\\/\\\/www.hospicecareottawa.ca\\\/fr\\\/opportunites-demploi\\\/benevolat\\\/\"]}]},{\"@type\":\"BreadcrumbList\",\"@id\":\"https:\\\/\\\/www.hospicecareottawa.ca\\\/fr\\\/opportunites-demploi\\\/benevolat\\\/#breadcrumb\",\"itemListElement\":[{\"@type\":\"ListItem\",\"position\":1,\"name\":\"Home\",\"item\":\"https:\\\/\\\/www.hospicecareottawa.ca\\\/fr\\\/\"},{\"@type\":\"ListItem\",\"position\":2,\"name\":\"Opportunit\u00e9s d&#8217;emploi\",\"item\":\"https:\\\/\\\/www.hospicecareottawa.ca\\\/fr\\\/opportunites-demploi\\\/\"},{\"@type\":\"ListItem\",\"position\":3,\"name\":\"B\u00e9n\u00e9volat\"}]},{\"@type\":\"WebSite\",\"@id\":\"https:\\\/\\\/www.hospicecareottawa.ca\\\/fr\\\/#website\",\"url\":\"https:\\\/\\\/www.hospicecareottawa.ca\\\/fr\\\/\",\"name\":\"Hospice Care Ottawa\",\"description\":\"Promouvoir une qualit\u00e9 de vie, la compassion dans la mort et le soutien dans le deuil pour les personnes dans le besoin au sein de notre communaut\u00e9.\",\"publisher\":{\"@id\":\"https:\\\/\\\/www.hospicecareottawa.ca\\\/fr\\\/#organization\"},\"potentialAction\":[{\"@type\":\"SearchAction\",\"target\":{\"@type\":\"EntryPoint\",\"urlTemplate\":\"https:\\\/\\\/www.hospicecareottawa.ca\\\/fr\\\/?s={search_term_string}\"},\"query-input\":{\"@type\":\"PropertyValueSpecification\",\"valueRequired\":true,\"valueName\":\"search_term_string\"}}],\"inLanguage\":\"fr-FR\"},{\"@type\":\"Organization\",\"@id\":\"https:\\\/\\\/www.hospicecareottawa.ca\\\/fr\\\/#organization\",\"name\":\"Hospice Care Ottawa\",\"url\":\"https:\\\/\\\/www.hospicecareottawa.ca\\\/fr\\\/\",\"logo\":{\"@type\":\"ImageObject\",\"inLanguage\":\"fr-FR\",\"@id\":\"https:\\\/\\\/www.hospicecareottawa.ca\\\/fr\\\/#\\\/schema\\\/logo\\\/image\\\/\",\"url\":\"https:\\\/\\\/www.hospicecareottawa.ca\\\/wp-content\\\/uploads\\\/2024\\\/03\\\/footer_logo-en.png\",\"contentUrl\":\"https:\\\/\\\/www.hospicecareottawa.ca\\\/wp-content\\\/uploads\\\/2024\\\/03\\\/footer_logo-en.png\",\"width\":180,\"height\":149,\"caption\":\"Hospice Care Ottawa\"},\"image\":{\"@id\":\"https:\\\/\\\/www.hospicecareottawa.ca\\\/fr\\\/#\\\/schema\\\/logo\\\/image\\\/\"},\"sameAs\":[\"https:\\\/\\\/x.com\\\/HospiceCareOtt\"]}]}<\/script>\n<!-- \/ Yoast SEO plugin. -->","yoast_head_json":{"title":"B\u00e9n\u00e9volat - Hospice Care Ottawa","robots":{"index":"index","follow":"follow","max-snippet":"max-snippet:-1","max-image-preview":"max-image-preview:large","max-video-preview":"max-video-preview:-1"},"canonical":"https:\/\/www.hospicecareottawa.ca\/fr\/opportunites-demploi\/benevolat\/","og_locale":"fr_FR","og_type":"article","og_title":"B\u00e9n\u00e9volat - Hospice Care Ottawa","og_description":"[vc_row content_width=\u00a0\u00bbgrid\u00a0\u00bb css=\u00a0\u00bb.vc_custom_1711550329276{padding-top: 75px !important;padding-bottom: 75px !important;background-color: #799a3d !important;}\u00a0\u00bb][vc_column][vc_column_text css=\u00a0\u00bb\u00a0\u00bb]La Maison de soins palliatifs d\u2019Ottawa ne pourrait pas fournir son soutien et ses services \u00e0 la collectivit\u00e9 sans la g\u00e9n\u00e9rosit\u00e9 et la...","og_url":"https:\/\/www.hospicecareottawa.ca\/fr\/opportunites-demploi\/benevolat\/","og_site_name":"Hospice Care Ottawa","article_modified_time":"2026-02-11T18:45:13+00:00","og_image":[{"width":180,"height":149,"url":"https:\/\/www.hospicecareottawa.ca\/wp-content\/uploads\/2024\/03\/footer_logo-en.png","type":"image\/png"}],"twitter_card":"summary_large_image","twitter_site":"@HospiceCareOtt","twitter_misc":{"Dur\u00e9e de lecture estim\u00e9e":"1 minute"},"schema":{"@context":"https:\/\/schema.org","@graph":[{"@type":"WebPage","@id":"https:\/\/www.hospicecareottawa.ca\/fr\/opportunites-demploi\/benevolat\/","url":"https:\/\/www.hospicecareottawa.ca\/fr\/opportunites-demploi\/benevolat\/","name":"B\u00e9n\u00e9volat - Hospice Care Ottawa","isPartOf":{"@id":"https:\/\/www.hospicecareottawa.ca\/fr\/#website"},"datePublished":"2024-03-27T15:20:38+00:00","dateModified":"2026-02-11T18:45:13+00:00","breadcrumb":{"@id":"https:\/\/www.hospicecareottawa.ca\/fr\/opportunites-demploi\/benevolat\/#breadcrumb"},"inLanguage":"fr-FR","potentialAction":[{"@type":"ReadAction","target":["https:\/\/www.hospicecareottawa.ca\/fr\/opportunites-demploi\/benevolat\/"]}]},{"@type":"BreadcrumbList","@id":"https:\/\/www.hospicecareottawa.ca\/fr\/opportunites-demploi\/benevolat\/#breadcrumb","itemListElement":[{"@type":"ListItem","position":1,"name":"Home","item":"https:\/\/www.hospicecareottawa.ca\/fr\/"},{"@type":"ListItem","position":2,"name":"Opportunit\u00e9s d&#8217;emploi","item":"https:\/\/www.hospicecareottawa.ca\/fr\/opportunites-demploi\/"},{"@type":"ListItem","position":3,"name":"B\u00e9n\u00e9volat"}]},{"@type":"WebSite","@id":"https:\/\/www.hospicecareottawa.ca\/fr\/#website","url":"https:\/\/www.hospicecareottawa.ca\/fr\/","name":"Hospice Care Ottawa","description":"Promouvoir une qualit\u00e9 de vie, la compassion dans la mort et le soutien dans le deuil pour les personnes dans le besoin au sein de notre communaut\u00e9.","publisher":{"@id":"https:\/\/www.hospicecareottawa.ca\/fr\/#organization"},"potentialAction":[{"@type":"SearchAction","target":{"@type":"EntryPoint","urlTemplate":"https:\/\/www.hospicecareottawa.ca\/fr\/?s={search_term_string}"},"query-input":{"@type":"PropertyValueSpecification","valueRequired":true,"valueName":"search_term_string"}}],"inLanguage":"fr-FR"},{"@type":"Organization","@id":"https:\/\/www.hospicecareottawa.ca\/fr\/#organization","name":"Hospice Care Ottawa","url":"https:\/\/www.hospicecareottawa.ca\/fr\/","logo":{"@type":"ImageObject","inLanguage":"fr-FR","@id":"https:\/\/www.hospicecareottawa.ca\/fr\/#\/schema\/logo\/image\/","url":"https:\/\/www.hospicecareottawa.ca\/wp-content\/uploads\/2024\/03\/footer_logo-en.png","contentUrl":"https:\/\/www.hospicecareottawa.ca\/wp-content\/uploads\/2024\/03\/footer_logo-en.png","width":180,"height":149,"caption":"Hospice Care Ottawa"},"image":{"@id":"https:\/\/www.hospicecareottawa.ca\/fr\/#\/schema\/logo\/image\/"},"sameAs":["https:\/\/x.com\/HospiceCareOtt"]}]}},"_links":{"self":[{"href":"https:\/\/www.hospicecareottawa.ca\/fr\/wp-json\/wp\/v2\/pages\/6016","targetHints":{"allow":["GET"]}}],"collection":[{"href":"https:\/\/www.hospicecareottawa.ca\/fr\/wp-json\/wp\/v2\/pages"}],"about":[{"href":"https:\/\/www.hospicecareottawa.ca\/fr\/wp-json\/wp\/v2\/types\/page"}],"author":[{"embeddable":true,"href":"https:\/\/www.hospicecareottawa.ca\/fr\/wp-json\/wp\/v2\/users\/1"}],"replies":[{"embeddable":true,"href":"https:\/\/www.hospicecareottawa.ca\/fr\/wp-json\/wp\/v2\/comments?post=6016"}],"version-history":[{"count":20,"href":"https:\/\/www.hospicecareottawa.ca\/fr\/wp-json\/wp\/v2\/pages\/6016\/revisions"}],"predecessor-version":[{"id":7852,"href":"https:\/\/www.hospicecareottawa.ca\/fr\/wp-json\/wp\/v2\/pages\/6016\/revisions\/7852"}],"up":[{"embeddable":true,"href":"https:\/\/www.hospicecareottawa.ca\/fr\/wp-json\/wp\/v2\/pages\/6015"}],"wp:attachment":[{"href":"https:\/\/www.hospicecareottawa.ca\/fr\/wp-json\/wp\/v2\/media?parent=6016"}],"curies":[{"name":"wp","href":"https:\/\/api.w.org\/{rel}","templated":true}]}}