{"id":6015,"date":"2024-03-27T14:36:07","date_gmt":"2024-03-27T14:36:07","guid":{"rendered":"https:\/\/www.hospicecareottawa.ca\/employment-opportunities\/"},"modified":"2024-05-14T18:30:17","modified_gmt":"2024-05-14T18:30:17","slug":"opportunites-demploi","status":"publish","type":"page","link":"https:\/\/www.hospicecareottawa.ca\/fr\/opportunites-demploi\/","title":{"rendered":"Opportunit\u00e9s d&#8217;emploi"},"content":{"rendered":"<div class=\"wpb-content-wrapper\"><p>[vc_row content_width=\u00a0\u00bbgrid\u00a0\u00bb css=\u00a0\u00bb.vc_custom_1711550660436{padding-top: 75px !important;padding-bottom: 75px !important;}\u00a0\u00bb][vc_column]<div class=\"mkdf-section-title-holder\">\n\t<h2 class=\"mkdf-section-title mkdf-section-title-medium\" style=\"color: #5a1f30;text-align: left\">\n\tOpportunit\u00e9s d&#039;emploi actuelles<\/h2>\n<\/div>[vc_column_text]<\/p>\n<div id=\"HumiJobBoard\" data-company=\"hospicecareottawa\"><\/div>\n<p><script src=\"https:\/\/hospicecareottawa.applytojobs.ca\/embed.js\" async defer><\/script>[\/vc_column_text][\/vc_column][\/vc_row][vc_row content_width=\u00a0\u00bbgrid\u00a0\u00bb css=\u00a0\u00bb.vc_custom_1711550329276{padding-top: 75px !important;padding-bottom: 75px !important;background-color: #799a3d !important;}\u00a0\u00bb][vc_column]<div class=\"mkdf-section-title-holder\">\n\t<h2 class=\"mkdf-section-title mkdf-section-title-medium\" style=\"color: #ffffff;text-align: left\">\n\tOpportunit\u00e9s d&#039;emploi<\/h2>\n<\/div>[vc_column_text]<strong><span style=\"color: #f2f2f2;\">Merci de votre int\u00e9r\u00eat \u00e0 joindre l&rsquo;incroyable \u00e9quipe de La Maison de soins palliative d\u2019Ottawa.<\/span><br role=\"presentation\" data-uw-rm-sr=\"\" \/>\u200b<\/strong><br role=\"presentation\" data-uw-rm-sr=\"\" \/><span style=\"color: #f2f2f2;\">Nous recherchons des personnes compatissantes et passionn\u00e9es par la prestation, du plus haut niveau de soins et de confort, en mati\u00e8re de soins palliatifs et de fin de vie. Nos employ\u00e9s am\u00e9liorent la vie des personnes atteintes de maladies limitant l\u2019esp\u00e9rance de vie et de leurs familles, \u00e0 une \u00e9tape de la vie o\u00f9 des soins empreints de compassion sont les plus n\u00e9cessaires.<\/span>\u00a0<br role=\"presentation\" data-uw-rm-sr=\"\" \/><br role=\"presentation\" data-uw-rm-sr=\"\" \/><span style=\"color: #f2f2f2;\">Qu&rsquo;ils soient en premi\u00e8re ligne ou qu&rsquo;ils apportent leur aide \u00e0 l&rsquo;administration ou aux installations, tous les membres de notre \u00e9quipe sont des professionnels attentifs qui s&rsquo;engagent \u00e0 fournir un service de qualit\u00e9 \u00e0 la client\u00e8le et \u00e0 contribuer \u00e0 l&rsquo;instauration d&rsquo;un environnement de travail respectueux.<\/span>[\/vc_column_text][\/vc_column][\/vc_row][vc_row row_type=\u00a0\u00bbparallax\u00a0\u00bb content_width=\u00a0\u00bbgrid\u00a0\u00bb full_screen_section_height=\u00a0\u00bbno\u00a0\u00bb css=\u00a0\u00bb.vc_custom_1711551844967{padding-top: 85px !important;padding-bottom: 85px !important;background-image: url(https:\/\/www.hospicecareottawa.ca\/wp-content\/uploads\/2024\/03\/what-is-hospice-pannel-yellow.jpg?id=4343) !important;}\u00a0\u00bb][vc_column][vc_column_text]<\/p>\n<h3 style=\"text-align: center; color: #f2f2f2;\">\u00ab\u00a0Votre \u00e9quipe a \u00e9t\u00e9 vraiment formidable pendant le s\u00e9jour de mon p\u00e8re \u00e0 la maison de soins palliatifs. Les infirmi\u00e8res, le personnel et les b\u00e9n\u00e9voles ont vraiment veill\u00e9 \u00e0 ce que mon p\u00e8re re\u00e7oive les meilleurs soins possibles. C&rsquo;\u00e9tait tr\u00e8s r\u00e9confortant de savoir que nous \u00e9tions tous entre de bonnes mains.\u00a0\u00bb<\/h3>\n<p>[\/vc_column_text][\/vc_column][\/vc_row]<\/p>\n<\/div>","protected":false},"excerpt":{"rendered":"<p>[vc_row content_width=\u00a0\u00bbgrid\u00a0\u00bb css=\u00a0\u00bb.vc_custom_1711550660436{padding-top: 75px !important;padding-bottom: 75px !important;}\u00a0\u00bb][vc_column][vc_column_text] [\/vc_column_text][\/vc_column][\/vc_row][vc_row content_width=\u00a0\u00bbgrid\u00a0\u00bb css=\u00a0\u00bb.vc_custom_1711550329276{padding-top: 75px !important;padding-bottom: 75px !important;background-color: #799a3d !important;}\u00a0\u00bb][vc_column][vc_column_text]Merci de votre int\u00e9r\u00eat \u00e0 joindre l&rsquo;incroyable \u00e9quipe de La Maison de soins palliative d\u2019Ottawa.\u200bNous recherchons des&#8230;<\/p>\n","protected":false},"author":1,"featured_media":0,"parent":0,"menu_order":0,"comment_status":"closed","ping_status":"closed","template":"full-width.php","meta":{"_bbp_topic_count":0,"_bbp_reply_count":0,"_bbp_total_topic_count":0,"_bbp_total_reply_count":0,"_bbp_voice_count":0,"_bbp_anonymous_reply_count":0,"_bbp_topic_count_hidden":0,"_bbp_reply_count_hidden":0,"_bbp_forum_subforum_count":0,"footnotes":""},"class_list":["post-6015","page","type-page","status-publish","hentry"],"yoast_head":"<!-- This site is optimized with the Yoast SEO plugin v27.4 - https:\/\/yoast.com\/product\/yoast-seo-wordpress\/ -->\n<title>Opportunit\u00e9s d&#039;emploi - Hospice Care Ottawa<\/title>\n<meta name=\"robots\" content=\"index, follow, max-snippet:-1, max-image-preview:large, max-video-preview:-1\" \/>\n<link rel=\"canonical\" href=\"https:\/\/www.hospicecareottawa.ca\/fr\/opportunites-demploi\/\" \/>\n<meta property=\"og:locale\" content=\"fr_FR\" \/>\n<meta property=\"og:type\" content=\"article\" \/>\n<meta property=\"og:title\" content=\"Opportunit\u00e9s d&#039;emploi - Hospice Care Ottawa\" \/>\n<meta property=\"og:description\" content=\"[vc_row content_width=\u00a0\u00bbgrid\u00a0\u00bb css=\u00a0\u00bb.vc_custom_1711550660436{padding-top: 75px !important;padding-bottom: 75px !important;}\u00a0\u00bb][vc_column][vc_column_text] [\/vc_column_text][\/vc_column][\/vc_row][vc_row content_width=\u00a0\u00bbgrid\u00a0\u00bb css=\u00a0\u00bb.vc_custom_1711550329276{padding-top: 75px !important;padding-bottom: 75px !important;background-color: #799a3d !important;}\u00a0\u00bb][vc_column][vc_column_text]Merci de votre int\u00e9r\u00eat \u00e0 joindre l&rsquo;incroyable \u00e9quipe de La Maison de soins palliative d\u2019Ottawa.\u200bNous recherchons des...\" \/>\n<meta property=\"og:url\" content=\"https:\/\/www.hospicecareottawa.ca\/fr\/opportunites-demploi\/\" \/>\n<meta property=\"og:site_name\" content=\"Hospice Care Ottawa\" \/>\n<meta property=\"article:modified_time\" content=\"2024-05-14T18:30:17+00:00\" \/>\n<meta property=\"og:image\" content=\"https:\/\/www.hospicecareottawa.ca\/wp-content\/uploads\/2024\/03\/footer_logo-en.png\" \/>\n\t<meta property=\"og:image:width\" content=\"180\" \/>\n\t<meta property=\"og:image:height\" content=\"149\" \/>\n\t<meta property=\"og:image:type\" content=\"image\/png\" \/>\n<meta name=\"twitter:card\" content=\"summary_large_image\" \/>\n<meta name=\"twitter:site\" content=\"@HospiceCareOtt\" \/>\n<meta name=\"twitter:label1\" content=\"Dur\u00e9e de lecture estim\u00e9e\" \/>\n\t<meta name=\"twitter:data1\" content=\"2 minutes\" \/>\n<script type=\"application\/ld+json\" class=\"yoast-schema-graph\">{\"@context\":\"https:\\\/\\\/schema.org\",\"@graph\":[{\"@type\":\"WebPage\",\"@id\":\"https:\\\/\\\/www.hospicecareottawa.ca\\\/fr\\\/opportunites-demploi\\\/\",\"url\":\"https:\\\/\\\/www.hospicecareottawa.ca\\\/fr\\\/opportunites-demploi\\\/\",\"name\":\"Opportunit\u00e9s d'emploi - Hospice Care Ottawa\",\"isPartOf\":{\"@id\":\"https:\\\/\\\/www.hospicecareottawa.ca\\\/fr\\\/#website\"},\"datePublished\":\"2024-03-27T14:36:07+00:00\",\"dateModified\":\"2024-05-14T18:30:17+00:00\",\"breadcrumb\":{\"@id\":\"https:\\\/\\\/www.hospicecareottawa.ca\\\/fr\\\/opportunites-demploi\\\/#breadcrumb\"},\"inLanguage\":\"fr-FR\",\"potentialAction\":[{\"@type\":\"ReadAction\",\"target\":[\"https:\\\/\\\/www.hospicecareottawa.ca\\\/fr\\\/opportunites-demploi\\\/\"]}]},{\"@type\":\"BreadcrumbList\",\"@id\":\"https:\\\/\\\/www.hospicecareottawa.ca\\\/fr\\\/opportunites-demploi\\\/#breadcrumb\",\"itemListElement\":[{\"@type\":\"ListItem\",\"position\":1,\"name\":\"Home\",\"item\":\"https:\\\/\\\/www.hospicecareottawa.ca\\\/fr\\\/\"},{\"@type\":\"ListItem\",\"position\":2,\"name\":\"Opportunit\u00e9s d&#8217;emploi\"}]},{\"@type\":\"WebSite\",\"@id\":\"https:\\\/\\\/www.hospicecareottawa.ca\\\/fr\\\/#website\",\"url\":\"https:\\\/\\\/www.hospicecareottawa.ca\\\/fr\\\/\",\"name\":\"Hospice Care Ottawa\",\"description\":\"Promouvoir une qualit\u00e9 de vie, la compassion dans la mort et le soutien dans le deuil pour les personnes dans le besoin au sein de notre communaut\u00e9.\",\"publisher\":{\"@id\":\"https:\\\/\\\/www.hospicecareottawa.ca\\\/fr\\\/#organization\"},\"potentialAction\":[{\"@type\":\"SearchAction\",\"target\":{\"@type\":\"EntryPoint\",\"urlTemplate\":\"https:\\\/\\\/www.hospicecareottawa.ca\\\/fr\\\/?s={search_term_string}\"},\"query-input\":{\"@type\":\"PropertyValueSpecification\",\"valueRequired\":true,\"valueName\":\"search_term_string\"}}],\"inLanguage\":\"fr-FR\"},{\"@type\":\"Organization\",\"@id\":\"https:\\\/\\\/www.hospicecareottawa.ca\\\/fr\\\/#organization\",\"name\":\"Hospice Care Ottawa\",\"url\":\"https:\\\/\\\/www.hospicecareottawa.ca\\\/fr\\\/\",\"logo\":{\"@type\":\"ImageObject\",\"inLanguage\":\"fr-FR\",\"@id\":\"https:\\\/\\\/www.hospicecareottawa.ca\\\/fr\\\/#\\\/schema\\\/logo\\\/image\\\/\",\"url\":\"https:\\\/\\\/www.hospicecareottawa.ca\\\/wp-content\\\/uploads\\\/2024\\\/03\\\/footer_logo-en.png\",\"contentUrl\":\"https:\\\/\\\/www.hospicecareottawa.ca\\\/wp-content\\\/uploads\\\/2024\\\/03\\\/footer_logo-en.png\",\"width\":180,\"height\":149,\"caption\":\"Hospice Care Ottawa\"},\"image\":{\"@id\":\"https:\\\/\\\/www.hospicecareottawa.ca\\\/fr\\\/#\\\/schema\\\/logo\\\/image\\\/\"},\"sameAs\":[\"https:\\\/\\\/x.com\\\/HospiceCareOtt\"]}]}<\/script>\n<!-- \/ Yoast SEO plugin. -->","yoast_head_json":{"title":"Opportunit\u00e9s d'emploi - Hospice Care Ottawa","robots":{"index":"index","follow":"follow","max-snippet":"max-snippet:-1","max-image-preview":"max-image-preview:large","max-video-preview":"max-video-preview:-1"},"canonical":"https:\/\/www.hospicecareottawa.ca\/fr\/opportunites-demploi\/","og_locale":"fr_FR","og_type":"article","og_title":"Opportunit\u00e9s d'emploi - Hospice Care Ottawa","og_description":"[vc_row content_width=\u00a0\u00bbgrid\u00a0\u00bb css=\u00a0\u00bb.vc_custom_1711550660436{padding-top: 75px !important;padding-bottom: 75px !important;}\u00a0\u00bb][vc_column][vc_column_text] [\/vc_column_text][\/vc_column][\/vc_row][vc_row content_width=\u00a0\u00bbgrid\u00a0\u00bb css=\u00a0\u00bb.vc_custom_1711550329276{padding-top: 75px !important;padding-bottom: 75px !important;background-color: #799a3d !important;}\u00a0\u00bb][vc_column][vc_column_text]Merci de votre int\u00e9r\u00eat \u00e0 joindre l&rsquo;incroyable \u00e9quipe de La Maison de soins palliative d\u2019Ottawa.\u200bNous recherchons des...","og_url":"https:\/\/www.hospicecareottawa.ca\/fr\/opportunites-demploi\/","og_site_name":"Hospice Care Ottawa","article_modified_time":"2024-05-14T18:30:17+00:00","og_image":[{"width":180,"height":149,"url":"https:\/\/www.hospicecareottawa.ca\/wp-content\/uploads\/2024\/03\/footer_logo-en.png","type":"image\/png"}],"twitter_card":"summary_large_image","twitter_site":"@HospiceCareOtt","twitter_misc":{"Dur\u00e9e de lecture estim\u00e9e":"2 minutes"},"schema":{"@context":"https:\/\/schema.org","@graph":[{"@type":"WebPage","@id":"https:\/\/www.hospicecareottawa.ca\/fr\/opportunites-demploi\/","url":"https:\/\/www.hospicecareottawa.ca\/fr\/opportunites-demploi\/","name":"Opportunit\u00e9s d'emploi - Hospice Care Ottawa","isPartOf":{"@id":"https:\/\/www.hospicecareottawa.ca\/fr\/#website"},"datePublished":"2024-03-27T14:36:07+00:00","dateModified":"2024-05-14T18:30:17+00:00","breadcrumb":{"@id":"https:\/\/www.hospicecareottawa.ca\/fr\/opportunites-demploi\/#breadcrumb"},"inLanguage":"fr-FR","potentialAction":[{"@type":"ReadAction","target":["https:\/\/www.hospicecareottawa.ca\/fr\/opportunites-demploi\/"]}]},{"@type":"BreadcrumbList","@id":"https:\/\/www.hospicecareottawa.ca\/fr\/opportunites-demploi\/#breadcrumb","itemListElement":[{"@type":"ListItem","position":1,"name":"Home","item":"https:\/\/www.hospicecareottawa.ca\/fr\/"},{"@type":"ListItem","position":2,"name":"Opportunit\u00e9s d&#8217;emploi"}]},{"@type":"WebSite","@id":"https:\/\/www.hospicecareottawa.ca\/fr\/#website","url":"https:\/\/www.hospicecareottawa.ca\/fr\/","name":"Hospice Care Ottawa","description":"Promouvoir une qualit\u00e9 de vie, la compassion dans la mort et le soutien dans le deuil pour les personnes dans le besoin au sein de notre communaut\u00e9.","publisher":{"@id":"https:\/\/www.hospicecareottawa.ca\/fr\/#organization"},"potentialAction":[{"@type":"SearchAction","target":{"@type":"EntryPoint","urlTemplate":"https:\/\/www.hospicecareottawa.ca\/fr\/?s={search_term_string}"},"query-input":{"@type":"PropertyValueSpecification","valueRequired":true,"valueName":"search_term_string"}}],"inLanguage":"fr-FR"},{"@type":"Organization","@id":"https:\/\/www.hospicecareottawa.ca\/fr\/#organization","name":"Hospice Care Ottawa","url":"https:\/\/www.hospicecareottawa.ca\/fr\/","logo":{"@type":"ImageObject","inLanguage":"fr-FR","@id":"https:\/\/www.hospicecareottawa.ca\/fr\/#\/schema\/logo\/image\/","url":"https:\/\/www.hospicecareottawa.ca\/wp-content\/uploads\/2024\/03\/footer_logo-en.png","contentUrl":"https:\/\/www.hospicecareottawa.ca\/wp-content\/uploads\/2024\/03\/footer_logo-en.png","width":180,"height":149,"caption":"Hospice Care Ottawa"},"image":{"@id":"https:\/\/www.hospicecareottawa.ca\/fr\/#\/schema\/logo\/image\/"},"sameAs":["https:\/\/x.com\/HospiceCareOtt"]}]}},"_links":{"self":[{"href":"https:\/\/www.hospicecareottawa.ca\/fr\/wp-json\/wp\/v2\/pages\/6015","targetHints":{"allow":["GET"]}}],"collection":[{"href":"https:\/\/www.hospicecareottawa.ca\/fr\/wp-json\/wp\/v2\/pages"}],"about":[{"href":"https:\/\/www.hospicecareottawa.ca\/fr\/wp-json\/wp\/v2\/types\/page"}],"author":[{"embeddable":true,"href":"https:\/\/www.hospicecareottawa.ca\/fr\/wp-json\/wp\/v2\/users\/1"}],"replies":[{"embeddable":true,"href":"https:\/\/www.hospicecareottawa.ca\/fr\/wp-json\/wp\/v2\/comments?post=6015"}],"version-history":[{"count":8,"href":"https:\/\/www.hospicecareottawa.ca\/fr\/wp-json\/wp\/v2\/pages\/6015\/revisions"}],"predecessor-version":[{"id":6548,"href":"https:\/\/www.hospicecareottawa.ca\/fr\/wp-json\/wp\/v2\/pages\/6015\/revisions\/6548"}],"wp:attachment":[{"href":"https:\/\/www.hospicecareottawa.ca\/fr\/wp-json\/wp\/v2\/media?parent=6015"}],"curies":[{"name":"wp","href":"https:\/\/api.w.org\/{rel}","templated":true}]}}