{"id":6008,"date":"2024-03-26T19:43:03","date_gmt":"2024-03-26T19:43:03","guid":{"rendered":"https:\/\/www.hospicecareottawa.ca\/get-involved\/fundraise-for-us\/"},"modified":"2024-04-18T15:52:40","modified_gmt":"2024-04-18T15:52:40","slug":"collectez-des-fonds-pour-nous","status":"publish","type":"page","link":"https:\/\/www.hospicecareottawa.ca\/fr\/engagez-vous\/collectez-des-fonds-pour-nous\/","title":{"rendered":"Collectez des fonds pour nous"},"content":{"rendered":"<div class=\"wpb-content-wrapper\"><p>[vc_row content_width=\u00a0\u00bbgrid\u00a0\u00bb css=\u00a0\u00bb.vc_custom_1711545605920{padding-top: 75px !important;padding-bottom: 75px !important;background-color: #79993d !important;}\u00a0\u00bb][vc_column]<div class=\"mkdf-section-title-holder\">\n\t<h2 class=\"mkdf-section-title mkdf-section-title-medium\" style=\"color: #ffffff;text-align: left\">\n\tOrganisez une collecte de fonds pour nous<\/h2>\n<\/div>[vc_column_text]<\/p>\n<div class=\"paragraph\" style=\"color: #ffffff;\">Nous vous remercions d&rsquo;avoir pens\u00e9 \u00e0 La Maison de soins palliatifs d\u2019Ottawa dans le cadre de votre travail acharn\u00e9 de collecte de fonds et de sensibilisation. Nous appr\u00e9cions beaucoup les campagnes et les \u00e9v\u00e9nements communautaires qui recueillent des fonds pour nous soutenir et pour sensibiliser le public \u00e0 nos programmes et \u00e0 nos services. Il existe de nombreuses fa\u00e7ons de d\u00e9montrer votre soutien \u00e0 La Maison de soins palliatifs d\u2019Ottawa, mais l&rsquo;organisation d&rsquo;une campagne ou d&rsquo;un \u00e9v\u00e9nement en notre nom est s\u00fbre d&rsquo;\u00eatre la plus divertissante!<br role=\"presentation\" data-uw-rm-sr=\"\" \/><br role=\"presentation\" data-uw-rm-sr=\"\" \/>Pour en savoir plus sur les campagnes de Heart of Hospice, veuillez cliquer ici. (Lien \u00e0 venir)<br role=\"presentation\" data-uw-rm-sr=\"\" \/><br role=\"presentation\" data-uw-rm-sr=\"\" \/>L&rsquo;organisation d&rsquo;un \u00e9v\u00e9nement exige beaucoup de temps et de ressources. Si vous pr\u00e9f\u00e9rez organiser un \u00e9v\u00e9nement plut\u00f4t qu&rsquo;une campagne, veuillez\u00a0<span style=\"text-decoration: underline;\"><a style=\"color: #ffffff; text-decoration: underline;\" href=\"mailto:taylor.mueller@hospicecareottawa.ca\" aria-label=\"send an email to taylor.mueller@hospicecareottawa.ca\" data-uw-rm-vglnk=\"\">communiquer avec nous<\/a><\/span>\u00a0pour nous pr\u00e9senter vos id\u00e9es.<br role=\"presentation\" data-uw-rm-sr=\"\" \/>\u200b<br role=\"presentation\" data-uw-rm-sr=\"\" \/>Comme nous sommes un organisme de bienfaisance enregistr\u00e9 et que nous jouissons d&rsquo;une excellente r\u00e9putation dans la collectivit\u00e9, nous tenons \u00e0 respecter les directives de l&rsquo;Agence du revenu du Canada en collectant des fonds et en d\u00e9livrant nos re\u00e7us aux donateurs. Nous vous aiderons donc \u00e0 \u00e9laborer un plan pour votre \u00e9v\u00e9nement afin d\u2019en assurer le succ\u00e8s.<\/div>\n<p>[\/vc_column_text][\/vc_column][\/vc_row][vc_row content_width=\u00a0\u00bbgrid\u00a0\u00bb css=\u00a0\u00bb.vc_custom_1711545639920{padding-top: 75px !important;padding-bottom: 75px !important;}\u00a0\u00bb][vc_column]<div class=\"mkdf-section-title-holder\">\n\t<h2 class=\"mkdf-section-title\" style=\"color: #5a1e30\">\n\tPour plus de renseignements, veuillez communiquer avec<\/h2>\n<\/div>[vc_column_text]<\/p>\n<div class=\"paragraph\">\n<p>Taylor Mueller, responsable du d\u00e9veloppement des fonds et des communications<br \/>\n<a href=\"mailto:Taylor.Mueller@hospicecareottawa.ca\">Taylor.Mueller@hospicecareottawa.ca<\/a><br \/>\n613-591-6002, poste 232<\/p>\n<p>N&rsquo;h\u00e9sitez pas \u00e0 communiquer avec nous si vous avez des questions sur les \u00e9v\u00e9nements communautaires.<\/p>\n<\/div>\n<p>[\/vc_column_text][\/vc_column][\/vc_row][vc_row content_width=\u00a0\u00bbgrid\u00a0\u00bb css=\u00a0\u00bb.vc_custom_1713454407866{background-color: #fcd752 !important;}\u00a0\u00bb][vc_column offset=\u00a0\u00bbvc_hidden-lg vc_hidden-md vc_hidden-sm vc_hidden-xs\u00a0\u00bb]<div class=\"mkdf-section-title-holder\">\n\t<h2 class=\"mkdf-section-title\" style=\"color: #ffffff;text-align: left\">\n\tCommunity Event Questions<\/h2>\n<\/div>[vc_column_text]<\/p>\n<div class=\"paragraph\"><label class=\"wsite-form-label wsite-form-fields-required-label\" style=\"color: #ffffff;\"><span class=\"form-required\" style=\"color: #ff2824;\">*<\/span> Indicates required field<\/label><\/div>\n<p>[\/vc_column_text]<p class=\"wpcf7-contact-form-not-found\"><strong>Erreur\u00a0:<\/strong> Formulaire de contact non trouv\u00e9\u00a0!<\/p>[vc_empty_space height=\u00a0\u00bb35&Prime;][\/vc_column][\/vc_row]<\/p>\n<\/div>","protected":false},"excerpt":{"rendered":"<p>[vc_row content_width=\u00a0\u00bbgrid\u00a0\u00bb css=\u00a0\u00bb.vc_custom_1711545605920{padding-top: 75px !important;padding-bottom: 75px !important;background-color: #79993d !important;}\u00a0\u00bb][vc_column][vc_column_text] Nous vous remercions d&rsquo;avoir pens\u00e9 \u00e0 La Maison de soins palliatifs d\u2019Ottawa dans le cadre de votre travail acharn\u00e9 de collecte de fonds&#8230;<\/p>\n","protected":false},"author":1,"featured_media":0,"parent":6006,"menu_order":0,"comment_status":"closed","ping_status":"closed","template":"full-width.php","meta":{"_bbp_topic_count":0,"_bbp_reply_count":0,"_bbp_total_topic_count":0,"_bbp_total_reply_count":0,"_bbp_voice_count":0,"_bbp_anonymous_reply_count":0,"_bbp_topic_count_hidden":0,"_bbp_reply_count_hidden":0,"_bbp_forum_subforum_count":0,"footnotes":""},"class_list":["post-6008","page","type-page","status-publish","hentry"],"yoast_head":"<!-- This site is optimized with the Yoast SEO plugin v27.4 - https:\/\/yoast.com\/product\/yoast-seo-wordpress\/ -->\n<title>Collectez des fonds pour nous - Hospice Care Ottawa<\/title>\n<meta name=\"robots\" content=\"index, follow, max-snippet:-1, max-image-preview:large, max-video-preview:-1\" \/>\n<link rel=\"canonical\" href=\"https:\/\/www.hospicecareottawa.ca\/fr\/engagez-vous\/collectez-des-fonds-pour-nous\/\" \/>\n<meta property=\"og:locale\" content=\"fr_FR\" \/>\n<meta property=\"og:type\" content=\"article\" \/>\n<meta property=\"og:title\" content=\"Collectez des fonds pour nous - Hospice Care Ottawa\" \/>\n<meta property=\"og:description\" content=\"[vc_row content_width=\u00a0\u00bbgrid\u00a0\u00bb css=\u00a0\u00bb.vc_custom_1711545605920{padding-top: 75px !important;padding-bottom: 75px !important;background-color: #79993d !important;}\u00a0\u00bb][vc_column][vc_column_text] Nous vous remercions d&rsquo;avoir pens\u00e9 \u00e0 La Maison de soins palliatifs d\u2019Ottawa dans le cadre de votre travail acharn\u00e9 de collecte de fonds...\" \/>\n<meta property=\"og:url\" content=\"https:\/\/www.hospicecareottawa.ca\/fr\/engagez-vous\/collectez-des-fonds-pour-nous\/\" \/>\n<meta property=\"og:site_name\" content=\"Hospice Care Ottawa\" \/>\n<meta property=\"article:modified_time\" content=\"2024-04-18T15:52:40+00:00\" \/>\n<meta property=\"og:image\" content=\"https:\/\/www.hospicecareottawa.ca\/wp-content\/uploads\/2024\/03\/footer_logo-en.png\" \/>\n\t<meta property=\"og:image:width\" content=\"180\" \/>\n\t<meta property=\"og:image:height\" content=\"149\" \/>\n\t<meta property=\"og:image:type\" content=\"image\/png\" \/>\n<meta name=\"twitter:card\" content=\"summary_large_image\" \/>\n<meta name=\"twitter:site\" content=\"@HospiceCareOtt\" \/>\n<meta name=\"twitter:label1\" content=\"Dur\u00e9e de lecture estim\u00e9e\" \/>\n\t<meta name=\"twitter:data1\" content=\"2 minutes\" \/>\n<script type=\"application\/ld+json\" class=\"yoast-schema-graph\">{\"@context\":\"https:\\\/\\\/schema.org\",\"@graph\":[{\"@type\":\"WebPage\",\"@id\":\"https:\\\/\\\/www.hospicecareottawa.ca\\\/fr\\\/engagez-vous\\\/collectez-des-fonds-pour-nous\\\/\",\"url\":\"https:\\\/\\\/www.hospicecareottawa.ca\\\/fr\\\/engagez-vous\\\/collectez-des-fonds-pour-nous\\\/\",\"name\":\"Collectez des fonds pour nous - Hospice Care Ottawa\",\"isPartOf\":{\"@id\":\"https:\\\/\\\/www.hospicecareottawa.ca\\\/fr\\\/#website\"},\"datePublished\":\"2024-03-26T19:43:03+00:00\",\"dateModified\":\"2024-04-18T15:52:40+00:00\",\"breadcrumb\":{\"@id\":\"https:\\\/\\\/www.hospicecareottawa.ca\\\/fr\\\/engagez-vous\\\/collectez-des-fonds-pour-nous\\\/#breadcrumb\"},\"inLanguage\":\"fr-FR\",\"potentialAction\":[{\"@type\":\"ReadAction\",\"target\":[\"https:\\\/\\\/www.hospicecareottawa.ca\\\/fr\\\/engagez-vous\\\/collectez-des-fonds-pour-nous\\\/\"]}]},{\"@type\":\"BreadcrumbList\",\"@id\":\"https:\\\/\\\/www.hospicecareottawa.ca\\\/fr\\\/engagez-vous\\\/collectez-des-fonds-pour-nous\\\/#breadcrumb\",\"itemListElement\":[{\"@type\":\"ListItem\",\"position\":1,\"name\":\"Home\",\"item\":\"https:\\\/\\\/www.hospicecareottawa.ca\\\/fr\\\/\"},{\"@type\":\"ListItem\",\"position\":2,\"name\":\"Engagez-vous\",\"item\":\"https:\\\/\\\/www.hospicecareottawa.ca\\\/fr\\\/engagez-vous\\\/\"},{\"@type\":\"ListItem\",\"position\":3,\"name\":\"Collectez des fonds pour nous\"}]},{\"@type\":\"WebSite\",\"@id\":\"https:\\\/\\\/www.hospicecareottawa.ca\\\/fr\\\/#website\",\"url\":\"https:\\\/\\\/www.hospicecareottawa.ca\\\/fr\\\/\",\"name\":\"Hospice Care Ottawa\",\"description\":\"Promouvoir une qualit\u00e9 de vie, la compassion dans la mort et le soutien dans le deuil pour les personnes dans le besoin au sein de notre communaut\u00e9.\",\"publisher\":{\"@id\":\"https:\\\/\\\/www.hospicecareottawa.ca\\\/fr\\\/#organization\"},\"potentialAction\":[{\"@type\":\"SearchAction\",\"target\":{\"@type\":\"EntryPoint\",\"urlTemplate\":\"https:\\\/\\\/www.hospicecareottawa.ca\\\/fr\\\/?s={search_term_string}\"},\"query-input\":{\"@type\":\"PropertyValueSpecification\",\"valueRequired\":true,\"valueName\":\"search_term_string\"}}],\"inLanguage\":\"fr-FR\"},{\"@type\":\"Organization\",\"@id\":\"https:\\\/\\\/www.hospicecareottawa.ca\\\/fr\\\/#organization\",\"name\":\"Hospice Care Ottawa\",\"url\":\"https:\\\/\\\/www.hospicecareottawa.ca\\\/fr\\\/\",\"logo\":{\"@type\":\"ImageObject\",\"inLanguage\":\"fr-FR\",\"@id\":\"https:\\\/\\\/www.hospicecareottawa.ca\\\/fr\\\/#\\\/schema\\\/logo\\\/image\\\/\",\"url\":\"https:\\\/\\\/www.hospicecareottawa.ca\\\/wp-content\\\/uploads\\\/2024\\\/03\\\/footer_logo-en.png\",\"contentUrl\":\"https:\\\/\\\/www.hospicecareottawa.ca\\\/wp-content\\\/uploads\\\/2024\\\/03\\\/footer_logo-en.png\",\"width\":180,\"height\":149,\"caption\":\"Hospice Care Ottawa\"},\"image\":{\"@id\":\"https:\\\/\\\/www.hospicecareottawa.ca\\\/fr\\\/#\\\/schema\\\/logo\\\/image\\\/\"},\"sameAs\":[\"https:\\\/\\\/x.com\\\/HospiceCareOtt\"]}]}<\/script>\n<!-- \/ Yoast SEO plugin. -->","yoast_head_json":{"title":"Collectez des fonds pour nous - Hospice Care Ottawa","robots":{"index":"index","follow":"follow","max-snippet":"max-snippet:-1","max-image-preview":"max-image-preview:large","max-video-preview":"max-video-preview:-1"},"canonical":"https:\/\/www.hospicecareottawa.ca\/fr\/engagez-vous\/collectez-des-fonds-pour-nous\/","og_locale":"fr_FR","og_type":"article","og_title":"Collectez des fonds pour nous - Hospice Care Ottawa","og_description":"[vc_row content_width=\u00a0\u00bbgrid\u00a0\u00bb css=\u00a0\u00bb.vc_custom_1711545605920{padding-top: 75px !important;padding-bottom: 75px !important;background-color: #79993d !important;}\u00a0\u00bb][vc_column][vc_column_text] Nous vous remercions d&rsquo;avoir pens\u00e9 \u00e0 La Maison de soins palliatifs d\u2019Ottawa dans le cadre de votre travail acharn\u00e9 de collecte de fonds...","og_url":"https:\/\/www.hospicecareottawa.ca\/fr\/engagez-vous\/collectez-des-fonds-pour-nous\/","og_site_name":"Hospice Care Ottawa","article_modified_time":"2024-04-18T15:52:40+00:00","og_image":[{"width":180,"height":149,"url":"https:\/\/www.hospicecareottawa.ca\/wp-content\/uploads\/2024\/03\/footer_logo-en.png","type":"image\/png"}],"twitter_card":"summary_large_image","twitter_site":"@HospiceCareOtt","twitter_misc":{"Dur\u00e9e de lecture estim\u00e9e":"2 minutes"},"schema":{"@context":"https:\/\/schema.org","@graph":[{"@type":"WebPage","@id":"https:\/\/www.hospicecareottawa.ca\/fr\/engagez-vous\/collectez-des-fonds-pour-nous\/","url":"https:\/\/www.hospicecareottawa.ca\/fr\/engagez-vous\/collectez-des-fonds-pour-nous\/","name":"Collectez des fonds pour nous - Hospice Care Ottawa","isPartOf":{"@id":"https:\/\/www.hospicecareottawa.ca\/fr\/#website"},"datePublished":"2024-03-26T19:43:03+00:00","dateModified":"2024-04-18T15:52:40+00:00","breadcrumb":{"@id":"https:\/\/www.hospicecareottawa.ca\/fr\/engagez-vous\/collectez-des-fonds-pour-nous\/#breadcrumb"},"inLanguage":"fr-FR","potentialAction":[{"@type":"ReadAction","target":["https:\/\/www.hospicecareottawa.ca\/fr\/engagez-vous\/collectez-des-fonds-pour-nous\/"]}]},{"@type":"BreadcrumbList","@id":"https:\/\/www.hospicecareottawa.ca\/fr\/engagez-vous\/collectez-des-fonds-pour-nous\/#breadcrumb","itemListElement":[{"@type":"ListItem","position":1,"name":"Home","item":"https:\/\/www.hospicecareottawa.ca\/fr\/"},{"@type":"ListItem","position":2,"name":"Engagez-vous","item":"https:\/\/www.hospicecareottawa.ca\/fr\/engagez-vous\/"},{"@type":"ListItem","position":3,"name":"Collectez des fonds pour nous"}]},{"@type":"WebSite","@id":"https:\/\/www.hospicecareottawa.ca\/fr\/#website","url":"https:\/\/www.hospicecareottawa.ca\/fr\/","name":"Hospice Care Ottawa","description":"Promouvoir une qualit\u00e9 de vie, la compassion dans la mort et le soutien dans le deuil pour les personnes dans le besoin au sein de notre communaut\u00e9.","publisher":{"@id":"https:\/\/www.hospicecareottawa.ca\/fr\/#organization"},"potentialAction":[{"@type":"SearchAction","target":{"@type":"EntryPoint","urlTemplate":"https:\/\/www.hospicecareottawa.ca\/fr\/?s={search_term_string}"},"query-input":{"@type":"PropertyValueSpecification","valueRequired":true,"valueName":"search_term_string"}}],"inLanguage":"fr-FR"},{"@type":"Organization","@id":"https:\/\/www.hospicecareottawa.ca\/fr\/#organization","name":"Hospice Care Ottawa","url":"https:\/\/www.hospicecareottawa.ca\/fr\/","logo":{"@type":"ImageObject","inLanguage":"fr-FR","@id":"https:\/\/www.hospicecareottawa.ca\/fr\/#\/schema\/logo\/image\/","url":"https:\/\/www.hospicecareottawa.ca\/wp-content\/uploads\/2024\/03\/footer_logo-en.png","contentUrl":"https:\/\/www.hospicecareottawa.ca\/wp-content\/uploads\/2024\/03\/footer_logo-en.png","width":180,"height":149,"caption":"Hospice Care Ottawa"},"image":{"@id":"https:\/\/www.hospicecareottawa.ca\/fr\/#\/schema\/logo\/image\/"},"sameAs":["https:\/\/x.com\/HospiceCareOtt"]}]}},"_links":{"self":[{"href":"https:\/\/www.hospicecareottawa.ca\/fr\/wp-json\/wp\/v2\/pages\/6008","targetHints":{"allow":["GET"]}}],"collection":[{"href":"https:\/\/www.hospicecareottawa.ca\/fr\/wp-json\/wp\/v2\/pages"}],"about":[{"href":"https:\/\/www.hospicecareottawa.ca\/fr\/wp-json\/wp\/v2\/types\/page"}],"author":[{"embeddable":true,"href":"https:\/\/www.hospicecareottawa.ca\/fr\/wp-json\/wp\/v2\/users\/1"}],"replies":[{"embeddable":true,"href":"https:\/\/www.hospicecareottawa.ca\/fr\/wp-json\/wp\/v2\/comments?post=6008"}],"version-history":[{"count":7,"href":"https:\/\/www.hospicecareottawa.ca\/fr\/wp-json\/wp\/v2\/pages\/6008\/revisions"}],"predecessor-version":[{"id":6215,"href":"https:\/\/www.hospicecareottawa.ca\/fr\/wp-json\/wp\/v2\/pages\/6008\/revisions\/6215"}],"up":[{"embeddable":true,"href":"https:\/\/www.hospicecareottawa.ca\/fr\/wp-json\/wp\/v2\/pages\/6006"}],"wp:attachment":[{"href":"https:\/\/www.hospicecareottawa.ca\/fr\/wp-json\/wp\/v2\/media?parent=6008"}],"curies":[{"name":"wp","href":"https:\/\/api.w.org\/{rel}","templated":true}]}}