{"id":6007,"date":"2024-03-27T14:45:55","date_gmt":"2024-03-27T14:45:55","guid":{"rendered":"https:\/\/www.hospicecareottawa.ca\/get-involved\/signature-special-events\/"},"modified":"2026-03-10T15:46:56","modified_gmt":"2026-03-10T15:46:56","slug":"nos-evenements-speciaux","status":"publish","type":"page","link":"https:\/\/www.hospicecareottawa.ca\/fr\/engagez-vous\/nos-evenements-speciaux\/","title":{"rendered":"Nos \u00e9v\u00e9nements sp\u00e9ciaux"},"content":{"rendered":"<div class=\"wpb-content-wrapper\"><p>[vc_row content_width=\u00a0\u00bbgrid\u00a0\u00bb css=\u00a0\u00bb.vc_custom_1711552568469{padding-top: 75px !important;padding-bottom: 75px !important;}\u00a0\u00bb][vc_column width=\u00a0\u00bb2\/3&Prime;]<div class=\"mkdf-section-title-holder\">\n\t<h2 class=\"mkdf-section-title mkdf-section-title-medium\" style=\"color: #5a1e30\">\n\tNos \u00e9v\u00e9nements sp\u00e9ciaux<\/h2>\n<\/div><div class=\"mkdf-section-subtitle-holder mkdf-section-subtitle-left\" >\n\t<p style=\"text-align: left\" class=\"mkdf-section-subtitle\">La Maison de soins palliatifs d\u2019Ottawa organise des \u00e9v\u00e9nements de collecte de fonds pour soutenir les programmes et les services qu\u2019elle offre sans frais aux personnes atteintes d'une maladie qui limite l'esp\u00e9rance de vie et \u00e0 leurs proches. Riches d\u2019histoire, ces \u00e9v\u00e9nements vous offrent une excellente occasion d\u2019apporter votre contribution et de passer des heures merveilleuses avec votre famille et vos amis.<\/p>\n<\/div>[\/vc_column][vc_column width=\u00a0\u00bb1\/3&Prime;]<div class=\"mkdf-animations-holder mkdf-element-from-right\" data-animation=\"mkdf-element-from-right\">\n\t<div style=\"transition-delay: 200ms;-webkit-animation-delay: 200ms;animation-delay: 200ms;animation-duration: 700ms;-webkit-animation-duration: 700ms;-moz-animation-duration: 700ms\">\n\t\t[vc_single_image image=\u00a0\u00bb5633&Prime; img_size=\u00a0\u00bb300&#215;300&Prime; alignment=\u00a0\u00bbcenter\u00a0\u00bb]\t<\/div>\n\n<\/div>[\/vc_column][\/vc_row][vc_row content_width=\u00a0\u00bbgrid\u00a0\u00bb css=\u00a0\u00bb.vc_custom_1711559376707{padding-top: 75px !important;padding-bottom: 75px !important;background-color: #fafafa !important;}\u00a0\u00bb][vc_column offset=\u00a0\u00bbvc_col-lg-6 vc_col-md-12&Prime;]<div class=\"mkdf-animations-holder mkdf-element-from-left\" data-animation=\"mkdf-element-from-left\">\n\t<div style=\"transition-delay: 200ms;-webkit-animation-delay: 200ms;animation-delay: 200ms;animation-duration: 700ms;-webkit-animation-duration: 700ms;-moz-animation-duration: 700ms\">\n\t\t[vc_single_image image=\u00a0\u00bb8768&Prime; img_size=\u00a0\u00bbfull\u00a0\u00bb css=\u00a0\u00bb\u00a0\u00bb]\t<\/div>\n\n<\/div>[\/vc_column][vc_column offset=\u00a0\u00bbvc_col-lg-6 vc_col-md-12&Prime;]<div class=\"mkdf-section-title-holder\">\n\t<h2 class=\"mkdf-section-title mkdf-section-title-medium\" style=\"color: #5a1e30;text-align: left\">\n\tLa Randonn\u00e9e pour la Maison de soins palliatifs d\u2019Ottawa<\/h2>\n<\/div><div class=\"mkdf-section-subtitle-holder mkdf-section-subtitle-left\" >\n\t<p style=\"text-align: left\" class=\"mkdf-section-subtitle\">La marche pour les soins palliatifs est une tradition annuelle \u00e0 travers le Canada qui c\u00e9l\u00e8bre l'arriv\u00e9e du printemps et le pouvoir de la communaut\u00e9. Cette ann\u00e9e, notre \u00e9v\u00e9nement phare aura lieu le dimanche 31 mai au magnifique Ron Kolbus Lakeside Centre.<\/p>\n<p>Au d\u00e9part du b\u00e2timent principal, notre randonn\u00e9e de 5 km m\u00e8nera les participants le long de sentiers pittoresques au bord de la rivi\u00e8re des Outaouais avant de revenir au Ron Kolbus pour un rafra\u00eechissement et la c\u00e9r\u00e9monie de cl\u00f4ture. Nous accueillons les participants de tous \u00e2ges et vous encourageons \u00e0 former une \u00e9quipe avec votre famille, vos amis ou vos coll\u00e8gues. Les collectes de fonds individuelles sont \u00e9galement les bienvenues et vous rencontrerez certainement des personnes formidables en cours de route.<\/p>\n<p>Restez \u00e0 l'\u00e9coute pour conna\u00eetre les d\u00e9tails de l'inscription et pr\u00e9parez-vous \u00e0 inviter vos proches, \u00e0 faire un don, \u00e0 vous porter volontaire et \u00e0 nous aider \u00e0 apporter du r\u00e9confort lorsque cela est le plus n\u00e9cessaire.<\/p>\n<\/div>[vc_empty_space height=\u00a0\u00bb20&Prime;]<a href=\"https:\/\/hike-for-hospice-care-ottawa-2026-steps-of-compassion.raiselysite.com\/en\/\" target=\"_blank\"  class=\"mkdf-btn mkdf-btn-medium mkdf-btn-solid mkdf-btn-hover-outline\"  >\n\t\n\t\t<span class=\"mkdf-btn-text\">COLLECTER DES FONDS AUJOURD&#039;HUI !<\/span>\n<\/a>[\/vc_column][\/vc_row][vc_row content_width=\u00a0\u00bbgrid\u00a0\u00bb css=\u00a0\u00bb.vc_custom_1711559372416{padding-top: 75px !important;padding-bottom: 75px !important;}\u00a0\u00bb][vc_column offset=\u00a0\u00bbvc_col-lg-6 vc_col-md-12&Prime; css=\u00a0\u00bb.vc_custom_1455193229681{padding-right: 7% !important;}\u00a0\u00bb]<div class=\"mkdf-section-title-holder\">\n\t<h2 class=\"mkdf-section-title mkdf-section-title-medium\" style=\"color: #5a1e30;text-align: left\">\n\tDes trous pour la Maison de soins palliatifs<\/h2>\n<\/div><div class=\"mkdf-section-subtitle-holder mkdf-section-subtitle-left\" >\n\t<p style=\"text-align: left\" class=\"mkdf-section-subtitle\">Des trous pour la Maison de soins palliatifs est une tradition annuelle tr\u00e8s appr\u00e9ci\u00e9e qui rassemble notre communaut\u00e9 pour une journ\u00e9e plac\u00e9e sous le signe de la convivialit\u00e9, de la g\u00e9n\u00e9rosit\u00e9 et de la comp\u00e9tition amicale. Le tournoi de cette ann\u00e9e aura lieu le jeudi 3 septembre 2026 et r\u00e9unira les golfeurs pour une journ\u00e9e m\u00e9morable sur le green au profit de la Maison de soins palliatifs d'Ottawa.<\/p>\n<p>Les participants peuvent s'attendre \u00e0 une journ\u00e9e compl\u00e8te de golf, \u00e0 une excellente compagnie et \u00e0 des moments enrichissants, qu'ils jouent en \u00e9quipe, qu'ils participent en tant que golfeurs individuels ou qu'ils apportent leur soutien depuis les tribunes. Du premier coup \u00e0 la c\u00e9r\u00e9monie de cl\u00f4ture, chaque coup de club nous aide \u00e0 continuer \u00e0 fournir des soins compatissants aux personnes et aux familles qui en ont le plus besoin.<\/p>\n<p>Plus de d\u00e9tails et d'informations sur les inscriptions seront bient\u00f4t disponibles. Notez la date dans votre agenda, invitez vos coll\u00e8gues et vos amis, et rejoignez-nous pour une journ\u00e9e qui aura un impact durable.<\/p>\n<\/div>[vc_empty_space height=\u00a0\u00bb20&Prime;]<a href=\"https:\/\/www.facebook.com\/media\/set\/?set=a.1243029731198833&#038;type=3\" target=\"_blank\"  class=\"mkdf-btn mkdf-btn-medium mkdf-btn-solid mkdf-btn-hover-outline\"  >\n\t\n\t\t<span class=\"mkdf-btn-text\">PHOTOS GOLF 2025<\/span>\n<\/a>[\/vc_column][vc_column offset=\u00a0\u00bbvc_col-lg-6 vc_col-md-12&Prime;]<div class=\"mkdf-animations-holder mkdf-element-from-right\" data-animation=\"mkdf-element-from-right\">\n\t<div style=\"transition-delay: 200ms;-webkit-animation-delay: 200ms;animation-delay: 200ms;animation-duration: 700ms;-webkit-animation-duration: 700ms;-moz-animation-duration: 700ms\">\n\t\t[vc_single_image image=\u00a0\u00bb8640&Prime; img_size=\u00a0\u00bbfull\u00a0\u00bb css=\u00a0\u00bb\u00a0\u00bb]\t<\/div>\n\n<\/div>[\/vc_column][\/vc_row][vc_row content_width=\u00a0\u00bbgrid\u00a0\u00bb css=\u00a0\u00bb.vc_custom_1711553156690{padding-top: 75px !important;padding-bottom: 75px !important;background-color: #fafafa !important;}\u00a0\u00bb][vc_column offset=\u00a0\u00bbvc_col-lg-6 vc_col-md-12&Prime;]<div class=\"mkdf-animations-holder mkdf-element-from-left\" data-animation=\"mkdf-element-from-left\">\n\t<div style=\"transition-delay: 200ms;-webkit-animation-delay: 200ms;animation-delay: 200ms;animation-duration: 700ms;-webkit-animation-duration: 700ms;-moz-animation-duration: 700ms\">\n\t\t[vc_single_image image=\u00a0\u00bb7820&Prime; img_size=\u00a0\u00bbfull\u00a0\u00bb css=\u00a0\u00bb\u00a0\u00bb]\t<\/div>\n\n<\/div>[\/vc_column][vc_column offset=\u00a0\u00bbvc_col-lg-6 vc_col-md-12&Prime;]<div class=\"mkdf-section-title-holder\">\n\t<h2 class=\"mkdf-section-title mkdf-section-title-medium\" style=\"color: #5a1e30;text-align: left\">\n\tMaisons pour les f\u00eates de fin d\u2019ann\u00e9e<\/h2>\n<\/div><div class=\"mkdf-section-subtitle-holder mkdf-section-subtitle-left\" >\n\t<p style=\"text-align: left\" class=\"mkdf-section-subtitle\">L'\u00e9v\u00e9nement tr\u00e8s appr\u00e9ci\u00e9 les Maisons pour les f\u00eates de fin d\u2019ann\u00e9e s'est d\u00e9roul\u00e9e du 14 au 16 novembre 2025. Merci de vous \u00eatre joints \u00e0 nous pour ce week-end festif \u00e0 la d\u00e9couverte de magnifiques maisons d\u00e9cor\u00e9es pour les f\u00eates par des fleuristes et des designers locaux talentueux et d'avoir soutenu notre boutique \u00e9ph\u00e9m\u00e8re, qui proposait des cadeaux uniques provenant de vendeurs et d'artisans locaux. Une partie des ventes a \u00e9t\u00e9 revers\u00e9e \u00e0 la Maison de soins palliatifs d'Ottawa.<\/p>\n<\/div>[vc_empty_space height=\u00a0\u00bb20&Prime;]<a href=\"https:\/\/www.facebook.com\/media\/set\/?set=a.1307005621467910&#038;type=3\" target=\"_blank\"  class=\"mkdf-btn mkdf-btn-medium mkdf-btn-solid mkdf-btn-hover-outline\"  >\n\t\n\t\t<span class=\"mkdf-btn-text\">PHOTOS HOMES 2025<\/span>\n<\/a>[\/vc_column][\/vc_row][vc_row content_width=\u00a0\u00bbgrid\u00a0\u00bb css=\u00a0\u00bb.vc_custom_1711559358444{padding-top: 75px !important;padding-bottom: 75px !important;}\u00a0\u00bb][vc_column offset=\u00a0\u00bbvc_col-lg-6 vc_col-md-12&Prime; css=\u00a0\u00bb.vc_custom_1455193229681{padding-right: 7% !important;}\u00a0\u00bb]<div class=\"mkdf-section-title-holder\">\n\t<h2 class=\"mkdf-section-title mkdf-section-title-medium\" style=\"color: #5a1e30;text-align: left\">\n\tC\u00e9r\u00e9monie comm\u00e9morative de lumi\u00e8res<\/h2>\n<\/div><div class=\"mkdf-section-subtitle-holder mkdf-section-subtitle-left\" >\n\t<p style=\"text-align: left\" class=\"mkdf-section-subtitle\">Nos c\u00e9r\u00e9monies comm\u00e9morative de lumi\u00e8res offrent une occasion sp\u00e9ciale de se r\u00e9unir en tant que communaut\u00e9 pour honorer et se souvenir des \u00eatres chers qui sont d\u00e9c\u00e9d\u00e9s cette ann\u00e9e. Gr\u00e2ce \u00e0 des paroles d'espoir, de la po\u00e9sie, de la musique et de la r\u00e9flexion, nous offrons un espace de r\u00e9confort qui nous rappelle que nous ne sommes pas seuls dans notre chagrin. Les invit\u00e9s sont convi\u00e9s \u00e0 accrocher un ornement \u00e0 la m\u00e9moire de leur proche et \u00e0 allumer une bougie sur la table comm\u00e9morative.<\/p>\n<p>Restez \u00e0 l'\u00e9coute pour les dates de 2026 !<\/p>\n<\/div>[\/vc_column][vc_column offset=\u00a0\u00bbvc_col-lg-6 vc_col-md-12&Prime;]<div class=\"mkdf-animations-holder mkdf-element-from-right\" data-animation=\"mkdf-element-from-right\">\n\t<div style=\"transition-delay: 200ms;-webkit-animation-delay: 200ms;animation-delay: 200ms;animation-duration: 700ms;-webkit-animation-duration: 700ms;-moz-animation-duration: 700ms\">\n\t\t[vc_single_image image=\u00a0\u00bb8188&Prime; img_size=\u00a0\u00bbfull\u00a0\u00bb css=\u00a0\u00bb\u00a0\u00bb]\t<\/div>\n\n<\/div>[\/vc_column][\/vc_row][vc_row content_width=\u00a0\u00bbgrid\u00a0\u00bb css=\u00a0\u00bb.vc_custom_1711559347469{padding-top: 75px !important;padding-bottom: 75px !important;background-color: #f2f2f2 !important;}\u00a0\u00bb][vc_column offset=\u00a0\u00bbvc_col-lg-6 vc_col-md-12&Prime; css=\u00a0\u00bb.vc_custom_1455193229681{padding-right: 7% !important;}\u00a0\u00bb]<div class=\"mkdf-animations-holder mkdf-element-from-left\" data-animation=\"mkdf-element-from-left\">\n\t<div style=\"transition-delay: 200ms;-webkit-animation-delay: 200ms;animation-delay: 200ms;animation-duration: 700ms;-webkit-animation-duration: 700ms;-moz-animation-duration: 700ms\">\n\t\t[vc_single_image image=\u00a0\u00bb5733&Prime; img_size=\u00a0\u00bbfull\u00a0\u00bb]\t<\/div>\n\n<\/div>[\/vc_column][vc_column offset=\u00a0\u00bbvc_col-lg-6 vc_col-md-12&Prime;]<div class=\"mkdf-section-title-holder\">\n\t<h2 class=\"mkdf-section-title mkdf-section-title-medium\" style=\"color: #5a1e30;text-align: left\">\n\tAu c\u0153ur des soins palliatifs<\/h2>\n<\/div><div class=\"mkdf-section-subtitle-holder mkdf-section-subtitle-left\" >\n\t<p style=\"text-align: left\" class=\"mkdf-section-subtitle\">Voudriez-vous soutenir La Maison de soins palliatifs d\u2019Ottawa en lan\u00e7ant une campagne ou en organisant un \u00e9v\u00e9nement de collecte de fonds?<\/p>\n<\/div>[vc_empty_space height=\u00a0\u00bb20&Prime;]<a href=\"\/fundraise-for-us\/\" target=\"_self\"  class=\"mkdf-btn mkdf-btn-medium mkdf-btn-solid mkdf-btn-hover-outline\"  >\n\t\n\t\t<span class=\"mkdf-btn-text\">En savoir plus sur organisez une collecte de fonds pour nous<\/span>\n<\/a>[\/vc_column][\/vc_row]<\/p>\n<\/div>","protected":false},"excerpt":{"rendered":"<p>[vc_row content_width=\u00a0\u00bbgrid\u00a0\u00bb css=\u00a0\u00bb.vc_custom_1711552568469{padding-top: 75px !important;padding-bottom: 75px !important;}\u00a0\u00bb][vc_column width=\u00a0\u00bb2\/3&Prime;][\/vc_column][vc_column width=\u00a0\u00bb1\/3&Prime;][\/vc_column][\/vc_row][vc_row content_width=\u00a0\u00bbgrid\u00a0\u00bb css=\u00a0\u00bb.vc_custom_1711559376707{padding-top: 75px !important;padding-bottom: 75px !important;background-color: #fafafa !important;}\u00a0\u00bb][vc_column offset=\u00a0\u00bbvc_col-lg-6 vc_col-md-12&Prime;][\/vc_column][vc_column offset=\u00a0\u00bbvc_col-lg-6 vc_col-md-12&Prime;][vc_empty_space height=\u00a0\u00bb20&Prime;][\/vc_column][\/vc_row][vc_row content_width=\u00a0\u00bbgrid\u00a0\u00bb css=\u00a0\u00bb.vc_custom_1711559372416{padding-top: 75px !important;padding-bottom: 75px !important;}\u00a0\u00bb][vc_column offset=\u00a0\u00bbvc_col-lg-6 vc_col-md-12&Prime; css=\u00a0\u00bb.vc_custom_1455193229681{padding-right: 7%&#8230;<\/p>\n","protected":false},"author":1,"featured_media":0,"parent":6006,"menu_order":0,"comment_status":"closed","ping_status":"closed","template":"full-width.php","meta":{"_bbp_topic_count":0,"_bbp_reply_count":0,"_bbp_total_topic_count":0,"_bbp_total_reply_count":0,"_bbp_voice_count":0,"_bbp_anonymous_reply_count":0,"_bbp_topic_count_hidden":0,"_bbp_reply_count_hidden":0,"_bbp_forum_subforum_count":0,"footnotes":""},"class_list":["post-6007","page","type-page","status-publish","hentry"],"yoast_head":"<!-- This site is optimized with the Yoast SEO plugin v27.6 - https:\/\/yoast.com\/product\/yoast-seo-wordpress\/ -->\n<title>Nos \u00e9v\u00e9nements sp\u00e9ciaux - Hospice Care Ottawa<\/title>\n<meta name=\"robots\" content=\"index, follow, max-snippet:-1, max-image-preview:large, max-video-preview:-1\" \/>\n<link rel=\"canonical\" href=\"https:\/\/www.hospicecareottawa.ca\/fr\/engagez-vous\/nos-evenements-speciaux\/\" \/>\n<meta property=\"og:locale\" content=\"fr_FR\" \/>\n<meta property=\"og:type\" content=\"article\" \/>\n<meta property=\"og:title\" content=\"Nos \u00e9v\u00e9nements sp\u00e9ciaux - Hospice Care Ottawa\" \/>\n<meta property=\"og:description\" content=\"[vc_row content_width=\u00a0\u00bbgrid\u00a0\u00bb css=\u00a0\u00bb.vc_custom_1711552568469{padding-top: 75px !important;padding-bottom: 75px !important;}\u00a0\u00bb][vc_column width=\u00a0\u00bb2\/3&Prime;][\/vc_column][vc_column width=\u00a0\u00bb1\/3&Prime;][\/vc_column][\/vc_row][vc_row content_width=\u00a0\u00bbgrid\u00a0\u00bb css=\u00a0\u00bb.vc_custom_1711559376707{padding-top: 75px !important;padding-bottom: 75px !important;background-color: #fafafa !important;}\u00a0\u00bb][vc_column offset=\u00a0\u00bbvc_col-lg-6 vc_col-md-12&Prime;][\/vc_column][vc_column offset=\u00a0\u00bbvc_col-lg-6 vc_col-md-12&Prime;][vc_empty_space height=\u00a0\u00bb20&Prime;][\/vc_column][\/vc_row][vc_row content_width=\u00a0\u00bbgrid\u00a0\u00bb css=\u00a0\u00bb.vc_custom_1711559372416{padding-top: 75px !important;padding-bottom: 75px !important;}\u00a0\u00bb][vc_column offset=\u00a0\u00bbvc_col-lg-6 vc_col-md-12&Prime; css=\u00a0\u00bb.vc_custom_1455193229681{padding-right: 7%...\" \/>\n<meta property=\"og:url\" content=\"https:\/\/www.hospicecareottawa.ca\/fr\/engagez-vous\/nos-evenements-speciaux\/\" \/>\n<meta property=\"og:site_name\" content=\"Hospice Care Ottawa\" \/>\n<meta property=\"article:modified_time\" content=\"2026-03-10T15:46:56+00:00\" \/>\n<meta property=\"og:image\" content=\"https:\/\/www.hospicecareottawa.ca\/wp-content\/uploads\/2024\/03\/footer_logo-en.png\" \/>\n\t<meta property=\"og:image:width\" content=\"180\" \/>\n\t<meta property=\"og:image:height\" content=\"149\" \/>\n\t<meta property=\"og:image:type\" content=\"image\/png\" \/>\n<meta name=\"twitter:card\" content=\"summary_large_image\" \/>\n<meta name=\"twitter:site\" content=\"@HospiceCareOtt\" \/>\n<meta name=\"twitter:label1\" content=\"Dur\u00e9e de lecture estim\u00e9e\" \/>\n\t<meta name=\"twitter:data1\" content=\"5 minutes\" \/>\n<script type=\"application\/ld+json\" class=\"yoast-schema-graph\">{\"@context\":\"https:\\\/\\\/schema.org\",\"@graph\":[{\"@type\":\"WebPage\",\"@id\":\"https:\\\/\\\/www.hospicecareottawa.ca\\\/fr\\\/engagez-vous\\\/nos-evenements-speciaux\\\/\",\"url\":\"https:\\\/\\\/www.hospicecareottawa.ca\\\/fr\\\/engagez-vous\\\/nos-evenements-speciaux\\\/\",\"name\":\"Nos \u00e9v\u00e9nements sp\u00e9ciaux - Hospice Care Ottawa\",\"isPartOf\":{\"@id\":\"https:\\\/\\\/www.hospicecareottawa.ca\\\/fr\\\/#website\"},\"datePublished\":\"2024-03-27T14:45:55+00:00\",\"dateModified\":\"2026-03-10T15:46:56+00:00\",\"breadcrumb\":{\"@id\":\"https:\\\/\\\/www.hospicecareottawa.ca\\\/fr\\\/engagez-vous\\\/nos-evenements-speciaux\\\/#breadcrumb\"},\"inLanguage\":\"fr-FR\",\"potentialAction\":[{\"@type\":\"ReadAction\",\"target\":[\"https:\\\/\\\/www.hospicecareottawa.ca\\\/fr\\\/engagez-vous\\\/nos-evenements-speciaux\\\/\"]}]},{\"@type\":\"BreadcrumbList\",\"@id\":\"https:\\\/\\\/www.hospicecareottawa.ca\\\/fr\\\/engagez-vous\\\/nos-evenements-speciaux\\\/#breadcrumb\",\"itemListElement\":[{\"@type\":\"ListItem\",\"position\":1,\"name\":\"Home\",\"item\":\"https:\\\/\\\/www.hospicecareottawa.ca\\\/fr\\\/\"},{\"@type\":\"ListItem\",\"position\":2,\"name\":\"Engagez-vous\",\"item\":\"https:\\\/\\\/www.hospicecareottawa.ca\\\/fr\\\/engagez-vous\\\/\"},{\"@type\":\"ListItem\",\"position\":3,\"name\":\"Nos \u00e9v\u00e9nements sp\u00e9ciaux\"}]},{\"@type\":\"WebSite\",\"@id\":\"https:\\\/\\\/www.hospicecareottawa.ca\\\/fr\\\/#website\",\"url\":\"https:\\\/\\\/www.hospicecareottawa.ca\\\/fr\\\/\",\"name\":\"Hospice Care Ottawa\",\"description\":\"Promouvoir une qualit\u00e9 de vie, la compassion dans la mort et le soutien dans le deuil pour les personnes dans le besoin au sein de notre communaut\u00e9.\",\"publisher\":{\"@id\":\"https:\\\/\\\/www.hospicecareottawa.ca\\\/fr\\\/#organization\"},\"potentialAction\":[{\"@type\":\"SearchAction\",\"target\":{\"@type\":\"EntryPoint\",\"urlTemplate\":\"https:\\\/\\\/www.hospicecareottawa.ca\\\/fr\\\/?s={search_term_string}\"},\"query-input\":{\"@type\":\"PropertyValueSpecification\",\"valueRequired\":true,\"valueName\":\"search_term_string\"}}],\"inLanguage\":\"fr-FR\"},{\"@type\":\"Organization\",\"@id\":\"https:\\\/\\\/www.hospicecareottawa.ca\\\/fr\\\/#organization\",\"name\":\"Hospice Care Ottawa\",\"url\":\"https:\\\/\\\/www.hospicecareottawa.ca\\\/fr\\\/\",\"logo\":{\"@type\":\"ImageObject\",\"inLanguage\":\"fr-FR\",\"@id\":\"https:\\\/\\\/www.hospicecareottawa.ca\\\/fr\\\/#\\\/schema\\\/logo\\\/image\\\/\",\"url\":\"https:\\\/\\\/www.hospicecareottawa.ca\\\/wp-content\\\/uploads\\\/2024\\\/03\\\/footer_logo-en.png\",\"contentUrl\":\"https:\\\/\\\/www.hospicecareottawa.ca\\\/wp-content\\\/uploads\\\/2024\\\/03\\\/footer_logo-en.png\",\"width\":180,\"height\":149,\"caption\":\"Hospice Care Ottawa\"},\"image\":{\"@id\":\"https:\\\/\\\/www.hospicecareottawa.ca\\\/fr\\\/#\\\/schema\\\/logo\\\/image\\\/\"},\"sameAs\":[\"https:\\\/\\\/x.com\\\/HospiceCareOtt\"]}]}<\/script>\n<!-- \/ Yoast SEO plugin. -->","yoast_head_json":{"title":"Nos \u00e9v\u00e9nements sp\u00e9ciaux - Hospice Care Ottawa","robots":{"index":"index","follow":"follow","max-snippet":"max-snippet:-1","max-image-preview":"max-image-preview:large","max-video-preview":"max-video-preview:-1"},"canonical":"https:\/\/www.hospicecareottawa.ca\/fr\/engagez-vous\/nos-evenements-speciaux\/","og_locale":"fr_FR","og_type":"article","og_title":"Nos \u00e9v\u00e9nements sp\u00e9ciaux - Hospice Care Ottawa","og_description":"[vc_row content_width=\u00a0\u00bbgrid\u00a0\u00bb css=\u00a0\u00bb.vc_custom_1711552568469{padding-top: 75px !important;padding-bottom: 75px !important;}\u00a0\u00bb][vc_column width=\u00a0\u00bb2\/3&Prime;][\/vc_column][vc_column width=\u00a0\u00bb1\/3&Prime;][\/vc_column][\/vc_row][vc_row content_width=\u00a0\u00bbgrid\u00a0\u00bb css=\u00a0\u00bb.vc_custom_1711559376707{padding-top: 75px !important;padding-bottom: 75px !important;background-color: #fafafa !important;}\u00a0\u00bb][vc_column offset=\u00a0\u00bbvc_col-lg-6 vc_col-md-12&Prime;][\/vc_column][vc_column offset=\u00a0\u00bbvc_col-lg-6 vc_col-md-12&Prime;][vc_empty_space height=\u00a0\u00bb20&Prime;][\/vc_column][\/vc_row][vc_row content_width=\u00a0\u00bbgrid\u00a0\u00bb css=\u00a0\u00bb.vc_custom_1711559372416{padding-top: 75px !important;padding-bottom: 75px !important;}\u00a0\u00bb][vc_column offset=\u00a0\u00bbvc_col-lg-6 vc_col-md-12&Prime; css=\u00a0\u00bb.vc_custom_1455193229681{padding-right: 7%...","og_url":"https:\/\/www.hospicecareottawa.ca\/fr\/engagez-vous\/nos-evenements-speciaux\/","og_site_name":"Hospice Care Ottawa","article_modified_time":"2026-03-10T15:46:56+00:00","og_image":[{"width":180,"height":149,"url":"https:\/\/www.hospicecareottawa.ca\/wp-content\/uploads\/2024\/03\/footer_logo-en.png","type":"image\/png"}],"twitter_card":"summary_large_image","twitter_site":"@HospiceCareOtt","twitter_misc":{"Dur\u00e9e de lecture estim\u00e9e":"5 minutes"},"schema":{"@context":"https:\/\/schema.org","@graph":[{"@type":"WebPage","@id":"https:\/\/www.hospicecareottawa.ca\/fr\/engagez-vous\/nos-evenements-speciaux\/","url":"https:\/\/www.hospicecareottawa.ca\/fr\/engagez-vous\/nos-evenements-speciaux\/","name":"Nos \u00e9v\u00e9nements sp\u00e9ciaux - Hospice Care Ottawa","isPartOf":{"@id":"https:\/\/www.hospicecareottawa.ca\/fr\/#website"},"datePublished":"2024-03-27T14:45:55+00:00","dateModified":"2026-03-10T15:46:56+00:00","breadcrumb":{"@id":"https:\/\/www.hospicecareottawa.ca\/fr\/engagez-vous\/nos-evenements-speciaux\/#breadcrumb"},"inLanguage":"fr-FR","potentialAction":[{"@type":"ReadAction","target":["https:\/\/www.hospicecareottawa.ca\/fr\/engagez-vous\/nos-evenements-speciaux\/"]}]},{"@type":"BreadcrumbList","@id":"https:\/\/www.hospicecareottawa.ca\/fr\/engagez-vous\/nos-evenements-speciaux\/#breadcrumb","itemListElement":[{"@type":"ListItem","position":1,"name":"Home","item":"https:\/\/www.hospicecareottawa.ca\/fr\/"},{"@type":"ListItem","position":2,"name":"Engagez-vous","item":"https:\/\/www.hospicecareottawa.ca\/fr\/engagez-vous\/"},{"@type":"ListItem","position":3,"name":"Nos \u00e9v\u00e9nements sp\u00e9ciaux"}]},{"@type":"WebSite","@id":"https:\/\/www.hospicecareottawa.ca\/fr\/#website","url":"https:\/\/www.hospicecareottawa.ca\/fr\/","name":"Hospice Care Ottawa","description":"Promouvoir une qualit\u00e9 de vie, la compassion dans la mort et le soutien dans le deuil pour les personnes dans le besoin au sein de notre communaut\u00e9.","publisher":{"@id":"https:\/\/www.hospicecareottawa.ca\/fr\/#organization"},"potentialAction":[{"@type":"SearchAction","target":{"@type":"EntryPoint","urlTemplate":"https:\/\/www.hospicecareottawa.ca\/fr\/?s={search_term_string}"},"query-input":{"@type":"PropertyValueSpecification","valueRequired":true,"valueName":"search_term_string"}}],"inLanguage":"fr-FR"},{"@type":"Organization","@id":"https:\/\/www.hospicecareottawa.ca\/fr\/#organization","name":"Hospice Care Ottawa","url":"https:\/\/www.hospicecareottawa.ca\/fr\/","logo":{"@type":"ImageObject","inLanguage":"fr-FR","@id":"https:\/\/www.hospicecareottawa.ca\/fr\/#\/schema\/logo\/image\/","url":"https:\/\/www.hospicecareottawa.ca\/wp-content\/uploads\/2024\/03\/footer_logo-en.png","contentUrl":"https:\/\/www.hospicecareottawa.ca\/wp-content\/uploads\/2024\/03\/footer_logo-en.png","width":180,"height":149,"caption":"Hospice Care Ottawa"},"image":{"@id":"https:\/\/www.hospicecareottawa.ca\/fr\/#\/schema\/logo\/image\/"},"sameAs":["https:\/\/x.com\/HospiceCareOtt"]}]}},"_links":{"self":[{"href":"https:\/\/www.hospicecareottawa.ca\/fr\/wp-json\/wp\/v2\/pages\/6007","targetHints":{"allow":["GET"]}}],"collection":[{"href":"https:\/\/www.hospicecareottawa.ca\/fr\/wp-json\/wp\/v2\/pages"}],"about":[{"href":"https:\/\/www.hospicecareottawa.ca\/fr\/wp-json\/wp\/v2\/types\/page"}],"author":[{"embeddable":true,"href":"https:\/\/www.hospicecareottawa.ca\/fr\/wp-json\/wp\/v2\/users\/1"}],"replies":[{"embeddable":true,"href":"https:\/\/www.hospicecareottawa.ca\/fr\/wp-json\/wp\/v2\/comments?post=6007"}],"version-history":[{"count":30,"href":"https:\/\/www.hospicecareottawa.ca\/fr\/wp-json\/wp\/v2\/pages\/6007\/revisions"}],"predecessor-version":[{"id":8771,"href":"https:\/\/www.hospicecareottawa.ca\/fr\/wp-json\/wp\/v2\/pages\/6007\/revisions\/8771"}],"up":[{"embeddable":true,"href":"https:\/\/www.hospicecareottawa.ca\/fr\/wp-json\/wp\/v2\/pages\/6006"}],"wp:attachment":[{"href":"https:\/\/www.hospicecareottawa.ca\/fr\/wp-json\/wp\/v2\/media?parent=6007"}],"curies":[{"name":"wp","href":"https:\/\/api.w.org\/{rel}","templated":true}]}}