{"id":5977,"date":"2024-03-26T18:49:11","date_gmt":"2024-03-26T18:49:11","guid":{"rendered":"https:\/\/www.hospicecareottawa.ca\/nous-pouvons-vous-aider\/links-resources\/"},"modified":"2024-04-23T14:03:03","modified_gmt":"2024-04-23T14:03:03","slug":"liens-resources","status":"publish","type":"page","link":"https:\/\/www.hospicecareottawa.ca\/fr\/services\/liens-resources\/","title":{"rendered":"Liens &#038; Resources"},"content":{"rendered":"<div class=\"wpb-content-wrapper\"><p>[vc_row content_width=\u00a0\u00bbgrid\u00a0\u00bb][vc_column][vc_empty_space height=\u00a0\u00bb50px\u00a0\u00bb]<div class=\"mkdf-section-title-holder\">\n\t<h2 class=\"mkdf-section-title mkdf-section-title-medium\" style=\"color: #5a1f30;text-align: left\">\n\tLiens &amp; Resources<\/h2>\n<\/div><div class=\"mkdf-accordion-holder clearfix mkdf-toggle mkdf-initial \">\n\t<h5 class=\"clearfix mkdf-title-holder\">\n<span class=\"mkdf-accordion-mark mkdf-left-mark\">\n\t\t<span class=\"mkdf-accordion-mark-icon\">\n\t\t\t<span class=\"icon_plus\"><\/span>\n\t\t\t<span class=\"icon_minus-06\"><\/span>\n\t\t<\/span>\n<\/span>\n<span class=\"mkdf-tab-title\">\n\t\t<span class=\"mkdf-tab-title-inner\">\n\t\t\t\t\t\tRessources sur les soins palliatifs\t\t<\/span>\n<\/span>\n<\/h5>\n<div class=\"mkdf-accordion-content\">\n\t<div class=\"mkdf-accordion-content-inner\">\n\t\t[vc_column_text]<a href=\"http:\/\/www.virtualhospice.ca\/\" target=\"_blank\" rel=\"noopener\" aria-label=\"Canadian Virtual Hospice - open in a new tab\" data-uw-rm-ext-link=\"\">Portail canadien en soins palliatifs<\/a><br role=\"presentation\" data-uw-rm-sr=\"\" \/><a href=\"http:\/\/www.chpca.net\/\" target=\"_blank\" rel=\"noopener\" aria-label=\"Canadian Hospice Palliative Care Association - open in a new tab\" data-uw-rm-ext-link=\"\">Association canadienne de soins palliatifs<\/a><br role=\"presentation\" data-uw-rm-sr=\"\" \/><a href=\"http:\/\/www.hpco.ca\/\" target=\"_blank\" rel=\"noopener\" aria-label=\"Hospice Palliative Care Ontario - open in a new tab\" data-uw-rm-ext-link=\"\">Soins palliatifs Ontario<\/a><br role=\"presentation\" data-uw-rm-sr=\"\" \/><a href=\"http:\/\/www.champlainpalliative.ca\/\" target=\"_blank\" rel=\"noopener\" aria-label=\"Champlain Hospice Palliative Care Program - open in a new tab\" data-uw-rm-ext-link=\"\">Programme de soins palliatifs de Champlain<\/a><br role=\"presentation\" data-uw-rm-sr=\"\" \/><a href=\"https:\/\/donsdream.ca\/\" target=\"_blank\" rel=\"noopener\" aria-label=\"Ottawa Deaf Health Care Team - The Deaf Palliative Care Team - open in a new tab\" data-uw-rm-ext-link=\"\">\u00c9quipe de soins de sant\u00e9 pour les sourds d&rsquo;Ottawa<\/a> &#8211; L&rsquo;\u00e9quipe de soins palliatifs pour les sourds[\/vc_column_text]\n\t\t\t<\/div>\n<\/div>\n<h5 class=\"clearfix mkdf-title-holder\">\n<span class=\"mkdf-accordion-mark mkdf-left-mark\">\n\t\t<span class=\"mkdf-accordion-mark-icon\">\n\t\t\t<span class=\"icon_plus\"><\/span>\n\t\t\t<span class=\"icon_minus-06\"><\/span>\n\t\t<\/span>\n<\/span>\n<span class=\"mkdf-tab-title\">\n\t\t<span class=\"mkdf-tab-title-inner\">\n\t\t\t\t\t\tAutres centres de soins palliatifs\t\t<\/span>\n<\/span>\n<\/h5>\n<div class=\"mkdf-accordion-content\">\n\t<div class=\"mkdf-accordion-content-inner\">\n\t\t[vc_column_text]<a href=\"http:\/\/www.bethdonovanhospice.ca\/\" target=\"_blank\" rel=\"noopener\" aria-label=\"Beth Donovan Hospice - open in a new tab\" data-uw-rm-ext-link=\"\">Beth Donovan Hospice<\/a><br role=\"presentation\" data-uw-rm-sr=\"\" \/><a href=\"http:\/\/www.hospicerenfrew.ca\/\" target=\"_blank\" rel=\"noopener\" aria-label=\"Hospice Renfrew - open in a new tab\" data-uw-rm-ext-link=\"\">Hospice Renfrew<\/a><br role=\"presentation\" data-uw-rm-sr=\"\" \/><a href=\"http:\/\/www.cornwallhospice.com\/\" target=\"_blank\" rel=\"noopener\" aria-label=\"Cornwall Carefor Hospice - open in a new tab\" data-uw-rm-ext-link=\"\">Maison de soins palliatifs de Cornwall de Carefor<\/a><br role=\"presentation\" data-uw-rm-sr=\"\" \/><a href=\"https:\/\/rogerneilsonhouse.ca\/\" target=\"_blank\" rel=\"noopener\" aria-label=\"Roger Neilson House - open in a new tab\" data-uw-rm-ext-link=\"\">Roger Neilson, soins palliatifs pour enfants<\/a>[\/vc_column_text]\n\t\t\t<\/div>\n<\/div>\n<h5 class=\"clearfix mkdf-title-holder\">\n<span class=\"mkdf-accordion-mark mkdf-left-mark\">\n\t\t<span class=\"mkdf-accordion-mark-icon\">\n\t\t\t<span class=\"icon_plus\"><\/span>\n\t\t\t<span class=\"icon_minus-06\"><\/span>\n\t\t<\/span>\n<\/span>\n<span class=\"mkdf-tab-title\">\n\t\t<span class=\"mkdf-tab-title-inner\">\n\t\t\t\t\t\tSoins \u00e0 domicile et soutien communautaire\t\t<\/span>\n<\/span>\n<\/h5>\n<div class=\"mkdf-accordion-content\">\n\t<div class=\"mkdf-accordion-content-inner\">\n\t\t[vc_column_text]<a href=\"http:\/\/www.cancercare.on.ca\/\" target=\"_blank\" rel=\"noopener\" aria-label=\"Cancer Care Ontario - open in a new tab\" data-uw-rm-ext-link=\"\">Action Concer Ontario<\/a><br role=\"presentation\" data-uw-rm-sr=\"\" \/><a href=\"http:\/\/www.health.gov.on.ca\/\" target=\"_blank\" rel=\"noopener\" aria-label=\"Ontario Ministry of Health and Long-term Care - open in a new tab\" data-uw-rm-ext-link=\"\">Services de soins \u00e0 domicile et en milieu communautaire<\/a><br role=\"presentation\" data-uw-rm-sr=\"\" \/><a href=\"http:\/\/www.ocsc.ca\/\" target=\"_blank\" rel=\"noopener\" aria-label=\"Ottawa Community Support Coalition - open in a new tab\" data-uw-rm-ext-link=\"\">Coalition pour le soutien communautaire d&rsquo;Ottawa<\/a><br role=\"presentation\" data-uw-rm-sr=\"\" \/><a href=\"http:\/\/www.seochc.on.ca\/\" target=\"_blank\" rel=\"noopener\" aria-label=\"South East Ottawa Community Health Centre - open in a new tab\" data-uw-rm-ext-link=\"\">Centre de sant\u00e9 communautaire du sud-est d&rsquo;Ottawa<\/a><br role=\"presentation\" data-uw-rm-sr=\"\" \/><a href=\"http:\/\/www.wocrc.ca\/\" target=\"_blank\" rel=\"noopener\" aria-label=\"Western Ottawa Community Resource Centre - open in a new tab\" data-uw-rm-ext-link=\"\">Centre de ressources communautaires d&rsquo;Ottawa Ouest<\/a>[\/vc_column_text]\n\t\t\t<\/div>\n<\/div>\n<h5 class=\"clearfix mkdf-title-holder\">\n<span class=\"mkdf-accordion-mark mkdf-left-mark\">\n\t\t<span class=\"mkdf-accordion-mark-icon\">\n\t\t\t<span class=\"icon_plus\"><\/span>\n\t\t\t<span class=\"icon_minus-06\"><\/span>\n\t\t<\/span>\n<\/span>\n<span class=\"mkdf-tab-title\">\n\t\t<span class=\"mkdf-tab-title-inner\">\n\t\t\t\t\t\tSoutien suppl\u00e9mentaire en cas de deuil\t\t<\/span>\n<\/span>\n<\/h5>\n<div class=\"mkdf-accordion-content\">\n\t<div class=\"mkdf-accordion-content-inner\">\n\t\t[vc_column_text]<a href=\"https:\/\/www.centerforloss.com\/\" target=\"_blank\" rel=\"noopener\" aria-label=\"Center for Loss and Life Transitions - open in a new tab\" data-uw-rm-ext-link=\"\">Centre pour les pertes et les transitions de la vie<\/a><br role=\"presentation\" data-uw-rm-sr=\"\" \/><a href=\"http:\/\/www.bfo-ottawa.org\/\" target=\"_blank\" rel=\"noopener\" aria-label=\"Bereaved Families of Ontario, Ottawa Chapter - open in a new tab\" data-uw-rm-ext-link=\"\">Familles endeuill\u00e9es de l&rsquo;Ontario, chapitre d&rsquo;Ottawa<\/a><br role=\"presentation\" data-uw-rm-sr=\"\" \/><a href=\"http:\/\/www.mygrief.ca\/\" target=\"_blank\" rel=\"noopener\" aria-label=\"Virtual Hospice - open in a new tab\" data-uw-rm-ext-link=\"\">Portail canadien en soins palliatifs<\/a><br role=\"presentation\" data-uw-rm-sr=\"\" \/><a href=\"http:\/\/kidsgrief.ca\/\" target=\"_blank\" rel=\"noopener\" aria-label=\"KidsGrief.ca - open in a new tab\" data-uw-rm-ext-link=\"\">Deuil des Enfants<\/a><br role=\"presentation\" data-uw-rm-sr=\"\" \/><a href=\"http:\/\/www.ottawapastoralcounsellingcentre.ca\/\" target=\"_blank\" rel=\"noopener\" aria-label=\"Ottawa Pastoral Counselling Centre - open in a new tab\" data-uw-rm-ext-link=\"\">Centre de consultation pastorale d&rsquo;Ottawa<\/a><br role=\"presentation\" data-uw-rm-sr=\"\" \/><a href=\"https:\/\/rogerneilsonhouse.ca\/our-services\/\" target=\"_blank\" rel=\"noopener\" aria-label=\"Roger Neilson House - open in a new tab\" data-uw-rm-ext-link=\"\">Roger Neilson, soins palliatifs pour enfants<\/a><br role=\"presentation\" data-uw-rm-sr=\"\" \/><a href=\"http:\/\/www.pailnetwork.ca\/\" target=\"_blank\" rel=\"noopener\" aria-label=\"Pregnancy and Infant Loss Network - open in a new tab\" data-uw-rm-ext-link=\"\">R\u00e9seau de grossesse et de perte du nourrisson<\/a><br role=\"presentation\" data-uw-rm-sr=\"\" \/><a href=\"https:\/\/www.chpca.ca\/resource\/grief-and-bereavement-resource-repository\/\" target=\"_blank\" rel=\"noopener\" aria-label=\"Grief and Bereavement Resource Repository - open in a new tab\" data-uw-rm-ext-link=\"\">R\u00e9pertoire de ressources sur le chagrin et le deuil<\/a> &#8211; Association canadienne de soins palliatifs[\/vc_column_text]\n\t\t\t<\/div>\n<\/div>\n<h5 class=\"clearfix mkdf-title-holder\">\n<span class=\"mkdf-accordion-mark mkdf-left-mark\">\n\t\t<span class=\"mkdf-accordion-mark-icon\">\n\t\t\t<span class=\"icon_plus\"><\/span>\n\t\t\t<span class=\"icon_minus-06\"><\/span>\n\t\t<\/span>\n<\/span>\n<span class=\"mkdf-tab-title\">\n\t\t<span class=\"mkdf-tab-title-inner\">\n\t\t\t\t\t\tInformations sur l&#039;assistance m\u00e9dicale \u00e0 la mort\t\t<\/span>\n<\/span>\n<\/h5>\n<div class=\"mkdf-accordion-content\">\n\t<div class=\"mkdf-accordion-content-inner\">\n\t\t[vc_column_text]<a href=\"\/wp-content\/uploads\/2024\/04\/chpca_pad_submission_to_federal_panel_oct_2015.pdf\" target=\"_blank\" rel=\"noopener\" data-uw-pdf-br=\"1\" data-uw-pdf-doc=\"\">Association canadienne de soins palliatifs &#8211; Consultation sur les options l\u00e9gislatives en mati\u00e8re d&rsquo;aide \u00e0 la mort<\/a><br role=\"presentation\" data-uw-rm-sr=\"\" \/><a href=\"http:\/\/www.justice.gc.ca\/eng\/cj-jp\/ad-am\/index.html\" target=\"_blank\" rel=\"noopener\" aria-label=\"Department of Justice - Medical Assistance in Dying - open in a new tab\" data-uw-rm-ext-link=\"\">Minist\u00e8re de la Justice &#8211; Assistance m\u00e9dicale \u00e0 mourir<\/a>\u00a0<br role=\"presentation\" data-uw-rm-sr=\"\" \/><a href=\"\/wp-content\/uploads\/2024\/04\/c-14-medical-assistance-in-dying.pdf\" target=\"_blank\" rel=\"noopener\" data-uw-pdf-br=\"1\" data-uw-pdf-doc=\"\">Chambre des communes du Canada &#8211; Projet de loi C-14<\/a><br role=\"presentation\" data-uw-rm-sr=\"\" \/><a href=\"\/wp-content\/uploads\/2024\/04\/pdam_2016-02-25_1st_report_e.pdf\" target=\"_blank\" rel=\"noopener\" aria-label=\"Parliament Canada - Medical Assistance in Dying: A Patient-Centred Approach - open in a new tab\" data-uw-rm-ext-link=\"\" data-uw-pdf-br=\"1\" data-uw-pdf-doc=\"\">Parlement du Canada &#8211; Assistance m\u00e9dicale \u00e0 mourir : Une approche centr\u00e9e sur le patient<\/a>[\/vc_column_text]\n\t\t\t<\/div>\n<\/div>\n<\/div>[vc_column_text]<strong>**Avis de non-responsabilit\u00e9:<br \/>\n<\/strong>Les liens externes figurant sur cette page fournissent des renseignements suppl\u00e9mentaires qui peuvent \u00eatre utiles ou int\u00e9ressants et qui sont conformes \u00e0 l&rsquo;objectif du site Web de Hospice Care Ottawa.\u00a0 Toutefois, Hospice Care Ottawa ne peut attester de l&rsquo;exactitude des renseignements fournis par ces liens ou tout autre site li\u00e9. Le fait de fournir des liens vers un site Web autre que celui de Soins palliatifs Ottawa ne constitue pas un appui de la part de Soins palliatifs Ottawa ou de l&rsquo;un de ses employ\u00e9s aux commanditaires du site ou \u00e0 l&rsquo;information ou aux produits pr\u00e9sent\u00e9s sur le site.[\/vc_column_text][vc_empty_space height=\u00a0\u00bb50px\u00a0\u00bb][\/vc_column][\/vc_row]<\/p>\n<\/div>","protected":false},"excerpt":{"rendered":"<p>[vc_row content_width=\u00a0\u00bbgrid\u00a0\u00bb][vc_column][vc_empty_space height=\u00a0\u00bb50px\u00a0\u00bb][vc_column_text]**Avis de non-responsabilit\u00e9: Les liens externes figurant sur cette page fournissent des renseignements suppl\u00e9mentaires qui peuvent \u00eatre utiles ou int\u00e9ressants et qui sont conformes \u00e0 l&rsquo;objectif du site Web de&#8230;<\/p>\n","protected":false},"author":1,"featured_media":0,"parent":5967,"menu_order":0,"comment_status":"closed","ping_status":"closed","template":"full-width.php","meta":{"_bbp_topic_count":0,"_bbp_reply_count":0,"_bbp_total_topic_count":0,"_bbp_total_reply_count":0,"_bbp_voice_count":0,"_bbp_anonymous_reply_count":0,"_bbp_topic_count_hidden":0,"_bbp_reply_count_hidden":0,"_bbp_forum_subforum_count":0,"footnotes":""},"class_list":["post-5977","page","type-page","status-publish","hentry"],"yoast_head":"<!-- This site is optimized with the Yoast SEO plugin v27.4 - https:\/\/yoast.com\/product\/yoast-seo-wordpress\/ -->\n<title>Liens &amp; Resources - Hospice Care Ottawa<\/title>\n<meta name=\"robots\" content=\"index, follow, max-snippet:-1, max-image-preview:large, max-video-preview:-1\" \/>\n<link rel=\"canonical\" href=\"https:\/\/www.hospicecareottawa.ca\/fr\/services\/liens-resources\/\" \/>\n<meta property=\"og:locale\" content=\"fr_FR\" \/>\n<meta property=\"og:type\" content=\"article\" \/>\n<meta property=\"og:title\" content=\"Liens &amp; Resources - Hospice Care Ottawa\" \/>\n<meta property=\"og:description\" content=\"[vc_row content_width=\u00a0\u00bbgrid\u00a0\u00bb][vc_column][vc_empty_space height=\u00a0\u00bb50px\u00a0\u00bb][vc_column_text]**Avis de non-responsabilit\u00e9: Les liens externes figurant sur cette page fournissent des renseignements suppl\u00e9mentaires qui peuvent \u00eatre utiles ou int\u00e9ressants et qui sont conformes \u00e0 l&rsquo;objectif du site Web de...\" \/>\n<meta property=\"og:url\" content=\"https:\/\/www.hospicecareottawa.ca\/fr\/services\/liens-resources\/\" \/>\n<meta property=\"og:site_name\" content=\"Hospice Care Ottawa\" \/>\n<meta property=\"article:modified_time\" content=\"2024-04-23T14:03:03+00:00\" \/>\n<meta property=\"og:image\" content=\"https:\/\/www.hospicecareottawa.ca\/wp-content\/uploads\/2024\/03\/footer_logo-en.png\" \/>\n\t<meta property=\"og:image:width\" content=\"180\" \/>\n\t<meta property=\"og:image:height\" content=\"149\" \/>\n\t<meta property=\"og:image:type\" content=\"image\/png\" \/>\n<meta name=\"twitter:card\" content=\"summary_large_image\" \/>\n<meta name=\"twitter:site\" content=\"@HospiceCareOtt\" \/>\n<meta name=\"twitter:label1\" content=\"Dur\u00e9e de lecture estim\u00e9e\" \/>\n\t<meta name=\"twitter:data1\" content=\"2 minutes\" \/>\n<script type=\"application\/ld+json\" class=\"yoast-schema-graph\">{\"@context\":\"https:\\\/\\\/schema.org\",\"@graph\":[{\"@type\":\"WebPage\",\"@id\":\"https:\\\/\\\/www.hospicecareottawa.ca\\\/fr\\\/services\\\/liens-resources\\\/\",\"url\":\"https:\\\/\\\/www.hospicecareottawa.ca\\\/fr\\\/services\\\/liens-resources\\\/\",\"name\":\"Liens & Resources - Hospice Care Ottawa\",\"isPartOf\":{\"@id\":\"https:\\\/\\\/www.hospicecareottawa.ca\\\/fr\\\/#website\"},\"datePublished\":\"2024-03-26T18:49:11+00:00\",\"dateModified\":\"2024-04-23T14:03:03+00:00\",\"breadcrumb\":{\"@id\":\"https:\\\/\\\/www.hospicecareottawa.ca\\\/fr\\\/services\\\/liens-resources\\\/#breadcrumb\"},\"inLanguage\":\"fr-FR\",\"potentialAction\":[{\"@type\":\"ReadAction\",\"target\":[\"https:\\\/\\\/www.hospicecareottawa.ca\\\/fr\\\/services\\\/liens-resources\\\/\"]}]},{\"@type\":\"BreadcrumbList\",\"@id\":\"https:\\\/\\\/www.hospicecareottawa.ca\\\/fr\\\/services\\\/liens-resources\\\/#breadcrumb\",\"itemListElement\":[{\"@type\":\"ListItem\",\"position\":1,\"name\":\"Home\",\"item\":\"https:\\\/\\\/www.hospicecareottawa.ca\\\/fr\\\/\"},{\"@type\":\"ListItem\",\"position\":2,\"name\":\"Services\",\"item\":\"https:\\\/\\\/www.hospicecareottawa.ca\\\/fr\\\/services\\\/\"},{\"@type\":\"ListItem\",\"position\":3,\"name\":\"Liens &#038; Resources\"}]},{\"@type\":\"WebSite\",\"@id\":\"https:\\\/\\\/www.hospicecareottawa.ca\\\/fr\\\/#website\",\"url\":\"https:\\\/\\\/www.hospicecareottawa.ca\\\/fr\\\/\",\"name\":\"Hospice Care Ottawa\",\"description\":\"Promouvoir une qualit\u00e9 de vie, la compassion dans la mort et le soutien dans le deuil pour les personnes dans le besoin au sein de notre communaut\u00e9.\",\"publisher\":{\"@id\":\"https:\\\/\\\/www.hospicecareottawa.ca\\\/fr\\\/#organization\"},\"potentialAction\":[{\"@type\":\"SearchAction\",\"target\":{\"@type\":\"EntryPoint\",\"urlTemplate\":\"https:\\\/\\\/www.hospicecareottawa.ca\\\/fr\\\/?s={search_term_string}\"},\"query-input\":{\"@type\":\"PropertyValueSpecification\",\"valueRequired\":true,\"valueName\":\"search_term_string\"}}],\"inLanguage\":\"fr-FR\"},{\"@type\":\"Organization\",\"@id\":\"https:\\\/\\\/www.hospicecareottawa.ca\\\/fr\\\/#organization\",\"name\":\"Hospice Care Ottawa\",\"url\":\"https:\\\/\\\/www.hospicecareottawa.ca\\\/fr\\\/\",\"logo\":{\"@type\":\"ImageObject\",\"inLanguage\":\"fr-FR\",\"@id\":\"https:\\\/\\\/www.hospicecareottawa.ca\\\/fr\\\/#\\\/schema\\\/logo\\\/image\\\/\",\"url\":\"https:\\\/\\\/www.hospicecareottawa.ca\\\/wp-content\\\/uploads\\\/2024\\\/03\\\/footer_logo-en.png\",\"contentUrl\":\"https:\\\/\\\/www.hospicecareottawa.ca\\\/wp-content\\\/uploads\\\/2024\\\/03\\\/footer_logo-en.png\",\"width\":180,\"height\":149,\"caption\":\"Hospice Care Ottawa\"},\"image\":{\"@id\":\"https:\\\/\\\/www.hospicecareottawa.ca\\\/fr\\\/#\\\/schema\\\/logo\\\/image\\\/\"},\"sameAs\":[\"https:\\\/\\\/x.com\\\/HospiceCareOtt\"]}]}<\/script>\n<!-- \/ Yoast SEO plugin. -->","yoast_head_json":{"title":"Liens & Resources - Hospice Care Ottawa","robots":{"index":"index","follow":"follow","max-snippet":"max-snippet:-1","max-image-preview":"max-image-preview:large","max-video-preview":"max-video-preview:-1"},"canonical":"https:\/\/www.hospicecareottawa.ca\/fr\/services\/liens-resources\/","og_locale":"fr_FR","og_type":"article","og_title":"Liens & Resources - Hospice Care Ottawa","og_description":"[vc_row content_width=\u00a0\u00bbgrid\u00a0\u00bb][vc_column][vc_empty_space height=\u00a0\u00bb50px\u00a0\u00bb][vc_column_text]**Avis de non-responsabilit\u00e9: Les liens externes figurant sur cette page fournissent des renseignements suppl\u00e9mentaires qui peuvent \u00eatre utiles ou int\u00e9ressants et qui sont conformes \u00e0 l&rsquo;objectif du site Web de...","og_url":"https:\/\/www.hospicecareottawa.ca\/fr\/services\/liens-resources\/","og_site_name":"Hospice Care Ottawa","article_modified_time":"2024-04-23T14:03:03+00:00","og_image":[{"width":180,"height":149,"url":"https:\/\/www.hospicecareottawa.ca\/wp-content\/uploads\/2024\/03\/footer_logo-en.png","type":"image\/png"}],"twitter_card":"summary_large_image","twitter_site":"@HospiceCareOtt","twitter_misc":{"Dur\u00e9e de lecture estim\u00e9e":"2 minutes"},"schema":{"@context":"https:\/\/schema.org","@graph":[{"@type":"WebPage","@id":"https:\/\/www.hospicecareottawa.ca\/fr\/services\/liens-resources\/","url":"https:\/\/www.hospicecareottawa.ca\/fr\/services\/liens-resources\/","name":"Liens & Resources - Hospice Care Ottawa","isPartOf":{"@id":"https:\/\/www.hospicecareottawa.ca\/fr\/#website"},"datePublished":"2024-03-26T18:49:11+00:00","dateModified":"2024-04-23T14:03:03+00:00","breadcrumb":{"@id":"https:\/\/www.hospicecareottawa.ca\/fr\/services\/liens-resources\/#breadcrumb"},"inLanguage":"fr-FR","potentialAction":[{"@type":"ReadAction","target":["https:\/\/www.hospicecareottawa.ca\/fr\/services\/liens-resources\/"]}]},{"@type":"BreadcrumbList","@id":"https:\/\/www.hospicecareottawa.ca\/fr\/services\/liens-resources\/#breadcrumb","itemListElement":[{"@type":"ListItem","position":1,"name":"Home","item":"https:\/\/www.hospicecareottawa.ca\/fr\/"},{"@type":"ListItem","position":2,"name":"Services","item":"https:\/\/www.hospicecareottawa.ca\/fr\/services\/"},{"@type":"ListItem","position":3,"name":"Liens &#038; Resources"}]},{"@type":"WebSite","@id":"https:\/\/www.hospicecareottawa.ca\/fr\/#website","url":"https:\/\/www.hospicecareottawa.ca\/fr\/","name":"Hospice Care Ottawa","description":"Promouvoir une qualit\u00e9 de vie, la compassion dans la mort et le soutien dans le deuil pour les personnes dans le besoin au sein de notre communaut\u00e9.","publisher":{"@id":"https:\/\/www.hospicecareottawa.ca\/fr\/#organization"},"potentialAction":[{"@type":"SearchAction","target":{"@type":"EntryPoint","urlTemplate":"https:\/\/www.hospicecareottawa.ca\/fr\/?s={search_term_string}"},"query-input":{"@type":"PropertyValueSpecification","valueRequired":true,"valueName":"search_term_string"}}],"inLanguage":"fr-FR"},{"@type":"Organization","@id":"https:\/\/www.hospicecareottawa.ca\/fr\/#organization","name":"Hospice Care Ottawa","url":"https:\/\/www.hospicecareottawa.ca\/fr\/","logo":{"@type":"ImageObject","inLanguage":"fr-FR","@id":"https:\/\/www.hospicecareottawa.ca\/fr\/#\/schema\/logo\/image\/","url":"https:\/\/www.hospicecareottawa.ca\/wp-content\/uploads\/2024\/03\/footer_logo-en.png","contentUrl":"https:\/\/www.hospicecareottawa.ca\/wp-content\/uploads\/2024\/03\/footer_logo-en.png","width":180,"height":149,"caption":"Hospice Care Ottawa"},"image":{"@id":"https:\/\/www.hospicecareottawa.ca\/fr\/#\/schema\/logo\/image\/"},"sameAs":["https:\/\/x.com\/HospiceCareOtt"]}]}},"_links":{"self":[{"href":"https:\/\/www.hospicecareottawa.ca\/fr\/wp-json\/wp\/v2\/pages\/5977","targetHints":{"allow":["GET"]}}],"collection":[{"href":"https:\/\/www.hospicecareottawa.ca\/fr\/wp-json\/wp\/v2\/pages"}],"about":[{"href":"https:\/\/www.hospicecareottawa.ca\/fr\/wp-json\/wp\/v2\/types\/page"}],"author":[{"embeddable":true,"href":"https:\/\/www.hospicecareottawa.ca\/fr\/wp-json\/wp\/v2\/users\/1"}],"replies":[{"embeddable":true,"href":"https:\/\/www.hospicecareottawa.ca\/fr\/wp-json\/wp\/v2\/comments?post=5977"}],"version-history":[{"count":8,"href":"https:\/\/www.hospicecareottawa.ca\/fr\/wp-json\/wp\/v2\/pages\/5977\/revisions"}],"predecessor-version":[{"id":6367,"href":"https:\/\/www.hospicecareottawa.ca\/fr\/wp-json\/wp\/v2\/pages\/5977\/revisions\/6367"}],"up":[{"embeddable":true,"href":"https:\/\/www.hospicecareottawa.ca\/fr\/wp-json\/wp\/v2\/pages\/5967"}],"wp:attachment":[{"href":"https:\/\/www.hospicecareottawa.ca\/fr\/wp-json\/wp\/v2\/media?parent=5977"}],"curies":[{"name":"wp","href":"https:\/\/api.w.org\/{rel}","templated":true}]}}