{"id":5976,"date":"2024-03-26T17:19:37","date_gmt":"2024-03-26T17:19:37","guid":{"rendered":"https:\/\/www.hospicecareottawa.ca\/nous-pouvons-vous-aider\/residential-hospice-care\/"},"modified":"2024-10-09T14:59:53","modified_gmt":"2024-10-09T14:59:53","slug":"soins-palliatif-en-residences","status":"publish","type":"page","link":"https:\/\/www.hospicecareottawa.ca\/fr\/services\/soins-palliatif-en-residences\/","title":{"rendered":"Soins Palliatif en R\u00e9sidences"},"content":{"rendered":"<div class=\"wpb-content-wrapper\"><p>[vc_row content_width=\u00a0\u00bbgrid\u00a0\u00bb css=\u00a0\u00bb.vc_custom_1711474413082{margin-top: 0px !important;margin-bottom: 0px !important;border-top-width: 0px !important;border-bottom-width: 0px !important;padding-top: 75px !important;padding-bottom: 75px !important;}\u00a0\u00bb][vc_column width=\u00a0\u00bb1\/4&Prime;]<div class=\"mkdf-animations-holder mkdf-element-from-right\" data-animation=\"mkdf-element-from-right\">\n\t<div style=\"transition-delay: 200ms;-webkit-animation-delay: 200ms;animation-delay: 200ms;animation-duration: 700ms;-webkit-animation-duration: 700ms;-moz-animation-duration: 700ms\">\n\t\t[vc_single_image image=\u00a0\u00bb3944&Prime; img_size=\u00a0\u00bbfull\u00a0\u00bb alignment=\u00a0\u00bbcenter\u00a0\u00bb]\t<\/div>\n\n<\/div>[\/vc_column][vc_column width=\u00a0\u00bb3\/4&Prime;]<div class=\"mkdf-section-title-holder\">\n\t<h2 class=\"mkdf-section-title mkdf-section-title-medium\" style=\"color: #5a1f30;text-align: left\">\n\tSoins Palliatif en R\u00e9sidences<\/h2>\n<\/div><div class=\"mkdf-section-subtitle-holder mkdf-section-subtitle-left\" >\n\t<p style=\"text-align: left\" class=\"mkdf-section-subtitle\">Pour les personnes qui ne peuvent plus vivre chez elles, La Maison de soins palliatifs d\u2019Ottawa dispense des soins jour et nuit dans une atmosph\u00e8re paisible et chaleureuse. Elle dispose de lits de soins palliatifs en r\u00e9sidence dans plusieurs \u00e9tablissements de la ville. Une \u00e9quipe interdisciplinaire vous offre un soutien physique, \u00e9motionnel et spirituel en mettant l'accent sur la gestion de la douleur et des sympt\u00f4mes ainsi que sur la qualit\u00e9 de vie. Nous encourageons aussi vos amis et votre famille \u00e0 passer le plus de temps possible avec vous.<\/p>\n<\/div>[\/vc_column][\/vc_row][vc_row content_width=\u00a0\u00bbgrid\u00a0\u00bb css=\u00a0\u00bb.vc_custom_1711473758894{padding-top: 100px !important;padding-bottom: 100px !important;background-color: #799a3d !important;}\u00a0\u00bb][vc_column offset=\u00a0\u00bbvc_col-lg-6 vc_col-md-12&Prime;]<div class=\"mkdf-animations-holder mkdf-element-from-left\" data-animation=\"mkdf-element-from-left\">\n\t<div style=\"transition-delay: 200ms;-webkit-animation-delay: 200ms;animation-delay: 200ms;animation-duration: 700ms;-webkit-animation-duration: 700ms;-moz-animation-duration: 700ms\">\n\t\t[vc_single_image image=\u00a0\u00bb4415&Prime; img_size=\u00a0\u00bbfull\u00a0\u00bb alignment=\u00a0\u00bbcenter\u00a0\u00bb]\t<\/div>\n\n<\/div>[vc_empty_space height=\u00a0\u00bb40px\u00a0\u00bb][\/vc_column][vc_column offset=\u00a0\u00bbvc_col-lg-6 vc_col-md-12&Prime;]<div class=\"mkdf-section-title-holder\">\n\t<h2 class=\"mkdf-section-title mkdf-section-title-medium\" style=\"color: #ffffff;text-align: left\">\n\tMaison May Court Hospice<\/h2>\n<\/div><div class=\"mkdf-section-subtitle-holder mkdf-section-subtitle-left\" >\n\t<p style=\"color: #ffffff;text-align: left\" class=\"mkdf-section-subtitle\">Notre Maison May Court Hospice dispose de 9 lits de soins palliatifs en r\u00e9sidence. Cet \u00e9tablissement est magnifique. Il est situ\u00e9 sur les rives de la rivi\u00e8re Rideau, entour\u00e9 de nombreux jardins dans lesquels les r\u00e9sidents et leurs familles peuvent se promener et se pr\u00e9lasser pendant des heures.<\/p>\n<\/div>[vc_empty_space height=\u00a0\u00bb32&Prime;]<a href=\"\/fr\/qui-nous-sommes\/photo-gallery\/\" target=\"_self\" style=\"color: #799a3d\" class=\"mkdf-btn mkdf-btn-medium mkdf-btn-white mkdf-btn-custom-hover-bg mkdf-btn-custom-hover-color mkdf-btn-hover-solid\" data-hover-bg-color=\"#fbd651\" data-hover-color=\"#ffffff\" >\n\t\n\t\t<span class=\"mkdf-btn-text\">Voir d&#039;autres photos de nos r\u00e9sidences de soins palliatifs.<\/span>\n<\/a>[\/vc_column][\/vc_row][vc_row content_width=\u00a0\u00bbgrid\u00a0\u00bb css=\u00a0\u00bb.vc_custom_1711473741639{border-top-width: 1px !important;border-right-width: 0px !important;border-bottom-width: 1px !important;border-left-width: 0px !important;padding-top: 100px !important;padding-bottom: 100px !important;background-color: #fbd651 !important;border-left-color: #f2f2f2 !important;border-left-style: solid !important;border-right-color: #f2f2f2 !important;border-right-style: solid !important;border-top-color: #f2f2f2 !important;border-top-style: solid !important;border-bottom-color: #f2f2f2 !important;border-bottom-style: solid !important;}\u00a0\u00bb][vc_column offset=\u00a0\u00bbvc_col-lg-6 vc_col-md-12&Prime;]<div class=\"mkdf-animations-holder mkdf-element-from-left\" data-animation=\"mkdf-element-from-left\">\n\t<div style=\"transition-delay: 200ms;-webkit-animation-delay: 200ms;animation-delay: 200ms;animation-duration: 700ms;-webkit-animation-duration: 700ms;-moz-animation-duration: 700ms\">\n\t\t[vc_single_image image=\u00a0\u00bb4412&Prime; img_size=\u00a0\u00bbfull\u00a0\u00bb alignment=\u00a0\u00bbcenter\u00a0\u00bb]\t<\/div>\n\n<\/div>[vc_empty_space height=\u00a0\u00bb40px\u00a0\u00bb][\/vc_column][vc_column offset=\u00a0\u00bbvc_col-lg-6 vc_col-md-12&Prime;]<div class=\"mkdf-section-title-holder\">\n\t<h2 class=\"mkdf-section-title mkdf-section-title-medium\" style=\"color: #ffffff;text-align: left\">\n\tMaison Ruddy-Shenkman Hospice \/ Maison Hein<\/h2>\n<\/div><div class=\"mkdf-section-subtitle-holder mkdf-section-subtitle-left\" >\n\t<p style=\"color: #ffffff;text-align: left\" class=\"mkdf-section-subtitle\">La Maison Ruddy-Shenkman Hospice \/ Maison Hein dispose de 12 lits de soins palliatifs en r\u00e9sidence. La construction de ce nouvel \u00e9tablissement s'est achev\u00e9e en 2017.<\/p>\n<\/div>[vc_empty_space height=\u00a0\u00bb32&Prime;]<a href=\"\/fr\/qui-nous-sommes\/photo-gallery\/\" target=\"_self\" style=\"color: #799a3d\" class=\"mkdf-btn mkdf-btn-medium mkdf-btn-white mkdf-btn-custom-hover-bg mkdf-btn-custom-hover-color mkdf-btn-hover-solid\" data-hover-bg-color=\"#fbd651\" data-hover-color=\"#ffffff\" >\n\t\n\t\t<span class=\"mkdf-btn-text\">Voir d&#039;autres photos de nos r\u00e9sidences de soins palliatifs<\/span>\n<\/a>[\/vc_column][\/vc_row][vc_row content_width=\u00a0\u00bbgrid\u00a0\u00bb css=\u00a0\u00bb.vc_custom_1711473758894{padding-top: 100px !important;padding-bottom: 100px !important;background-color: #799a3d !important;}\u00a0\u00bb][vc_column offset=\u00a0\u00bbvc_col-lg-6 vc_col-md-12&Prime;]<div class=\"mkdf-animations-holder mkdf-element-from-left\" data-animation=\"mkdf-element-from-left\">\n\t<div style=\"transition-delay: 200ms;-webkit-animation-delay: 200ms;animation-delay: 200ms;animation-duration: 700ms;-webkit-animation-duration: 700ms;-moz-animation-duration: 700ms\">\n\t\t[vc_single_image image=\u00a0\u00bb6438&Prime; img_size=\u00a0\u00bbfull\u00a0\u00bb alignment=\u00a0\u00bbcenter\u00a0\u00bb]\t<\/div>\n\n<\/div>[vc_empty_space height=\u00a0\u00bb40px\u00a0\u00bb][\/vc_column][vc_column offset=\u00a0\u00bbvc_col-lg-6 vc_col-md-12&Prime;]<div class=\"mkdf-section-title-holder\">\n\t<h2 class=\"mkdf-section-title mkdf-section-title-medium\" style=\"color: #ffffff;text-align: left\">\n\tLa Maison de l\u2019Est<\/h2>\n<\/div><div class=\"mkdf-section-subtitle-holder mkdf-section-subtitle-left\" >\n\t<p style=\"color: #ffffff;text-align: left\" class=\"mkdf-section-subtitle\">La nouvelle Maison de l'Est, un site francophone, est situ\u00e9e au troisi\u00e8me \u00e9tage \u00e0 la R\u00e9sidence Cit\u00e9 Parkway, au 380 Le Boutillier Avenue, Ottawa, et ajoute 8 nouvelles suites de soins palliatifs.<\/p>\n<\/div>[vc_empty_space height=\u00a0\u00bb32&Prime;]<a href=\"\/fr\/services\/services-francophones-la-maison-de-lest\/\" target=\"_self\" style=\"color: #799a3d\" class=\"mkdf-btn mkdf-btn-medium mkdf-btn-white mkdf-btn-custom-hover-bg mkdf-btn-custom-hover-color mkdf-btn-hover-solid\" data-hover-bg-color=\"#fbd651\" data-hover-color=\"#ffffff\" >\n\t\n\t\t<span class=\"mkdf-btn-text\">En Savoir Plus<\/span>\n<\/a>[\/vc_column][\/vc_row][vc_row content_width=\u00a0\u00bbgrid\u00a0\u00bb css=\u00a0\u00bb.vc_custom_1711474299465{padding-top: 75px !important;padding-bottom: 75px !important;}\u00a0\u00bb][vc_column][vc_column_text css=\u00a0\u00bb\u00a0\u00bb]Pour \u00eatre admis aux soins palliatifs en r\u00e9sidence, vous devez passer par votre professionnel de la sant\u00e9. Pour plus de renseignements sur les crit\u00e8res d&rsquo;admission aux soins palliatifs, <strong><a href=\"\/wp-content\/uploads\/2024\/04\/hco_pcu_july20_en_2020.pdf\" target=\"_blank\" rel=\"noopener\">CLIQUEZ ICI<\/a>.<\/strong>\u200b<\/p>\n<p><strong>Acheminement vers une r\u00e9sidence de soins palliatifs<\/strong><\/p>\n<p>Vous avez un patient atteint d&rsquo;une maladie limitant l&rsquo;esp\u00e9rance de vie, qui en est \u00e0 ses derniers jours ou \u00e0 ses derni\u00e8res semaines et qui a besoin de soins jour et nuit? Vous pourriez lui recommander des soins palliatifs en r\u00e9sidence. La Maison de soins palliatifs d\u2019Ottawa dispose de lits de soins palliatifs en r\u00e9sidence dans trois \u00e9tablissements d\u2019Ottawa avec des \u00e9quipes multidisciplinaires qui fournissent du soutien physique, \u00e9motionnel et spirituel.<\/p>\n<p><strong>Pour en savoir plus sur les crit\u00e8res d&rsquo;admission aux soins palliatifs en r\u00e9sidence, <a href=\"\/wp-content\/uploads\/2024\/04\/hco_pcu_july20_en_2020.pdf\" target=\"_blank\" rel=\"noopener\">CLIQUEZ ICI<\/a>.<\/strong><\/p>\n<p><strong>Pour orienter un patient vers une r\u00e9sidence de soins palliatifs, <a href=\"\/wp-content\/uploads\/2024\/04\/smart_referral_2022.pdf\" target=\"_blank\" rel=\"noopener\">CLIQUEZ ICI<\/a>.<\/strong>[\/vc_column_text][vc_column_text]<strong>Pour plus de renseignements sur les soins palliatifs offerts dans nos r\u00e9sidences, appelez notre coordonnatrice de l&rsquo;admission au 613\u2011796\u20116555.<\/strong>[\/vc_column_text][vc_column_text]<strong>Aide m\u00e9dicale \u00e0 mourir (AMM)<\/strong><strong>\u200b<\/strong><\/p>\n<p>La Maison de soins palliatifs d\u2019Ottawa offre des soins palliatifs de qualit\u00e9 aux patients et \u00e0 leurs familles et les soutient tout au long de la phase de fin de vie. Bien que l&rsquo;AMM ne fasse pas partie de la philosophie de soins de cet \u00e9tablissement, le 26\u00a0mai\u00a02020, le Conseil d&rsquo;administration de La Maison de soins palliatifs d\u2019Ottawa a officiellement adopt\u00e9 une politique autorisant les professionnels de la sant\u00e9 de l\u2019ext\u00e9rieur (qui ne font pas partie du personnel de la MSPO) \u00e0 fournir leurs services d&rsquo;AMM dans les locaux de la r\u00e9sidence. Nous continuerons d&rsquo;accepter les personnes qui d\u00e9sirent des services d\u2019AMM ou qui ont entam\u00e9 des d\u00e9marches juridiques pour en obtenir. Ces personnes seront aussi bien accueillies que nos autres r\u00e9sidents en soins palliatifs. Nous n\u2019admettrons pas de personnes dont le seul but sera de recevoir des services d&rsquo;AMM. Vous trouverez plus de renseignements sur l\u2019AMM \u00e0 notre page de ressources. <a href=\"https:\/\/www.hospicecareottawa.ca\/fr\/services\/liens-resources\/\" rel=\"noopener\"><strong>CLIQUEZ<\/strong> <strong>ICI<\/strong><\/a>.<\/p>\n<p>Nous dispensons nos soins et nos services sans frais aux personnes atteintes d\u2019une maladie limitant l\u2019esp\u00e9rance de vie et \u00e0 leurs familles. Par cons\u00e9quent, les dons que nous recevons sont tr\u00e8s bienvenus.[\/vc_column_text][\/vc_column][\/vc_row]<\/p>\n<\/div>","protected":false},"excerpt":{"rendered":"<p>[vc_row content_width=\u00a0\u00bbgrid\u00a0\u00bb css=\u00a0\u00bb.vc_custom_1711474413082{margin-top: 0px !important;margin-bottom: 0px !important;border-top-width: 0px !important;border-bottom-width: 0px !important;padding-top: 75px !important;padding-bottom: 75px !important;}\u00a0\u00bb][vc_column width=\u00a0\u00bb1\/4&Prime;][\/vc_column][vc_column width=\u00a0\u00bb3\/4&Prime;][\/vc_column][\/vc_row][vc_row content_width=\u00a0\u00bbgrid\u00a0\u00bb css=\u00a0\u00bb.vc_custom_1711473758894{padding-top: 100px !important;padding-bottom: 100px !important;background-color: #799a3d !important;}\u00a0\u00bb][vc_column offset=\u00a0\u00bbvc_col-lg-6 vc_col-md-12&Prime;][vc_empty_space height=\u00a0\u00bb40px\u00a0\u00bb][\/vc_column][vc_column offset=\u00a0\u00bbvc_col-lg-6 vc_col-md-12&Prime;][vc_empty_space height=\u00a0\u00bb32&Prime;][\/vc_column][\/vc_row][vc_row content_width=\u00a0\u00bbgrid\u00a0\u00bb&#8230;<\/p>\n","protected":false},"author":1,"featured_media":0,"parent":5967,"menu_order":0,"comment_status":"closed","ping_status":"closed","template":"full-width.php","meta":{"_bbp_topic_count":0,"_bbp_reply_count":0,"_bbp_total_topic_count":0,"_bbp_total_reply_count":0,"_bbp_voice_count":0,"_bbp_anonymous_reply_count":0,"_bbp_topic_count_hidden":0,"_bbp_reply_count_hidden":0,"_bbp_forum_subforum_count":0,"footnotes":""},"class_list":["post-5976","page","type-page","status-publish","hentry"],"yoast_head":"<!-- This site is optimized with the Yoast SEO plugin v27.4 - https:\/\/yoast.com\/product\/yoast-seo-wordpress\/ -->\n<title>Soins Palliatif en R\u00e9sidences - Hospice Care Ottawa<\/title>\n<meta name=\"robots\" content=\"index, follow, max-snippet:-1, max-image-preview:large, max-video-preview:-1\" \/>\n<link rel=\"canonical\" href=\"https:\/\/www.hospicecareottawa.ca\/fr\/services\/soins-palliatif-en-residences\/\" \/>\n<meta property=\"og:locale\" content=\"fr_FR\" \/>\n<meta property=\"og:type\" content=\"article\" \/>\n<meta property=\"og:title\" content=\"Soins Palliatif en R\u00e9sidences - Hospice Care Ottawa\" \/>\n<meta property=\"og:description\" content=\"[vc_row content_width=\u00a0\u00bbgrid\u00a0\u00bb css=\u00a0\u00bb.vc_custom_1711474413082{margin-top: 0px !important;margin-bottom: 0px !important;border-top-width: 0px !important;border-bottom-width: 0px !important;padding-top: 75px !important;padding-bottom: 75px !important;}\u00a0\u00bb][vc_column width=\u00a0\u00bb1\/4&Prime;][\/vc_column][vc_column width=\u00a0\u00bb3\/4&Prime;][\/vc_column][\/vc_row][vc_row content_width=\u00a0\u00bbgrid\u00a0\u00bb css=\u00a0\u00bb.vc_custom_1711473758894{padding-top: 100px !important;padding-bottom: 100px !important;background-color: #799a3d !important;}\u00a0\u00bb][vc_column offset=\u00a0\u00bbvc_col-lg-6 vc_col-md-12&Prime;][vc_empty_space height=\u00a0\u00bb40px\u00a0\u00bb][\/vc_column][vc_column offset=\u00a0\u00bbvc_col-lg-6 vc_col-md-12&Prime;][vc_empty_space height=\u00a0\u00bb32&Prime;][\/vc_column][\/vc_row][vc_row content_width=\u00a0\u00bbgrid\u00a0\u00bb...\" \/>\n<meta property=\"og:url\" content=\"https:\/\/www.hospicecareottawa.ca\/fr\/services\/soins-palliatif-en-residences\/\" \/>\n<meta property=\"og:site_name\" content=\"Hospice Care Ottawa\" \/>\n<meta property=\"article:modified_time\" content=\"2024-10-09T14:59:53+00:00\" \/>\n<meta property=\"og:image\" content=\"https:\/\/www.hospicecareottawa.ca\/wp-content\/uploads\/2024\/03\/footer_logo-en.png\" \/>\n\t<meta property=\"og:image:width\" content=\"180\" \/>\n\t<meta property=\"og:image:height\" content=\"149\" \/>\n\t<meta property=\"og:image:type\" content=\"image\/png\" \/>\n<meta name=\"twitter:card\" content=\"summary_large_image\" \/>\n<meta name=\"twitter:site\" content=\"@HospiceCareOtt\" \/>\n<meta name=\"twitter:label1\" content=\"Dur\u00e9e de lecture estim\u00e9e\" \/>\n\t<meta name=\"twitter:data1\" content=\"5 minutes\" \/>\n<script type=\"application\/ld+json\" class=\"yoast-schema-graph\">{\"@context\":\"https:\\\/\\\/schema.org\",\"@graph\":[{\"@type\":\"WebPage\",\"@id\":\"https:\\\/\\\/www.hospicecareottawa.ca\\\/fr\\\/services\\\/soins-palliatif-en-residences\\\/\",\"url\":\"https:\\\/\\\/www.hospicecareottawa.ca\\\/fr\\\/services\\\/soins-palliatif-en-residences\\\/\",\"name\":\"Soins Palliatif en R\u00e9sidences - Hospice Care Ottawa\",\"isPartOf\":{\"@id\":\"https:\\\/\\\/www.hospicecareottawa.ca\\\/fr\\\/#website\"},\"datePublished\":\"2024-03-26T17:19:37+00:00\",\"dateModified\":\"2024-10-09T14:59:53+00:00\",\"breadcrumb\":{\"@id\":\"https:\\\/\\\/www.hospicecareottawa.ca\\\/fr\\\/services\\\/soins-palliatif-en-residences\\\/#breadcrumb\"},\"inLanguage\":\"fr-FR\",\"potentialAction\":[{\"@type\":\"ReadAction\",\"target\":[\"https:\\\/\\\/www.hospicecareottawa.ca\\\/fr\\\/services\\\/soins-palliatif-en-residences\\\/\"]}]},{\"@type\":\"BreadcrumbList\",\"@id\":\"https:\\\/\\\/www.hospicecareottawa.ca\\\/fr\\\/services\\\/soins-palliatif-en-residences\\\/#breadcrumb\",\"itemListElement\":[{\"@type\":\"ListItem\",\"position\":1,\"name\":\"Home\",\"item\":\"https:\\\/\\\/www.hospicecareottawa.ca\\\/fr\\\/\"},{\"@type\":\"ListItem\",\"position\":2,\"name\":\"Services\",\"item\":\"https:\\\/\\\/www.hospicecareottawa.ca\\\/fr\\\/services\\\/\"},{\"@type\":\"ListItem\",\"position\":3,\"name\":\"Soins Palliatif en R\u00e9sidences\"}]},{\"@type\":\"WebSite\",\"@id\":\"https:\\\/\\\/www.hospicecareottawa.ca\\\/fr\\\/#website\",\"url\":\"https:\\\/\\\/www.hospicecareottawa.ca\\\/fr\\\/\",\"name\":\"Hospice Care Ottawa\",\"description\":\"Promouvoir une qualit\u00e9 de vie, la compassion dans la mort et le soutien dans le deuil pour les personnes dans le besoin au sein de notre communaut\u00e9.\",\"publisher\":{\"@id\":\"https:\\\/\\\/www.hospicecareottawa.ca\\\/fr\\\/#organization\"},\"potentialAction\":[{\"@type\":\"SearchAction\",\"target\":{\"@type\":\"EntryPoint\",\"urlTemplate\":\"https:\\\/\\\/www.hospicecareottawa.ca\\\/fr\\\/?s={search_term_string}\"},\"query-input\":{\"@type\":\"PropertyValueSpecification\",\"valueRequired\":true,\"valueName\":\"search_term_string\"}}],\"inLanguage\":\"fr-FR\"},{\"@type\":\"Organization\",\"@id\":\"https:\\\/\\\/www.hospicecareottawa.ca\\\/fr\\\/#organization\",\"name\":\"Hospice Care Ottawa\",\"url\":\"https:\\\/\\\/www.hospicecareottawa.ca\\\/fr\\\/\",\"logo\":{\"@type\":\"ImageObject\",\"inLanguage\":\"fr-FR\",\"@id\":\"https:\\\/\\\/www.hospicecareottawa.ca\\\/fr\\\/#\\\/schema\\\/logo\\\/image\\\/\",\"url\":\"https:\\\/\\\/www.hospicecareottawa.ca\\\/wp-content\\\/uploads\\\/2024\\\/03\\\/footer_logo-en.png\",\"contentUrl\":\"https:\\\/\\\/www.hospicecareottawa.ca\\\/wp-content\\\/uploads\\\/2024\\\/03\\\/footer_logo-en.png\",\"width\":180,\"height\":149,\"caption\":\"Hospice Care Ottawa\"},\"image\":{\"@id\":\"https:\\\/\\\/www.hospicecareottawa.ca\\\/fr\\\/#\\\/schema\\\/logo\\\/image\\\/\"},\"sameAs\":[\"https:\\\/\\\/x.com\\\/HospiceCareOtt\"]}]}<\/script>\n<!-- \/ Yoast SEO plugin. -->","yoast_head_json":{"title":"Soins Palliatif en R\u00e9sidences - Hospice Care Ottawa","robots":{"index":"index","follow":"follow","max-snippet":"max-snippet:-1","max-image-preview":"max-image-preview:large","max-video-preview":"max-video-preview:-1"},"canonical":"https:\/\/www.hospicecareottawa.ca\/fr\/services\/soins-palliatif-en-residences\/","og_locale":"fr_FR","og_type":"article","og_title":"Soins Palliatif en R\u00e9sidences - Hospice Care Ottawa","og_description":"[vc_row content_width=\u00a0\u00bbgrid\u00a0\u00bb css=\u00a0\u00bb.vc_custom_1711474413082{margin-top: 0px !important;margin-bottom: 0px !important;border-top-width: 0px !important;border-bottom-width: 0px !important;padding-top: 75px !important;padding-bottom: 75px !important;}\u00a0\u00bb][vc_column width=\u00a0\u00bb1\/4&Prime;][\/vc_column][vc_column width=\u00a0\u00bb3\/4&Prime;][\/vc_column][\/vc_row][vc_row content_width=\u00a0\u00bbgrid\u00a0\u00bb css=\u00a0\u00bb.vc_custom_1711473758894{padding-top: 100px !important;padding-bottom: 100px !important;background-color: #799a3d !important;}\u00a0\u00bb][vc_column offset=\u00a0\u00bbvc_col-lg-6 vc_col-md-12&Prime;][vc_empty_space height=\u00a0\u00bb40px\u00a0\u00bb][\/vc_column][vc_column offset=\u00a0\u00bbvc_col-lg-6 vc_col-md-12&Prime;][vc_empty_space height=\u00a0\u00bb32&Prime;][\/vc_column][\/vc_row][vc_row content_width=\u00a0\u00bbgrid\u00a0\u00bb...","og_url":"https:\/\/www.hospicecareottawa.ca\/fr\/services\/soins-palliatif-en-residences\/","og_site_name":"Hospice Care Ottawa","article_modified_time":"2024-10-09T14:59:53+00:00","og_image":[{"width":180,"height":149,"url":"https:\/\/www.hospicecareottawa.ca\/wp-content\/uploads\/2024\/03\/footer_logo-en.png","type":"image\/png"}],"twitter_card":"summary_large_image","twitter_site":"@HospiceCareOtt","twitter_misc":{"Dur\u00e9e de lecture estim\u00e9e":"5 minutes"},"schema":{"@context":"https:\/\/schema.org","@graph":[{"@type":"WebPage","@id":"https:\/\/www.hospicecareottawa.ca\/fr\/services\/soins-palliatif-en-residences\/","url":"https:\/\/www.hospicecareottawa.ca\/fr\/services\/soins-palliatif-en-residences\/","name":"Soins Palliatif en R\u00e9sidences - Hospice Care Ottawa","isPartOf":{"@id":"https:\/\/www.hospicecareottawa.ca\/fr\/#website"},"datePublished":"2024-03-26T17:19:37+00:00","dateModified":"2024-10-09T14:59:53+00:00","breadcrumb":{"@id":"https:\/\/www.hospicecareottawa.ca\/fr\/services\/soins-palliatif-en-residences\/#breadcrumb"},"inLanguage":"fr-FR","potentialAction":[{"@type":"ReadAction","target":["https:\/\/www.hospicecareottawa.ca\/fr\/services\/soins-palliatif-en-residences\/"]}]},{"@type":"BreadcrumbList","@id":"https:\/\/www.hospicecareottawa.ca\/fr\/services\/soins-palliatif-en-residences\/#breadcrumb","itemListElement":[{"@type":"ListItem","position":1,"name":"Home","item":"https:\/\/www.hospicecareottawa.ca\/fr\/"},{"@type":"ListItem","position":2,"name":"Services","item":"https:\/\/www.hospicecareottawa.ca\/fr\/services\/"},{"@type":"ListItem","position":3,"name":"Soins Palliatif en R\u00e9sidences"}]},{"@type":"WebSite","@id":"https:\/\/www.hospicecareottawa.ca\/fr\/#website","url":"https:\/\/www.hospicecareottawa.ca\/fr\/","name":"Hospice Care Ottawa","description":"Promouvoir une qualit\u00e9 de vie, la compassion dans la mort et le soutien dans le deuil pour les personnes dans le besoin au sein de notre communaut\u00e9.","publisher":{"@id":"https:\/\/www.hospicecareottawa.ca\/fr\/#organization"},"potentialAction":[{"@type":"SearchAction","target":{"@type":"EntryPoint","urlTemplate":"https:\/\/www.hospicecareottawa.ca\/fr\/?s={search_term_string}"},"query-input":{"@type":"PropertyValueSpecification","valueRequired":true,"valueName":"search_term_string"}}],"inLanguage":"fr-FR"},{"@type":"Organization","@id":"https:\/\/www.hospicecareottawa.ca\/fr\/#organization","name":"Hospice Care Ottawa","url":"https:\/\/www.hospicecareottawa.ca\/fr\/","logo":{"@type":"ImageObject","inLanguage":"fr-FR","@id":"https:\/\/www.hospicecareottawa.ca\/fr\/#\/schema\/logo\/image\/","url":"https:\/\/www.hospicecareottawa.ca\/wp-content\/uploads\/2024\/03\/footer_logo-en.png","contentUrl":"https:\/\/www.hospicecareottawa.ca\/wp-content\/uploads\/2024\/03\/footer_logo-en.png","width":180,"height":149,"caption":"Hospice Care Ottawa"},"image":{"@id":"https:\/\/www.hospicecareottawa.ca\/fr\/#\/schema\/logo\/image\/"},"sameAs":["https:\/\/x.com\/HospiceCareOtt"]}]}},"_links":{"self":[{"href":"https:\/\/www.hospicecareottawa.ca\/fr\/wp-json\/wp\/v2\/pages\/5976","targetHints":{"allow":["GET"]}}],"collection":[{"href":"https:\/\/www.hospicecareottawa.ca\/fr\/wp-json\/wp\/v2\/pages"}],"about":[{"href":"https:\/\/www.hospicecareottawa.ca\/fr\/wp-json\/wp\/v2\/types\/page"}],"author":[{"embeddable":true,"href":"https:\/\/www.hospicecareottawa.ca\/fr\/wp-json\/wp\/v2\/users\/1"}],"replies":[{"embeddable":true,"href":"https:\/\/www.hospicecareottawa.ca\/fr\/wp-json\/wp\/v2\/comments?post=5976"}],"version-history":[{"count":17,"href":"https:\/\/www.hospicecareottawa.ca\/fr\/wp-json\/wp\/v2\/pages\/5976\/revisions"}],"predecessor-version":[{"id":7205,"href":"https:\/\/www.hospicecareottawa.ca\/fr\/wp-json\/wp\/v2\/pages\/5976\/revisions\/7205"}],"up":[{"embeddable":true,"href":"https:\/\/www.hospicecareottawa.ca\/fr\/wp-json\/wp\/v2\/pages\/5967"}],"wp:attachment":[{"href":"https:\/\/www.hospicecareottawa.ca\/fr\/wp-json\/wp\/v2\/media?parent=5976"}],"curies":[{"name":"wp","href":"https:\/\/api.w.org\/{rel}","templated":true}]}}