{"id":5975,"date":"2024-03-26T15:23:52","date_gmt":"2024-03-26T15:23:52","guid":{"rendered":"https:\/\/www.hospicecareottawa.ca\/nous-pouvons-vous-aider\/community-care\/"},"modified":"2025-07-04T13:25:44","modified_gmt":"2025-07-04T13:25:44","slug":"soins-communautaires","status":"publish","type":"page","link":"https:\/\/www.hospicecareottawa.ca\/fr\/services\/soins-communautaires\/","title":{"rendered":"Soins Communautaires"},"content":{"rendered":"<div class=\"wpb-content-wrapper\"><p>[vc_row content_width=\u00a0\u00bbgrid\u00a0\u00bb css=\u00a0\u00bb.vc_custom_1711473511391{padding-top: 75px !important;}\u00a0\u00bb][vc_column]<div class=\"mkdf-section-title-holder\">\n\t<h2 class=\"mkdf-section-title mkdf-section-title-medium\" style=\"color: #5a1f30;text-align: left\">\n\tSoins Communautaires<\/h2>\n<\/div>[vc_column_text]Est-ce que l\u2019un de vos proches est atteint d\u2019une maladie limitant l&rsquo;esp\u00e9rance de vie ou a besoin de soins palliatifs? \u00cates-vous vous-m\u00eame dans cette situation? Nous pouvons vous aider \u00e0 obtenir du soutien pendant que vous habitez encore dans la collectivit\u00e9. La Maison de soins palliatifs d\u2019Ottawa soutient les personnes et leurs aidants pendant toute la dur\u00e9e de leur maladie, depuis le moment du diagnostic jusqu&rsquo;\u00e0 la mort, puis pendant leur deuil.<\/p>\n<p>Pour en savoir plus sur nos diff\u00e9rents programmes communautaires, cliquez sur <strong>les photos ci\u2011dessous<\/strong>.[\/vc_column_text][vc_empty_space][\/vc_column][\/vc_row][vc_row content_width=\u00a0\u00bbgrid\u00a0\u00bb css=\u00a0\u00bb.vc_custom_1711473505740{padding-bottom: 75px !important;}\u00a0\u00bb][vc_column width=\u00a0\u00bb1\/4&Prime;]<div class=\"mkdf-animations-holder mkdf-element-from-fade\" data-animation=\"mkdf-element-from-fade\">\n\t<div style=\"transition-delay: 200ms;-webkit-animation-delay: 200ms;animation-delay: 200ms;animation-duration: 700ms;-webkit-animation-duration: 700ms;-moz-animation-duration: 700ms\">\n\t\t<div class=\"mkdf-iwt clearfix mkdf-iwt-icon-top mkdf-iwt-icon-tiny\">\n    <div class=\"mkdf-iwt-icon-holder\">\n                    <img decoding=\"async\" width=\"138\" height=\"114\" src=\"https:\/\/www.hospicecareottawa.ca\/wp-content\/uploads\/2024\/03\/care_icon-3.png\" class=\"attachment-full size-full\" alt=\"\" \/>            <\/div>\n    <div class=\"mkdf-iwt-content-holder\" >\n        <div class=\"mkdf-iwt-title-holder\">\n            <h4 style=\"text-transform: capitalize;font-weight: 700\"><\/h4>\n        <\/div>\n        <div class=\"mkdf-iwt-text-holder\">\n            <p ><\/p>\n\n                    <\/div>\n    <\/div>\n<\/div><a href=\"\/fr\/services\/soins-communautaires\/soins-palliatifs-de-jour\/\" target=\"_self\"  class=\"mkdf-btn mkdf-btn-small mkdf-btn-solid mkdf-btn-hover-outline\"  >\n\t\n\t\t<span class=\"mkdf-btn-text\">soins palliatifs de jour<\/span>\n<\/a>\t<\/div>\n\n<\/div>[\/vc_column][vc_column width=\u00a0\u00bb1\/4&Prime;]<div class=\"mkdf-animations-holder mkdf-element-from-fade\" data-animation=\"mkdf-element-from-fade\">\n\t<div style=\"transition-delay: 400ms;-webkit-animation-delay: 400ms;animation-delay: 400ms;animation-duration: 700ms;-webkit-animation-duration: 700ms;-moz-animation-duration: 700ms\">\n\t\t<div class=\"mkdf-iwt clearfix mkdf-iwt-icon-top mkdf-iwt-icon-tiny\">\n    <div class=\"mkdf-iwt-icon-holder\">\n                    <img decoding=\"async\" width=\"138\" height=\"114\" src=\"https:\/\/www.hospicecareottawa.ca\/wp-content\/uploads\/2024\/03\/care_icon-2.png\" class=\"attachment-full size-full\" alt=\"\" \/>            <\/div>\n    <div class=\"mkdf-iwt-content-holder\" >\n        <div class=\"mkdf-iwt-title-holder\">\n            <h4 style=\"text-transform: capitalize;font-weight: 700\"><\/h4>\n        <\/div>\n        <div class=\"mkdf-iwt-text-holder\">\n            <p ><\/p>\n\n                    <\/div>\n    <\/div>\n<\/div><a href=\"\/fr\/services\/soins-communautaires\/programme-de-soutien-a-domicile\/\" target=\"_self\"  class=\"mkdf-btn mkdf-btn-small mkdf-btn-solid mkdf-btn-hover-outline\"  >\n\t\n\t\t<span class=\"mkdf-btn-text\">\u200e \u200e \u200e \u200e \u200e \u200e \u200e \u200e\u200e \u200e \u200e \u200e \u200e Soutien \u200e \u200e \u200e \u200e\u200e \u200e \u200e \u200e \u200e\u200e \u200e \u200e \u200e \u00e0 domicile<\/span>\n<\/a>\t<\/div>\n\n<\/div>[\/vc_column][vc_column width=\u00a0\u00bb1\/4&Prime;]<div class=\"mkdf-animations-holder mkdf-element-from-fade\" data-animation=\"mkdf-element-from-fade\">\n\t<div style=\"transition-delay: 600ms;-webkit-animation-delay: 600ms;animation-delay: 600ms;animation-duration: 700ms;-webkit-animation-duration: 700ms;-moz-animation-duration: 700ms\">\n\t\t<div class=\"mkdf-iwt clearfix mkdf-iwt-icon-top mkdf-iwt-icon-tiny\">\n    <div class=\"mkdf-iwt-icon-holder\">\n                    <img decoding=\"async\" width=\"138\" height=\"114\" src=\"https:\/\/www.hospicecareottawa.ca\/wp-content\/uploads\/2024\/03\/care_icon-1.png\" class=\"attachment-full size-full\" alt=\"\" \/>            <\/div>\n    <div class=\"mkdf-iwt-content-holder\" >\n        <div class=\"mkdf-iwt-title-holder\">\n            <h4 style=\"text-transform: capitalize;font-weight: 700\"><\/h4>\n        <\/div>\n        <div class=\"mkdf-iwt-text-holder\">\n            <p ><\/p>\n\n                    <\/div>\n    <\/div>\n<\/div><a href=\"\/fr\/services\/soins-communautaires\/soutien-aux-aidants-naturels\/\" target=\"_self\"  class=\"mkdf-btn mkdf-btn-small mkdf-btn-solid mkdf-btn-hover-outline\"  >\n\t\n\t\t<span class=\"mkdf-btn-text\">Soutien aux aidants naturels<\/span>\n<\/a>\t<\/div>\n\n<\/div>[\/vc_column][vc_column width=\u00a0\u00bb1\/4&Prime;]<div class=\"mkdf-animations-holder mkdf-element-from-fade\" data-animation=\"mkdf-element-from-fade\">\n\t<div style=\"transition-delay: 600ms;-webkit-animation-delay: 600ms;animation-delay: 600ms;animation-duration: 700ms;-webkit-animation-duration: 700ms;-moz-animation-duration: 700ms\">\n\t\t<div class=\"mkdf-iwt clearfix mkdf-iwt-icon-top mkdf-iwt-icon-tiny\">\n    <div class=\"mkdf-iwt-icon-holder\">\n                    <img decoding=\"async\" width=\"138\" height=\"114\" src=\"https:\/\/www.hospicecareottawa.ca\/wp-content\/uploads\/2024\/03\/care_icon-4.png\" class=\"attachment-full size-full\" alt=\"\" \/>            <\/div>\n    <div class=\"mkdf-iwt-content-holder\" >\n        <div class=\"mkdf-iwt-title-holder\">\n            <h4 style=\"text-transform: capitalize;font-weight: 700\"><\/h4>\n        <\/div>\n        <div class=\"mkdf-iwt-text-holder\">\n            <p ><\/p>\n\n                    <\/div>\n    <\/div>\n<\/div><a href=\"\/fr\/services\/soins-aux-personnes-en-deuil\/\" target=\"_self\"  class=\"mkdf-btn mkdf-btn-small mkdf-btn-solid mkdf-btn-hover-outline\"  >\n\t\n\t\t<span class=\"mkdf-btn-text\">Soins aux personnes en deuil<\/span>\n<\/a>\t<\/div>\n\n<\/div>[\/vc_column][\/vc_row][vc_row content_width=\u00a0\u00bbgrid\u00a0\u00bb css=\u00a0\u00bb.vc_custom_1711473476782{padding-top: 75px !important;padding-bottom: 75px !important;background-color: #f2f2f2 !important;}\u00a0\u00bb][vc_column]<div class=\"mkdf-section-title-holder\">\n\t<h2 class=\"mkdf-section-title mkdf-section-title-medium\" style=\"color: #5a1f30;text-align: left\">\n\tRecommandation pour obtenir des soins communautaires<\/h2>\n<\/div>[vc_column_text css=\u00a0\u00bb\u00a0\u00bb]<\/p>\n<div class=\"paragraph\">\n<p>Les personnes atteintes d&rsquo;une maladie limitant l&rsquo;esp\u00e9rance de vie qui vivent encore chez elles et qui ont besoin de soutien peuvent \u00eatre orient\u00e9es vers nos soins communautaires ou en faire la demande elles-m\u00eames.<\/p>\n<ul>\n<li><b>Inscription personnelle<\/b> &#8211; rendez-vous sur <a href=\"https:\/\/www.accesscss.ca\/\">https:\/\/www.accesscss.ca\/<\/a><\/li>\n<li><b>Professionnels de sant\u00e9<\/b> &#8211; rendez-vous sur <a href=\"http:\/\/caredove.com\/champlaincss\">http:\/\/caredove.com\/champlaincss<\/a><\/li>\n<li><b>Ou pour plus d&rsquo;informations<\/b>, appelez le 613-796-6555<\/li>\n<\/ul>\n<p>Nous communiquerons avec vous ou avec la personne pour mener une \u00e9valuation \u00e0 domicile afin de d\u00e9terminer si elle est admissible \u00e0 nos programmes.<\/p>\n<p>Pour de plus amples renseignements sur La Maison de soins palliatifs d\u2019Ottawa, veuillez <a href=\"https:\/\/www.hospicecareottawa.ca\/fr\/qui-nous-sommes\/foire-aux-questions\/\">cliquer ici<\/a> pour consulter<strong> notre Foire aux questions<\/strong>.<\/p>\n<p><em>Les personnes atteintes d&rsquo;une maladie limitant l&rsquo;esp\u00e9rance de vie et leurs familles ne paient aucuns frais; les dons sont donc bienvenus et encourag\u00e9s.<\/em><\/p>\n<\/div>\n<p>[\/vc_column_text][vc_empty_space][\/vc_column][\/vc_row]<\/p>\n<\/div>","protected":false},"excerpt":{"rendered":"<p>[vc_row content_width=\u00a0\u00bbgrid\u00a0\u00bb css=\u00a0\u00bb.vc_custom_1711473511391{padding-top: 75px !important;}\u00a0\u00bb][vc_column][vc_column_text]Est-ce que l\u2019un de vos proches est atteint d\u2019une maladie limitant l&rsquo;esp\u00e9rance de vie ou a besoin de soins palliatifs? \u00cates-vous vous-m\u00eame dans cette situation? Nous pouvons vous&#8230;<\/p>\n","protected":false},"author":1,"featured_media":0,"parent":5967,"menu_order":0,"comment_status":"closed","ping_status":"closed","template":"full-width.php","meta":{"_bbp_topic_count":0,"_bbp_reply_count":0,"_bbp_total_topic_count":0,"_bbp_total_reply_count":0,"_bbp_voice_count":0,"_bbp_anonymous_reply_count":0,"_bbp_topic_count_hidden":0,"_bbp_reply_count_hidden":0,"_bbp_forum_subforum_count":0,"footnotes":""},"class_list":["post-5975","page","type-page","status-publish","hentry"],"yoast_head":"<!-- This site is optimized with the Yoast SEO plugin v27.4 - https:\/\/yoast.com\/product\/yoast-seo-wordpress\/ -->\n<title>Soins Communautaires - Hospice Care Ottawa<\/title>\n<meta name=\"robots\" content=\"index, follow, max-snippet:-1, max-image-preview:large, max-video-preview:-1\" \/>\n<link rel=\"canonical\" href=\"https:\/\/www.hospicecareottawa.ca\/fr\/services\/soins-communautaires\/\" \/>\n<meta property=\"og:locale\" content=\"fr_FR\" \/>\n<meta property=\"og:type\" content=\"article\" \/>\n<meta property=\"og:title\" content=\"Soins Communautaires - Hospice Care Ottawa\" \/>\n<meta property=\"og:description\" content=\"[vc_row content_width=\u00a0\u00bbgrid\u00a0\u00bb css=\u00a0\u00bb.vc_custom_1711473511391{padding-top: 75px !important;}\u00a0\u00bb][vc_column][vc_column_text]Est-ce que l\u2019un de vos proches est atteint d\u2019une maladie limitant l&rsquo;esp\u00e9rance de vie ou a besoin de soins palliatifs? \u00cates-vous vous-m\u00eame dans cette situation? Nous pouvons vous...\" \/>\n<meta property=\"og:url\" content=\"https:\/\/www.hospicecareottawa.ca\/fr\/services\/soins-communautaires\/\" \/>\n<meta property=\"og:site_name\" content=\"Hospice Care Ottawa\" \/>\n<meta property=\"article:modified_time\" content=\"2025-07-04T13:25:44+00:00\" \/>\n<meta property=\"og:image\" content=\"https:\/\/www.hospicecareottawa.ca\/wp-content\/uploads\/2024\/03\/footer_logo-en.png\" \/>\n\t<meta property=\"og:image:width\" content=\"180\" \/>\n\t<meta property=\"og:image:height\" content=\"149\" \/>\n\t<meta property=\"og:image:type\" content=\"image\/png\" \/>\n<meta name=\"twitter:card\" content=\"summary_large_image\" \/>\n<meta name=\"twitter:site\" content=\"@HospiceCareOtt\" \/>\n<meta name=\"twitter:label1\" content=\"Dur\u00e9e de lecture estim\u00e9e\" \/>\n\t<meta name=\"twitter:data1\" content=\"2 minutes\" \/>\n<script type=\"application\/ld+json\" class=\"yoast-schema-graph\">{\"@context\":\"https:\\\/\\\/schema.org\",\"@graph\":[{\"@type\":\"WebPage\",\"@id\":\"https:\\\/\\\/www.hospicecareottawa.ca\\\/fr\\\/services\\\/soins-communautaires\\\/\",\"url\":\"https:\\\/\\\/www.hospicecareottawa.ca\\\/fr\\\/services\\\/soins-communautaires\\\/\",\"name\":\"Soins Communautaires - Hospice Care Ottawa\",\"isPartOf\":{\"@id\":\"https:\\\/\\\/www.hospicecareottawa.ca\\\/fr\\\/#website\"},\"datePublished\":\"2024-03-26T15:23:52+00:00\",\"dateModified\":\"2025-07-04T13:25:44+00:00\",\"breadcrumb\":{\"@id\":\"https:\\\/\\\/www.hospicecareottawa.ca\\\/fr\\\/services\\\/soins-communautaires\\\/#breadcrumb\"},\"inLanguage\":\"fr-FR\",\"potentialAction\":[{\"@type\":\"ReadAction\",\"target\":[\"https:\\\/\\\/www.hospicecareottawa.ca\\\/fr\\\/services\\\/soins-communautaires\\\/\"]}]},{\"@type\":\"BreadcrumbList\",\"@id\":\"https:\\\/\\\/www.hospicecareottawa.ca\\\/fr\\\/services\\\/soins-communautaires\\\/#breadcrumb\",\"itemListElement\":[{\"@type\":\"ListItem\",\"position\":1,\"name\":\"Home\",\"item\":\"https:\\\/\\\/www.hospicecareottawa.ca\\\/fr\\\/\"},{\"@type\":\"ListItem\",\"position\":2,\"name\":\"Services\",\"item\":\"https:\\\/\\\/www.hospicecareottawa.ca\\\/fr\\\/services\\\/\"},{\"@type\":\"ListItem\",\"position\":3,\"name\":\"Soins Communautaires\"}]},{\"@type\":\"WebSite\",\"@id\":\"https:\\\/\\\/www.hospicecareottawa.ca\\\/fr\\\/#website\",\"url\":\"https:\\\/\\\/www.hospicecareottawa.ca\\\/fr\\\/\",\"name\":\"Hospice Care Ottawa\",\"description\":\"Promouvoir une qualit\u00e9 de vie, la compassion dans la mort et le soutien dans le deuil pour les personnes dans le besoin au sein de notre communaut\u00e9.\",\"publisher\":{\"@id\":\"https:\\\/\\\/www.hospicecareottawa.ca\\\/fr\\\/#organization\"},\"potentialAction\":[{\"@type\":\"SearchAction\",\"target\":{\"@type\":\"EntryPoint\",\"urlTemplate\":\"https:\\\/\\\/www.hospicecareottawa.ca\\\/fr\\\/?s={search_term_string}\"},\"query-input\":{\"@type\":\"PropertyValueSpecification\",\"valueRequired\":true,\"valueName\":\"search_term_string\"}}],\"inLanguage\":\"fr-FR\"},{\"@type\":\"Organization\",\"@id\":\"https:\\\/\\\/www.hospicecareottawa.ca\\\/fr\\\/#organization\",\"name\":\"Hospice Care Ottawa\",\"url\":\"https:\\\/\\\/www.hospicecareottawa.ca\\\/fr\\\/\",\"logo\":{\"@type\":\"ImageObject\",\"inLanguage\":\"fr-FR\",\"@id\":\"https:\\\/\\\/www.hospicecareottawa.ca\\\/fr\\\/#\\\/schema\\\/logo\\\/image\\\/\",\"url\":\"https:\\\/\\\/www.hospicecareottawa.ca\\\/wp-content\\\/uploads\\\/2024\\\/03\\\/footer_logo-en.png\",\"contentUrl\":\"https:\\\/\\\/www.hospicecareottawa.ca\\\/wp-content\\\/uploads\\\/2024\\\/03\\\/footer_logo-en.png\",\"width\":180,\"height\":149,\"caption\":\"Hospice Care Ottawa\"},\"image\":{\"@id\":\"https:\\\/\\\/www.hospicecareottawa.ca\\\/fr\\\/#\\\/schema\\\/logo\\\/image\\\/\"},\"sameAs\":[\"https:\\\/\\\/x.com\\\/HospiceCareOtt\"]}]}<\/script>\n<!-- \/ Yoast SEO plugin. -->","yoast_head_json":{"title":"Soins Communautaires - Hospice Care Ottawa","robots":{"index":"index","follow":"follow","max-snippet":"max-snippet:-1","max-image-preview":"max-image-preview:large","max-video-preview":"max-video-preview:-1"},"canonical":"https:\/\/www.hospicecareottawa.ca\/fr\/services\/soins-communautaires\/","og_locale":"fr_FR","og_type":"article","og_title":"Soins Communautaires - Hospice Care Ottawa","og_description":"[vc_row content_width=\u00a0\u00bbgrid\u00a0\u00bb css=\u00a0\u00bb.vc_custom_1711473511391{padding-top: 75px !important;}\u00a0\u00bb][vc_column][vc_column_text]Est-ce que l\u2019un de vos proches est atteint d\u2019une maladie limitant l&rsquo;esp\u00e9rance de vie ou a besoin de soins palliatifs? \u00cates-vous vous-m\u00eame dans cette situation? Nous pouvons vous...","og_url":"https:\/\/www.hospicecareottawa.ca\/fr\/services\/soins-communautaires\/","og_site_name":"Hospice Care Ottawa","article_modified_time":"2025-07-04T13:25:44+00:00","og_image":[{"width":180,"height":149,"url":"https:\/\/www.hospicecareottawa.ca\/wp-content\/uploads\/2024\/03\/footer_logo-en.png","type":"image\/png"}],"twitter_card":"summary_large_image","twitter_site":"@HospiceCareOtt","twitter_misc":{"Dur\u00e9e de lecture estim\u00e9e":"2 minutes"},"schema":{"@context":"https:\/\/schema.org","@graph":[{"@type":"WebPage","@id":"https:\/\/www.hospicecareottawa.ca\/fr\/services\/soins-communautaires\/","url":"https:\/\/www.hospicecareottawa.ca\/fr\/services\/soins-communautaires\/","name":"Soins Communautaires - Hospice Care Ottawa","isPartOf":{"@id":"https:\/\/www.hospicecareottawa.ca\/fr\/#website"},"datePublished":"2024-03-26T15:23:52+00:00","dateModified":"2025-07-04T13:25:44+00:00","breadcrumb":{"@id":"https:\/\/www.hospicecareottawa.ca\/fr\/services\/soins-communautaires\/#breadcrumb"},"inLanguage":"fr-FR","potentialAction":[{"@type":"ReadAction","target":["https:\/\/www.hospicecareottawa.ca\/fr\/services\/soins-communautaires\/"]}]},{"@type":"BreadcrumbList","@id":"https:\/\/www.hospicecareottawa.ca\/fr\/services\/soins-communautaires\/#breadcrumb","itemListElement":[{"@type":"ListItem","position":1,"name":"Home","item":"https:\/\/www.hospicecareottawa.ca\/fr\/"},{"@type":"ListItem","position":2,"name":"Services","item":"https:\/\/www.hospicecareottawa.ca\/fr\/services\/"},{"@type":"ListItem","position":3,"name":"Soins Communautaires"}]},{"@type":"WebSite","@id":"https:\/\/www.hospicecareottawa.ca\/fr\/#website","url":"https:\/\/www.hospicecareottawa.ca\/fr\/","name":"Hospice Care Ottawa","description":"Promouvoir une qualit\u00e9 de vie, la compassion dans la mort et le soutien dans le deuil pour les personnes dans le besoin au sein de notre communaut\u00e9.","publisher":{"@id":"https:\/\/www.hospicecareottawa.ca\/fr\/#organization"},"potentialAction":[{"@type":"SearchAction","target":{"@type":"EntryPoint","urlTemplate":"https:\/\/www.hospicecareottawa.ca\/fr\/?s={search_term_string}"},"query-input":{"@type":"PropertyValueSpecification","valueRequired":true,"valueName":"search_term_string"}}],"inLanguage":"fr-FR"},{"@type":"Organization","@id":"https:\/\/www.hospicecareottawa.ca\/fr\/#organization","name":"Hospice Care Ottawa","url":"https:\/\/www.hospicecareottawa.ca\/fr\/","logo":{"@type":"ImageObject","inLanguage":"fr-FR","@id":"https:\/\/www.hospicecareottawa.ca\/fr\/#\/schema\/logo\/image\/","url":"https:\/\/www.hospicecareottawa.ca\/wp-content\/uploads\/2024\/03\/footer_logo-en.png","contentUrl":"https:\/\/www.hospicecareottawa.ca\/wp-content\/uploads\/2024\/03\/footer_logo-en.png","width":180,"height":149,"caption":"Hospice Care Ottawa"},"image":{"@id":"https:\/\/www.hospicecareottawa.ca\/fr\/#\/schema\/logo\/image\/"},"sameAs":["https:\/\/x.com\/HospiceCareOtt"]}]}},"_links":{"self":[{"href":"https:\/\/www.hospicecareottawa.ca\/fr\/wp-json\/wp\/v2\/pages\/5975","targetHints":{"allow":["GET"]}}],"collection":[{"href":"https:\/\/www.hospicecareottawa.ca\/fr\/wp-json\/wp\/v2\/pages"}],"about":[{"href":"https:\/\/www.hospicecareottawa.ca\/fr\/wp-json\/wp\/v2\/types\/page"}],"author":[{"embeddable":true,"href":"https:\/\/www.hospicecareottawa.ca\/fr\/wp-json\/wp\/v2\/users\/1"}],"replies":[{"embeddable":true,"href":"https:\/\/www.hospicecareottawa.ca\/fr\/wp-json\/wp\/v2\/comments?post=5975"}],"version-history":[{"count":18,"href":"https:\/\/www.hospicecareottawa.ca\/fr\/wp-json\/wp\/v2\/pages\/5975\/revisions"}],"predecessor-version":[{"id":7828,"href":"https:\/\/www.hospicecareottawa.ca\/fr\/wp-json\/wp\/v2\/pages\/5975\/revisions\/7828"}],"up":[{"embeddable":true,"href":"https:\/\/www.hospicecareottawa.ca\/fr\/wp-json\/wp\/v2\/pages\/5967"}],"wp:attachment":[{"href":"https:\/\/www.hospicecareottawa.ca\/fr\/wp-json\/wp\/v2\/media?parent=5975"}],"curies":[{"name":"wp","href":"https:\/\/api.w.org\/{rel}","templated":true}]}}