{"id":5938,"date":"2016-01-25T09:38:19","date_gmt":"2016-01-25T09:38:19","guid":{"rendered":"https:\/\/www.hospicecareottawa.ca\/who-we-are\/"},"modified":"2025-09-17T17:54:19","modified_gmt":"2025-09-17T17:54:19","slug":"qui-nous-sommes","status":"publish","type":"page","link":"https:\/\/www.hospicecareottawa.ca\/fr\/qui-nous-sommes\/","title":{"rendered":"Qui nous sommes"},"content":{"rendered":"<div class=\"wpb-content-wrapper\"><p>[vc_row content_width=\u00a0\u00bbgrid\u00a0\u00bb][vc_column][vc_empty_space height=\u00a0\u00bb50px\u00a0\u00bb]<div class=\"mkdf-section-title-holder\">\n\t<h2 class=\"mkdf-section-title mkdf-section-title-medium\" style=\"color: #5a1f30;text-align: left\">\n\tNotre histoire<\/h2>\n<\/div>[vc_column_text]La Maison de soins palliatifs d&rsquo;Ottawa est un organisme de bienfaisance communautaire qui a pour mission d\u2019accompagner et de soutenir les personnes en fin de vie et leurs familles en leur prodiguant avec compassion <strong>des soins de grande qualit\u00e9 dans un milieu paisible, familial et confortable<\/strong>.<\/p>\n<p>Nos soins visent avant tout la dignit\u00e9 et le confort. <strong>Ils ne co\u00fbtent rien \u00e0 nos clients<\/strong>; ils leur sont prodigu\u00e9s par un petit \u00e9quipe d&#8217;employ\u00e9s et par plus de mille b\u00e9n\u00e9voles d\u00e9vou\u00e9s de la r\u00e9gion d\u2019Ottawa, qui appliquent les normes de qualit\u00e9 les plus \u00e9lev\u00e9es tout en maintenant une atmosph\u00e8re de confort.<\/p>\n<p><strong>La Maison de soins palliatifs d\u2019Ottawa\u00a0<\/strong>est le nom de l\u2019organisme issu en janvier\u00a02013 de la fusion de deux \u00e9tablissements\u00a0\u2013 Hospice at May Court et Friends of Hospice Ottawa.<\/p>\n<p>La Maison de soins palliatifs d&rsquo;Ottawa reconna\u00eet et accueille fi\u00e8rement la diversit\u00e9 de notre communaut\u00e9 et s&rsquo;efforce d&rsquo;\u00eatre inclusif pour tous. La diversit\u00e9 comprend, et ne se limite pas \u00e0, l&rsquo;\u00e2ge, le sexe, l&rsquo;origine ethnique, les handicaps physiques et mentaux, l&rsquo;orientation sexuelle, la race, la nationalit\u00e9, le mode de vie, la religion et l&rsquo;\u00e9ducation.<\/p>\n<p>Nous fournissons tous nos programmes et services sans frais. Une partie du financement n\u00e9cessaire nous vient du RLISS de Champlain, et le reste du soutien de la collectivit\u00e9. Chaque ann\u00e9e, nous pouvons ainsi offrir un soutien de fin de vie \u00e0 plus de 1\u00a0500\u00a0personnes dans le cadre de nos programmes de prestation de soins palliatifs dans la collectivit\u00e9 et en \u00e9tablissement, de nos services aux endeuill\u00e9s et de nos programmes de soutien aux aidants naturels.[\/vc_column_text][vc_empty_space height=\u00a0\u00bb50px\u00a0\u00bb][\/vc_column][\/vc_row][vc_row content_width=\u00a0\u00bbgrid\u00a0\u00bb css=\u00a0\u00bb.vc_custom_1711390255298{background-color: #799a3d !important;}\u00a0\u00bb][vc_column][vc_empty_space height=\u00a0\u00bb50px\u00a0\u00bb]<div class=\"mkdf-accordion-holder clearfix mkdf-toggle mkdf-initial \">\n\t<h5 class=\"clearfix mkdf-title-holder\">\n<span class=\"mkdf-accordion-mark mkdf-left-mark\">\n\t\t<span class=\"mkdf-accordion-mark-icon\">\n\t\t\t<span class=\"icon_plus\"><\/span>\n\t\t\t<span class=\"icon_minus-06\"><\/span>\n\t\t<\/span>\n<\/span>\n<span class=\"mkdf-tab-title\">\n\t\t<span class=\"mkdf-tab-title-inner\">\n\t\t\t\t\t\tNotre mission\t\t<\/span>\n<\/span>\n<\/h5>\n<div class=\"mkdf-accordion-content\">\n\t<div class=\"mkdf-accordion-content-inner\">\n\t\t[vc_column_text]<\/p>\n<div class=\"paragraph\" style=\"color: #f2f2f2;\">\n<p>La Maison de soins palliatifs d&rsquo;Ottawa fournit des soins compatissants et de haute qualit\u00e9 aux personnes et \u00e0 leurs aidants naturels, depuis le diagnostic d&rsquo;une maladie \u00e9volutive limitant l&rsquo;esp\u00e9rance de vie jusqu&rsquo;\u00e0 leur parcours palliatif et de fin de vie.<\/p>\n<\/div>\n<p>[\/vc_column_text]\n\t\t\t<\/div>\n<\/div>\n<h5 class=\"clearfix mkdf-title-holder\">\n<span class=\"mkdf-accordion-mark mkdf-left-mark\">\n\t\t<span class=\"mkdf-accordion-mark-icon\">\n\t\t\t<span class=\"icon_plus\"><\/span>\n\t\t\t<span class=\"icon_minus-06\"><\/span>\n\t\t<\/span>\n<\/span>\n<span class=\"mkdf-tab-title\">\n\t\t<span class=\"mkdf-tab-title-inner\">\n\t\t\t\t\t\tNotre vision\t\t<\/span>\n<\/span>\n<\/h5>\n<div class=\"mkdf-accordion-content\">\n\t<div class=\"mkdf-accordion-content-inner\">\n\t\t[vc_column_text]<\/p>\n<div class=\"paragraph\" style=\"color: #f2f2f2;\">Promouvoir la qualit\u00e9 de vie, la compassion dans la mort et le soutien dans le deuil aupr\u00e8s des personnes dans le besoin \u00e0 travers Ottawa.<\/div>\n<p>[\/vc_column_text]\n\t\t\t<\/div>\n<\/div>\n<h5 class=\"clearfix mkdf-title-holder\">\n<span class=\"mkdf-accordion-mark mkdf-left-mark\">\n\t\t<span class=\"mkdf-accordion-mark-icon\">\n\t\t\t<span class=\"icon_plus\"><\/span>\n\t\t\t<span class=\"icon_minus-06\"><\/span>\n\t\t<\/span>\n<\/span>\n<span class=\"mkdf-tab-title\">\n\t\t<span class=\"mkdf-tab-title-inner\">\n\t\t\t\t\t\tNos valeurs\t\t<\/span>\n<\/span>\n<\/h5>\n<div class=\"mkdf-accordion-content\">\n\t<div class=\"mkdf-accordion-content-inner\">\n\t\t[vc_column_text]<\/p>\n<ul style=\"color: #f2f2f2;\">\n<li class=\"paragraph\"><strong>La compassion et le respect<\/strong> guident nos actions et nos d\u00e9cisions.<\/li>\n<li class=\"paragraph\"><strong>L&rsquo;inspiration<\/strong> vient du courage et de la force de ceux que nos servons.<\/li>\n<li class=\"paragraph\"><strong>L&rsquo;excellence des soins<\/strong> ax\u00e9s sur la personne fait partie int\u00e9grante de notre travail et de nos relations.<\/li>\n<li class=\"paragraph\"><strong>La communaut\u00e9 est \u00e0 la base de tout notre travail.\u00a0<\/strong> Nous encourageons la collaboration, le partenariat et la diversit\u00e9.<\/li>\n<\/ul>\n<p>[\/vc_column_text]\n\t\t\t<\/div>\n<\/div>\n<h5 class=\"clearfix mkdf-title-holder\">\n<span class=\"mkdf-accordion-mark mkdf-left-mark\">\n\t\t<span class=\"mkdf-accordion-mark-icon\">\n\t\t\t<span class=\"icon_plus\"><\/span>\n\t\t\t<span class=\"icon_minus-06\"><\/span>\n\t\t<\/span>\n<\/span>\n<span class=\"mkdf-tab-title\">\n\t\t<span class=\"mkdf-tab-title-inner\">\n\t\t\t\t\t\tNotre philosophie\t\t<\/span>\n<\/span>\n<\/h5>\n<div class=\"mkdf-accordion-content\">\n\t<div class=\"mkdf-accordion-content-inner\">\n\t\t[vc_column_text]<\/p>\n<div class=\"paragraph\" style=\"color: #f2f2f2;\">\n<p>Nos soins sont centr\u00e9s sur la personne et visent le confort physique, \u00e9motionnel et spirituel.\u00a0Nous sommes fiers de reconna\u00eetre et daccueillir la diversit\u00e9 de notre communaut\u00e9 et nous nous effor\u00e7ons d&rsquo;\u00eatre inclusifs pour tous.\u00a0Tous les services sont offerts gratuitement aux clients et \u00e0 leurs familles.\u00a0Les soins et le soutien sont disponsibles \u00e0 domicile, dans des lieux communautaires et dans nos r\u00e9sidences ouvertes 24 heures sur 24.<\/p>\n<\/div>\n<p>[\/vc_column_text]\n\t\t\t<\/div>\n<\/div>\n<h5 class=\"clearfix mkdf-title-holder\">\n<span class=\"mkdf-accordion-mark mkdf-left-mark\">\n\t\t<span class=\"mkdf-accordion-mark-icon\">\n\t\t\t<span class=\"icon_plus\"><\/span>\n\t\t\t<span class=\"icon_minus-06\"><\/span>\n\t\t<\/span>\n<\/span>\n<span class=\"mkdf-tab-title\">\n\t\t<span class=\"mkdf-tab-title-inner\">\n\t\t\t\t\t\tNos priorit\u00e9s strat\u00e9giques\t\t<\/span>\n<\/span>\n<\/h5>\n<div class=\"mkdf-accordion-content\">\n\t<div class=\"mkdf-accordion-content-inner\">\n\t\t[vc_column_text]<\/p>\n<ul style=\"color: #f2f2f2;\">\n<li class=\"paragraph\"><strong>Exp\u00e9rience exceptionnelle<\/strong> du client et de l\u2019aidant naturel<\/li>\n<li class=\"paragraph\"><strong>Am\u00e9liorer<\/strong> l\u2019acc\u00e8s aux services de soins palliatifs<\/li>\n<li class=\"paragraph\"><strong>Renforcer<\/strong> l\u2019engagement communautaire<\/li>\n<li class=\"paragraph\"><strong>Assurer<\/strong> la viabilit\u00e9 financi\u00e8re<\/li>\n<\/ul>\n<p>[\/vc_column_text]\n\t\t\t<\/div>\n<\/div>\n<\/div>[vc_empty_space height=\u00a0\u00bb50px\u00a0\u00bb][\/vc_column][\/vc_row][vc_row content_width=\u00a0\u00bbgrid\u00a0\u00bb][vc_column][vc_empty_space height=\u00a0\u00bb50px\u00a0\u00bb]<div class=\"mkdf-section-title-holder\">\n\t<h2 class=\"mkdf-section-title mkdf-section-title-medium\" style=\"color: #5a1f30;text-align: left\">\n\tQu\u2019est-ce que Soins palliatifs Ottawa?<\/h2>\n<\/div><div class=\"mkdf-section-subtitle-holder mkdf-section-subtitle-left\" >\n\t<p style=\"color: #5a1f30;text-align: left\" class=\"mkdf-section-subtitle\">Merci \u00e0 Alexandra Sullivan, b\u00e9n\u00e9vole, pour la production de notre nouvelle vid\u00e9o sur Hospice Care Ottawa.<br \/>\nMusique originale d'Alexandra Sullivan : Lucid Dreaming &amp; Tall Tree Lane<\/p>\n<\/div>[vc_empty_space height=\u00a0\u00bb55&Prime;]\t<div class=\"mkdf-video-banner-holder\">\n\t\t<a class=\"mkdf-video-banner-link\" href=\"https:\/\/www.youtube.com\/watch?v=E8Jg6PFaFik&#038;t=2s\" data-rel=\"prettyPhoto[147594071]\">\n\t\t\t\t\t\t\t<img decoding=\"async\" width=\"1000\" height=\"590\" src=\"https:\/\/www.hospicecareottawa.ca\/wp-content\/uploads\/2024\/03\/video-thumbnail-our-story.jpg\" class=\"attachment-full size-full\" alt=\"\" srcset=\"https:\/\/www.hospicecareottawa.ca\/wp-content\/uploads\/2024\/03\/video-thumbnail-our-story.jpg 1000w, https:\/\/www.hospicecareottawa.ca\/wp-content\/uploads\/2024\/03\/video-thumbnail-our-story-600x354.jpg 600w, https:\/\/www.hospicecareottawa.ca\/wp-content\/uploads\/2024\/03\/video-thumbnail-our-story-300x177.jpg 300w, https:\/\/www.hospicecareottawa.ca\/wp-content\/uploads\/2024\/03\/video-thumbnail-our-story-768x453.jpg 768w\" sizes=\"(max-width: 1000px) 100vw, 1000px\" \/>\t\t\t\t\t\t<div class=\"mkdf-video-banner-overlay\">\n\t\t\t\t<div class=\"mkdf-vb-overlay-tb\">\n\t\t\t\t\t<div class=\"mkdf-vb-overlay-tc\">\n\t\t\t\t\t\t<span aria-hidden=\"true\" class=\"mkdf-icon-font-elegant arrow_triangle-right_alt2 mkdf-vb-play-icon\" ><\/span>\t\t\t\t\t<\/div>\n\t\t\t\t<\/div>\n\t\t\t<\/div>\n\t\t<\/a>\n\t<\/div>\n[vc_empty_space height=\u00a0\u00bb50px\u00a0\u00bb][\/vc_column][\/vc_row][vc_row content_width=\u00a0\u00bbgrid\u00a0\u00bb content_aligment=\u00a0\u00bbcenter\u00a0\u00bb css=\u00a0\u00bb.vc_custom_1741184366190{padding-top: 75px !important;padding-bottom: 75px !important;background-color: #79993d !important;}\u00a0\u00bb el_class=\u00a0\u00bbwhite-selection\u00a0\u00bb][vc_column]<div class=\"mkdf-section-title-holder\">\n\t<h2 class=\"mkdf-section-title mkdf-section-title-large\" style=\"color: #ffffff;text-align: left\">\n\tNos trois \u00e9tablissements<\/h2>\n<\/div>[vc_row_inner][vc_column_inner offset=\u00a0\u00bbvc_col-lg-4 vc_col-md-4&Prime; css=\u00a0\u00bb.vc_custom_1453459136394{padding-right: 7% !important;}\u00a0\u00bb]<div class=\"mkdf-animations-holder mkdf-element-from-fade\" data-animation=\"mkdf-element-from-fade\">\n\t<div style=\"transition-delay: 200ms;-webkit-animation-delay: 200ms;animation-delay: 200ms;animation-duration: 700ms;-webkit-animation-duration: 700ms;-moz-animation-duration: 700ms\">\n\t\t<div class=\"mkdf-section-subtitle-holder mkdf-section-subtitle-left\" >\n\t<p style=\"color: #ffffff;text-align: left\" class=\"mkdf-section-subtitle\">Maison May Court Hospice<\/p>\n<\/div>[vc_empty_space height=\u00a0\u00bb10&Prime;]<div  class=\"mkdf-icon-list-item mkdf-icon-list-item-default-font-family\">\n\t<div class=\"mkdf-icon-list-icon-holder\">\n        <div class=\"mkdf-icon-list-icon-holder-inner clearfix\">\n\t\t\t<i class=\"mkdf-icon-linear-icon lnr lnr-apartment \" style=\"color:#ffffff;font-size:18px\" ><\/i>\t\t<\/div>\n\t<\/div>\n\t<p class=\"mkdf-icon-list-text\" style=\"color:#ffffff;font-size:12px\" > 114, ave Cameron, Ottawa, ON K1S 0X1<\/p>\n<\/div><div  class=\"mkdf-icon-list-item mkdf-icon-list-item-default-font-family\">\n\t<div class=\"mkdf-icon-list-icon-holder\">\n        <div class=\"mkdf-icon-list-icon-holder-inner clearfix\">\n\t\t\t<i class=\"mkdf-icon-linear-icon lnr lnr-phone-handset \" style=\"color:#ffffff;font-size:18px\" ><\/i>\t\t<\/div>\n\t<\/div>\n\t<p class=\"mkdf-icon-list-text\" style=\"color:#ffffff;font-size:12px\" > T\u00e9l: 613-260-2906<\/p>\n<\/div><div  class=\"mkdf-icon-list-item mkdf-icon-list-item-default-font-family\">\n\t<div class=\"mkdf-icon-list-icon-holder\">\n        <div class=\"mkdf-icon-list-icon-holder-inner clearfix\">\n\t\t\t<i class=\"mkdf-icon-linear-icon lnr lnr-phone-handset \" style=\"color:#ffffff;font-size:18px\" ><\/i>\t\t<\/div>\n\t<\/div>\n\t<p class=\"mkdf-icon-list-text\" style=\"color:#ffffff;font-size:12px\" > T\u00e9l\u00e9copieur: 613-260-5510<\/p>\n<\/div>\t<\/div>\n\n<\/div>[\/vc_column_inner][vc_column_inner offset=\u00a0\u00bbvc_col-lg-4 vc_col-md-4&Prime; css=\u00a0\u00bb.vc_custom_1453459152818{padding-right: 7% !important;padding-left: 7% !important;}\u00a0\u00bb]<div class=\"mkdf-animations-holder mkdf-element-from-fade\" data-animation=\"mkdf-element-from-fade\">\n\t<div style=\"transition-delay: 400ms;-webkit-animation-delay: 400ms;animation-delay: 400ms;animation-duration: 700ms;-webkit-animation-duration: 700ms;-moz-animation-duration: 700ms\">\n\t\t<div class=\"mkdf-section-subtitle-holder mkdf-section-subtitle-left\" >\n\t<p style=\"color: #ffffff;text-align: left\" class=\"mkdf-section-subtitle\">Maison Ruddy-Shenkman Hospice - Maison Hein<\/p>\n<\/div>[vc_empty_space height=\u00a0\u00bb10&Prime;]<div  class=\"mkdf-icon-list-item mkdf-icon-list-item-default-font-family\">\n\t<div class=\"mkdf-icon-list-icon-holder\">\n        <div class=\"mkdf-icon-list-icon-holder-inner clearfix\">\n\t\t\t<i class=\"mkdf-icon-linear-icon lnr lnr-apartment \" style=\"color:#ffffff;font-size:18px\" ><\/i>\t\t<\/div>\n\t<\/div>\n\t<p class=\"mkdf-icon-list-text\" style=\"color:#ffffff;font-size:12px\" > 110, promenade McCurdy, Kanata, ON K2L 2Z6<\/p>\n<\/div><div  class=\"mkdf-icon-list-item mkdf-icon-list-item-default-font-family\">\n\t<div class=\"mkdf-icon-list-icon-holder\">\n        <div class=\"mkdf-icon-list-icon-holder-inner clearfix\">\n\t\t\t<i class=\"mkdf-icon-linear-icon lnr lnr-phone-handset \" style=\"color:#ffffff;font-size:18px\" ><\/i>\t\t<\/div>\n\t<\/div>\n\t<p class=\"mkdf-icon-list-text\" style=\"color:#ffffff;font-size:12px\" > T\u00e9l: 613-591-6002<\/p>\n<\/div><div  class=\"mkdf-icon-list-item mkdf-icon-list-item-default-font-family\">\n\t<div class=\"mkdf-icon-list-icon-holder\">\n        <div class=\"mkdf-icon-list-icon-holder-inner clearfix\">\n\t\t\t<i class=\"mkdf-icon-linear-icon lnr lnr-phone-handset \" style=\"color:#ffffff;font-size:18px\" ><\/i>\t\t<\/div>\n\t<\/div>\n\t<p class=\"mkdf-icon-list-text\" style=\"color:#ffffff;font-size:12px\" > T\u00e9l\u00e9copieur: 613-591-7002<\/p>\n<\/div>\t<\/div>\n\n<\/div>[\/vc_column_inner][vc_column_inner offset=\u00a0\u00bbvc_col-lg-4 vc_col-md-4&Prime; css=\u00a0\u00bb.vc_custom_1453459158369{padding-left: 7% !important;}\u00a0\u00bb]<div class=\"mkdf-animations-holder mkdf-element-from-fade\" data-animation=\"mkdf-element-from-fade\">\n\t<div style=\"transition-delay: 600ms;-webkit-animation-delay: 600ms;animation-delay: 600ms;animation-duration: 700ms;-webkit-animation-duration: 700ms;-moz-animation-duration: 700ms\">\n\t\t<div class=\"mkdf-section-subtitle-holder mkdf-section-subtitle-left\" >\n\t<p style=\"color: #ffffff;text-align: left\" class=\"mkdf-section-subtitle\">Maison de l'Est<\/p>\n<\/div>[vc_empty_space height=\u00a0\u00bb10&Prime;]<div  class=\"mkdf-icon-list-item mkdf-icon-list-item-default-font-family\">\n\t<div class=\"mkdf-icon-list-icon-holder\">\n        <div class=\"mkdf-icon-list-icon-holder-inner clearfix\">\n\t\t\t<i class=\"mkdf-icon-linear-icon lnr lnr-apartment \" style=\"color:#ffffff;font-size:18px\" ><\/i>\t\t<\/div>\n\t<\/div>\n\t<p class=\"mkdf-icon-list-text\" style=\"color:#ffffff;font-size:12px\" > c\/o R\u00e9sidence Cit\u00e9 Parkway, 380 ave LeBoutillier, Ottawa, ON K1K 3W3<\/p>\n<\/div><div  class=\"mkdf-icon-list-item mkdf-icon-list-item-default-font-family\">\n\t<div class=\"mkdf-icon-list-icon-holder\">\n        <div class=\"mkdf-icon-list-icon-holder-inner clearfix\">\n\t\t\t<i class=\"mkdf-icon-linear-icon lnr lnr-phone-handset \" style=\"color:#ffffff;font-size:18px\" ><\/i>\t\t<\/div>\n\t<\/div>\n\t<p class=\"mkdf-icon-list-text\" style=\"color:#ffffff;font-size:12px\" > T\u00e9l: 613-424-6560<\/p>\n<\/div><div  class=\"mkdf-icon-list-item mkdf-icon-list-item-default-font-family\">\n\t<div class=\"mkdf-icon-list-icon-holder\">\n        <div class=\"mkdf-icon-list-icon-holder-inner clearfix\">\n\t\t\t<i class=\"mkdf-icon-linear-icon lnr lnr-phone-handset \" style=\"color:#ffffff;font-size:18px\" ><\/i>\t\t<\/div>\n\t<\/div>\n\t<p class=\"mkdf-icon-list-text\" style=\"color:#ffffff;font-size:12px\" > T\u00e9l\u00e9copieur: 613-424-6570<\/p>\n<\/div>\t<\/div>\n\n<\/div>[\/vc_column_inner][\/vc_row_inner][\/vc_column][\/vc_row][vc_row content_width=\u00a0\u00bbgrid\u00a0\u00bb css=\u00a0\u00bb.vc_custom_1758131654468{padding-top: 75px !important;padding-bottom: 75px !important;background-color: #FAFAFA !important;}\u00a0\u00bb][vc_column width=\u00a0\u00bb1\/4&Prime;][\/vc_column][vc_column width=\u00a0\u00bb2\/4&Prime;]<div class=\"mkdf-animations-holder mkdf-element-from-fade\" data-animation=\"mkdf-element-from-fade\">\n\t<div style=\"transition-delay: 200ms;-webkit-animation-delay: 200ms;animation-delay: 200ms;animation-duration: 700ms;-webkit-animation-duration: 700ms;-moz-animation-duration: 700ms\">\n\t\t[vc_single_image image=\u00a0\u00bb5645&Prime; img_size=\u00a0\u00bbfull\u00a0\u00bb alignment=\u00a0\u00bbcenter\u00a0\u00bb]\t<\/div>\n\n<\/div>[\/vc_column][vc_column width=\u00a0\u00bb1\/4&Prime;][\/vc_column][\/vc_row]<\/p>\n<\/div>","protected":false},"excerpt":{"rendered":"<p>[vc_row content_width=\u00a0\u00bbgrid\u00a0\u00bb][vc_column][vc_empty_space height=\u00a0\u00bb50px\u00a0\u00bb][vc_column_text]La Maison de soins palliatifs d&rsquo;Ottawa est un organisme de bienfaisance communautaire qui a pour mission d\u2019accompagner et de soutenir les personnes en fin de vie et leurs familles en&#8230;<\/p>\n","protected":false},"author":1,"featured_media":0,"parent":0,"menu_order":0,"comment_status":"closed","ping_status":"closed","template":"full-width.php","meta":{"_bbp_topic_count":0,"_bbp_reply_count":0,"_bbp_total_topic_count":0,"_bbp_total_reply_count":0,"_bbp_voice_count":0,"_bbp_anonymous_reply_count":0,"_bbp_topic_count_hidden":0,"_bbp_reply_count_hidden":0,"_bbp_forum_subforum_count":0,"footnotes":""},"class_list":["post-5938","page","type-page","status-publish","hentry"],"yoast_head":"<!-- This site is optimized with the Yoast SEO plugin v27.1.1 - https:\/\/yoast.com\/product\/yoast-seo-wordpress\/ -->\n<title>Qui nous sommes - Hospice Care Ottawa<\/title>\n<meta name=\"robots\" content=\"index, follow, max-snippet:-1, max-image-preview:large, max-video-preview:-1\" \/>\n<link rel=\"canonical\" href=\"https:\/\/www.hospicecareottawa.ca\/fr\/qui-nous-sommes\/\" \/>\n<meta property=\"og:locale\" content=\"fr_FR\" \/>\n<meta property=\"og:type\" content=\"article\" \/>\n<meta property=\"og:title\" content=\"Qui nous sommes - Hospice Care Ottawa\" \/>\n<meta property=\"og:description\" content=\"[vc_row content_width=\u00a0\u00bbgrid\u00a0\u00bb][vc_column][vc_empty_space height=\u00a0\u00bb50px\u00a0\u00bb][vc_column_text]La Maison de soins palliatifs d&rsquo;Ottawa est un organisme de bienfaisance communautaire qui a pour mission d\u2019accompagner et de soutenir les personnes en fin de vie et leurs familles en...\" \/>\n<meta property=\"og:url\" content=\"https:\/\/www.hospicecareottawa.ca\/fr\/qui-nous-sommes\/\" \/>\n<meta property=\"og:site_name\" content=\"Hospice Care Ottawa\" \/>\n<meta property=\"article:modified_time\" content=\"2025-09-17T17:54:19+00:00\" \/>\n<meta property=\"og:image\" content=\"https:\/\/www.hospicecareottawa.ca\/wp-content\/uploads\/2024\/03\/footer_logo-en.png\" \/>\n\t<meta property=\"og:image:width\" content=\"180\" \/>\n\t<meta property=\"og:image:height\" content=\"149\" \/>\n\t<meta property=\"og:image:type\" content=\"image\/png\" \/>\n<meta name=\"twitter:card\" content=\"summary_large_image\" \/>\n<meta name=\"twitter:site\" content=\"@HospiceCareOtt\" \/>\n<meta name=\"twitter:label1\" content=\"Dur\u00e9e de lecture estim\u00e9e\" \/>\n\t<meta name=\"twitter:data1\" content=\"4 minutes\" \/>\n<script type=\"application\/ld+json\" class=\"yoast-schema-graph\">{\"@context\":\"https:\/\/schema.org\",\"@graph\":[{\"@type\":\"WebPage\",\"@id\":\"https:\/\/www.hospicecareottawa.ca\/fr\/qui-nous-sommes\/\",\"url\":\"https:\/\/www.hospicecareottawa.ca\/fr\/qui-nous-sommes\/\",\"name\":\"Qui nous sommes - Hospice Care Ottawa\",\"isPartOf\":{\"@id\":\"https:\/\/www.hospicecareottawa.ca\/fr\/#website\"},\"datePublished\":\"2016-01-25T09:38:19+00:00\",\"dateModified\":\"2025-09-17T17:54:19+00:00\",\"breadcrumb\":{\"@id\":\"https:\/\/www.hospicecareottawa.ca\/fr\/qui-nous-sommes\/#breadcrumb\"},\"inLanguage\":\"fr-FR\",\"potentialAction\":[{\"@type\":\"ReadAction\",\"target\":[\"https:\/\/www.hospicecareottawa.ca\/fr\/qui-nous-sommes\/\"]}]},{\"@type\":\"BreadcrumbList\",\"@id\":\"https:\/\/www.hospicecareottawa.ca\/fr\/qui-nous-sommes\/#breadcrumb\",\"itemListElement\":[{\"@type\":\"ListItem\",\"position\":1,\"name\":\"Home\",\"item\":\"https:\/\/www.hospicecareottawa.ca\/fr\/\"},{\"@type\":\"ListItem\",\"position\":2,\"name\":\"Qui nous sommes\"}]},{\"@type\":\"WebSite\",\"@id\":\"https:\/\/www.hospicecareottawa.ca\/fr\/#website\",\"url\":\"https:\/\/www.hospicecareottawa.ca\/fr\/\",\"name\":\"Hospice Care Ottawa\",\"description\":\"Promouvoir une qualit\u00e9 de vie, la compassion dans la mort et le soutien dans le deuil pour les personnes dans le besoin au sein de notre communaut\u00e9.\",\"publisher\":{\"@id\":\"https:\/\/www.hospicecareottawa.ca\/fr\/#organization\"},\"potentialAction\":[{\"@type\":\"SearchAction\",\"target\":{\"@type\":\"EntryPoint\",\"urlTemplate\":\"https:\/\/www.hospicecareottawa.ca\/fr\/?s={search_term_string}\"},\"query-input\":{\"@type\":\"PropertyValueSpecification\",\"valueRequired\":true,\"valueName\":\"search_term_string\"}}],\"inLanguage\":\"fr-FR\"},{\"@type\":\"Organization\",\"@id\":\"https:\/\/www.hospicecareottawa.ca\/fr\/#organization\",\"name\":\"Hospice Care Ottawa\",\"url\":\"https:\/\/www.hospicecareottawa.ca\/fr\/\",\"logo\":{\"@type\":\"ImageObject\",\"inLanguage\":\"fr-FR\",\"@id\":\"https:\/\/www.hospicecareottawa.ca\/fr\/#\/schema\/logo\/image\/\",\"url\":\"https:\/\/www.hospicecareottawa.ca\/wp-content\/uploads\/2024\/03\/footer_logo-en.png\",\"contentUrl\":\"https:\/\/www.hospicecareottawa.ca\/wp-content\/uploads\/2024\/03\/footer_logo-en.png\",\"width\":180,\"height\":149,\"caption\":\"Hospice Care Ottawa\"},\"image\":{\"@id\":\"https:\/\/www.hospicecareottawa.ca\/fr\/#\/schema\/logo\/image\/\"},\"sameAs\":[\"https:\/\/x.com\/HospiceCareOtt\"]}]}<\/script>\n<!-- \/ Yoast SEO plugin. -->","yoast_head_json":{"title":"Qui nous sommes - Hospice Care Ottawa","robots":{"index":"index","follow":"follow","max-snippet":"max-snippet:-1","max-image-preview":"max-image-preview:large","max-video-preview":"max-video-preview:-1"},"canonical":"https:\/\/www.hospicecareottawa.ca\/fr\/qui-nous-sommes\/","og_locale":"fr_FR","og_type":"article","og_title":"Qui nous sommes - Hospice Care Ottawa","og_description":"[vc_row content_width=\u00a0\u00bbgrid\u00a0\u00bb][vc_column][vc_empty_space height=\u00a0\u00bb50px\u00a0\u00bb][vc_column_text]La Maison de soins palliatifs d&rsquo;Ottawa est un organisme de bienfaisance communautaire qui a pour mission d\u2019accompagner et de soutenir les personnes en fin de vie et leurs familles en...","og_url":"https:\/\/www.hospicecareottawa.ca\/fr\/qui-nous-sommes\/","og_site_name":"Hospice Care Ottawa","article_modified_time":"2025-09-17T17:54:19+00:00","og_image":[{"width":180,"height":149,"url":"https:\/\/www.hospicecareottawa.ca\/wp-content\/uploads\/2024\/03\/footer_logo-en.png","type":"image\/png"}],"twitter_card":"summary_large_image","twitter_site":"@HospiceCareOtt","twitter_misc":{"Dur\u00e9e de lecture estim\u00e9e":"4 minutes"},"schema":{"@context":"https:\/\/schema.org","@graph":[{"@type":"WebPage","@id":"https:\/\/www.hospicecareottawa.ca\/fr\/qui-nous-sommes\/","url":"https:\/\/www.hospicecareottawa.ca\/fr\/qui-nous-sommes\/","name":"Qui nous sommes - Hospice Care Ottawa","isPartOf":{"@id":"https:\/\/www.hospicecareottawa.ca\/fr\/#website"},"datePublished":"2016-01-25T09:38:19+00:00","dateModified":"2025-09-17T17:54:19+00:00","breadcrumb":{"@id":"https:\/\/www.hospicecareottawa.ca\/fr\/qui-nous-sommes\/#breadcrumb"},"inLanguage":"fr-FR","potentialAction":[{"@type":"ReadAction","target":["https:\/\/www.hospicecareottawa.ca\/fr\/qui-nous-sommes\/"]}]},{"@type":"BreadcrumbList","@id":"https:\/\/www.hospicecareottawa.ca\/fr\/qui-nous-sommes\/#breadcrumb","itemListElement":[{"@type":"ListItem","position":1,"name":"Home","item":"https:\/\/www.hospicecareottawa.ca\/fr\/"},{"@type":"ListItem","position":2,"name":"Qui nous sommes"}]},{"@type":"WebSite","@id":"https:\/\/www.hospicecareottawa.ca\/fr\/#website","url":"https:\/\/www.hospicecareottawa.ca\/fr\/","name":"Hospice Care Ottawa","description":"Promouvoir une qualit\u00e9 de vie, la compassion dans la mort et le soutien dans le deuil pour les personnes dans le besoin au sein de notre communaut\u00e9.","publisher":{"@id":"https:\/\/www.hospicecareottawa.ca\/fr\/#organization"},"potentialAction":[{"@type":"SearchAction","target":{"@type":"EntryPoint","urlTemplate":"https:\/\/www.hospicecareottawa.ca\/fr\/?s={search_term_string}"},"query-input":{"@type":"PropertyValueSpecification","valueRequired":true,"valueName":"search_term_string"}}],"inLanguage":"fr-FR"},{"@type":"Organization","@id":"https:\/\/www.hospicecareottawa.ca\/fr\/#organization","name":"Hospice Care Ottawa","url":"https:\/\/www.hospicecareottawa.ca\/fr\/","logo":{"@type":"ImageObject","inLanguage":"fr-FR","@id":"https:\/\/www.hospicecareottawa.ca\/fr\/#\/schema\/logo\/image\/","url":"https:\/\/www.hospicecareottawa.ca\/wp-content\/uploads\/2024\/03\/footer_logo-en.png","contentUrl":"https:\/\/www.hospicecareottawa.ca\/wp-content\/uploads\/2024\/03\/footer_logo-en.png","width":180,"height":149,"caption":"Hospice Care Ottawa"},"image":{"@id":"https:\/\/www.hospicecareottawa.ca\/fr\/#\/schema\/logo\/image\/"},"sameAs":["https:\/\/x.com\/HospiceCareOtt"]}]}},"_links":{"self":[{"href":"https:\/\/www.hospicecareottawa.ca\/fr\/wp-json\/wp\/v2\/pages\/5938","targetHints":{"allow":["GET"]}}],"collection":[{"href":"https:\/\/www.hospicecareottawa.ca\/fr\/wp-json\/wp\/v2\/pages"}],"about":[{"href":"https:\/\/www.hospicecareottawa.ca\/fr\/wp-json\/wp\/v2\/types\/page"}],"author":[{"embeddable":true,"href":"https:\/\/www.hospicecareottawa.ca\/fr\/wp-json\/wp\/v2\/users\/1"}],"replies":[{"embeddable":true,"href":"https:\/\/www.hospicecareottawa.ca\/fr\/wp-json\/wp\/v2\/comments?post=5938"}],"version-history":[{"count":17,"href":"https:\/\/www.hospicecareottawa.ca\/fr\/wp-json\/wp\/v2\/pages\/5938\/revisions"}],"predecessor-version":[{"id":8020,"href":"https:\/\/www.hospicecareottawa.ca\/fr\/wp-json\/wp\/v2\/pages\/5938\/revisions\/8020"}],"wp:attachment":[{"href":"https:\/\/www.hospicecareottawa.ca\/fr\/wp-json\/wp\/v2\/media?parent=5938"}],"curies":[{"name":"wp","href":"https:\/\/api.w.org\/{rel}","templated":true}]}}