{"id":5937,"date":"2024-03-26T18:11:28","date_gmt":"2024-03-26T18:11:28","guid":{"rendered":"https:\/\/www.hospicecareottawa.ca\/news\/"},"modified":"2025-09-12T15:04:41","modified_gmt":"2025-09-12T15:04:41","slug":"actualites","status":"publish","type":"page","link":"https:\/\/www.hospicecareottawa.ca\/fr\/qui-nous-sommes\/actualites\/","title":{"rendered":"Actualit\u00e9s"},"content":{"rendered":"<div class=\"wpb-content-wrapper\"><p>[vc_row content_width=\u00a0\u00bbgrid\u00a0\u00bb content_aligment=\u00a0\u00bbcenter\u00a0\u00bb css=\u00a0\u00bb.vc_custom_1711480865440{padding-top: 75px !important;padding-bottom: 75px !important;}\u00a0\u00bb][vc_column width=\u00a0\u00bb1\/2&Prime; offset=\u00a0\u00bbvc_col-lg-3 vc_col-md-3&Prime;]<div class=\"mkdf-animations-holder mkdf-element-from-fade\" data-animation=\"mkdf-element-from-fade\">\n\t<div style=\"transition-delay: 800ms;-webkit-animation-delay: 800ms;animation-delay: 800ms;animation-duration: 700ms;-webkit-animation-duration: 700ms;-moz-animation-duration: 700ms\">\n\t\t<div class=\"mkdf-iwt clearfix mkdf-iwt-icon-top mkdf-iwt-icon-tiny\">\n    <div class=\"mkdf-iwt-icon-holder\">\n                    <img decoding=\"async\" width=\"123\" height=\"114\" src=\"https:\/\/www.hospicecareottawa.ca\/wp-content\/uploads\/2024\/03\/Events@2x.png\" class=\"attachment-full size-full\" alt=\"\" \/>            <\/div>\n    <div class=\"mkdf-iwt-content-holder\" >\n        <div class=\"mkdf-iwt-title-holder\">\n            <h4 style=\"text-transform: capitalize;font-weight: 700\"><\/h4>\n        <\/div>\n        <div class=\"mkdf-iwt-text-holder\">\n            <p ><\/p>\n\n                    <\/div>\n    <\/div>\n<\/div>[vc_column_text]Ce qui se passe ce mois-ci \u00e0 La Maison de soins palliatifs d\u2019Ottawa[\/vc_column_text][vc_empty_space height=\u00a0\u00bb16px\u00a0\u00bb]<a href=\"\/fr\/qui-nous-sommes\/actualites\/calendrier-des-evenements\/\" target=\"_self\"  class=\"mkdf-btn mkdf-btn-small mkdf-btn-solid mkdf-btn-hover-outline\"  >\n\t\n\t\t<span class=\"mkdf-btn-text\">Calendrier des \u00e9v\u00e9nements<\/span>\n<\/a>[vc_empty_space]\t<\/div>\n\n<\/div>[\/vc_column][vc_column width=\u00a0\u00bb1\/2&Prime; offset=\u00a0\u00bbvc_col-lg-3 vc_col-md-3&Prime;]<div class=\"mkdf-animations-holder mkdf-element-from-fade\" data-animation=\"mkdf-element-from-fade\">\n\t<div style=\"transition-delay: 400ms;-webkit-animation-delay: 400ms;animation-delay: 400ms;animation-duration: 700ms;-webkit-animation-duration: 700ms;-moz-animation-duration: 700ms\">\n\t\t<div class=\"mkdf-iwt clearfix mkdf-iwt-icon-top mkdf-iwt-icon-tiny\">\n    <div class=\"mkdf-iwt-icon-holder\">\n                    <img decoding=\"async\" width=\"113\" height=\"114\" src=\"https:\/\/www.hospicecareottawa.ca\/wp-content\/uploads\/2024\/03\/Special_Events@2x.png\" class=\"attachment-full size-full\" alt=\"\" srcset=\"https:\/\/www.hospicecareottawa.ca\/wp-content\/uploads\/2024\/03\/Special_Events@2x.png 113w, https:\/\/www.hospicecareottawa.ca\/wp-content\/uploads\/2024\/03\/Special_Events@2x-100x100.png 100w\" sizes=\"(max-width: 113px) 100vw, 113px\" \/>            <\/div>\n    <div class=\"mkdf-iwt-content-holder\" >\n        <div class=\"mkdf-iwt-title-holder\">\n            <h4 style=\"text-transform: capitalize;font-weight: 700\"><\/h4>\n        <\/div>\n        <div class=\"mkdf-iwt-text-holder\">\n            <p ><\/p>\n\n                    <\/div>\n    <\/div>\n<\/div>[vc_column_text]Consultez la liste de nos \u00e9v\u00e9nements passionnants \u00e0 l&rsquo;appui de La Maison de soins palliatifs d\u2019Ottawa[\/vc_column_text][vc_empty_space height=\u00a0\u00bb16px\u00a0\u00bb]<a href=\"\/fr\/engagez-vous\/nos-evenements-speciaux\/\" target=\"_self\"  class=\"mkdf-btn mkdf-btn-small mkdf-btn-solid mkdf-btn-hover-outline\"  >\n\t\n\t\t<span class=\"mkdf-btn-text\">\u00c9v\u00e9nements sp\u00e9ciaux \u00e0 venir<\/span>\n<\/a>[vc_empty_space]\t<\/div>\n\n<\/div>[\/vc_column][vc_column width=\u00a0\u00bb1\/2&Prime; offset=\u00a0\u00bbvc_col-lg-3 vc_col-md-3&Prime;]<div class=\"mkdf-animations-holder mkdf-element-from-fade\" data-animation=\"mkdf-element-from-fade\">\n\t<div style=\"transition-delay: 600ms;-webkit-animation-delay: 600ms;animation-delay: 600ms;animation-duration: 700ms;-webkit-animation-duration: 700ms;-moz-animation-duration: 700ms\">\n\t\t<div class=\"mkdf-iwt clearfix mkdf-iwt-icon-top mkdf-iwt-icon-tiny\">\n    <div class=\"mkdf-iwt-icon-holder\">\n                    <img decoding=\"async\" width=\"125\" height=\"114\" src=\"https:\/\/www.hospicecareottawa.ca\/wp-content\/uploads\/2024\/03\/Newsletter@2x.png\" class=\"attachment-full size-full\" alt=\"\" \/>            <\/div>\n    <div class=\"mkdf-iwt-content-holder\" >\n        <div class=\"mkdf-iwt-title-holder\">\n            <h4 style=\"text-transform: capitalize;font-weight: 700\"><\/h4>\n        <\/div>\n        <div class=\"mkdf-iwt-text-holder\">\n            <p ><\/p>\n\n                    <\/div>\n    <\/div>\n<\/div>[vc_column_text]Lisez notre bulletin semestriel Le Recueil[\/vc_column_text][vc_empty_space height=\u00a0\u00bb16px\u00a0\u00bb]<a href=\"\/fr\/qui-nous-sommes\/actualites\/bulletins-dinformation\/\" target=\"_self\"  class=\"mkdf-btn mkdf-btn-small mkdf-btn-solid mkdf-btn-hover-outline\"  >\n\t\n\t\t<span class=\"mkdf-btn-text\">Bulletin Le Recueil<\/span>\n<\/a>[vc_empty_space]\t<\/div>\n\n<\/div>[\/vc_column][vc_column width=\u00a0\u00bb1\/2&Prime; offset=\u00a0\u00bbvc_col-lg-3 vc_col-md-3&Prime;]<div class=\"mkdf-animations-holder mkdf-element-from-fade\" data-animation=\"mkdf-element-from-fade\">\n\t<div style=\"transition-delay: 200ms;-webkit-animation-delay: 200ms;animation-delay: 200ms;animation-duration: 700ms;-webkit-animation-duration: 700ms;-moz-animation-duration: 700ms\">\n\t\t<div class=\"mkdf-iwt clearfix mkdf-iwt-icon-top mkdf-iwt-icon-tiny\">\n    <div class=\"mkdf-iwt-icon-holder\">\n                    <img decoding=\"async\" width=\"95\" height=\"114\" src=\"https:\/\/www.hospicecareottawa.ca\/wp-content\/uploads\/2024\/03\/Subscribe@2x.png\" class=\"attachment-full size-full\" alt=\"\" \/>            <\/div>\n    <div class=\"mkdf-iwt-content-holder\" >\n        <div class=\"mkdf-iwt-title-holder\">\n            <h4 style=\"text-transform: capitalize;font-weight: 700\"><\/h4>\n        <\/div>\n        <div class=\"mkdf-iwt-text-holder\">\n            <p ><\/p>\n\n                    <\/div>\n    <\/div>\n<\/div>[vc_column_text]Abonnez-vous \u00e0 notre liste d&rsquo;envoi et recevez les derni\u00e8res nouvelles et informations de La Maison de soins palliatifs d\u2019Ottawa[\/vc_column_text][vc_empty_space height=\u00a0\u00bb16px\u00a0\u00bb]<a href=\"\/fr\/qui-nous-sommes\/actualites\/sabonner-aux-envois-de-soins-palliatifs-ottawa\/\" target=\"_self\"  class=\"mkdf-btn mkdf-btn-small mkdf-btn-solid mkdf-btn-hover-outline\"  >\n\t\n\t\t<span class=\"mkdf-btn-text\">S&#039;abonner<\/span>\n<\/a>[vc_empty_space]\t<\/div>\n\n<\/div>[\/vc_column][\/vc_row][vc_row css=\u00a0\u00bb.vc_custom_1711480712597{padding-top: 75px !important;padding-bottom: 75px !important;background-color: #799a3d !important;}\u00a0\u00bb][vc_column][vc_column_text]<\/p>\n<h4 style=\"color: #f2f2f2; text-align: center;\">Pour les informations les plus r\u00e9centes, suivez-nous sur <a href=\"https:\/\/www.instagram.com\/hospicecareottawa\" target=\"_blank\" rel=\"noopener\">Instagram<\/a>, <a href=\"https:\/\/www.facebook.com\/HospiceCareOttawa\" target=\"_blank\" rel=\"noopener\">Facebook<\/a>, <a href=\"https:\/\/twitter.com\/HospiceCareOtt\" target=\"_blank\" rel=\"noopener\">Twitter<\/a> et <a href=\"https:\/\/www.linkedin.com\/company\/hospice-care-ottawa\/\" target=\"_blank\" rel=\"noopener\">LinkedIn<\/a>.<\/h4>\n<p>[\/vc_column_text][\/vc_column][\/vc_row][vc_row content_width=\u00a0\u00bbgrid\u00a0\u00bb css=\u00a0\u00bb.vc_custom_1711480502304{padding-top: 75px !important;padding-bottom: 75px !important;background-color: #f2f2f2 !important;}\u00a0\u00bb][vc_column]<div class=\"mkdf-section-title-holder\">\n\t<h2 class=\"mkdf-section-title mkdf-section-title-medium\" style=\"color: #5a1f30;text-align: left\">\n\tLa maison de soins palliatifs - Actualit\u00e9s<\/h2>\n<\/div><div class=\"mkdf-separator-holder clearfix  mkdf-separator-center mkdf-separator-full-width\">\n\t<div class=\"mkdf-separator\" style=\"border-color: #e5e5e5;border-style: dashed;border-bottom-width: 1px;margin-top: 0px;margin-bottom: 44px\"><\/div>\n<\/div>\n<div class=\"mkdf-section-subtitle-holder\" >\n\t<p style=\"color: #5a1f30\" class=\"mkdf-section-subtitle\">11 septembre 2024<\/p>\n<\/div>[vc_column_text css=\u00a0\u00bb\u00a0\u00bb]La Maison de soins palliatifs d\u2019Ottawa<br \/>\nPOUR DIFFUSION IMM\u00c9DIATE : Barbara Mildon, nouvelle directrice g\u00e9n\u00e9rale de la Maison de soins palliatifs d\u2019Ottawa<br \/>\n<a href=\"https:\/\/www.hospicecareottawa.ca\/wp-content\/uploads\/2024\/09\/PR-Barbara-Mildon-NEW-ED_FR.pdf\">CLIQUEZ ICI pour lire l&rsquo;article complet<\/a>[\/vc_column_text][vc_empty_space]<div class=\"mkdf-section-subtitle-holder\" >\n\t<p style=\"color: #5a1f30\" class=\"mkdf-section-subtitle\">11 avril 2022<\/p>\n<\/div>[vc_column_text]The Ottawa Citizen<br \/>\nOped : Vincent : Les soins palliatifs, correctement financ\u00e9s, peuvent permettre \u00e0 l&rsquo;Ontario d&rsquo;\u00e9conomiser de l&rsquo;argent en mati\u00e8re de soins de sant\u00e9<br \/>\n<a href=\"https:\/\/ottawacitizen.com\/opinion\/vincent-hospices-properly-funded-can-save-health-care-dollars-for-ontario\" target=\"_blank\" rel=\"noopener\">CLIQUEZ ICI pour lire l&rsquo;article complet<\/a>[\/vc_column_text][vc_empty_space]<div class=\"mkdf-section-subtitle-holder\" >\n\t<p style=\"color: #5a1f30\" class=\"mkdf-section-subtitle\">26 f\u00e9vrier 2022<\/p>\n<\/div>[vc_column_text]LeDroit<br \/>\nOpinion : La solution des soins palliatifs<br \/>\nPartout au Canada, les gouvernements tentent de trouver une solution \u00e0 l&rsquo;escalade des co\u00fbts des soins de sant\u00e9 et \u00e0 la pression exerc\u00e9e sur les ressources. Il est certain que l&rsquo;Ontario s&rsquo;efforce de trouver une solution \u00e0 un syst\u00e8me de soins de sant\u00e9 qui \u00e9tait d\u00e9j\u00e0 sous pression avant m\u00eame la pand\u00e9mie de COVID. Que peut faire la province pour faire face \u00e0 l&rsquo;augmentation des co\u00fbts et \u00e0 la p\u00e9nurie de capacit\u00e9s qui se traduit par des soins de sant\u00e9 en souffrance ?<br \/>\n<a href=\"https:\/\/www.ledroit.com\/2022\/02\/26\/la-solution-des-soins-palliatifs-c5f79fa7668f7b8be41f522a41bf9bae\" target=\"_blank\" rel=\"noopener\">CLIQUEZ ICI pour lire l&rsquo;article complet<\/a>[\/vc_column_text][vc_empty_space]<div class=\"mkdf-section-subtitle-holder\" >\n\t<p style=\"color: #5a1f30\" class=\"mkdf-section-subtitle\">22 Septembre 2020<\/p>\n<\/div>[vc_column_text]The Ottawa Citizen<br role=\"presentation\" data-uw-rm-sr=\"\" \/>Oped: Les soins palliatifs ont besoin d&rsquo;un soutien financier accru \u00e0 la fois de l&rsquo;Ontario et du gouvernement f\u00e9d\u00e9ral.<br \/>\n<a href=\"https:\/\/ottawacitizen.com\/opinion\/whitehead-hospice-care-needs-a-funding-boost-from-both-ontario-and-the-federal-government\" target=\"_blank\" rel=\"noopener\">CLIQUEZ ICI pour lire l&rsquo;article complet.<\/a>[\/vc_column_text][\/vc_column][\/vc_row]<\/p>\n<\/div>","protected":false},"excerpt":{"rendered":"<p>[vc_row content_width=\u00a0\u00bbgrid\u00a0\u00bb content_aligment=\u00a0\u00bbcenter\u00a0\u00bb css=\u00a0\u00bb.vc_custom_1711480865440{padding-top: 75px !important;padding-bottom: 75px !important;}\u00a0\u00bb][vc_column width=\u00a0\u00bb1\/2&Prime; offset=\u00a0\u00bbvc_col-lg-3 vc_col-md-3&Prime;][\/vc_column][vc_column width=\u00a0\u00bb1\/2&Prime; offset=\u00a0\u00bbvc_col-lg-3 vc_col-md-3&Prime;][\/vc_column][vc_column width=\u00a0\u00bb1\/2&Prime; offset=\u00a0\u00bbvc_col-lg-3 vc_col-md-3&Prime;][\/vc_column][vc_column width=\u00a0\u00bb1\/2&Prime; offset=\u00a0\u00bbvc_col-lg-3 vc_col-md-3&Prime;][\/vc_column][\/vc_row][vc_row css=\u00a0\u00bb.vc_custom_1711480712597{padding-top: 75px !important;padding-bottom: 75px !important;background-color: #799a3d !important;}\u00a0\u00bb][vc_column][vc_column_text] Pour les informations les plus&#8230;<\/p>\n","protected":false},"author":1,"featured_media":0,"parent":5938,"menu_order":0,"comment_status":"closed","ping_status":"closed","template":"full-width.php","meta":{"_bbp_topic_count":0,"_bbp_reply_count":0,"_bbp_total_topic_count":0,"_bbp_total_reply_count":0,"_bbp_voice_count":0,"_bbp_anonymous_reply_count":0,"_bbp_topic_count_hidden":0,"_bbp_reply_count_hidden":0,"_bbp_forum_subforum_count":0,"footnotes":""},"class_list":["post-5937","page","type-page","status-publish","hentry"],"yoast_head":"<!-- This site is optimized with the Yoast SEO plugin v27.4 - https:\/\/yoast.com\/product\/yoast-seo-wordpress\/ -->\n<title>Actualit\u00e9s - Hospice Care Ottawa<\/title>\n<meta name=\"robots\" content=\"index, follow, max-snippet:-1, max-image-preview:large, max-video-preview:-1\" \/>\n<link rel=\"canonical\" href=\"https:\/\/www.hospicecareottawa.ca\/fr\/qui-nous-sommes\/actualites\/\" \/>\n<meta property=\"og:locale\" content=\"fr_FR\" \/>\n<meta property=\"og:type\" content=\"article\" \/>\n<meta property=\"og:title\" content=\"Actualit\u00e9s - Hospice Care Ottawa\" \/>\n<meta property=\"og:description\" content=\"[vc_row content_width=\u00a0\u00bbgrid\u00a0\u00bb content_aligment=\u00a0\u00bbcenter\u00a0\u00bb css=\u00a0\u00bb.vc_custom_1711480865440{padding-top: 75px !important;padding-bottom: 75px !important;}\u00a0\u00bb][vc_column width=\u00a0\u00bb1\/2&Prime; offset=\u00a0\u00bbvc_col-lg-3 vc_col-md-3&Prime;][\/vc_column][vc_column width=\u00a0\u00bb1\/2&Prime; offset=\u00a0\u00bbvc_col-lg-3 vc_col-md-3&Prime;][\/vc_column][vc_column width=\u00a0\u00bb1\/2&Prime; offset=\u00a0\u00bbvc_col-lg-3 vc_col-md-3&Prime;][\/vc_column][vc_column width=\u00a0\u00bb1\/2&Prime; offset=\u00a0\u00bbvc_col-lg-3 vc_col-md-3&Prime;][\/vc_column][\/vc_row][vc_row css=\u00a0\u00bb.vc_custom_1711480712597{padding-top: 75px !important;padding-bottom: 75px !important;background-color: #799a3d !important;}\u00a0\u00bb][vc_column][vc_column_text] Pour les informations les plus...\" \/>\n<meta property=\"og:url\" content=\"https:\/\/www.hospicecareottawa.ca\/fr\/qui-nous-sommes\/actualites\/\" \/>\n<meta property=\"og:site_name\" content=\"Hospice Care Ottawa\" \/>\n<meta property=\"article:modified_time\" content=\"2025-09-12T15:04:41+00:00\" \/>\n<meta property=\"og:image\" content=\"https:\/\/www.hospicecareottawa.ca\/wp-content\/uploads\/2024\/03\/footer_logo-en.png\" \/>\n\t<meta property=\"og:image:width\" content=\"180\" \/>\n\t<meta property=\"og:image:height\" content=\"149\" \/>\n\t<meta property=\"og:image:type\" content=\"image\/png\" \/>\n<meta name=\"twitter:card\" content=\"summary_large_image\" \/>\n<meta name=\"twitter:site\" content=\"@HospiceCareOtt\" \/>\n<meta name=\"twitter:label1\" content=\"Dur\u00e9e de lecture estim\u00e9e\" \/>\n\t<meta name=\"twitter:data1\" content=\"2 minutes\" \/>\n<script type=\"application\/ld+json\" class=\"yoast-schema-graph\">{\"@context\":\"https:\\\/\\\/schema.org\",\"@graph\":[{\"@type\":\"WebPage\",\"@id\":\"https:\\\/\\\/www.hospicecareottawa.ca\\\/fr\\\/qui-nous-sommes\\\/actualites\\\/\",\"url\":\"https:\\\/\\\/www.hospicecareottawa.ca\\\/fr\\\/qui-nous-sommes\\\/actualites\\\/\",\"name\":\"Actualit\u00e9s - Hospice Care Ottawa\",\"isPartOf\":{\"@id\":\"https:\\\/\\\/www.hospicecareottawa.ca\\\/fr\\\/#website\"},\"datePublished\":\"2024-03-26T18:11:28+00:00\",\"dateModified\":\"2025-09-12T15:04:41+00:00\",\"breadcrumb\":{\"@id\":\"https:\\\/\\\/www.hospicecareottawa.ca\\\/fr\\\/qui-nous-sommes\\\/actualites\\\/#breadcrumb\"},\"inLanguage\":\"fr-FR\",\"potentialAction\":[{\"@type\":\"ReadAction\",\"target\":[\"https:\\\/\\\/www.hospicecareottawa.ca\\\/fr\\\/qui-nous-sommes\\\/actualites\\\/\"]}]},{\"@type\":\"BreadcrumbList\",\"@id\":\"https:\\\/\\\/www.hospicecareottawa.ca\\\/fr\\\/qui-nous-sommes\\\/actualites\\\/#breadcrumb\",\"itemListElement\":[{\"@type\":\"ListItem\",\"position\":1,\"name\":\"Home\",\"item\":\"https:\\\/\\\/www.hospicecareottawa.ca\\\/fr\\\/\"},{\"@type\":\"ListItem\",\"position\":2,\"name\":\"Qui nous sommes\",\"item\":\"https:\\\/\\\/www.hospicecareottawa.ca\\\/fr\\\/qui-nous-sommes\\\/\"},{\"@type\":\"ListItem\",\"position\":3,\"name\":\"Actualit\u00e9s\"}]},{\"@type\":\"WebSite\",\"@id\":\"https:\\\/\\\/www.hospicecareottawa.ca\\\/fr\\\/#website\",\"url\":\"https:\\\/\\\/www.hospicecareottawa.ca\\\/fr\\\/\",\"name\":\"Hospice Care Ottawa\",\"description\":\"Promouvoir une qualit\u00e9 de vie, la compassion dans la mort et le soutien dans le deuil pour les personnes dans le besoin au sein de notre communaut\u00e9.\",\"publisher\":{\"@id\":\"https:\\\/\\\/www.hospicecareottawa.ca\\\/fr\\\/#organization\"},\"potentialAction\":[{\"@type\":\"SearchAction\",\"target\":{\"@type\":\"EntryPoint\",\"urlTemplate\":\"https:\\\/\\\/www.hospicecareottawa.ca\\\/fr\\\/?s={search_term_string}\"},\"query-input\":{\"@type\":\"PropertyValueSpecification\",\"valueRequired\":true,\"valueName\":\"search_term_string\"}}],\"inLanguage\":\"fr-FR\"},{\"@type\":\"Organization\",\"@id\":\"https:\\\/\\\/www.hospicecareottawa.ca\\\/fr\\\/#organization\",\"name\":\"Hospice Care Ottawa\",\"url\":\"https:\\\/\\\/www.hospicecareottawa.ca\\\/fr\\\/\",\"logo\":{\"@type\":\"ImageObject\",\"inLanguage\":\"fr-FR\",\"@id\":\"https:\\\/\\\/www.hospicecareottawa.ca\\\/fr\\\/#\\\/schema\\\/logo\\\/image\\\/\",\"url\":\"https:\\\/\\\/www.hospicecareottawa.ca\\\/wp-content\\\/uploads\\\/2024\\\/03\\\/footer_logo-en.png\",\"contentUrl\":\"https:\\\/\\\/www.hospicecareottawa.ca\\\/wp-content\\\/uploads\\\/2024\\\/03\\\/footer_logo-en.png\",\"width\":180,\"height\":149,\"caption\":\"Hospice Care Ottawa\"},\"image\":{\"@id\":\"https:\\\/\\\/www.hospicecareottawa.ca\\\/fr\\\/#\\\/schema\\\/logo\\\/image\\\/\"},\"sameAs\":[\"https:\\\/\\\/x.com\\\/HospiceCareOtt\"]}]}<\/script>\n<!-- \/ Yoast SEO plugin. -->","yoast_head_json":{"title":"Actualit\u00e9s - Hospice Care Ottawa","robots":{"index":"index","follow":"follow","max-snippet":"max-snippet:-1","max-image-preview":"max-image-preview:large","max-video-preview":"max-video-preview:-1"},"canonical":"https:\/\/www.hospicecareottawa.ca\/fr\/qui-nous-sommes\/actualites\/","og_locale":"fr_FR","og_type":"article","og_title":"Actualit\u00e9s - Hospice Care Ottawa","og_description":"[vc_row content_width=\u00a0\u00bbgrid\u00a0\u00bb content_aligment=\u00a0\u00bbcenter\u00a0\u00bb css=\u00a0\u00bb.vc_custom_1711480865440{padding-top: 75px !important;padding-bottom: 75px !important;}\u00a0\u00bb][vc_column width=\u00a0\u00bb1\/2&Prime; offset=\u00a0\u00bbvc_col-lg-3 vc_col-md-3&Prime;][\/vc_column][vc_column width=\u00a0\u00bb1\/2&Prime; offset=\u00a0\u00bbvc_col-lg-3 vc_col-md-3&Prime;][\/vc_column][vc_column width=\u00a0\u00bb1\/2&Prime; offset=\u00a0\u00bbvc_col-lg-3 vc_col-md-3&Prime;][\/vc_column][vc_column width=\u00a0\u00bb1\/2&Prime; offset=\u00a0\u00bbvc_col-lg-3 vc_col-md-3&Prime;][\/vc_column][\/vc_row][vc_row css=\u00a0\u00bb.vc_custom_1711480712597{padding-top: 75px !important;padding-bottom: 75px !important;background-color: #799a3d !important;}\u00a0\u00bb][vc_column][vc_column_text] Pour les informations les plus...","og_url":"https:\/\/www.hospicecareottawa.ca\/fr\/qui-nous-sommes\/actualites\/","og_site_name":"Hospice Care Ottawa","article_modified_time":"2025-09-12T15:04:41+00:00","og_image":[{"width":180,"height":149,"url":"https:\/\/www.hospicecareottawa.ca\/wp-content\/uploads\/2024\/03\/footer_logo-en.png","type":"image\/png"}],"twitter_card":"summary_large_image","twitter_site":"@HospiceCareOtt","twitter_misc":{"Dur\u00e9e de lecture estim\u00e9e":"2 minutes"},"schema":{"@context":"https:\/\/schema.org","@graph":[{"@type":"WebPage","@id":"https:\/\/www.hospicecareottawa.ca\/fr\/qui-nous-sommes\/actualites\/","url":"https:\/\/www.hospicecareottawa.ca\/fr\/qui-nous-sommes\/actualites\/","name":"Actualit\u00e9s - Hospice Care Ottawa","isPartOf":{"@id":"https:\/\/www.hospicecareottawa.ca\/fr\/#website"},"datePublished":"2024-03-26T18:11:28+00:00","dateModified":"2025-09-12T15:04:41+00:00","breadcrumb":{"@id":"https:\/\/www.hospicecareottawa.ca\/fr\/qui-nous-sommes\/actualites\/#breadcrumb"},"inLanguage":"fr-FR","potentialAction":[{"@type":"ReadAction","target":["https:\/\/www.hospicecareottawa.ca\/fr\/qui-nous-sommes\/actualites\/"]}]},{"@type":"BreadcrumbList","@id":"https:\/\/www.hospicecareottawa.ca\/fr\/qui-nous-sommes\/actualites\/#breadcrumb","itemListElement":[{"@type":"ListItem","position":1,"name":"Home","item":"https:\/\/www.hospicecareottawa.ca\/fr\/"},{"@type":"ListItem","position":2,"name":"Qui nous sommes","item":"https:\/\/www.hospicecareottawa.ca\/fr\/qui-nous-sommes\/"},{"@type":"ListItem","position":3,"name":"Actualit\u00e9s"}]},{"@type":"WebSite","@id":"https:\/\/www.hospicecareottawa.ca\/fr\/#website","url":"https:\/\/www.hospicecareottawa.ca\/fr\/","name":"Hospice Care Ottawa","description":"Promouvoir une qualit\u00e9 de vie, la compassion dans la mort et le soutien dans le deuil pour les personnes dans le besoin au sein de notre communaut\u00e9.","publisher":{"@id":"https:\/\/www.hospicecareottawa.ca\/fr\/#organization"},"potentialAction":[{"@type":"SearchAction","target":{"@type":"EntryPoint","urlTemplate":"https:\/\/www.hospicecareottawa.ca\/fr\/?s={search_term_string}"},"query-input":{"@type":"PropertyValueSpecification","valueRequired":true,"valueName":"search_term_string"}}],"inLanguage":"fr-FR"},{"@type":"Organization","@id":"https:\/\/www.hospicecareottawa.ca\/fr\/#organization","name":"Hospice Care Ottawa","url":"https:\/\/www.hospicecareottawa.ca\/fr\/","logo":{"@type":"ImageObject","inLanguage":"fr-FR","@id":"https:\/\/www.hospicecareottawa.ca\/fr\/#\/schema\/logo\/image\/","url":"https:\/\/www.hospicecareottawa.ca\/wp-content\/uploads\/2024\/03\/footer_logo-en.png","contentUrl":"https:\/\/www.hospicecareottawa.ca\/wp-content\/uploads\/2024\/03\/footer_logo-en.png","width":180,"height":149,"caption":"Hospice Care Ottawa"},"image":{"@id":"https:\/\/www.hospicecareottawa.ca\/fr\/#\/schema\/logo\/image\/"},"sameAs":["https:\/\/x.com\/HospiceCareOtt"]}]}},"_links":{"self":[{"href":"https:\/\/www.hospicecareottawa.ca\/fr\/wp-json\/wp\/v2\/pages\/5937","targetHints":{"allow":["GET"]}}],"collection":[{"href":"https:\/\/www.hospicecareottawa.ca\/fr\/wp-json\/wp\/v2\/pages"}],"about":[{"href":"https:\/\/www.hospicecareottawa.ca\/fr\/wp-json\/wp\/v2\/types\/page"}],"author":[{"embeddable":true,"href":"https:\/\/www.hospicecareottawa.ca\/fr\/wp-json\/wp\/v2\/users\/1"}],"replies":[{"embeddable":true,"href":"https:\/\/www.hospicecareottawa.ca\/fr\/wp-json\/wp\/v2\/comments?post=5937"}],"version-history":[{"count":18,"href":"https:\/\/www.hospicecareottawa.ca\/fr\/wp-json\/wp\/v2\/pages\/5937\/revisions"}],"predecessor-version":[{"id":8000,"href":"https:\/\/www.hospicecareottawa.ca\/fr\/wp-json\/wp\/v2\/pages\/5937\/revisions\/8000"}],"up":[{"embeddable":true,"href":"https:\/\/www.hospicecareottawa.ca\/fr\/wp-json\/wp\/v2\/pages\/5938"}],"wp:attachment":[{"href":"https:\/\/www.hospicecareottawa.ca\/fr\/wp-json\/wp\/v2\/media?parent=5937"}],"curies":[{"name":"wp","href":"https:\/\/api.w.org\/{rel}","templated":true}]}}