{"id":5929,"date":"2024-03-26T13:27:18","date_gmt":"2024-03-26T13:27:18","guid":{"rendered":"https:\/\/www.hospicecareottawa.ca\/annual-reports-financial-statements\/"},"modified":"2025-05-30T13:09:58","modified_gmt":"2025-05-30T13:09:58","slug":"le-rapport-a-la-communaute-et-etats-financiers","status":"publish","type":"page","link":"https:\/\/www.hospicecareottawa.ca\/fr\/qui-nous-sommes\/le-rapport-a-la-communaute-et-etats-financiers\/","title":{"rendered":"Le rapport \u00e0 la communaut\u00e9 et \u00e9tats financiers"},"content":{"rendered":"<div class=\"wpb-content-wrapper\"><p>[vc_row content_width=\u00a0\u00bbgrid\u00a0\u00bb][vc_column][vc_empty_space height=\u00a0\u00bb50px\u00a0\u00bb][vc_row_inner][vc_column_inner width=\u00a0\u00bb1\/2&Prime;]<div class=\"mkdf-section-title-holder\">\n\t<h2 class=\"mkdf-section-title mkdf-section-title-small\" style=\"color: #5a1f30;text-align: left\">\n\tLe rapport \u00e0 la communaut\u00e9 et \u00e9tats financiers<\/h2>\n<\/div>[vc_column_text css=\u00a0\u00bb\u00a0\u00bb]<strong>2023-24 Rapport \u00e0 la communaut\u00e9\u00a0<\/strong><\/p>\n<ul>\n<li><u><strong><a href=\"https:\/\/www.hospicecareottawa.ca\/wp-content\/uploads\/2024\/09\/Impact-Report-FR.pdf\" target=\"_blank\" rel=\"noopener\" aria-label=\"CLICK HERE to review our digital Report to the Community\" data-uw-rm-vglnk=\"\">Cliquez ici<\/a><\/strong><\/u>\u00a0pour voir le rapport \u00e0 la communaut\u00e9<\/li>\n<\/ul>\n<p>[\/vc_column_text][\/vc_column_inner][vc_column_inner width=\u00a0\u00bb1\/2&Prime;]<div class=\"mkdf-section-title-holder\">\n\t<h2 class=\"mkdf-section-title mkdf-section-title-small\" style=\"color: #5a1f30;text-align: left\">\n\tArchives du le rapport \u00e0 la communaut\u00e9<\/h2>\n<\/div>[vc_column_text css=\u00a0\u00bb\u00a0\u00bb]<\/p>\n<ul>\n<li><a href=\"https:\/\/www.hospicecareottawa.ca\/wp-content\/uploads\/2024\/04\/impact_report_french_final.pdf\" target=\"_blank\" rel=\"noopener\"><span style=\"text-decoration: underline;\"><strong>2022-23 Rapport \u00e0 la communaut\u00e9<\/strong><\/span><\/a><\/li>\n<li><span style=\"text-decoration: underline;\"><strong><a href=\"https:\/\/www.hospicecareottawa.ca\/wp-content\/uploads\/2024\/03\/2020-21_hospice_care_ottawa_annual_report_to_the_community.pdf\" target=\"_blank\" rel=\"noopener\" aria-label=\"2021-22 Annual Report to the Community - open in a new tab\" data-uw-rm-ext-link=\"\" data-uw-pdf-br=\"1\" data-uw-pdf-doc=\"\">2021-22 Rapport \u00e0 la communaut\u00e9<\/a><\/strong><\/span><\/li>\n<li><strong><a href=\"https:\/\/www.hospicecareottawa.ca\/wp-content\/uploads\/2024\/03\/hco_report_to_community_2021-22_final.pdf\" target=\"_blank\" rel=\"noopener\" aria-label=\"2020-21 Annual Report to the Community \u200b - open in a new tab\" data-uw-rm-ext-link=\"\" data-uw-pdf-br=\"1\" data-uw-pdf-doc=\"\"><u>2020-21 Rapport \u00e0 la communaut\u00e9<\/u><\/a><\/strong><\/li>\n<li><strong><a href=\"https:\/\/www.hospicecareottawa.ca\/wp-content\/uploads\/2024\/03\/2019-20_hco_annual_report_to_the_community_accessible.pdf\" target=\"_blank\" rel=\"noopener\" aria-label=\"2020-21 Annual Report to the Community \u200b - open in a new tab\" data-uw-rm-ext-link=\"\" data-uw-pdf-br=\"1\" data-uw-pdf-doc=\"\"><u>\u200b<\/u><\/a><\/strong><strong><u><a href=\"https:\/\/www.hospicecareottawa.ca\/wp-content\/uploads\/2024\/03\/2019-20_hco_annual_report_to_the_community_accessible.pdf\" target=\"_blank\" rel=\"noopener\" aria-label=\"2019-20 Annual Report to the Community - open in a new tab\" data-uw-rm-ext-link=\"\" data-uw-pdf-br=\"1\" data-uw-pdf-doc=\"\">2019-20 Rapport \u00e0 la communaut\u00e9<\/a><\/u><\/strong><\/li>\n<\/ul>\n<p>[\/vc_column_text][\/vc_column_inner][\/vc_row_inner][vc_empty_space][vc_row_inner][vc_column_inner width=\u00a0\u00bb1\/2&Prime;]<div class=\"mkdf-section-title-holder\">\n\t<h2 class=\"mkdf-section-title mkdf-section-title-small\" style=\"color: #5a1f30;text-align: left\">\n\tArchives des \u00e9tats financiers<\/h2>\n<\/div>[vc_column_text css=\u00a0\u00bb\u00a0\u00bb]<\/p>\n<ul>\n<li><a href=\"https:\/\/www.hospicecareottawa.ca\/wp-content\/uploads\/2024\/09\/Audited-Financial-Statements-2023-24.pdf\" target=\"_blank\" rel=\"noopener\"><span style=\"text-decoration: underline;\"><strong>2023-24 les \u00e9tats financiers<\/strong><\/span><\/a><\/li>\n<li><span style=\"text-decoration: underline;\"><strong><a href=\"\/wp-content\/uploads\/2024\/04\/2023-03-31_hospice_care_ottawa_audited_financial_statement.pdf\" target=\"_blank\" rel=\"noopener\" aria-label=\"2021-22 Financial Statements - open in a new tab\" data-uw-rm-ext-link=\"\" data-uw-pdf-br=\"1\" data-uw-pdf-doc=\"\">2022-23 les \u00e9tats financiers<\/a><\/strong><\/span><\/li>\n<li><span style=\"text-decoration: underline;\"><strong><a href=\"\/wp-content\/uploads\/2024\/03\/audited_financial_statements_year_end_march_31_2022_hospice_care_ottawa.pdf\" target=\"_blank\" rel=\"noopener\" aria-label=\"2021-22 Financial Statements - open in a new tab\" data-uw-rm-ext-link=\"\" data-uw-pdf-br=\"1\" data-uw-pdf-doc=\"\">2021-22 les \u00e9tats financiers<\/a><\/strong><\/span><\/li>\n<li><span style=\"text-decoration: underline;\"><a href=\"\/wp-content\/uploads\/2024\/04\/Financial-Statements-HCO-March-3121.pdf\" target=\"_blank\" rel=\"noopener\"><strong>2020-21 les \u00e9tats financiers<\/strong><\/a><\/span><\/li>\n<\/ul>\n<p>[\/vc_column_text][\/vc_column_inner][vc_column_inner width=\u00a0\u00bb1\/2&Prime;]<div class=\"mkdf-section-title-holder\">\n\t<h2 class=\"mkdf-section-title mkdf-section-title-small\" style=\"color: #5a1f30;text-align: left\">\n\tPar les lois de La Maison de soins palliatifs d\u2019Ottawa<\/h2>\n<\/div>[vc_column_text]<\/p>\n<ul>\n<li><span style=\"text-decoration: underline;\"><a href=\"https:\/\/www.hospicecareottawa.ca\/wp-content\/uploads\/2024\/03\/hospice_care_ottawa_new_onca_compliant_by-law_-_final.pdf\" target=\"_blank\" rel=\"noopener\"><b>Par les lois de La Maison de soins palliatifs d\u2019Ottawa <\/b><\/a><\/span><\/li>\n<\/ul>\n<p>[\/vc_column_text][\/vc_column_inner][\/vc_row_inner][vc_empty_space height=\u00a0\u00bb50px\u00a0\u00bb][vc_row_inner][vc_column_inner width=\u00a0\u00bb1\/2&Prime;]<div class=\"mkdf-section-title-holder\">\n\t<h2 class=\"mkdf-section-title mkdf-section-title-small\" style=\"color: #5a1f30;text-align: left\">\n\tEntente sur la responsabilisation en mati\u00e8re de services multisectoriels (ERS-M)<\/h2>\n<\/div>[vc_column_text css=\u00a0\u00bb\u00a0\u00bb]<\/p>\n<ul>\n<li><a href=\"https:\/\/www.hospicecareottawa.ca\/wp-content\/uploads\/2025\/05\/HCO_2023-24_MSAA_Signed.pdf\"><b>2023-24 Accord MSAA sign\u00e9<\/b><\/a><\/li>\n<li><span style=\"text-decoration: underline;\"><strong><a href=\"https:\/\/www.hospicecareottawa.ca\/wp-content\/uploads\/2025\/05\/AL_2823_HCO_2025-26_MSAA_Extending_Letter_signed.pdf\" target=\"_blank\" rel=\"noopener\" aria-label=\"2021-22 Financial Statements - open in a new tab\" data-uw-rm-ext-link=\"\" data-uw-pdf-br=\"1\" data-uw-pdf-doc=\"\">2025-26 Lettre de prolongation sign\u00e9e<\/a><\/strong><\/span><\/li>\n<li><span style=\"text-decoration: underline;\"><strong><a href=\"https:\/\/www.hospicecareottawa.ca\/wp-content\/uploads\/2025\/05\/2024-25-MSAA-Extension-Letter.pdf\" target=\"_blank\" rel=\"noopener\" aria-label=\"2021-22 Financial Statements - open in a new tab\" data-uw-rm-ext-link=\"\" data-uw-pdf-br=\"1\" data-uw-pdf-doc=\"\">2024-25 Lettre de prolongation sign\u00e9e<\/a><\/strong><\/span><\/li>\n<\/ul>\n<p>[\/vc_column_text][\/vc_column_inner][\/vc_row_inner][\/vc_column][\/vc_row]<\/p>\n<\/div>","protected":false},"excerpt":{"rendered":"<p>[vc_row content_width=\u00a0\u00bbgrid\u00a0\u00bb][vc_column][vc_empty_space height=\u00a0\u00bb50px\u00a0\u00bb][vc_row_inner][vc_column_inner width=\u00a0\u00bb1\/2&Prime;][vc_column_text css=\u00a0\u00bb\u00a0\u00bb]2023-24 Rapport \u00e0 la communaut\u00e9\u00a0 Cliquez ici\u00a0pour voir le rapport \u00e0 la communaut\u00e9 [\/vc_column_text][\/vc_column_inner][vc_column_inner width=\u00a0\u00bb1\/2&Prime;][vc_column_text css=\u00a0\u00bb\u00a0\u00bb] 2022-23 Rapport \u00e0 la communaut\u00e9 2021-22 Rapport \u00e0 la communaut\u00e9 2020-21 Rapport&#8230;<\/p>\n","protected":false},"author":1,"featured_media":0,"parent":5938,"menu_order":0,"comment_status":"closed","ping_status":"closed","template":"full-width.php","meta":{"_bbp_topic_count":0,"_bbp_reply_count":0,"_bbp_total_topic_count":0,"_bbp_total_reply_count":0,"_bbp_voice_count":0,"_bbp_anonymous_reply_count":0,"_bbp_topic_count_hidden":0,"_bbp_reply_count_hidden":0,"_bbp_forum_subforum_count":0,"footnotes":""},"class_list":["post-5929","page","type-page","status-publish","hentry"],"yoast_head":"<!-- This site is optimized with the Yoast SEO plugin v27.4 - https:\/\/yoast.com\/product\/yoast-seo-wordpress\/ -->\n<title>Le rapport \u00e0 la communaut\u00e9 et \u00e9tats financiers - Hospice Care Ottawa<\/title>\n<meta name=\"robots\" content=\"index, follow, max-snippet:-1, max-image-preview:large, max-video-preview:-1\" \/>\n<link rel=\"canonical\" href=\"https:\/\/www.hospicecareottawa.ca\/fr\/qui-nous-sommes\/le-rapport-a-la-communaute-et-etats-financiers\/\" \/>\n<meta property=\"og:locale\" content=\"fr_FR\" \/>\n<meta property=\"og:type\" content=\"article\" \/>\n<meta property=\"og:title\" content=\"Le rapport \u00e0 la communaut\u00e9 et \u00e9tats financiers - Hospice Care Ottawa\" \/>\n<meta property=\"og:description\" content=\"[vc_row content_width=\u00a0\u00bbgrid\u00a0\u00bb][vc_column][vc_empty_space height=\u00a0\u00bb50px\u00a0\u00bb][vc_row_inner][vc_column_inner width=\u00a0\u00bb1\/2&Prime;][vc_column_text css=\u00a0\u00bb\u00a0\u00bb]2023-24 Rapport \u00e0 la communaut\u00e9\u00a0 Cliquez ici\u00a0pour voir le rapport \u00e0 la communaut\u00e9 [\/vc_column_text][\/vc_column_inner][vc_column_inner width=\u00a0\u00bb1\/2&Prime;][vc_column_text css=\u00a0\u00bb\u00a0\u00bb] 2022-23 Rapport \u00e0 la communaut\u00e9 2021-22 Rapport \u00e0 la communaut\u00e9 2020-21 Rapport...\" \/>\n<meta property=\"og:url\" content=\"https:\/\/www.hospicecareottawa.ca\/fr\/qui-nous-sommes\/le-rapport-a-la-communaute-et-etats-financiers\/\" \/>\n<meta property=\"og:site_name\" content=\"Hospice Care Ottawa\" \/>\n<meta property=\"article:modified_time\" content=\"2025-05-30T13:09:58+00:00\" \/>\n<meta property=\"og:image\" content=\"https:\/\/www.hospicecareottawa.ca\/wp-content\/uploads\/2024\/03\/footer_logo-en.png\" \/>\n\t<meta property=\"og:image:width\" content=\"180\" \/>\n\t<meta property=\"og:image:height\" content=\"149\" \/>\n\t<meta property=\"og:image:type\" content=\"image\/png\" \/>\n<meta name=\"twitter:card\" content=\"summary_large_image\" \/>\n<meta name=\"twitter:site\" content=\"@HospiceCareOtt\" \/>\n<meta name=\"twitter:label1\" content=\"Dur\u00e9e de lecture estim\u00e9e\" \/>\n\t<meta name=\"twitter:data1\" content=\"1 minute\" \/>\n<script type=\"application\/ld+json\" class=\"yoast-schema-graph\">{\"@context\":\"https:\\\/\\\/schema.org\",\"@graph\":[{\"@type\":\"WebPage\",\"@id\":\"https:\\\/\\\/www.hospicecareottawa.ca\\\/fr\\\/qui-nous-sommes\\\/le-rapport-a-la-communaute-et-etats-financiers\\\/\",\"url\":\"https:\\\/\\\/www.hospicecareottawa.ca\\\/fr\\\/qui-nous-sommes\\\/le-rapport-a-la-communaute-et-etats-financiers\\\/\",\"name\":\"Le rapport \u00e0 la communaut\u00e9 et \u00e9tats financiers - Hospice Care Ottawa\",\"isPartOf\":{\"@id\":\"https:\\\/\\\/www.hospicecareottawa.ca\\\/fr\\\/#website\"},\"datePublished\":\"2024-03-26T13:27:18+00:00\",\"dateModified\":\"2025-05-30T13:09:58+00:00\",\"breadcrumb\":{\"@id\":\"https:\\\/\\\/www.hospicecareottawa.ca\\\/fr\\\/qui-nous-sommes\\\/le-rapport-a-la-communaute-et-etats-financiers\\\/#breadcrumb\"},\"inLanguage\":\"fr-FR\",\"potentialAction\":[{\"@type\":\"ReadAction\",\"target\":[\"https:\\\/\\\/www.hospicecareottawa.ca\\\/fr\\\/qui-nous-sommes\\\/le-rapport-a-la-communaute-et-etats-financiers\\\/\"]}]},{\"@type\":\"BreadcrumbList\",\"@id\":\"https:\\\/\\\/www.hospicecareottawa.ca\\\/fr\\\/qui-nous-sommes\\\/le-rapport-a-la-communaute-et-etats-financiers\\\/#breadcrumb\",\"itemListElement\":[{\"@type\":\"ListItem\",\"position\":1,\"name\":\"Home\",\"item\":\"https:\\\/\\\/www.hospicecareottawa.ca\\\/fr\\\/\"},{\"@type\":\"ListItem\",\"position\":2,\"name\":\"Qui nous sommes\",\"item\":\"https:\\\/\\\/www.hospicecareottawa.ca\\\/fr\\\/qui-nous-sommes\\\/\"},{\"@type\":\"ListItem\",\"position\":3,\"name\":\"Le rapport \u00e0 la communaut\u00e9 et \u00e9tats financiers\"}]},{\"@type\":\"WebSite\",\"@id\":\"https:\\\/\\\/www.hospicecareottawa.ca\\\/fr\\\/#website\",\"url\":\"https:\\\/\\\/www.hospicecareottawa.ca\\\/fr\\\/\",\"name\":\"Hospice Care Ottawa\",\"description\":\"Promouvoir une qualit\u00e9 de vie, la compassion dans la mort et le soutien dans le deuil pour les personnes dans le besoin au sein de notre communaut\u00e9.\",\"publisher\":{\"@id\":\"https:\\\/\\\/www.hospicecareottawa.ca\\\/fr\\\/#organization\"},\"potentialAction\":[{\"@type\":\"SearchAction\",\"target\":{\"@type\":\"EntryPoint\",\"urlTemplate\":\"https:\\\/\\\/www.hospicecareottawa.ca\\\/fr\\\/?s={search_term_string}\"},\"query-input\":{\"@type\":\"PropertyValueSpecification\",\"valueRequired\":true,\"valueName\":\"search_term_string\"}}],\"inLanguage\":\"fr-FR\"},{\"@type\":\"Organization\",\"@id\":\"https:\\\/\\\/www.hospicecareottawa.ca\\\/fr\\\/#organization\",\"name\":\"Hospice Care Ottawa\",\"url\":\"https:\\\/\\\/www.hospicecareottawa.ca\\\/fr\\\/\",\"logo\":{\"@type\":\"ImageObject\",\"inLanguage\":\"fr-FR\",\"@id\":\"https:\\\/\\\/www.hospicecareottawa.ca\\\/fr\\\/#\\\/schema\\\/logo\\\/image\\\/\",\"url\":\"https:\\\/\\\/www.hospicecareottawa.ca\\\/wp-content\\\/uploads\\\/2024\\\/03\\\/footer_logo-en.png\",\"contentUrl\":\"https:\\\/\\\/www.hospicecareottawa.ca\\\/wp-content\\\/uploads\\\/2024\\\/03\\\/footer_logo-en.png\",\"width\":180,\"height\":149,\"caption\":\"Hospice Care Ottawa\"},\"image\":{\"@id\":\"https:\\\/\\\/www.hospicecareottawa.ca\\\/fr\\\/#\\\/schema\\\/logo\\\/image\\\/\"},\"sameAs\":[\"https:\\\/\\\/x.com\\\/HospiceCareOtt\"]}]}<\/script>\n<!-- \/ Yoast SEO plugin. -->","yoast_head_json":{"title":"Le rapport \u00e0 la communaut\u00e9 et \u00e9tats financiers - Hospice Care Ottawa","robots":{"index":"index","follow":"follow","max-snippet":"max-snippet:-1","max-image-preview":"max-image-preview:large","max-video-preview":"max-video-preview:-1"},"canonical":"https:\/\/www.hospicecareottawa.ca\/fr\/qui-nous-sommes\/le-rapport-a-la-communaute-et-etats-financiers\/","og_locale":"fr_FR","og_type":"article","og_title":"Le rapport \u00e0 la communaut\u00e9 et \u00e9tats financiers - Hospice Care Ottawa","og_description":"[vc_row content_width=\u00a0\u00bbgrid\u00a0\u00bb][vc_column][vc_empty_space height=\u00a0\u00bb50px\u00a0\u00bb][vc_row_inner][vc_column_inner width=\u00a0\u00bb1\/2&Prime;][vc_column_text css=\u00a0\u00bb\u00a0\u00bb]2023-24 Rapport \u00e0 la communaut\u00e9\u00a0 Cliquez ici\u00a0pour voir le rapport \u00e0 la communaut\u00e9 [\/vc_column_text][\/vc_column_inner][vc_column_inner width=\u00a0\u00bb1\/2&Prime;][vc_column_text css=\u00a0\u00bb\u00a0\u00bb] 2022-23 Rapport \u00e0 la communaut\u00e9 2021-22 Rapport \u00e0 la communaut\u00e9 2020-21 Rapport...","og_url":"https:\/\/www.hospicecareottawa.ca\/fr\/qui-nous-sommes\/le-rapport-a-la-communaute-et-etats-financiers\/","og_site_name":"Hospice Care Ottawa","article_modified_time":"2025-05-30T13:09:58+00:00","og_image":[{"width":180,"height":149,"url":"https:\/\/www.hospicecareottawa.ca\/wp-content\/uploads\/2024\/03\/footer_logo-en.png","type":"image\/png"}],"twitter_card":"summary_large_image","twitter_site":"@HospiceCareOtt","twitter_misc":{"Dur\u00e9e de lecture estim\u00e9e":"1 minute"},"schema":{"@context":"https:\/\/schema.org","@graph":[{"@type":"WebPage","@id":"https:\/\/www.hospicecareottawa.ca\/fr\/qui-nous-sommes\/le-rapport-a-la-communaute-et-etats-financiers\/","url":"https:\/\/www.hospicecareottawa.ca\/fr\/qui-nous-sommes\/le-rapport-a-la-communaute-et-etats-financiers\/","name":"Le rapport \u00e0 la communaut\u00e9 et \u00e9tats financiers - Hospice Care Ottawa","isPartOf":{"@id":"https:\/\/www.hospicecareottawa.ca\/fr\/#website"},"datePublished":"2024-03-26T13:27:18+00:00","dateModified":"2025-05-30T13:09:58+00:00","breadcrumb":{"@id":"https:\/\/www.hospicecareottawa.ca\/fr\/qui-nous-sommes\/le-rapport-a-la-communaute-et-etats-financiers\/#breadcrumb"},"inLanguage":"fr-FR","potentialAction":[{"@type":"ReadAction","target":["https:\/\/www.hospicecareottawa.ca\/fr\/qui-nous-sommes\/le-rapport-a-la-communaute-et-etats-financiers\/"]}]},{"@type":"BreadcrumbList","@id":"https:\/\/www.hospicecareottawa.ca\/fr\/qui-nous-sommes\/le-rapport-a-la-communaute-et-etats-financiers\/#breadcrumb","itemListElement":[{"@type":"ListItem","position":1,"name":"Home","item":"https:\/\/www.hospicecareottawa.ca\/fr\/"},{"@type":"ListItem","position":2,"name":"Qui nous sommes","item":"https:\/\/www.hospicecareottawa.ca\/fr\/qui-nous-sommes\/"},{"@type":"ListItem","position":3,"name":"Le rapport \u00e0 la communaut\u00e9 et \u00e9tats financiers"}]},{"@type":"WebSite","@id":"https:\/\/www.hospicecareottawa.ca\/fr\/#website","url":"https:\/\/www.hospicecareottawa.ca\/fr\/","name":"Hospice Care Ottawa","description":"Promouvoir une qualit\u00e9 de vie, la compassion dans la mort et le soutien dans le deuil pour les personnes dans le besoin au sein de notre communaut\u00e9.","publisher":{"@id":"https:\/\/www.hospicecareottawa.ca\/fr\/#organization"},"potentialAction":[{"@type":"SearchAction","target":{"@type":"EntryPoint","urlTemplate":"https:\/\/www.hospicecareottawa.ca\/fr\/?s={search_term_string}"},"query-input":{"@type":"PropertyValueSpecification","valueRequired":true,"valueName":"search_term_string"}}],"inLanguage":"fr-FR"},{"@type":"Organization","@id":"https:\/\/www.hospicecareottawa.ca\/fr\/#organization","name":"Hospice Care Ottawa","url":"https:\/\/www.hospicecareottawa.ca\/fr\/","logo":{"@type":"ImageObject","inLanguage":"fr-FR","@id":"https:\/\/www.hospicecareottawa.ca\/fr\/#\/schema\/logo\/image\/","url":"https:\/\/www.hospicecareottawa.ca\/wp-content\/uploads\/2024\/03\/footer_logo-en.png","contentUrl":"https:\/\/www.hospicecareottawa.ca\/wp-content\/uploads\/2024\/03\/footer_logo-en.png","width":180,"height":149,"caption":"Hospice Care Ottawa"},"image":{"@id":"https:\/\/www.hospicecareottawa.ca\/fr\/#\/schema\/logo\/image\/"},"sameAs":["https:\/\/x.com\/HospiceCareOtt"]}]}},"_links":{"self":[{"href":"https:\/\/www.hospicecareottawa.ca\/fr\/wp-json\/wp\/v2\/pages\/5929","targetHints":{"allow":["GET"]}}],"collection":[{"href":"https:\/\/www.hospicecareottawa.ca\/fr\/wp-json\/wp\/v2\/pages"}],"about":[{"href":"https:\/\/www.hospicecareottawa.ca\/fr\/wp-json\/wp\/v2\/types\/page"}],"author":[{"embeddable":true,"href":"https:\/\/www.hospicecareottawa.ca\/fr\/wp-json\/wp\/v2\/users\/1"}],"replies":[{"embeddable":true,"href":"https:\/\/www.hospicecareottawa.ca\/fr\/wp-json\/wp\/v2\/comments?post=5929"}],"version-history":[{"count":16,"href":"https:\/\/www.hospicecareottawa.ca\/fr\/wp-json\/wp\/v2\/pages\/5929\/revisions"}],"predecessor-version":[{"id":7801,"href":"https:\/\/www.hospicecareottawa.ca\/fr\/wp-json\/wp\/v2\/pages\/5929\/revisions\/7801"}],"up":[{"embeddable":true,"href":"https:\/\/www.hospicecareottawa.ca\/fr\/wp-json\/wp\/v2\/pages\/5938"}],"wp:attachment":[{"href":"https:\/\/www.hospicecareottawa.ca\/fr\/wp-json\/wp\/v2\/media?parent=5929"}],"curies":[{"name":"wp","href":"https:\/\/api.w.org\/{rel}","templated":true}]}}