{"id":5888,"date":"2024-03-26T13:40:07","date_gmt":"2024-03-26T13:40:07","guid":{"rendered":"https:\/\/www.hospicecareottawa.ca\/jocelyne-contant\/"},"modified":"2024-04-08T14:06:08","modified_gmt":"2024-04-08T14:06:08","slug":"jocelyne-contant","status":"publish","type":"page","link":"https:\/\/www.hospicecareottawa.ca\/fr\/qui-nous-sommes\/conseil-dadministration\/jocelyne-contant\/","title":{"rendered":"Jocelyne Contant"},"content":{"rendered":"<div class=\"wpb-content-wrapper\"><p>[vc_row content_width=\u00a0\u00bbgrid\u00a0\u00bb][vc_column][vc_empty_space height=\u00a0\u00bb50px\u00a0\u00bb][vc_row_inner][vc_column_inner width=\u00a0\u00bb1\/4&Prime;][vc_single_image image=\u00a0\u00bb4196&Prime; img_size=\u00a0\u00bbfull\u00a0\u00bb alignment=\u00a0\u00bbcenter\u00a0\u00bb][\/vc_column_inner][vc_column_inner width=\u00a0\u00bb3\/4&Prime;]<div class=\"mkdf-section-title-holder\">\n\t<h2 class=\"mkdf-section-title mkdf-section-title-medium\" style=\"color: #5a1f30;text-align: left\">\n\tJocelyne Contant<\/h2>\n<\/div>[vc_column_text]Jocelyne Contant, maintenant \u00e0 la retraite a \u0153uvr\u00e9 pendant 40 ans dans le domaine des soins de sant\u00e9 dans la r\u00e9gion de Champlain. En plus d\u2019\u00eatre au chevet des malades en milieu hospitalier, elle a \u00e9t\u00e9 la premi\u00e8re directrice g\u00e9n\u00e9rale du Centre d\u2019acc\u00e8s aux soins communautaires de l\u2019Est de l\u2019Ontario. Elle a aussi occup\u00e9 des postes de direction dans une maison de soins de longue dur\u00e9e, au Conseil r\u00e9gional de sant\u00e9 de l\u2019est de l\u2019Ontario et au R\u00e9seau local d\u2019int\u00e9gration des services de sant\u00e9 de Champlain. Elle a \u00e9t\u00e9 directrice g\u00e9n\u00e9rale fondatrice du programme r\u00e9gional des soins palliatifs de Champlain. Elle a aussi enseign\u00e9 au Coll\u00e8ge Algonquin dans le cadre du programme de formation en fran\u00e7ais des infirmi\u00e8res et et \u00e0 l\u2019Universit\u00e9 d\u2019Ottawa \u00e0 l\u2019\u00e9cole interdisciplinaire des sciences de la sant\u00e9.<br role=\"presentation\" data-uw-rm-sr=\"\" \/>\u00a0<br role=\"presentation\" data-uw-rm-sr=\"\" \/>Elle a si\u00e9g\u00e9 au Conseil d\u2019administration du R\u00e9seau de services de sant\u00e9 en fran\u00e7ais de l\u2019Est de l\u2019Ontario et \u00e0 la Fondation Outcare en plus d\u2019avoir participer au comit\u00e9 d\u2019investissement communautaire de Centraide Ottawa.<br role=\"presentation\" data-uw-rm-sr=\"\" \/><br role=\"presentation\" data-uw-rm-sr=\"\" \/>Jocelyne d\u00e9tient un baccalaur\u00e9at en sciences infirmi\u00e8res, une ma\u00eetrise en gestion des services de sant\u00e9 et la d\u00e9signation CHE (Certified Health Executive) du Coll\u00e8ge canadien des leaders en sant\u00e9.[\/vc_column_text][\/vc_column_inner][\/vc_row_inner][vc_empty_space height=\u00a0\u00bb50px\u00a0\u00bb][\/vc_column][\/vc_row]<\/p>\n<\/div>","protected":false},"excerpt":{"rendered":"<p>[vc_row content_width=\u00a0\u00bbgrid\u00a0\u00bb][vc_column][vc_empty_space height=\u00a0\u00bb50px\u00a0\u00bb][vc_row_inner][vc_column_inner width=\u00a0\u00bb1\/4&Prime;][vc_single_image image=\u00a0\u00bb4196&Prime; img_size=\u00a0\u00bbfull\u00a0\u00bb alignment=\u00a0\u00bbcenter\u00a0\u00bb][\/vc_column_inner][vc_column_inner width=\u00a0\u00bb3\/4&Prime;][vc_column_text]Jocelyne Contant, maintenant \u00e0 la retraite a \u0153uvr\u00e9 pendant 40 ans dans le domaine des soins de sant\u00e9 dans la r\u00e9gion de Champlain. En plus&#8230;<\/p>\n","protected":false},"author":1,"featured_media":0,"parent":5922,"menu_order":0,"comment_status":"closed","ping_status":"closed","template":"full-width.php","meta":{"_bbp_topic_count":0,"_bbp_reply_count":0,"_bbp_total_topic_count":0,"_bbp_total_reply_count":0,"_bbp_voice_count":0,"_bbp_anonymous_reply_count":0,"_bbp_topic_count_hidden":0,"_bbp_reply_count_hidden":0,"_bbp_forum_subforum_count":0,"footnotes":""},"class_list":["post-5888","page","type-page","status-publish","hentry"],"yoast_head":"<!-- This site is optimized with the Yoast SEO plugin v27.4 - https:\/\/yoast.com\/product\/yoast-seo-wordpress\/ -->\n<title>Jocelyne Contant - Hospice Care Ottawa<\/title>\n<meta name=\"robots\" content=\"index, follow, max-snippet:-1, max-image-preview:large, max-video-preview:-1\" \/>\n<link rel=\"canonical\" href=\"https:\/\/www.hospicecareottawa.ca\/fr\/qui-nous-sommes\/conseil-dadministration\/jocelyne-contant\/\" \/>\n<meta property=\"og:locale\" content=\"fr_FR\" \/>\n<meta property=\"og:type\" content=\"article\" \/>\n<meta property=\"og:title\" content=\"Jocelyne Contant - Hospice Care Ottawa\" \/>\n<meta property=\"og:description\" content=\"[vc_row content_width=\u00a0\u00bbgrid\u00a0\u00bb][vc_column][vc_empty_space height=\u00a0\u00bb50px\u00a0\u00bb][vc_row_inner][vc_column_inner width=\u00a0\u00bb1\/4&Prime;][vc_single_image image=\u00a0\u00bb4196&Prime; img_size=\u00a0\u00bbfull\u00a0\u00bb alignment=\u00a0\u00bbcenter\u00a0\u00bb][\/vc_column_inner][vc_column_inner width=\u00a0\u00bb3\/4&Prime;][vc_column_text]Jocelyne Contant, maintenant \u00e0 la retraite a \u0153uvr\u00e9 pendant 40 ans dans le domaine des soins de sant\u00e9 dans la r\u00e9gion de Champlain. En plus...\" \/>\n<meta property=\"og:url\" content=\"https:\/\/www.hospicecareottawa.ca\/fr\/qui-nous-sommes\/conseil-dadministration\/jocelyne-contant\/\" \/>\n<meta property=\"og:site_name\" content=\"Hospice Care Ottawa\" \/>\n<meta property=\"article:modified_time\" content=\"2024-04-08T14:06:08+00:00\" \/>\n<meta property=\"og:image\" content=\"https:\/\/www.hospicecareottawa.ca\/wp-content\/uploads\/2024\/03\/footer_logo-en.png\" \/>\n\t<meta property=\"og:image:width\" content=\"180\" \/>\n\t<meta property=\"og:image:height\" content=\"149\" \/>\n\t<meta property=\"og:image:type\" content=\"image\/png\" \/>\n<meta name=\"twitter:card\" content=\"summary_large_image\" \/>\n<meta name=\"twitter:site\" content=\"@HospiceCareOtt\" \/>\n<meta name=\"twitter:label1\" content=\"Dur\u00e9e de lecture estim\u00e9e\" \/>\n\t<meta name=\"twitter:data1\" content=\"2 minutes\" \/>\n<script type=\"application\/ld+json\" class=\"yoast-schema-graph\">{\"@context\":\"https:\\\/\\\/schema.org\",\"@graph\":[{\"@type\":\"WebPage\",\"@id\":\"https:\\\/\\\/www.hospicecareottawa.ca\\\/fr\\\/qui-nous-sommes\\\/conseil-dadministration\\\/jocelyne-contant\\\/\",\"url\":\"https:\\\/\\\/www.hospicecareottawa.ca\\\/fr\\\/qui-nous-sommes\\\/conseil-dadministration\\\/jocelyne-contant\\\/\",\"name\":\"Jocelyne Contant - Hospice Care Ottawa\",\"isPartOf\":{\"@id\":\"https:\\\/\\\/www.hospicecareottawa.ca\\\/fr\\\/#website\"},\"datePublished\":\"2024-03-26T13:40:07+00:00\",\"dateModified\":\"2024-04-08T14:06:08+00:00\",\"breadcrumb\":{\"@id\":\"https:\\\/\\\/www.hospicecareottawa.ca\\\/fr\\\/qui-nous-sommes\\\/conseil-dadministration\\\/jocelyne-contant\\\/#breadcrumb\"},\"inLanguage\":\"fr-FR\",\"potentialAction\":[{\"@type\":\"ReadAction\",\"target\":[\"https:\\\/\\\/www.hospicecareottawa.ca\\\/fr\\\/qui-nous-sommes\\\/conseil-dadministration\\\/jocelyne-contant\\\/\"]}]},{\"@type\":\"BreadcrumbList\",\"@id\":\"https:\\\/\\\/www.hospicecareottawa.ca\\\/fr\\\/qui-nous-sommes\\\/conseil-dadministration\\\/jocelyne-contant\\\/#breadcrumb\",\"itemListElement\":[{\"@type\":\"ListItem\",\"position\":1,\"name\":\"Home\",\"item\":\"https:\\\/\\\/www.hospicecareottawa.ca\\\/fr\\\/\"},{\"@type\":\"ListItem\",\"position\":2,\"name\":\"Qui nous sommes\",\"item\":\"https:\\\/\\\/www.hospicecareottawa.ca\\\/fr\\\/qui-nous-sommes\\\/\"},{\"@type\":\"ListItem\",\"position\":3,\"name\":\"Conseil d&rsquo;administration\",\"item\":\"https:\\\/\\\/www.hospicecareottawa.ca\\\/fr\\\/qui-nous-sommes\\\/conseil-dadministration\\\/\"},{\"@type\":\"ListItem\",\"position\":4,\"name\":\"Jocelyne Contant\"}]},{\"@type\":\"WebSite\",\"@id\":\"https:\\\/\\\/www.hospicecareottawa.ca\\\/fr\\\/#website\",\"url\":\"https:\\\/\\\/www.hospicecareottawa.ca\\\/fr\\\/\",\"name\":\"Hospice Care Ottawa\",\"description\":\"Promouvoir une qualit\u00e9 de vie, la compassion dans la mort et le soutien dans le deuil pour les personnes dans le besoin au sein de notre communaut\u00e9.\",\"publisher\":{\"@id\":\"https:\\\/\\\/www.hospicecareottawa.ca\\\/fr\\\/#organization\"},\"potentialAction\":[{\"@type\":\"SearchAction\",\"target\":{\"@type\":\"EntryPoint\",\"urlTemplate\":\"https:\\\/\\\/www.hospicecareottawa.ca\\\/fr\\\/?s={search_term_string}\"},\"query-input\":{\"@type\":\"PropertyValueSpecification\",\"valueRequired\":true,\"valueName\":\"search_term_string\"}}],\"inLanguage\":\"fr-FR\"},{\"@type\":\"Organization\",\"@id\":\"https:\\\/\\\/www.hospicecareottawa.ca\\\/fr\\\/#organization\",\"name\":\"Hospice Care Ottawa\",\"url\":\"https:\\\/\\\/www.hospicecareottawa.ca\\\/fr\\\/\",\"logo\":{\"@type\":\"ImageObject\",\"inLanguage\":\"fr-FR\",\"@id\":\"https:\\\/\\\/www.hospicecareottawa.ca\\\/fr\\\/#\\\/schema\\\/logo\\\/image\\\/\",\"url\":\"https:\\\/\\\/www.hospicecareottawa.ca\\\/wp-content\\\/uploads\\\/2024\\\/03\\\/footer_logo-en.png\",\"contentUrl\":\"https:\\\/\\\/www.hospicecareottawa.ca\\\/wp-content\\\/uploads\\\/2024\\\/03\\\/footer_logo-en.png\",\"width\":180,\"height\":149,\"caption\":\"Hospice Care Ottawa\"},\"image\":{\"@id\":\"https:\\\/\\\/www.hospicecareottawa.ca\\\/fr\\\/#\\\/schema\\\/logo\\\/image\\\/\"},\"sameAs\":[\"https:\\\/\\\/x.com\\\/HospiceCareOtt\"]}]}<\/script>\n<!-- \/ Yoast SEO plugin. -->","yoast_head_json":{"title":"Jocelyne Contant - Hospice Care Ottawa","robots":{"index":"index","follow":"follow","max-snippet":"max-snippet:-1","max-image-preview":"max-image-preview:large","max-video-preview":"max-video-preview:-1"},"canonical":"https:\/\/www.hospicecareottawa.ca\/fr\/qui-nous-sommes\/conseil-dadministration\/jocelyne-contant\/","og_locale":"fr_FR","og_type":"article","og_title":"Jocelyne Contant - Hospice Care Ottawa","og_description":"[vc_row content_width=\u00a0\u00bbgrid\u00a0\u00bb][vc_column][vc_empty_space height=\u00a0\u00bb50px\u00a0\u00bb][vc_row_inner][vc_column_inner width=\u00a0\u00bb1\/4&Prime;][vc_single_image image=\u00a0\u00bb4196&Prime; img_size=\u00a0\u00bbfull\u00a0\u00bb alignment=\u00a0\u00bbcenter\u00a0\u00bb][\/vc_column_inner][vc_column_inner width=\u00a0\u00bb3\/4&Prime;][vc_column_text]Jocelyne Contant, maintenant \u00e0 la retraite a \u0153uvr\u00e9 pendant 40 ans dans le domaine des soins de sant\u00e9 dans la r\u00e9gion de Champlain. En plus...","og_url":"https:\/\/www.hospicecareottawa.ca\/fr\/qui-nous-sommes\/conseil-dadministration\/jocelyne-contant\/","og_site_name":"Hospice Care Ottawa","article_modified_time":"2024-04-08T14:06:08+00:00","og_image":[{"width":180,"height":149,"url":"https:\/\/www.hospicecareottawa.ca\/wp-content\/uploads\/2024\/03\/footer_logo-en.png","type":"image\/png"}],"twitter_card":"summary_large_image","twitter_site":"@HospiceCareOtt","twitter_misc":{"Dur\u00e9e de lecture estim\u00e9e":"2 minutes"},"schema":{"@context":"https:\/\/schema.org","@graph":[{"@type":"WebPage","@id":"https:\/\/www.hospicecareottawa.ca\/fr\/qui-nous-sommes\/conseil-dadministration\/jocelyne-contant\/","url":"https:\/\/www.hospicecareottawa.ca\/fr\/qui-nous-sommes\/conseil-dadministration\/jocelyne-contant\/","name":"Jocelyne Contant - Hospice Care Ottawa","isPartOf":{"@id":"https:\/\/www.hospicecareottawa.ca\/fr\/#website"},"datePublished":"2024-03-26T13:40:07+00:00","dateModified":"2024-04-08T14:06:08+00:00","breadcrumb":{"@id":"https:\/\/www.hospicecareottawa.ca\/fr\/qui-nous-sommes\/conseil-dadministration\/jocelyne-contant\/#breadcrumb"},"inLanguage":"fr-FR","potentialAction":[{"@type":"ReadAction","target":["https:\/\/www.hospicecareottawa.ca\/fr\/qui-nous-sommes\/conseil-dadministration\/jocelyne-contant\/"]}]},{"@type":"BreadcrumbList","@id":"https:\/\/www.hospicecareottawa.ca\/fr\/qui-nous-sommes\/conseil-dadministration\/jocelyne-contant\/#breadcrumb","itemListElement":[{"@type":"ListItem","position":1,"name":"Home","item":"https:\/\/www.hospicecareottawa.ca\/fr\/"},{"@type":"ListItem","position":2,"name":"Qui nous sommes","item":"https:\/\/www.hospicecareottawa.ca\/fr\/qui-nous-sommes\/"},{"@type":"ListItem","position":3,"name":"Conseil d&rsquo;administration","item":"https:\/\/www.hospicecareottawa.ca\/fr\/qui-nous-sommes\/conseil-dadministration\/"},{"@type":"ListItem","position":4,"name":"Jocelyne Contant"}]},{"@type":"WebSite","@id":"https:\/\/www.hospicecareottawa.ca\/fr\/#website","url":"https:\/\/www.hospicecareottawa.ca\/fr\/","name":"Hospice Care Ottawa","description":"Promouvoir une qualit\u00e9 de vie, la compassion dans la mort et le soutien dans le deuil pour les personnes dans le besoin au sein de notre communaut\u00e9.","publisher":{"@id":"https:\/\/www.hospicecareottawa.ca\/fr\/#organization"},"potentialAction":[{"@type":"SearchAction","target":{"@type":"EntryPoint","urlTemplate":"https:\/\/www.hospicecareottawa.ca\/fr\/?s={search_term_string}"},"query-input":{"@type":"PropertyValueSpecification","valueRequired":true,"valueName":"search_term_string"}}],"inLanguage":"fr-FR"},{"@type":"Organization","@id":"https:\/\/www.hospicecareottawa.ca\/fr\/#organization","name":"Hospice Care Ottawa","url":"https:\/\/www.hospicecareottawa.ca\/fr\/","logo":{"@type":"ImageObject","inLanguage":"fr-FR","@id":"https:\/\/www.hospicecareottawa.ca\/fr\/#\/schema\/logo\/image\/","url":"https:\/\/www.hospicecareottawa.ca\/wp-content\/uploads\/2024\/03\/footer_logo-en.png","contentUrl":"https:\/\/www.hospicecareottawa.ca\/wp-content\/uploads\/2024\/03\/footer_logo-en.png","width":180,"height":149,"caption":"Hospice Care Ottawa"},"image":{"@id":"https:\/\/www.hospicecareottawa.ca\/fr\/#\/schema\/logo\/image\/"},"sameAs":["https:\/\/x.com\/HospiceCareOtt"]}]}},"_links":{"self":[{"href":"https:\/\/www.hospicecareottawa.ca\/fr\/wp-json\/wp\/v2\/pages\/5888","targetHints":{"allow":["GET"]}}],"collection":[{"href":"https:\/\/www.hospicecareottawa.ca\/fr\/wp-json\/wp\/v2\/pages"}],"about":[{"href":"https:\/\/www.hospicecareottawa.ca\/fr\/wp-json\/wp\/v2\/types\/page"}],"author":[{"embeddable":true,"href":"https:\/\/www.hospicecareottawa.ca\/fr\/wp-json\/wp\/v2\/users\/1"}],"replies":[{"embeddable":true,"href":"https:\/\/www.hospicecareottawa.ca\/fr\/wp-json\/wp\/v2\/comments?post=5888"}],"version-history":[{"count":1,"href":"https:\/\/www.hospicecareottawa.ca\/fr\/wp-json\/wp\/v2\/pages\/5888\/revisions"}],"predecessor-version":[{"id":5889,"href":"https:\/\/www.hospicecareottawa.ca\/fr\/wp-json\/wp\/v2\/pages\/5888\/revisions\/5889"}],"up":[{"embeddable":true,"href":"https:\/\/www.hospicecareottawa.ca\/fr\/wp-json\/wp\/v2\/pages\/5922"}],"wp:attachment":[{"href":"https:\/\/www.hospicecareottawa.ca\/fr\/wp-json\/wp\/v2\/media?parent=5888"}],"curies":[{"name":"wp","href":"https:\/\/api.w.org\/{rel}","templated":true}]}}