{"id":5877,"date":"2024-03-25T19:46:06","date_gmt":"2024-03-25T19:46:06","guid":{"rendered":"https:\/\/www.hospicecareottawa.ca\/stephanie-elyea\/"},"modified":"2024-04-08T13:53:05","modified_gmt":"2024-04-08T13:53:05","slug":"stephanie-elyea","status":"publish","type":"page","link":"https:\/\/www.hospicecareottawa.ca\/fr\/qui-nous-sommes\/conseil-dadministration\/stephanie-elyea\/","title":{"rendered":"Stephanie Elyea"},"content":{"rendered":"<div class=\"wpb-content-wrapper\"><p>[vc_row content_width=\u00a0\u00bbgrid\u00a0\u00bb][vc_column][vc_empty_space height=\u00a0\u00bb50px\u00a0\u00bb][vc_row_inner][vc_column_inner width=\u00a0\u00bb1\/4&Prime;][vc_single_image image=\u00a0\u00bb4163&Prime; img_size=\u00a0\u00bbfull\u00a0\u00bb alignment=\u00a0\u00bbcenter\u00a0\u00bb][\/vc_column_inner][vc_column_inner width=\u00a0\u00bb3\/4&Prime;]<div class=\"mkdf-section-title-holder\">\n\t<h2 class=\"mkdf-section-title mkdf-section-title-medium\" style=\"color: #5a1f30;text-align: left\">\n\tStephanie Elyea<\/h2>\n<\/div>[vc_column_text]Stephanie Elyea est vice-pr\u00e9sidente des services g\u00e9n\u00e9raux \u00e0 Affaires mondiales Canada, une soci\u00e9t\u00e9 de conseil qui fournit des services en relations gouvernementales, communication et en gestion.\u00a0 Elle est comptable g\u00e9n\u00e9rale agr\u00e9\u00e9e.\u00a0 Pendant plus de 17 ans, elle a occup\u00e9 le poste de directrice principale des finances, de l&rsquo;administration et des technologies de l&rsquo;information au sein de l&rsquo;Association du Barreau canadien.\u00a0 Elle a re\u00e7u le prix Jack Innes Staff Award de l&rsquo;Association du Barreau canadien pour sa cr\u00e9ativit\u00e9, son innovation, son leadership et son engagement.[\/vc_column_text][\/vc_column_inner][\/vc_row_inner][vc_empty_space height=\u00a0\u00bb50px\u00a0\u00bb][\/vc_column][\/vc_row]<\/p>\n<\/div>","protected":false},"excerpt":{"rendered":"<p>[vc_row content_width=\u00a0\u00bbgrid\u00a0\u00bb][vc_column][vc_empty_space height=\u00a0\u00bb50px\u00a0\u00bb][vc_row_inner][vc_column_inner width=\u00a0\u00bb1\/4&Prime;][vc_single_image image=\u00a0\u00bb4163&Prime; img_size=\u00a0\u00bbfull\u00a0\u00bb alignment=\u00a0\u00bbcenter\u00a0\u00bb][\/vc_column_inner][vc_column_inner width=\u00a0\u00bb3\/4&Prime;][vc_column_text]Stephanie Elyea est vice-pr\u00e9sidente des services g\u00e9n\u00e9raux \u00e0 Affaires mondiales Canada, une soci\u00e9t\u00e9 de conseil qui fournit des services en relations gouvernementales, communication et en&#8230;<\/p>\n","protected":false},"author":1,"featured_media":0,"parent":5922,"menu_order":0,"comment_status":"closed","ping_status":"closed","template":"full-width.php","meta":{"_bbp_topic_count":0,"_bbp_reply_count":0,"_bbp_total_topic_count":0,"_bbp_total_reply_count":0,"_bbp_voice_count":0,"_bbp_anonymous_reply_count":0,"_bbp_topic_count_hidden":0,"_bbp_reply_count_hidden":0,"_bbp_forum_subforum_count":0,"footnotes":""},"class_list":["post-5877","page","type-page","status-publish","hentry"],"yoast_head":"<!-- This site is optimized with the Yoast SEO plugin v27.4 - https:\/\/yoast.com\/product\/yoast-seo-wordpress\/ -->\n<title>Stephanie Elyea - Hospice Care Ottawa<\/title>\n<meta name=\"robots\" content=\"index, follow, max-snippet:-1, max-image-preview:large, max-video-preview:-1\" \/>\n<link rel=\"canonical\" href=\"https:\/\/www.hospicecareottawa.ca\/fr\/qui-nous-sommes\/conseil-dadministration\/stephanie-elyea\/\" \/>\n<meta property=\"og:locale\" content=\"fr_FR\" \/>\n<meta property=\"og:type\" content=\"article\" \/>\n<meta property=\"og:title\" content=\"Stephanie Elyea - Hospice Care Ottawa\" \/>\n<meta property=\"og:description\" content=\"[vc_row content_width=\u00a0\u00bbgrid\u00a0\u00bb][vc_column][vc_empty_space height=\u00a0\u00bb50px\u00a0\u00bb][vc_row_inner][vc_column_inner width=\u00a0\u00bb1\/4&Prime;][vc_single_image image=\u00a0\u00bb4163&Prime; img_size=\u00a0\u00bbfull\u00a0\u00bb alignment=\u00a0\u00bbcenter\u00a0\u00bb][\/vc_column_inner][vc_column_inner width=\u00a0\u00bb3\/4&Prime;][vc_column_text]Stephanie Elyea est vice-pr\u00e9sidente des services g\u00e9n\u00e9raux \u00e0 Affaires mondiales Canada, une soci\u00e9t\u00e9 de conseil qui fournit des services en relations gouvernementales, communication et en...\" \/>\n<meta property=\"og:url\" content=\"https:\/\/www.hospicecareottawa.ca\/fr\/qui-nous-sommes\/conseil-dadministration\/stephanie-elyea\/\" \/>\n<meta property=\"og:site_name\" content=\"Hospice Care Ottawa\" \/>\n<meta property=\"article:modified_time\" content=\"2024-04-08T13:53:05+00:00\" \/>\n<meta property=\"og:image\" content=\"https:\/\/www.hospicecareottawa.ca\/wp-content\/uploads\/2024\/03\/footer_logo-en.png\" \/>\n\t<meta property=\"og:image:width\" content=\"180\" \/>\n\t<meta property=\"og:image:height\" content=\"149\" \/>\n\t<meta property=\"og:image:type\" content=\"image\/png\" \/>\n<meta name=\"twitter:card\" content=\"summary_large_image\" \/>\n<meta name=\"twitter:site\" content=\"@HospiceCareOtt\" \/>\n<meta name=\"twitter:label1\" content=\"Dur\u00e9e de lecture estim\u00e9e\" \/>\n\t<meta name=\"twitter:data1\" content=\"1 minute\" \/>\n<script type=\"application\/ld+json\" class=\"yoast-schema-graph\">{\"@context\":\"https:\\\/\\\/schema.org\",\"@graph\":[{\"@type\":\"WebPage\",\"@id\":\"https:\\\/\\\/www.hospicecareottawa.ca\\\/fr\\\/qui-nous-sommes\\\/conseil-dadministration\\\/stephanie-elyea\\\/\",\"url\":\"https:\\\/\\\/www.hospicecareottawa.ca\\\/fr\\\/qui-nous-sommes\\\/conseil-dadministration\\\/stephanie-elyea\\\/\",\"name\":\"Stephanie Elyea - Hospice Care Ottawa\",\"isPartOf\":{\"@id\":\"https:\\\/\\\/www.hospicecareottawa.ca\\\/fr\\\/#website\"},\"datePublished\":\"2024-03-25T19:46:06+00:00\",\"dateModified\":\"2024-04-08T13:53:05+00:00\",\"breadcrumb\":{\"@id\":\"https:\\\/\\\/www.hospicecareottawa.ca\\\/fr\\\/qui-nous-sommes\\\/conseil-dadministration\\\/stephanie-elyea\\\/#breadcrumb\"},\"inLanguage\":\"fr-FR\",\"potentialAction\":[{\"@type\":\"ReadAction\",\"target\":[\"https:\\\/\\\/www.hospicecareottawa.ca\\\/fr\\\/qui-nous-sommes\\\/conseil-dadministration\\\/stephanie-elyea\\\/\"]}]},{\"@type\":\"BreadcrumbList\",\"@id\":\"https:\\\/\\\/www.hospicecareottawa.ca\\\/fr\\\/qui-nous-sommes\\\/conseil-dadministration\\\/stephanie-elyea\\\/#breadcrumb\",\"itemListElement\":[{\"@type\":\"ListItem\",\"position\":1,\"name\":\"Home\",\"item\":\"https:\\\/\\\/www.hospicecareottawa.ca\\\/fr\\\/\"},{\"@type\":\"ListItem\",\"position\":2,\"name\":\"Qui nous sommes\",\"item\":\"https:\\\/\\\/www.hospicecareottawa.ca\\\/fr\\\/qui-nous-sommes\\\/\"},{\"@type\":\"ListItem\",\"position\":3,\"name\":\"Conseil d&rsquo;administration\",\"item\":\"https:\\\/\\\/www.hospicecareottawa.ca\\\/fr\\\/qui-nous-sommes\\\/conseil-dadministration\\\/\"},{\"@type\":\"ListItem\",\"position\":4,\"name\":\"Stephanie Elyea\"}]},{\"@type\":\"WebSite\",\"@id\":\"https:\\\/\\\/www.hospicecareottawa.ca\\\/fr\\\/#website\",\"url\":\"https:\\\/\\\/www.hospicecareottawa.ca\\\/fr\\\/\",\"name\":\"Hospice Care Ottawa\",\"description\":\"Promouvoir une qualit\u00e9 de vie, la compassion dans la mort et le soutien dans le deuil pour les personnes dans le besoin au sein de notre communaut\u00e9.\",\"publisher\":{\"@id\":\"https:\\\/\\\/www.hospicecareottawa.ca\\\/fr\\\/#organization\"},\"potentialAction\":[{\"@type\":\"SearchAction\",\"target\":{\"@type\":\"EntryPoint\",\"urlTemplate\":\"https:\\\/\\\/www.hospicecareottawa.ca\\\/fr\\\/?s={search_term_string}\"},\"query-input\":{\"@type\":\"PropertyValueSpecification\",\"valueRequired\":true,\"valueName\":\"search_term_string\"}}],\"inLanguage\":\"fr-FR\"},{\"@type\":\"Organization\",\"@id\":\"https:\\\/\\\/www.hospicecareottawa.ca\\\/fr\\\/#organization\",\"name\":\"Hospice Care Ottawa\",\"url\":\"https:\\\/\\\/www.hospicecareottawa.ca\\\/fr\\\/\",\"logo\":{\"@type\":\"ImageObject\",\"inLanguage\":\"fr-FR\",\"@id\":\"https:\\\/\\\/www.hospicecareottawa.ca\\\/fr\\\/#\\\/schema\\\/logo\\\/image\\\/\",\"url\":\"https:\\\/\\\/www.hospicecareottawa.ca\\\/wp-content\\\/uploads\\\/2024\\\/03\\\/footer_logo-en.png\",\"contentUrl\":\"https:\\\/\\\/www.hospicecareottawa.ca\\\/wp-content\\\/uploads\\\/2024\\\/03\\\/footer_logo-en.png\",\"width\":180,\"height\":149,\"caption\":\"Hospice Care Ottawa\"},\"image\":{\"@id\":\"https:\\\/\\\/www.hospicecareottawa.ca\\\/fr\\\/#\\\/schema\\\/logo\\\/image\\\/\"},\"sameAs\":[\"https:\\\/\\\/x.com\\\/HospiceCareOtt\"]}]}<\/script>\n<!-- \/ Yoast SEO plugin. -->","yoast_head_json":{"title":"Stephanie Elyea - Hospice Care Ottawa","robots":{"index":"index","follow":"follow","max-snippet":"max-snippet:-1","max-image-preview":"max-image-preview:large","max-video-preview":"max-video-preview:-1"},"canonical":"https:\/\/www.hospicecareottawa.ca\/fr\/qui-nous-sommes\/conseil-dadministration\/stephanie-elyea\/","og_locale":"fr_FR","og_type":"article","og_title":"Stephanie Elyea - Hospice Care Ottawa","og_description":"[vc_row content_width=\u00a0\u00bbgrid\u00a0\u00bb][vc_column][vc_empty_space height=\u00a0\u00bb50px\u00a0\u00bb][vc_row_inner][vc_column_inner width=\u00a0\u00bb1\/4&Prime;][vc_single_image image=\u00a0\u00bb4163&Prime; img_size=\u00a0\u00bbfull\u00a0\u00bb alignment=\u00a0\u00bbcenter\u00a0\u00bb][\/vc_column_inner][vc_column_inner width=\u00a0\u00bb3\/4&Prime;][vc_column_text]Stephanie Elyea est vice-pr\u00e9sidente des services g\u00e9n\u00e9raux \u00e0 Affaires mondiales Canada, une soci\u00e9t\u00e9 de conseil qui fournit des services en relations gouvernementales, communication et en...","og_url":"https:\/\/www.hospicecareottawa.ca\/fr\/qui-nous-sommes\/conseil-dadministration\/stephanie-elyea\/","og_site_name":"Hospice Care Ottawa","article_modified_time":"2024-04-08T13:53:05+00:00","og_image":[{"width":180,"height":149,"url":"https:\/\/www.hospicecareottawa.ca\/wp-content\/uploads\/2024\/03\/footer_logo-en.png","type":"image\/png"}],"twitter_card":"summary_large_image","twitter_site":"@HospiceCareOtt","twitter_misc":{"Dur\u00e9e de lecture estim\u00e9e":"1 minute"},"schema":{"@context":"https:\/\/schema.org","@graph":[{"@type":"WebPage","@id":"https:\/\/www.hospicecareottawa.ca\/fr\/qui-nous-sommes\/conseil-dadministration\/stephanie-elyea\/","url":"https:\/\/www.hospicecareottawa.ca\/fr\/qui-nous-sommes\/conseil-dadministration\/stephanie-elyea\/","name":"Stephanie Elyea - Hospice Care Ottawa","isPartOf":{"@id":"https:\/\/www.hospicecareottawa.ca\/fr\/#website"},"datePublished":"2024-03-25T19:46:06+00:00","dateModified":"2024-04-08T13:53:05+00:00","breadcrumb":{"@id":"https:\/\/www.hospicecareottawa.ca\/fr\/qui-nous-sommes\/conseil-dadministration\/stephanie-elyea\/#breadcrumb"},"inLanguage":"fr-FR","potentialAction":[{"@type":"ReadAction","target":["https:\/\/www.hospicecareottawa.ca\/fr\/qui-nous-sommes\/conseil-dadministration\/stephanie-elyea\/"]}]},{"@type":"BreadcrumbList","@id":"https:\/\/www.hospicecareottawa.ca\/fr\/qui-nous-sommes\/conseil-dadministration\/stephanie-elyea\/#breadcrumb","itemListElement":[{"@type":"ListItem","position":1,"name":"Home","item":"https:\/\/www.hospicecareottawa.ca\/fr\/"},{"@type":"ListItem","position":2,"name":"Qui nous sommes","item":"https:\/\/www.hospicecareottawa.ca\/fr\/qui-nous-sommes\/"},{"@type":"ListItem","position":3,"name":"Conseil d&rsquo;administration","item":"https:\/\/www.hospicecareottawa.ca\/fr\/qui-nous-sommes\/conseil-dadministration\/"},{"@type":"ListItem","position":4,"name":"Stephanie Elyea"}]},{"@type":"WebSite","@id":"https:\/\/www.hospicecareottawa.ca\/fr\/#website","url":"https:\/\/www.hospicecareottawa.ca\/fr\/","name":"Hospice Care Ottawa","description":"Promouvoir une qualit\u00e9 de vie, la compassion dans la mort et le soutien dans le deuil pour les personnes dans le besoin au sein de notre communaut\u00e9.","publisher":{"@id":"https:\/\/www.hospicecareottawa.ca\/fr\/#organization"},"potentialAction":[{"@type":"SearchAction","target":{"@type":"EntryPoint","urlTemplate":"https:\/\/www.hospicecareottawa.ca\/fr\/?s={search_term_string}"},"query-input":{"@type":"PropertyValueSpecification","valueRequired":true,"valueName":"search_term_string"}}],"inLanguage":"fr-FR"},{"@type":"Organization","@id":"https:\/\/www.hospicecareottawa.ca\/fr\/#organization","name":"Hospice Care Ottawa","url":"https:\/\/www.hospicecareottawa.ca\/fr\/","logo":{"@type":"ImageObject","inLanguage":"fr-FR","@id":"https:\/\/www.hospicecareottawa.ca\/fr\/#\/schema\/logo\/image\/","url":"https:\/\/www.hospicecareottawa.ca\/wp-content\/uploads\/2024\/03\/footer_logo-en.png","contentUrl":"https:\/\/www.hospicecareottawa.ca\/wp-content\/uploads\/2024\/03\/footer_logo-en.png","width":180,"height":149,"caption":"Hospice Care Ottawa"},"image":{"@id":"https:\/\/www.hospicecareottawa.ca\/fr\/#\/schema\/logo\/image\/"},"sameAs":["https:\/\/x.com\/HospiceCareOtt"]}]}},"_links":{"self":[{"href":"https:\/\/www.hospicecareottawa.ca\/fr\/wp-json\/wp\/v2\/pages\/5877","targetHints":{"allow":["GET"]}}],"collection":[{"href":"https:\/\/www.hospicecareottawa.ca\/fr\/wp-json\/wp\/v2\/pages"}],"about":[{"href":"https:\/\/www.hospicecareottawa.ca\/fr\/wp-json\/wp\/v2\/types\/page"}],"author":[{"embeddable":true,"href":"https:\/\/www.hospicecareottawa.ca\/fr\/wp-json\/wp\/v2\/users\/1"}],"replies":[{"embeddable":true,"href":"https:\/\/www.hospicecareottawa.ca\/fr\/wp-json\/wp\/v2\/comments?post=5877"}],"version-history":[{"count":1,"href":"https:\/\/www.hospicecareottawa.ca\/fr\/wp-json\/wp\/v2\/pages\/5877\/revisions"}],"predecessor-version":[{"id":5878,"href":"https:\/\/www.hospicecareottawa.ca\/fr\/wp-json\/wp\/v2\/pages\/5877\/revisions\/5878"}],"up":[{"embeddable":true,"href":"https:\/\/www.hospicecareottawa.ca\/fr\/wp-json\/wp\/v2\/pages\/5922"}],"wp:attachment":[{"href":"https:\/\/www.hospicecareottawa.ca\/fr\/wp-json\/wp\/v2\/media?parent=5877"}],"curies":[{"name":"wp","href":"https:\/\/api.w.org\/{rel}","templated":true}]}}